{"id":197669,"date":"2022-05-18T11:42:48","date_gmt":"2022-05-18T09:42:48","guid":{"rendered":"https:\/\/bandelin.com\/?page_id=197669"},"modified":"2026-04-22T09:56:00","modified_gmt":"2026-04-22T07:56:00","slug":"foto","status":"publish","type":"page","link":"https:\/\/bandelin.com\/it\/fotos\/","title":{"rendered":"Foto"},"content":{"rendered":"\t\t<div data-elementor-type=\"wp-page\" data-elementor-id=\"197669\" class=\"elementor elementor-197669\" data-elementor-post-type=\"page\">\n\t\t\t\t\t\t<section class=\"elementor-section elementor-top-section elementor-element elementor-element-9fb5cd5 elementor-section-content-bottom elementor-section-boxed elementor-section-height-default elementor-section-height-default\" data-id=\"9fb5cd5\" data-element_type=\"section\" data-e-type=\"section\" data-settings=\"{&quot;background_background&quot;:&quot;gradient&quot;,&quot;jet_parallax_layout_list&quot;:[{&quot;jet_parallax_layout_image&quot;:{&quot;url&quot;:&quot;&quot;,&quot;id&quot;:&quot;&quot;,&quot;size&quot;:&quot;&quot;},&quot;_id&quot;:&quot;3ddabf1&quot;,&quot;jet_parallax_layout_image_tablet&quot;:{&quot;url&quot;:&quot;&quot;,&quot;id&quot;:&quot;&quot;,&quot;size&quot;:&quot;&quot;},&quot;jet_parallax_layout_image_mobile&quot;:{&quot;url&quot;:&quot;&quot;,&quot;id&quot;:&quot;&quot;,&quot;size&quot;:&quot;&quot;},&quot;jet_parallax_layout_speed&quot;:{&quot;unit&quot;:&quot;%&quot;,&quot;size&quot;:50,&quot;sizes&quot;:[]},&quot;jet_parallax_layout_type&quot;:&quot;scroll&quot;,&quot;jet_parallax_layout_direction&quot;:&quot;1&quot;,&quot;jet_parallax_layout_fx_direction&quot;:null,&quot;jet_parallax_layout_z_index&quot;:&quot;&quot;,&quot;jet_parallax_layout_bg_x&quot;:50,&quot;jet_parallax_layout_bg_x_tablet&quot;:&quot;&quot;,&quot;jet_parallax_layout_bg_x_mobile&quot;:&quot;&quot;,&quot;jet_parallax_layout_bg_y&quot;:50,&quot;jet_parallax_layout_bg_y_tablet&quot;:&quot;&quot;,&quot;jet_parallax_layout_bg_y_mobile&quot;:&quot;&quot;,&quot;jet_parallax_layout_bg_size&quot;:&quot;auto&quot;,&quot;jet_parallax_layout_bg_size_tablet&quot;:&quot;&quot;,&quot;jet_parallax_layout_bg_size_mobile&quot;:&quot;&quot;,&quot;jet_parallax_layout_animation_prop&quot;:&quot;transform&quot;,&quot;jet_parallax_layout_on&quot;:[&quot;desktop&quot;,&quot;tablet&quot;]}]}\">\n\t\t\t\t\t\t\t<div class=\"elementor-background-overlay\"><\/div>\n\t\t\t\t\t\t\t<div class=\"elementor-container elementor-column-gap-default\">\n\t\t\t\t\t<div class=\"elementor-column elementor-col-100 elementor-top-column elementor-element elementor-element-2f83f095\" data-id=\"2f83f095\" data-element_type=\"column\" data-e-type=\"column\">\n\t\t\t<div class=\"elementor-widget-wrap elementor-element-populated\">\n\t\t\t\t\t\t<div class=\"elementor-element elementor-element-8746bef elementor-widget elementor-widget-text-editor\" data-id=\"8746bef\" data-element_type=\"widget\" data-e-type=\"widget\" data-widget_type=\"text-editor.default\">\n\t\t\t\t<div class=\"elementor-widget-container\">\n\t\t\t\t\t\t\t\t\t<span><span><a href=\"https:\/\/bandelin.com\/\">Startseite<\/a><\/span><\/span>\t\t\t\t\t\t\t\t<\/div>\n\t\t\t\t<\/div>\n\t\t\t\t<div class=\"elementor-element elementor-element-9346454 elementor-widget elementor-widget-heading\" data-id=\"9346454\" data-element_type=\"widget\" data-e-type=\"widget\" data-widget_type=\"heading.default\">\n\t\t\t\t<div class=\"elementor-widget-container\">\n\t\t\t\t\t<h1 class=\"elementor-heading-title elementor-size-default\">DOWNLOADBEREICH<\/h1>\t\t\t\t<\/div>\n\t\t\t\t<\/div>\n\t\t\t\t\t<\/div>\n\t\t<\/div>\n\t\t\t\t\t<\/div>\n\t\t<\/section>\n\t\t\t\t<section class=\"elementor-section elementor-top-section elementor-element elementor-element-604ecf25 elementor-section-boxed elementor-section-height-default elementor-section-height-default\" data-id=\"604ecf25\" data-element_type=\"section\" data-e-type=\"section\" data-settings=\"{&quot;background_background&quot;:&quot;classic&quot;,&quot;jet_parallax_layout_list&quot;:[{&quot;jet_parallax_layout_image&quot;:{&quot;url&quot;:&quot;&quot;,&quot;id&quot;:&quot;&quot;,&quot;size&quot;:&quot;&quot;},&quot;_id&quot;:&quot;a8ef8a0&quot;,&quot;jet_parallax_layout_image_tablet&quot;:{&quot;url&quot;:&quot;&quot;,&quot;id&quot;:&quot;&quot;,&quot;size&quot;:&quot;&quot;},&quot;jet_parallax_layout_image_mobile&quot;:{&quot;url&quot;:&quot;&quot;,&quot;id&quot;:&quot;&quot;,&quot;size&quot;:&quot;&quot;},&quot;jet_parallax_layout_speed&quot;:{&quot;unit&quot;:&quot;%&quot;,&quot;size&quot;:50,&quot;sizes&quot;:[]},&quot;jet_parallax_layout_type&quot;:&quot;scroll&quot;,&quot;jet_parallax_layout_direction&quot;:&quot;1&quot;,&quot;jet_parallax_layout_fx_direction&quot;:null,&quot;jet_parallax_layout_z_index&quot;:&quot;&quot;,&quot;jet_parallax_layout_bg_x&quot;:50,&quot;jet_parallax_layout_bg_x_tablet&quot;:&quot;&quot;,&quot;jet_parallax_layout_bg_x_mobile&quot;:&quot;&quot;,&quot;jet_parallax_layout_bg_y&quot;:50,&quot;jet_parallax_layout_bg_y_tablet&quot;:&quot;&quot;,&quot;jet_parallax_layout_bg_y_mobile&quot;:&quot;&quot;,&quot;jet_parallax_layout_bg_size&quot;:&quot;auto&quot;,&quot;jet_parallax_layout_bg_size_tablet&quot;:&quot;&quot;,&quot;jet_parallax_layout_bg_size_mobile&quot;:&quot;&quot;,&quot;jet_parallax_layout_animation_prop&quot;:&quot;transform&quot;,&quot;jet_parallax_layout_on&quot;:[&quot;desktop&quot;,&quot;tablet&quot;]}]}\">\n\t\t\t\t\t\t<div class=\"elementor-container elementor-column-gap-default\">\n\t\t\t\t\t<div class=\"elementor-column elementor-col-100 elementor-top-column elementor-element elementor-element-1f58dee\" data-id=\"1f58dee\" data-element_type=\"column\" data-e-type=\"column\">\n\t\t\t<div class=\"elementor-widget-wrap elementor-element-populated\">\n\t\t\t\t\t\t<div class=\"elementor-element elementor-element-c5877ec elementor-widget elementor-widget-text-editor\" data-id=\"c5877ec\" data-element_type=\"widget\" data-e-type=\"widget\" data-widget_type=\"text-editor.default\">\n\t\t\t\t<div class=\"elementor-widget-container\">\n\t\t\t\t\t\t\t\t\t<div><div><h1><strong>Firmen-Logo<\/strong><\/h1><p><a href=\"\/downloads\/CMYK-print.zip\" target=\"_blank\" rel=\"noopener\">Download PRINT (CMYK)<\/a><\/p><p><a href=\"\/downloads\/RGB-web.zip\" target=\"_blank\" rel=\"noopener\">Download WEB (RGB)<\/a><\/p><\/div><\/div><div><div><h1><strong>Produktfotos<\/strong><\/h1><p>Auf dieser Seite finden Sie hochaufgel\u00f6ste Produktfotos zur Verwendung in Prospekten, Katalogen, etc.<\/p><p><strong>Eigenschaften der Aufnahmen:\u00a0<\/strong><\/p><p>&#8211; Freigestellt auf wei\u00dfem Grund<\/p><p>&#8211; Gr\u00f6\u00dfte Pixelanzahl pro Seite\u00a02.200 Pixel<\/p><p>&#8211; Zugeschnitten mit F\u00fcllrahmen (100 px Rahmen)<\/p><p>&#8211; RGB im jpg-Format<\/p><p>&#8211; Benennung nach Modellbezeichnung<\/p><p>&#8211;\u00a0Beschriftung nach Bilderverzeichnis<\/p><p><em>Das gesamte Fotoarchiv k\u00f6nnen Sie hier herunterladen:\u00a0<\/em><strong> <a href=\"\/photos.zip\">Gesamtsortiment BANDELIN<\/a><\/strong><\/p><p><em>Das Verzeichnis der Bilder sortiert nach Bestellnummern finden Sie hier: \u00a0<\/em><strong><a href=\"https:\/\/bandelin.com\/Fotoverzeichnis_BANDELIN.csv\">Fotoverzeichnis BANDELIN<\/a><\/strong><\/p><\/div><\/div><div><div><h1><strong>Videos<\/strong><\/h1><p>Auf unserem Youtube-Kanal finden Sie <span dir=\"ltr\">hochaufgel\u00f6ste <\/span>und branchenspezifische Videos, Anwendungsvideos, Wissensvideos und Produktvideos. Diese k\u00f6nnen in Onlinekatalogen, Onlineprospekten, etc. verwendet werden.<\/p><p><a href=\"https:\/\/www.youtube.com\/c\/BANDELIN\/videos\" target=\"_blank\" rel=\"noopener\">Klicken Sie hier um auf unseren Youtube-Kanal zu kommen.\u00a0<\/a><\/p><p>Folgen Sie uns f\u00fcr neue und spannende Videos.<\/p><\/div><\/div>\t\t\t\t\t\t\t\t<\/div>\n\t\t\t\t<\/div>\n\t\t\t\t\t<\/div>\n\t\t<\/div>\n\t\t\t\t\t<\/div>\n\t\t<\/section>\n\t\t\t\t<\/div>\n\t\t","protected":false},"excerpt":{"rendered":"<p>BANDELIN electronic GmbH &amp; Co. KG, Heinrichstra\u00dfe 3-4, 12207 Berlino<\/p>","protected":false},"author":3,"featured_media":0,"parent":0,"menu_order":0,"comment_status":"closed","ping_status":"closed","template":"","meta":{"_acf_changed":false,"footnotes":""},"class_list":["post-197669","page","type-page","status-publish","hentry"],"acf":[],"yoast_head":"<!-- This site is optimized with the Yoast SEO plugin v27.5 - https:\/\/yoast.com\/product\/yoast-seo-wordpress\/ -->\n<title>Fotos | BANDELIN electronic GmbH &amp; Co. KG<\/title>\n<meta name=\"description\" content=\"Fotos \u2013 von Bandelin electronic. Ultraschallb\u00e4der f\u00fcr pr\u00e4zise Reinigung in Medizin, Labor &amp; Industrie \u2013 seit 1955\" \/>\n<meta name=\"robots\" content=\"index, follow, max-snippet:-1, max-image-preview:large, max-video-preview:-1\" \/>\n<link rel=\"canonical\" href=\"https:\/\/bandelin.com\/it\/foto\/\" \/>\n<meta property=\"og:locale\" content=\"it_IT\" \/>\n<meta property=\"og:type\" content=\"article\" \/>\n<meta property=\"og:title\" content=\"Fotos | BANDELIN electronic GmbH &amp; Co. KG\" \/>\n<meta property=\"og:description\" content=\"Fotos \u2013 von Bandelin electronic. Ultraschallb\u00e4der f\u00fcr pr\u00e4zise Reinigung in Medizin, Labor &amp; Industrie \u2013 seit 1955\" \/>\n<meta property=\"og:url\" content=\"https:\/\/bandelin.com\/it\/foto\/\" \/>\n<meta property=\"og:site_name\" content=\"BANDELIN electronic GmbH &amp; Co. KG\" \/>\n<meta property=\"article:publisher\" content=\"https:\/\/de-de.facebook.com\/bandelin.electronic\/\" \/>\n<meta property=\"article:modified_time\" content=\"2026-04-22T07:56:00+00:00\" \/>\n<meta name=\"twitter:card\" content=\"summary_large_image\" \/>\n<meta name=\"twitter:label1\" content=\"Tempo di lettura stimato\" \/>\n\t<meta name=\"twitter:data1\" content=\"1 minuto\" \/>\n<script type=\"application\/ld+json\" class=\"yoast-schema-graph\">{\"@context\":\"https:\\\/\\\/schema.org\",\"@graph\":[{\"@type\":\"WebPage\",\"@id\":\"https:\\\/\\\/bandelin.com\\\/fotos\\\/\",\"url\":\"https:\\\/\\\/bandelin.com\\\/fotos\\\/\",\"name\":\"Fotos | BANDELIN electronic GmbH &amp; Co. KG\",\"isPartOf\":{\"@id\":\"https:\\\/\\\/bandelin.com\\\/#website\"},\"datePublished\":\"2022-05-18T09:42:48+00:00\",\"dateModified\":\"2026-04-22T07:56:00+00:00\",\"description\":\"Fotos \u2013 von Bandelin electronic. Ultraschallb\u00e4der f\u00fcr pr\u00e4zise Reinigung in Medizin, Labor & Industrie \u2013 seit 1955\",\"breadcrumb\":{\"@id\":\"https:\\\/\\\/bandelin.com\\\/fotos\\\/#breadcrumb\"},\"inLanguage\":\"it-IT\",\"potentialAction\":[{\"@type\":\"ReadAction\",\"target\":[\"https:\\\/\\\/bandelin.com\\\/fotos\\\/\"]}]},{\"@type\":\"BreadcrumbList\",\"@id\":\"https:\\\/\\\/bandelin.com\\\/fotos\\\/#breadcrumb\",\"itemListElement\":[{\"@type\":\"ListItem\",\"position\":1,\"name\":\"Startseite\",\"item\":\"https:\\\/\\\/bandelin.com\\\/\"},{\"@type\":\"ListItem\",\"position\":2,\"name\":\"Fotos\"}]},{\"@type\":\"WebSite\",\"@id\":\"https:\\\/\\\/bandelin.com\\\/#website\",\"url\":\"https:\\\/\\\/bandelin.com\\\/\",\"name\":\"BANDELIN electronic GmbH & Co. KG\",\"description\":\"Ultraschall seit 1955\",\"publisher\":{\"@id\":\"https:\\\/\\\/bandelin.com\\\/#organization\"},\"potentialAction\":[{\"@type\":\"SearchAction\",\"target\":{\"@type\":\"EntryPoint\",\"urlTemplate\":\"https:\\\/\\\/bandelin.com\\\/?s={search_term_string}\"},\"query-input\":{\"@type\":\"PropertyValueSpecification\",\"valueRequired\":true,\"valueName\":\"search_term_string\"}}],\"inLanguage\":\"it-IT\"},{\"@type\":\"Organization\",\"@id\":\"https:\\\/\\\/bandelin.com\\\/#organization\",\"name\":\"BANDELIN electronic GmbH & Co. KG\",\"url\":\"https:\\\/\\\/bandelin.com\\\/\",\"logo\":{\"@type\":\"ImageObject\",\"inLanguage\":\"it-IT\",\"@id\":\"https:\\\/\\\/bandelin.com\\\/#\\\/schema\\\/logo\\\/image\\\/\",\"url\":\"\",\"contentUrl\":\"\",\"caption\":\"BANDELIN electronic GmbH & Co. KG\"},\"image\":{\"@id\":\"https:\\\/\\\/bandelin.com\\\/#\\\/schema\\\/logo\\\/image\\\/\"},\"sameAs\":[\"https:\\\/\\\/de-de.facebook.com\\\/bandelin.electronic\\\/\",\"https:\\\/\\\/www.instagram.com\\\/bandelin_ultrasonic\\\/?hl=de\",\"https:\\\/\\\/www.linkedin.com\\\/company\\\/bandelin-electronic-gmbh-amp-co-kg\",\"https:\\\/\\\/www.youtube.com\\\/channel\\\/UC5wTNrNxkwMmX-WzysQqw3g\"]}]}<\/script>\n<!-- \/ Yoast SEO plugin. -->","yoast_head_json":{"title":"Foto | BANDELIN electronic GmbH &amp; Co. KG","description":"Foto - di Bandelin electronic. Bagni a ultrasuoni per una pulizia precisa in medicina, laboratorio e industria - dal 1955","robots":{"index":"index","follow":"follow","max-snippet":"max-snippet:-1","max-image-preview":"max-image-preview:large","max-video-preview":"max-video-preview:-1"},"canonical":"https:\/\/bandelin.com\/it\/foto\/","og_locale":"it_IT","og_type":"article","og_title":"Fotos | BANDELIN electronic GmbH &amp; Co. KG","og_description":"Fotos \u2013 von Bandelin electronic. Ultraschallb\u00e4der f\u00fcr pr\u00e4zise Reinigung in Medizin, Labor & Industrie \u2013 seit 1955","og_url":"https:\/\/bandelin.com\/it\/foto\/","og_site_name":"BANDELIN electronic GmbH &amp; Co. KG","article_publisher":"https:\/\/de-de.facebook.com\/bandelin.electronic\/","article_modified_time":"2026-04-22T07:56:00+00:00","twitter_card":"summary_large_image","twitter_misc":{"Tempo di lettura stimato":"1 minuto"},"schema":{"@context":"https:\/\/schema.org","@graph":[{"@type":"WebPage","@id":"https:\/\/bandelin.com\/fotos\/","url":"https:\/\/bandelin.com\/fotos\/","name":"Foto | BANDELIN electronic GmbH &amp; Co. KG","isPartOf":{"@id":"https:\/\/bandelin.com\/#website"},"datePublished":"2022-05-18T09:42:48+00:00","dateModified":"2026-04-22T07:56:00+00:00","description":"Foto - di Bandelin electronic. Bagni a ultrasuoni per una pulizia precisa in medicina, laboratorio e industria - dal 1955","breadcrumb":{"@id":"https:\/\/bandelin.com\/fotos\/#breadcrumb"},"inLanguage":"it-IT","potentialAction":[{"@type":"ReadAction","target":["https:\/\/bandelin.com\/fotos\/"]}]},{"@type":"BreadcrumbList","@id":"https:\/\/bandelin.com\/fotos\/#breadcrumb","itemListElement":[{"@type":"ListItem","position":1,"name":"Startseite","item":"https:\/\/bandelin.com\/"},{"@type":"ListItem","position":2,"name":"Fotos"}]},{"@type":"WebSite","@id":"https:\/\/bandelin.com\/#website","url":"https:\/\/bandelin.com\/","name":"BANDELIN electronic GmbH &amp; Co. KG","description":"Ultrasuoni dal 1955","publisher":{"@id":"https:\/\/bandelin.com\/#organization"},"potentialAction":[{"@type":"SearchAction","target":{"@type":"EntryPoint","urlTemplate":"https:\/\/bandelin.com\/?s={search_term_string}"},"query-input":{"@type":"PropertyValueSpecification","valueRequired":true,"valueName":"search_term_string"}}],"inLanguage":"it-IT"},{"@type":"Organization","@id":"https:\/\/bandelin.com\/#organization","name":"BANDELIN electronic GmbH &amp; Co. KG","url":"https:\/\/bandelin.com\/","logo":{"@type":"ImageObject","inLanguage":"it-IT","@id":"https:\/\/bandelin.com\/#\/schema\/logo\/image\/","url":"","contentUrl":"","caption":"BANDELIN electronic GmbH & Co. KG"},"image":{"@id":"https:\/\/bandelin.com\/#\/schema\/logo\/image\/"},"sameAs":["https:\/\/de-de.facebook.com\/bandelin.electronic\/","https:\/\/www.instagram.com\/bandelin_ultrasonic\/?hl=de","https:\/\/www.linkedin.com\/company\/bandelin-electronic-gmbh-amp-co-kg","https:\/\/www.youtube.com\/channel\/UC5wTNrNxkwMmX-WzysQqw3g"]}]}},"_links":{"self":[{"href":"https:\/\/bandelin.com\/it\/wp-json\/wp\/v2\/pages\/197669","targetHints":{"allow":["GET"]}}],"collection":[{"href":"https:\/\/bandelin.com\/it\/wp-json\/wp\/v2\/pages"}],"about":[{"href":"https:\/\/bandelin.com\/it\/wp-json\/wp\/v2\/types\/page"}],"author":[{"embeddable":true,"href":"https:\/\/bandelin.com\/it\/wp-json\/wp\/v2\/users\/3"}],"replies":[{"embeddable":true,"href":"https:\/\/bandelin.com\/it\/wp-json\/wp\/v2\/comments?post=197669"}],"version-history":[{"count":3,"href":"https:\/\/bandelin.com\/it\/wp-json\/wp\/v2\/pages\/197669\/revisions"}],"predecessor-version":[{"id":695634,"href":"https:\/\/bandelin.com\/it\/wp-json\/wp\/v2\/pages\/197669\/revisions\/695634"}],"wp:attachment":[{"href":"https:\/\/bandelin.com\/it\/wp-json\/wp\/v2\/media?parent=197669"}],"curies":[{"name":"wp","href":"https:\/\/api.w.org\/{rel}","templated":true}]}}