{"id":215561,"date":"2022-11-02T14:06:33","date_gmt":"2022-11-02T13:06:33","guid":{"rendered":"https:\/\/bandelin.com\/versandarten\/"},"modified":"2025-06-19T14:12:38","modified_gmt":"2025-06-19T12:12:38","slug":"metodi-di-spedizione","status":"publish","type":"page","link":"https:\/\/bandelin.com\/it\/versandarten\/","title":{"rendered":"Metodi di spedizione"},"content":{"rendered":"<div data-elementor-type=\"wp-page\" data-elementor-id=\"215561\" class=\"elementor elementor-215561\" data-elementor-post-type=\"page\">\n\t\t\t\t\t\t<section class=\"elementor-section elementor-top-section elementor-element elementor-element-552a41f5 elementor-section-content-bottom elementor-section-boxed elementor-section-height-default elementor-section-height-default\" data-id=\"552a41f5\" data-element_type=\"section\" data-e-type=\"section\" data-settings=\"{&quot;background_background&quot;:&quot;classic&quot;,&quot;jet_parallax_layout_list&quot;:[]}\">\n\t\t\t\t\t\t\t<div class=\"elementor-background-overlay\"><\/div>\n\t\t\t\t\t\t\t<div class=\"elementor-container elementor-column-gap-default\">\n\t\t\t\t\t<div class=\"elementor-column elementor-col-100 elementor-top-column elementor-element elementor-element-5de17834\" data-id=\"5de17834\" data-element_type=\"column\" data-e-type=\"column\">\n\t\t\t<div class=\"elementor-widget-wrap elementor-element-populated\">\n\t\t\t\t\t\t<div class=\"elementor-element elementor-element-116ad0e7 animated-slow elementor-invisible elementor-widget elementor-widget-heading\" data-id=\"116ad0e7\" data-element_type=\"widget\" data-e-type=\"widget\" data-settings=\"{&quot;_animation&quot;:&quot;fadeIn&quot;,&quot;_animation_delay&quot;:600}\" data-widget_type=\"heading.default\">\n\t\t\t\t<div class=\"elementor-widget-container\">\n\t\t\t\t\t<h1 class=\"elementor-heading-title elementor-size-default\">Metodi di spedizione<\/h1>\t\t\t\t<\/div>\n\t\t\t\t<\/div>\n\t\t\t\t<div class=\"elementor-element elementor-element-4e24671 elementor-invisible elementor-widget elementor-widget-text-editor\" data-id=\"4e24671\" data-element_type=\"widget\" data-e-type=\"widget\" data-settings=\"{&quot;_animation&quot;:&quot;fadeIn&quot;}\" data-widget_type=\"text-editor.default\">\n\t\t\t\t<div class=\"elementor-widget-container\">\n\t\t\t\t\t\t\t\t\t<span><span><a href=\"https:\/\/bandelin.com\/it\/\">Pagina iniziale<\/a><\/span><\/span>\t\t\t\t\t\t\t\t<\/div>\n\t\t\t\t<\/div>\n\t\t\t\t\t<\/div>\n\t\t<\/div>\n\t\t\t\t\t<\/div>\n\t\t<\/section>\n\t\t\t\t<section class=\"elementor-section elementor-top-section elementor-element elementor-element-2c5c443 elementor-section-boxed elementor-section-height-default elementor-section-height-default\" data-id=\"2c5c443\" data-element_type=\"section\" data-e-type=\"section\" data-settings=\"{&quot;jet_parallax_layout_list&quot;:[]}\">\n\t\t\t\t\t\t<div class=\"elementor-container elementor-column-gap-default\">\n\t\t\t\t\t<div class=\"elementor-column elementor-col-100 elementor-top-column elementor-element elementor-element-c7ca4ee\" data-id=\"c7ca4ee\" data-element_type=\"column\" data-e-type=\"column\">\n\t\t\t<div class=\"elementor-widget-wrap elementor-element-populated\">\n\t\t\t\t\t\t<div class=\"elementor-element elementor-element-772d89c elementor-widget elementor-widget-text-editor\" data-id=\"772d89c\" data-element_type=\"widget\" data-e-type=\"widget\" data-widget_type=\"text-editor.default\">\n\t\t\t\t<div class=\"elementor-widget-container\">\n\t\t\t\t\t\t\t\t\t<p><span style=\"font-size: 1rem;\">Queste condizioni si applicano alla spedizione in Germania e nei Paesi elencati di seguito.<\/span><\/p>\n<p><strong>Spese di spedizione (IVA esclusa):<\/strong><\/p>\n<p><strong>Consegne in Germania:<\/strong> Addebitiamo le seguenti spese di spedizione per ordine:<\/p>\n<p>fino a 30 kg: 6,90\u20ac<br>30 kg - 50 kg: 49,00 \u20ac<br>da 50 kg: 99,00\u20ac<\/p>\n<p><strong>Spedizione di merci pericolose<\/strong>:<\/p>\n<p>+ \u20ac 11,50 di supplemento rischio (spese di gestione)<\/p>\n<p><strong>Consegne all'estero<span style=\"font-size: 1rem;\">:<\/span><\/strong><br>Addebitiamo le seguenti spese di spedizione per ordine:<\/p>\n<p>fino a 30 kg: 26,90 \u20ac<br>30 kg - 50 kg: 79,00 \u20ac<br>da 50 kg: 199,00 \u20ac<\/p>\n<p><strong>Spedizione di merci pericolose<\/strong> <strong> (Austria, Belgio, Paesi Bassi, Lussemburgo, Francia, Danimarca): <\/strong><br>+ \u20ac 48,25 di supplemento rischio (spese di gestione)<\/p>\n<p><strong>Spedizione di merci pericolose<\/strong> <strong> (Spagna, Polonia, Ungheria, Repubblica Ceca, Portogallo, Italia): <\/strong><br>+ \u20ac 100,00 di supplemento rischio (spese di gestione)<\/p>\n<p><strong>Tempi di consegna:<\/strong> Salvo diversa indicazione nella descrizione del prodotto, tutti i prodotti offerti sono pronti per la spedizione immediata (tempi di consegna: 3-14 giorni dopo il ricevimento del pagamento).<\/p>\n<p><strong>Metodi di pagamento accettati:<\/strong><\/p>\n<ul>\n<li>PayPal<\/li>\n<li>Carta di credito<\/li>\n<li>Bonifico bancario istantaneo (via Paypal)<\/li>\n<li>Addebito diretto SEPA (via Paypal)<\/li>\n<li>Acquisto su conto (tramite Paypal\/RatePay)g<\/li>\n<\/ul>\t\t\t\t\t\t\t\t<\/div>\n\t\t\t\t<\/div>\n\t\t\t\t\t<\/div>\n\t\t<\/div>\n\t\t\t\t\t<\/div>\n\t\t<\/section>\n\t\t\t\t<\/div>","protected":false},"excerpt":{"rendered":"<p>Diese Bedingungen gelten f\u00fcr den Versand innerhalb Deutschlands und in die nachfolgend aufgef\u00fchrten L\u00e4nder. Versandkosten (exklusive gesetzlicher Mehrwertsteuer): Lieferungen innerhalb Deutschlands: Wir berechnen folgende Versandkosten pro Bestellung: bis 30 kg: 6,90\u20ac30 kg &#8211; 50 kg: 49,00\u20acab 50 kg: 99,00\u20ac Gefahrgutversand: + 11,50 \u20ac Gefahrenzuschlag (Bearbeitungsgeb\u00fchr) Lieferungen ins Ausland:Wir berechnen folgende Versandkosten pro Bestellung: bis 30 [&hellip;]<\/p>\n","protected":false},"author":3,"featured_media":0,"parent":0,"menu_order":0,"comment_status":"closed","ping_status":"closed","template":"","meta":{"_acf_changed":false,"footnotes":""},"class_list":["post-215561","page","type-page","status-publish","hentry"],"acf":[],"yoast_head":"<!-- This site is optimized with the Yoast SEO plugin v27.5 - https:\/\/yoast.com\/product\/yoast-seo-wordpress\/ -->\n<title>Versandarten | BANDELIN electronic GmbH &amp; Co. KG<\/title>\n<meta name=\"description\" content=\"Versandarten \u2013 von Bandelin electronic. Ultraschallb\u00e4der f\u00fcr pr\u00e4zise Reinigung in Medizin, Labor &amp; Industrie \u2013 seit 1955\" \/>\n<meta name=\"robots\" content=\"index, follow, max-snippet:-1, max-image-preview:large, max-video-preview:-1\" \/>\n<link rel=\"canonical\" href=\"https:\/\/bandelin.com\/it\/metodi-di-spedizione\/\" \/>\n<meta property=\"og:locale\" content=\"it_IT\" \/>\n<meta property=\"og:type\" content=\"article\" \/>\n<meta property=\"og:title\" content=\"Versandarten | BANDELIN electronic GmbH &amp; Co. KG\" \/>\n<meta property=\"og:description\" content=\"Versandarten \u2013 von Bandelin electronic. Ultraschallb\u00e4der f\u00fcr pr\u00e4zise Reinigung in Medizin, Labor &amp; Industrie \u2013 seit 1955\" \/>\n<meta property=\"og:url\" content=\"https:\/\/bandelin.com\/it\/metodi-di-spedizione\/\" \/>\n<meta property=\"og:site_name\" content=\"BANDELIN electronic GmbH &amp; Co. KG\" \/>\n<meta property=\"article:publisher\" content=\"https:\/\/de-de.facebook.com\/bandelin.electronic\/\" \/>\n<meta property=\"article:modified_time\" content=\"2025-06-19T12:12:38+00:00\" \/>\n<meta name=\"twitter:card\" content=\"summary_large_image\" \/>\n<meta name=\"twitter:label1\" content=\"Tempo di lettura stimato\" \/>\n\t<meta name=\"twitter:data1\" content=\"1 minuto\" \/>\n<script type=\"application\/ld+json\" class=\"yoast-schema-graph\">{\"@context\":\"https:\\\/\\\/schema.org\",\"@graph\":[{\"@type\":\"WebPage\",\"@id\":\"https:\\\/\\\/bandelin.com\\\/versandarten\\\/\",\"url\":\"https:\\\/\\\/bandelin.com\\\/versandarten\\\/\",\"name\":\"Versandarten | BANDELIN electronic GmbH &amp; Co. KG\",\"isPartOf\":{\"@id\":\"https:\\\/\\\/bandelin.com\\\/#website\"},\"datePublished\":\"2022-11-02T13:06:33+00:00\",\"dateModified\":\"2025-06-19T12:12:38+00:00\",\"description\":\"Versandarten \u2013 von Bandelin electronic. Ultraschallb\u00e4der f\u00fcr pr\u00e4zise Reinigung in Medizin, Labor & Industrie \u2013 seit 1955\",\"breadcrumb\":{\"@id\":\"https:\\\/\\\/bandelin.com\\\/versandarten\\\/#breadcrumb\"},\"inLanguage\":\"it-IT\",\"potentialAction\":[{\"@type\":\"ReadAction\",\"target\":[\"https:\\\/\\\/bandelin.com\\\/versandarten\\\/\"]}]},{\"@type\":\"BreadcrumbList\",\"@id\":\"https:\\\/\\\/bandelin.com\\\/versandarten\\\/#breadcrumb\",\"itemListElement\":[{\"@type\":\"ListItem\",\"position\":1,\"name\":\"Startseite\",\"item\":\"https:\\\/\\\/bandelin.com\\\/\"},{\"@type\":\"ListItem\",\"position\":2,\"name\":\"Versandarten\"}]},{\"@type\":\"WebSite\",\"@id\":\"https:\\\/\\\/bandelin.com\\\/#website\",\"url\":\"https:\\\/\\\/bandelin.com\\\/\",\"name\":\"BANDELIN electronic GmbH & Co. KG\",\"description\":\"Ultraschall seit 1955\",\"publisher\":{\"@id\":\"https:\\\/\\\/bandelin.com\\\/#organization\"},\"potentialAction\":[{\"@type\":\"SearchAction\",\"target\":{\"@type\":\"EntryPoint\",\"urlTemplate\":\"https:\\\/\\\/bandelin.com\\\/?s={search_term_string}\"},\"query-input\":{\"@type\":\"PropertyValueSpecification\",\"valueRequired\":true,\"valueName\":\"search_term_string\"}}],\"inLanguage\":\"it-IT\"},{\"@type\":\"Organization\",\"@id\":\"https:\\\/\\\/bandelin.com\\\/#organization\",\"name\":\"BANDELIN electronic GmbH & Co. KG\",\"url\":\"https:\\\/\\\/bandelin.com\\\/\",\"logo\":{\"@type\":\"ImageObject\",\"inLanguage\":\"it-IT\",\"@id\":\"https:\\\/\\\/bandelin.com\\\/#\\\/schema\\\/logo\\\/image\\\/\",\"url\":\"\",\"contentUrl\":\"\",\"caption\":\"BANDELIN electronic GmbH & Co. KG\"},\"image\":{\"@id\":\"https:\\\/\\\/bandelin.com\\\/#\\\/schema\\\/logo\\\/image\\\/\"},\"sameAs\":[\"https:\\\/\\\/de-de.facebook.com\\\/bandelin.electronic\\\/\",\"https:\\\/\\\/www.instagram.com\\\/bandelin_ultrasonic\\\/?hl=de\",\"https:\\\/\\\/www.linkedin.com\\\/company\\\/bandelin-electronic-gmbh-amp-co-kg\",\"https:\\\/\\\/www.youtube.com\\\/channel\\\/UC5wTNrNxkwMmX-WzysQqw3g\"]}]}<\/script>\n<!-- \/ Yoast SEO plugin. -->","yoast_head_json":{"title":"Metodi di spedizione | BANDELIN electronic GmbH &amp; Co. KG","description":"Metodi di spedizione - da Bandelin electronic. Bagni a ultrasuoni per una pulizia precisa in medicina, laboratorio e industria - dal 1955","robots":{"index":"index","follow":"follow","max-snippet":"max-snippet:-1","max-image-preview":"max-image-preview:large","max-video-preview":"max-video-preview:-1"},"canonical":"https:\/\/bandelin.com\/it\/metodi-di-spedizione\/","og_locale":"it_IT","og_type":"article","og_title":"Versandarten | BANDELIN electronic GmbH &amp; Co. KG","og_description":"Versandarten \u2013 von Bandelin electronic. Ultraschallb\u00e4der f\u00fcr pr\u00e4zise Reinigung in Medizin, Labor & Industrie \u2013 seit 1955","og_url":"https:\/\/bandelin.com\/it\/metodi-di-spedizione\/","og_site_name":"BANDELIN electronic GmbH &amp; Co. KG","article_publisher":"https:\/\/de-de.facebook.com\/bandelin.electronic\/","article_modified_time":"2025-06-19T12:12:38+00:00","twitter_card":"summary_large_image","twitter_misc":{"Tempo di lettura stimato":"1 minuto"},"schema":{"@context":"https:\/\/schema.org","@graph":[{"@type":"WebPage","@id":"https:\/\/bandelin.com\/versandarten\/","url":"https:\/\/bandelin.com\/versandarten\/","name":"Metodi di spedizione | BANDELIN electronic GmbH &amp; Co. KG","isPartOf":{"@id":"https:\/\/bandelin.com\/#website"},"datePublished":"2022-11-02T13:06:33+00:00","dateModified":"2025-06-19T12:12:38+00:00","description":"Metodi di spedizione - da Bandelin electronic. Bagni a ultrasuoni per una pulizia precisa in medicina, laboratorio e industria - dal 1955","breadcrumb":{"@id":"https:\/\/bandelin.com\/versandarten\/#breadcrumb"},"inLanguage":"it-IT","potentialAction":[{"@type":"ReadAction","target":["https:\/\/bandelin.com\/versandarten\/"]}]},{"@type":"BreadcrumbList","@id":"https:\/\/bandelin.com\/versandarten\/#breadcrumb","itemListElement":[{"@type":"ListItem","position":1,"name":"Startseite","item":"https:\/\/bandelin.com\/"},{"@type":"ListItem","position":2,"name":"Versandarten"}]},{"@type":"WebSite","@id":"https:\/\/bandelin.com\/#website","url":"https:\/\/bandelin.com\/","name":"BANDELIN electronic GmbH &amp; Co. KG","description":"Ultrasuoni dal 1955","publisher":{"@id":"https:\/\/bandelin.com\/#organization"},"potentialAction":[{"@type":"SearchAction","target":{"@type":"EntryPoint","urlTemplate":"https:\/\/bandelin.com\/?s={search_term_string}"},"query-input":{"@type":"PropertyValueSpecification","valueRequired":true,"valueName":"search_term_string"}}],"inLanguage":"it-IT"},{"@type":"Organization","@id":"https:\/\/bandelin.com\/#organization","name":"BANDELIN electronic GmbH &amp; Co. KG","url":"https:\/\/bandelin.com\/","logo":{"@type":"ImageObject","inLanguage":"it-IT","@id":"https:\/\/bandelin.com\/#\/schema\/logo\/image\/","url":"","contentUrl":"","caption":"BANDELIN electronic GmbH & Co. KG"},"image":{"@id":"https:\/\/bandelin.com\/#\/schema\/logo\/image\/"},"sameAs":["https:\/\/de-de.facebook.com\/bandelin.electronic\/","https:\/\/www.instagram.com\/bandelin_ultrasonic\/?hl=de","https:\/\/www.linkedin.com\/company\/bandelin-electronic-gmbh-amp-co-kg","https:\/\/www.youtube.com\/channel\/UC5wTNrNxkwMmX-WzysQqw3g"]}]}},"_links":{"self":[{"href":"https:\/\/bandelin.com\/it\/wp-json\/wp\/v2\/pages\/215561","targetHints":{"allow":["GET"]}}],"collection":[{"href":"https:\/\/bandelin.com\/it\/wp-json\/wp\/v2\/pages"}],"about":[{"href":"https:\/\/bandelin.com\/it\/wp-json\/wp\/v2\/types\/page"}],"author":[{"embeddable":true,"href":"https:\/\/bandelin.com\/it\/wp-json\/wp\/v2\/users\/3"}],"replies":[{"embeddable":true,"href":"https:\/\/bandelin.com\/it\/wp-json\/wp\/v2\/comments?post=215561"}],"version-history":[{"count":0,"href":"https:\/\/bandelin.com\/it\/wp-json\/wp\/v2\/pages\/215561\/revisions"}],"wp:attachment":[{"href":"https:\/\/bandelin.com\/it\/wp-json\/wp\/v2\/media?parent=215561"}],"curies":[{"name":"wp","href":"https:\/\/api.w.org\/{rel}","templated":true}]}}