{"id":664939,"date":"2026-03-31T21:38:51","date_gmt":"2026-03-31T19:38:51","guid":{"rendered":"https:\/\/bandelin.com\/shop\/unkategorisiert\/tickopur-rw-77-ultraschallreiniger-mit-ammoniak-konzentrat\/"},"modified":"2026-04-27T20:29:04","modified_gmt":"2026-04-27T18:29:04","slug":"tickopur-rw-77-pulitore-a-ultrasuoni-con-concentrato-di-ammoniaca","status":"publish","type":"product","link":"https:\/\/bandelin.com\/it\/shop\/reinigungs-und-desinfektionspraeparate\/tickopur-reinigungspraeparate\/tickopur-rw-77-ultraschallreiniger-mit-ammoniak-konzentrat\/","title":{"rendered":"TICKOPUR RW 77 Detergente a ultrasuoni con ammoniaca, concentrato"},"content":{"rendered":"<p>Detergente speciale con ammoniaca<br \/>\n  Per la pulizia e lo sgrassaggio di parti di macchine e utensili smontate e non smontate in metallo (con un leggero effetto disossidante sui metalli non ferrosi e preziosi), vetro, ceramica, plastica, gomma e schede elettroniche nel settore dei servizi, nel commercio, nell'industria e nei laboratori.<br \/>\n  TICKOPUR RW 77 \u00e8 stato progettato appositamente per la pulizia nei dispositivi ad ultrasuoni SONOREX, ma pu\u00f2 essere utilizzato anche per la pulizia ad immersione e a strappo. Se utilizzato correttamente, garantisce una pulizia rapida e delicata.<\/p>\n<p>  TICKOPUR RW 77 rimosso:<br \/>\n  Resina, fuliggine, pigmenti, residui di smerigliatura, lucidatura e lappatura, grassi, oli, cere, foschia di colore, fondente, ecc.<br \/>\n  da<br \/>\n  Metallo, vetro, ceramica, plastica, gomma, schede di circuiti nel settore dei servizi, orologi, setacci di prova, monete, ecc.<\/p>\n<p>  Propriet\u00e0<br \/>\n  - Liquido<br \/>\n  - Concentrato<br \/>\n  - Per l'applicazione a ultrasuoni<br \/>\n  - pH 9,9 a 1 %<br \/>\n  - Emulsionante<br \/>\n  - Senza fosfati<br \/>\n  - Biodegradabile<\/p>\n<p>  Concentrazione dell'applicazione<br \/>\n  Applicazione con gli ultrasuoni<br \/>\n  Dosaggio: 5 %<br \/>\n  Tempo di sonicazione: 1 - 10 minuti<br \/>\n  Temperatura: 20 - 80 \u00b0C<\/p>\n<p>  Compatibilit\u00e0 dei materiali<br \/>\n  TICKOPUR RW 77 ha un'elevata compatibilit\u00e0 con i materiali. I materiali sensibili agli alcali possono essere attaccati, riducendo al minimo i tempi di pulizia.<br \/>\n  Si raccomanda di effettuare test preliminari sulla resistenza delle parti sensibili.<\/p>\n<p>  Avvertenze di pericolo<br \/>\n  H315 Provoca irritazione cutanea.<br \/>\n  H318 Provoca gravi danni agli occhi.<\/p>\n<p>  Istruzioni di sicurezza<br \/>\n  P280 Indossi guanti protettivi\/indumenti protettivi\/protezione degli occhi\/protezione del viso.<br \/>\n  P305+P351+P338 IN CASO DI CONTATTO CON GLI OCCHI: sciacquare con cautela con acqua per diversi minuti.<\/p>","protected":false},"excerpt":{"rendered":"<p>Spezial-Reiniger mit Ammoniak Zur Reinigung und Entfettung von zerlegten und unzerlegten Maschinen- und Werkzeugteilen aus Metall (mit leicht entoxidierender Wirkung auf Bunt- und Edelmetall) Glas, Keramik, Kunststoff, Gummi und Leiterplatten im Servicebereich, in Handwerk, Industrie und Laboratorien. TICKOPUR RW 77 ist speziell f\u00fcr die Reinigung in SONOREX-Ultraschallger\u00e4ten, aber auch zur Tauch- und Wischreinigung einzusetzen. Bei [&hellip;]<\/p>\n","protected":false},"featured_media":650184,"template":"","meta":{"_acf_changed":false},"product_brand":[],"product_cat":[14264,14181],"product_tag":[14830,14829],"class_list":{"0":"post-664939","1":"product","2":"type-product","3":"status-publish","4":"has-post-thumbnail","6":"product_cat-tickopur-reinigungspraeparate","7":"product_cat-reinigungs-und-desinfektionspraeparate","8":"product_tag-tickopur-reinigungspraeparate","9":"product_tag-reinigungs-und-desinfektionspraeparate","10":"pa_bestellnummer-14049","11":"pa_bestellnummer-14100","12":"pa_bestellnummer-14071","13":"pa_bestellnummer-13071","14":"pa_gebindegroesse-l-10-liter-156-euro-liter","15":"pa_gebindegroesse-l-2-liter-22-euro-liter","16":"pa_gebindegroesse-l-5-liter-178-euro-liter","17":"pa_gebindegroesse-l-1-liter-27-euro-liter","18":"pa_inhalt-l-14541","19":"pa_inhalt-l-14540","20":"pa_inhalt-l-13991","21":"pa_inhalt-l-12484","22":"pa_verpackung-breite-mm-12313","23":"pa_verpackung-breite-mm-130-2","24":"pa_verpackung-hoehe-mm-13038","25":"pa_verpackung-hoehe-mm-12354","26":"pa_verpackung-laenge-mm-12353","27":"pa_verpackung-laenge-mm-250-2","29":"first","30":"instock","31":"taxable","32":"shipping-taxable","33":"purchasable","34":"product-type-variable","35":"has-default-attributes"},"acf":[],"yoast_head":"<!-- This site is optimized with the Yoast SEO plugin v27.5 - https:\/\/yoast.com\/product\/yoast-seo-wordpress\/ -->\n<title>TICKOPUR RW 77 Ultraschallreiniger mit Ammoniak, Konzentrat | BANDELIN electronic GmbH &amp; Co. KG<\/title>\n<meta name=\"description\" content=\"Informationen Sie sich \u00fcber TICKOPUR RW 77 Ultraschallreiniger mit Ammoniak, Konzentrat | Hochwertige Ultraschallb\u00e4der f\u00fcr Medizin und Industrie von Bandelin Electronic seit 1955.\" \/>\n<meta name=\"robots\" content=\"index, follow, max-snippet:-1, max-image-preview:large, max-video-preview:-1\" \/>\n<link rel=\"canonical\" href=\"https:\/\/bandelin.com\/it\/negozio\/preparati-per-la-pulizia-e-la-disinfezione\/preparati-per-la-pulizia-a-base-di-tickopur-2\/tickopur-rw-77-pulitore-a-ultrasuoni-con-concentrato-di-ammoniaca\/\" \/>\n<meta property=\"og:locale\" content=\"it_IT\" \/>\n<meta property=\"og:type\" content=\"article\" \/>\n<meta property=\"og:title\" content=\"TICKOPUR RW 77 Ultraschallreiniger mit Ammoniak, Konzentrat | BANDELIN electronic GmbH &amp; Co. KG\" \/>\n<meta property=\"og:description\" content=\"Informationen Sie sich \u00fcber TICKOPUR RW 77 Ultraschallreiniger mit Ammoniak, Konzentrat | Hochwertige Ultraschallb\u00e4der f\u00fcr Medizin und Industrie von Bandelin Electronic seit 1955.\" \/>\n<meta property=\"og:url\" content=\"https:\/\/bandelin.com\/it\/negozio\/preparati-per-la-pulizia-e-la-disinfezione\/preparati-per-la-pulizia-a-base-di-tickopur-2\/tickopur-rw-77-pulitore-a-ultrasuoni-con-concentrato-di-ammoniaca\/\" \/>\n<meta property=\"og:site_name\" content=\"BANDELIN electronic GmbH &amp; Co. KG\" \/>\n<meta property=\"article:publisher\" content=\"https:\/\/de-de.facebook.com\/bandelin.electronic\/\" \/>\n<meta property=\"article:modified_time\" content=\"2026-04-27T18:29:04+00:00\" \/>\n<meta property=\"og:image\" content=\"https:\/\/bandelin.com\/wp-content\/uploads\/Produktfoto_1L_TICKOPUR_RW_77-scaled.jpg\" \/>\n\t<meta property=\"og:image:width\" content=\"2048\" \/>\n\t<meta property=\"og:image:height\" content=\"2048\" \/>\n\t<meta property=\"og:image:type\" content=\"image\/jpeg\" \/>\n<meta name=\"twitter:card\" content=\"summary_large_image\" \/>\n<meta name=\"twitter:label1\" content=\"Tempo di lettura stimato\" \/>\n\t<meta name=\"twitter:data1\" content=\"1 minuto\" \/>\n<script type=\"application\/ld+json\" class=\"yoast-schema-graph\">{\"@context\":\"https:\\\/\\\/schema.org\",\"@graph\":[{\"@type\":\"WebPage\",\"@id\":\"https:\\\/\\\/bandelin.com\\\/shop\\\/reinigungs-und-desinfektionspraeparate\\\/tickopur-reinigungspraeparate\\\/tickopur-rw-77-ultraschallreiniger-mit-ammoniak-konzentrat\\\/\",\"url\":\"https:\\\/\\\/bandelin.com\\\/shop\\\/reinigungs-und-desinfektionspraeparate\\\/tickopur-reinigungspraeparate\\\/tickopur-rw-77-ultraschallreiniger-mit-ammoniak-konzentrat\\\/\",\"name\":\"TICKOPUR RW 77 Ultraschallreiniger mit Ammoniak, Konzentrat | BANDELIN electronic GmbH &amp; Co. KG\",\"isPartOf\":{\"@id\":\"https:\\\/\\\/bandelin.com\\\/#website\"},\"primaryImageOfPage\":{\"@id\":\"https:\\\/\\\/bandelin.com\\\/shop\\\/reinigungs-und-desinfektionspraeparate\\\/tickopur-reinigungspraeparate\\\/tickopur-rw-77-ultraschallreiniger-mit-ammoniak-konzentrat\\\/#primaryimage\"},\"image\":{\"@id\":\"https:\\\/\\\/bandelin.com\\\/shop\\\/reinigungs-und-desinfektionspraeparate\\\/tickopur-reinigungspraeparate\\\/tickopur-rw-77-ultraschallreiniger-mit-ammoniak-konzentrat\\\/#primaryimage\"},\"thumbnailUrl\":\"https:\\\/\\\/bandelin.com\\\/wp-content\\\/uploads\\\/Produktfoto_1L_TICKOPUR_RW_77-scaled.jpg\",\"datePublished\":\"2026-03-31T19:38:51+00:00\",\"dateModified\":\"2026-04-27T18:29:04+00:00\",\"description\":\"Informationen Sie sich \u00fcber TICKOPUR RW 77 Ultraschallreiniger mit Ammoniak, Konzentrat | Hochwertige Ultraschallb\u00e4der f\u00fcr Medizin und Industrie von Bandelin Electronic seit 1955.\",\"breadcrumb\":{\"@id\":\"https:\\\/\\\/bandelin.com\\\/shop\\\/reinigungs-und-desinfektionspraeparate\\\/tickopur-reinigungspraeparate\\\/tickopur-rw-77-ultraschallreiniger-mit-ammoniak-konzentrat\\\/#breadcrumb\"},\"inLanguage\":\"it-IT\",\"potentialAction\":[{\"@type\":\"ReadAction\",\"target\":[\"https:\\\/\\\/bandelin.com\\\/shop\\\/reinigungs-und-desinfektionspraeparate\\\/tickopur-reinigungspraeparate\\\/tickopur-rw-77-ultraschallreiniger-mit-ammoniak-konzentrat\\\/\"]}]},{\"@type\":\"ImageObject\",\"inLanguage\":\"it-IT\",\"@id\":\"https:\\\/\\\/bandelin.com\\\/shop\\\/reinigungs-und-desinfektionspraeparate\\\/tickopur-reinigungspraeparate\\\/tickopur-rw-77-ultraschallreiniger-mit-ammoniak-konzentrat\\\/#primaryimage\",\"url\":\"https:\\\/\\\/bandelin.com\\\/wp-content\\\/uploads\\\/Produktfoto_1L_TICKOPUR_RW_77-scaled.jpg\",\"contentUrl\":\"https:\\\/\\\/bandelin.com\\\/wp-content\\\/uploads\\\/Produktfoto_1L_TICKOPUR_RW_77-scaled.jpg\",\"width\":2048,\"height\":2048,\"caption\":\"TICKOPUR RW 77 Ultraschallreiniger mit Ammoniak\"},{\"@type\":\"BreadcrumbList\",\"@id\":\"https:\\\/\\\/bandelin.com\\\/shop\\\/reinigungs-und-desinfektionspraeparate\\\/tickopur-reinigungspraeparate\\\/tickopur-rw-77-ultraschallreiniger-mit-ammoniak-konzentrat\\\/#breadcrumb\",\"itemListElement\":[{\"@type\":\"ListItem\",\"position\":1,\"name\":\"Startseite\",\"item\":\"https:\\\/\\\/bandelin.com\\\/\"},{\"@type\":\"ListItem\",\"position\":2,\"name\":\"Shop\",\"item\":\"https:\\\/\\\/bandelin.com\\\/shop\\\/\"},{\"@type\":\"ListItem\",\"position\":3,\"name\":\"TICKOPUR RW 77 Ultraschallreiniger mit Ammoniak, Konzentrat\"}]},{\"@type\":\"WebSite\",\"@id\":\"https:\\\/\\\/bandelin.com\\\/#website\",\"url\":\"https:\\\/\\\/bandelin.com\\\/\",\"name\":\"BANDELIN electronic GmbH & Co. KG\",\"description\":\"Ultraschall seit 1955\",\"publisher\":{\"@id\":\"https:\\\/\\\/bandelin.com\\\/#organization\"},\"potentialAction\":[{\"@type\":\"SearchAction\",\"target\":{\"@type\":\"EntryPoint\",\"urlTemplate\":\"https:\\\/\\\/bandelin.com\\\/?s={search_term_string}\"},\"query-input\":{\"@type\":\"PropertyValueSpecification\",\"valueRequired\":true,\"valueName\":\"search_term_string\"}}],\"inLanguage\":\"it-IT\"},{\"@type\":\"Organization\",\"@id\":\"https:\\\/\\\/bandelin.com\\\/#organization\",\"name\":\"BANDELIN electronic GmbH & Co. KG\",\"url\":\"https:\\\/\\\/bandelin.com\\\/\",\"logo\":{\"@type\":\"ImageObject\",\"inLanguage\":\"it-IT\",\"@id\":\"https:\\\/\\\/bandelin.com\\\/#\\\/schema\\\/logo\\\/image\\\/\",\"url\":\"\",\"contentUrl\":\"\",\"caption\":\"BANDELIN electronic GmbH & Co. KG\"},\"image\":{\"@id\":\"https:\\\/\\\/bandelin.com\\\/#\\\/schema\\\/logo\\\/image\\\/\"},\"sameAs\":[\"https:\\\/\\\/de-de.facebook.com\\\/bandelin.electronic\\\/\",\"https:\\\/\\\/www.instagram.com\\\/bandelin_ultrasonic\\\/?hl=de\",\"https:\\\/\\\/www.linkedin.com\\\/company\\\/bandelin-electronic-gmbh-amp-co-kg\",\"https:\\\/\\\/www.youtube.com\\\/channel\\\/UC5wTNrNxkwMmX-WzysQqw3g\"]}]}<\/script>\n<!-- \/ Yoast SEO plugin. -->","yoast_head_json":{"title":"TICKOPUR RW 77 Pulitore a ultrasuoni con ammoniaca, concentrato | BANDELIN electronic GmbH &amp; Co. KG","description":"Scopri di pi\u00f9 su TICKOPUR RW 77 Pulitore a ultrasuoni con ammoniaca, concentrato | Bagni a ultrasuoni di alta qualit\u00e0 per la medicina e l'industria di Bandelin Electronic dal 1955.","robots":{"index":"index","follow":"follow","max-snippet":"max-snippet:-1","max-image-preview":"max-image-preview:large","max-video-preview":"max-video-preview:-1"},"canonical":"https:\/\/bandelin.com\/it\/negozio\/preparati-per-la-pulizia-e-la-disinfezione\/preparati-per-la-pulizia-a-base-di-tickopur-2\/tickopur-rw-77-pulitore-a-ultrasuoni-con-concentrato-di-ammoniaca\/","og_locale":"it_IT","og_type":"article","og_title":"TICKOPUR RW 77 Ultraschallreiniger mit Ammoniak, Konzentrat | BANDELIN electronic GmbH &amp; Co. KG","og_description":"Informationen Sie sich \u00fcber TICKOPUR RW 77 Ultraschallreiniger mit Ammoniak, Konzentrat | Hochwertige Ultraschallb\u00e4der f\u00fcr Medizin und Industrie von Bandelin Electronic seit 1955.","og_url":"https:\/\/bandelin.com\/it\/negozio\/preparati-per-la-pulizia-e-la-disinfezione\/preparati-per-la-pulizia-a-base-di-tickopur-2\/tickopur-rw-77-pulitore-a-ultrasuoni-con-concentrato-di-ammoniaca\/","og_site_name":"BANDELIN electronic GmbH &amp; Co. KG","article_publisher":"https:\/\/de-de.facebook.com\/bandelin.electronic\/","article_modified_time":"2026-04-27T18:29:04+00:00","og_image":[{"width":2048,"height":2048,"url":"https:\/\/bandelin.com\/wp-content\/uploads\/Produktfoto_1L_TICKOPUR_RW_77-scaled.jpg","type":"image\/jpeg"}],"twitter_card":"summary_large_image","twitter_misc":{"Tempo di lettura stimato":"1 minuto"},"schema":{"@context":"https:\/\/schema.org","@graph":[{"@type":"WebPage","@id":"https:\/\/bandelin.com\/shop\/reinigungs-und-desinfektionspraeparate\/tickopur-reinigungspraeparate\/tickopur-rw-77-ultraschallreiniger-mit-ammoniak-konzentrat\/","url":"https:\/\/bandelin.com\/shop\/reinigungs-und-desinfektionspraeparate\/tickopur-reinigungspraeparate\/tickopur-rw-77-ultraschallreiniger-mit-ammoniak-konzentrat\/","name":"TICKOPUR RW 77 Pulitore a ultrasuoni con ammoniaca, concentrato | BANDELIN electronic GmbH &amp; Co. KG","isPartOf":{"@id":"https:\/\/bandelin.com\/#website"},"primaryImageOfPage":{"@id":"https:\/\/bandelin.com\/shop\/reinigungs-und-desinfektionspraeparate\/tickopur-reinigungspraeparate\/tickopur-rw-77-ultraschallreiniger-mit-ammoniak-konzentrat\/#primaryimage"},"image":{"@id":"https:\/\/bandelin.com\/shop\/reinigungs-und-desinfektionspraeparate\/tickopur-reinigungspraeparate\/tickopur-rw-77-ultraschallreiniger-mit-ammoniak-konzentrat\/#primaryimage"},"thumbnailUrl":"https:\/\/bandelin.com\/wp-content\/uploads\/Produktfoto_1L_TICKOPUR_RW_77-scaled.jpg","datePublished":"2026-03-31T19:38:51+00:00","dateModified":"2026-04-27T18:29:04+00:00","description":"Scopri di pi\u00f9 su TICKOPUR RW 77 Pulitore a ultrasuoni con ammoniaca, concentrato | Bagni a ultrasuoni di alta qualit\u00e0 per la medicina e l'industria di Bandelin Electronic dal 1955.","breadcrumb":{"@id":"https:\/\/bandelin.com\/shop\/reinigungs-und-desinfektionspraeparate\/tickopur-reinigungspraeparate\/tickopur-rw-77-ultraschallreiniger-mit-ammoniak-konzentrat\/#breadcrumb"},"inLanguage":"it-IT","potentialAction":[{"@type":"ReadAction","target":["https:\/\/bandelin.com\/shop\/reinigungs-und-desinfektionspraeparate\/tickopur-reinigungspraeparate\/tickopur-rw-77-ultraschallreiniger-mit-ammoniak-konzentrat\/"]}]},{"@type":"ImageObject","inLanguage":"it-IT","@id":"https:\/\/bandelin.com\/shop\/reinigungs-und-desinfektionspraeparate\/tickopur-reinigungspraeparate\/tickopur-rw-77-ultraschallreiniger-mit-ammoniak-konzentrat\/#primaryimage","url":"https:\/\/bandelin.com\/wp-content\/uploads\/Produktfoto_1L_TICKOPUR_RW_77-scaled.jpg","contentUrl":"https:\/\/bandelin.com\/wp-content\/uploads\/Produktfoto_1L_TICKOPUR_RW_77-scaled.jpg","width":2048,"height":2048,"caption":"TICKOPUR RW 77 Ultraschallreiniger mit Ammoniak"},{"@type":"BreadcrumbList","@id":"https:\/\/bandelin.com\/shop\/reinigungs-und-desinfektionspraeparate\/tickopur-reinigungspraeparate\/tickopur-rw-77-ultraschallreiniger-mit-ammoniak-konzentrat\/#breadcrumb","itemListElement":[{"@type":"ListItem","position":1,"name":"Startseite","item":"https:\/\/bandelin.com\/"},{"@type":"ListItem","position":2,"name":"Shop","item":"https:\/\/bandelin.com\/shop\/"},{"@type":"ListItem","position":3,"name":"TICKOPUR RW 77 Ultraschallreiniger mit Ammoniak, Konzentrat"}]},{"@type":"WebSite","@id":"https:\/\/bandelin.com\/#website","url":"https:\/\/bandelin.com\/","name":"BANDELIN electronic GmbH &amp; Co. KG","description":"Ultrasuoni dal 1955","publisher":{"@id":"https:\/\/bandelin.com\/#organization"},"potentialAction":[{"@type":"SearchAction","target":{"@type":"EntryPoint","urlTemplate":"https:\/\/bandelin.com\/?s={search_term_string}"},"query-input":{"@type":"PropertyValueSpecification","valueRequired":true,"valueName":"search_term_string"}}],"inLanguage":"it-IT"},{"@type":"Organization","@id":"https:\/\/bandelin.com\/#organization","name":"BANDELIN electronic GmbH &amp; Co. KG","url":"https:\/\/bandelin.com\/","logo":{"@type":"ImageObject","inLanguage":"it-IT","@id":"https:\/\/bandelin.com\/#\/schema\/logo\/image\/","url":"","contentUrl":"","caption":"BANDELIN electronic GmbH & Co. KG"},"image":{"@id":"https:\/\/bandelin.com\/#\/schema\/logo\/image\/"},"sameAs":["https:\/\/de-de.facebook.com\/bandelin.electronic\/","https:\/\/www.instagram.com\/bandelin_ultrasonic\/?hl=de","https:\/\/www.linkedin.com\/company\/bandelin-electronic-gmbh-amp-co-kg","https:\/\/www.youtube.com\/channel\/UC5wTNrNxkwMmX-WzysQqw3g"]}]}},"_links":{"self":[{"href":"https:\/\/bandelin.com\/it\/wp-json\/wp\/v2\/product\/664939","targetHints":{"allow":["GET"]}}],"collection":[{"href":"https:\/\/bandelin.com\/it\/wp-json\/wp\/v2\/product"}],"about":[{"href":"https:\/\/bandelin.com\/it\/wp-json\/wp\/v2\/types\/product"}],"version-history":[{"count":1,"href":"https:\/\/bandelin.com\/it\/wp-json\/wp\/v2\/product\/664939\/revisions"}],"predecessor-version":[{"id":664940,"href":"https:\/\/bandelin.com\/it\/wp-json\/wp\/v2\/product\/664939\/revisions\/664940"}],"wp:featuredmedia":[{"embeddable":true,"href":"https:\/\/bandelin.com\/it\/wp-json\/wp\/v2\/media\/650184"}],"wp:attachment":[{"href":"https:\/\/bandelin.com\/it\/wp-json\/wp\/v2\/media?parent=664939"}],"wp:term":[{"taxonomy":"product_brand","embeddable":true,"href":"https:\/\/bandelin.com\/it\/wp-json\/wp\/v2\/product_brand?post=664939"},{"taxonomy":"product_cat","embeddable":true,"href":"https:\/\/bandelin.com\/it\/wp-json\/wp\/v2\/product_cat?post=664939"},{"taxonomy":"product_tag","embeddable":true,"href":"https:\/\/bandelin.com\/it\/wp-json\/wp\/v2\/product_tag?post=664939"}],"curies":[{"name":"wp","href":"https:\/\/api.w.org\/{rel}","templated":true}]}}