{"id":665258,"date":"2026-03-31T21:53:59","date_gmt":"2026-03-31T19:53:59","guid":{"rendered":"https:\/\/bandelin.com\/shop\/unkategorisiert\/sonorex-smart-st-510-h-ultraschallbad-mit-heizung\/"},"modified":"2026-04-26T20:28:13","modified_gmt":"2026-04-26T18:28:13","slug":"sonorex-smart-st-510-h-bagno-a-ultrasuoni-con-riscaldatore","status":"publish","type":"product","link":"https:\/\/bandelin.com\/it\/shop\/sonorex-ultraschallbaeder\/sonorex-smart-st-ultraschallbaeder\/sonorex-smart-st-510-h-ultraschallbad-mit-heizung\/","title":{"rendered":"SONOREX smart ST 510 H Bagno a ultrasuoni con riscaldamento"},"content":{"rendered":"<p>Pulitore a ultrasuoni ad alte prestazioni con riscaldamento per l'uso in studi, laboratori e officine.<\/p>\n<p>  I bagni ad ultrasuoni SONOREX, collaudati e particolarmente robusti, puliscono in modo approfondito e delicato utilizzando bolle di cavitazione intense, anche nelle aree difficili da raggiungere degli oggetti da pulire.<\/p>\n<p>  Un touchscreen intuitivo consente di impostare e monitorare facilmente tutti i parametri, come la potenza degli ultrasuoni, il tempo di lavaggio e la temperatura. \u00c8 possibile impostare intervalli di sonicazione e limiti di temperatura.<\/p>\n<p>  La memoria interna del programma consente una riproducibilit\u00e0 affidabile dei processi di preparazione dei campioni convalidati.<br \/>\n  La funzione SweepTec, completamente automatica, evita le onde stazionarie nel campo ultrasonico e consente di ottenere una pulizia particolarmente uniforme. La funzione di degassificazione (Degas), che pu\u00f2 essere attivata all'inizio del processo di pulizia, migliora ulteriormente l'effetto pulente degli ultrasuoni.<\/p>\n<p>  I cestini, i coperchi e i concentrati di detergenti e disinfettanti adatti sono disponibili come accessori per una pulizia a ultrasuoni ottimizzata.<\/p>\n<p> Disponibile su richiesta anche come variante a 115 V (numero d'ordine 7105-1), con spina svizzera (numero d'ordine 7105-CH) o britannica (numero d'ordine 7105-GB).<\/p>","protected":false},"excerpt":{"rendered":"<p>Dimensioni interne: 300 x 240 x 150 mm<\/p>","protected":false},"featured_media":650703,"template":"","meta":{"_acf_changed":false},"product_brand":[],"product_cat":[14195,14239],"product_tag":[14134,14365,14608],"class_list":{"0":"post-665258","1":"product","2":"type-product","3":"status-publish","4":"has-post-thumbnail","6":"product_cat-sonorex-ultraschallbaeder","7":"product_cat-sonorex-smart-st-ultraschallbaeder","8":"product_tag-ultraschallbad","9":"product_tag-slider","10":"product_tag-sonorex-ultraschallbaeder-sonorex-smart-st-ultraschallbaeder","11":"pa_ablauf-kugelhahn-g--mit-50-cm-schlauch-an-der-linken-seite","12":"pa_arbeitsinhalt-l-12300","13":"pa_aussenmass-breite-mm-12301","14":"pa_aussenmass-hoehe-mm-12286","15":"pa_aussenmass-laenge-mm-12295","16":"pa_bedienung-touchscreen-2","17":"pa_bestellnummer-14147","18":"pa_betriebsspannung-v-230-v--10-50-60-hz","19":"pa_ce-kennzeichnung-medizinprodukte-klasse-i-2017-745-eu-niederspannungsrichtlinie-2014-35-eu-emv-richtlinie-2014-30-eu-rohs-richtlinie-2011-65-eu-2","20":"pa_einstellb-temp-ber-c-20-80-2","21":"pa_fuellstandsmarkierung-ja","22":"pa_gehaeusematerial-edelstahl-1-4301","23":"pa_griffe-an-den-seiten-2","24":"pa_heizleistung-w-400-2","25":"pa_inhalt-l-12299","26":"pa_innenmass-b-mm-240-2","27":"pa_innenmass-l-mm-12289","28":"pa_innenmass-t-mm-14269","29":"pa_leistungseinstellung-10-100","30":"pa_netzkabel-2-m-fest-am-geraet","31":"pa_pulsationszeiten-1-s-60-s","32":"pa_schutzgrad-gehaeuse-ip-32-2","33":"pa_ultraschall-frequenz-khz-40-2","34":"pa_ultraschall-nennleistung-w-12293","35":"pa_ultraschall-spitzenleistung-w-12292","36":"pa_verpackung-breite-mm-390-2","37":"pa_verpackung-hoehe-mm-375-2","38":"pa_verpackung-laenge-mm-450-2","39":"pa_wannenmaterial-edelstahl-1-4301","40":"pa_wannenstaerke-mm-14553","41":"pa_zeiteinstellung-min-1-s-bis-8-h-in-1-s-schritten","43":"first","44":"instock","45":"taxable","46":"shipping-taxable","47":"purchasable","48":"product-type-simple"},"acf":[],"yoast_head":"<!-- This site is optimized with the Yoast SEO plugin v27.4 - https:\/\/yoast.com\/product\/yoast-seo-wordpress\/ -->\n<title>SONOREX smart ST 510 H Ultraschallbad mit Heizung | BANDELIN electronic GmbH &amp; Co. KG<\/title>\n<meta name=\"description\" content=\"Informationen Sie sich \u00fcber SONOREX smart ST 510 H Ultraschallbad mit Heizung | Hochwertige Ultraschallb\u00e4der f\u00fcr Medizin und Industrie von Bandelin Electronic seit 1955.\" \/>\n<meta name=\"robots\" content=\"index, follow, max-snippet:-1, max-image-preview:large, max-video-preview:-1\" \/>\n<link rel=\"canonical\" href=\"https:\/\/bandelin.com\/it\/negozio\/bagni-ad-ultrasuoni-sonorex-2\/bagni-ad-ultrasuoni-sonorex-smart-st\/sonorex-smart-st-510-h-bagno-a-ultrasuoni-con-riscaldatore\/\" \/>\n<meta property=\"og:locale\" content=\"it_IT\" \/>\n<meta property=\"og:type\" content=\"article\" \/>\n<meta property=\"og:title\" content=\"SONOREX smart ST 510 H Ultraschallbad mit Heizung | BANDELIN electronic GmbH &amp; Co. KG\" \/>\n<meta property=\"og:description\" content=\"Informationen Sie sich \u00fcber SONOREX smart ST 510 H Ultraschallbad mit Heizung | Hochwertige Ultraschallb\u00e4der f\u00fcr Medizin und Industrie von Bandelin Electronic seit 1955.\" \/>\n<meta property=\"og:url\" content=\"https:\/\/bandelin.com\/it\/negozio\/bagni-ad-ultrasuoni-sonorex-2\/bagni-ad-ultrasuoni-sonorex-smart-st\/sonorex-smart-st-510-h-bagno-a-ultrasuoni-con-riscaldatore\/\" \/>\n<meta property=\"og:site_name\" content=\"BANDELIN electronic GmbH &amp; Co. KG\" \/>\n<meta property=\"article:publisher\" content=\"https:\/\/de-de.facebook.com\/bandelin.electronic\/\" \/>\n<meta property=\"article:modified_time\" content=\"2026-04-26T18:28:13+00:00\" \/>\n<meta property=\"og:image\" content=\"https:\/\/bandelin.com\/wp-content\/uploads\/Produktfoto_ST_510_H-1-scaled.jpg\" \/>\n\t<meta property=\"og:image:width\" content=\"2048\" \/>\n\t<meta property=\"og:image:height\" content=\"2048\" \/>\n\t<meta property=\"og:image:type\" content=\"image\/jpeg\" \/>\n<meta name=\"twitter:card\" content=\"summary_large_image\" \/>\n<meta name=\"twitter:label1\" content=\"Tempo di lettura stimato\" \/>\n\t<meta name=\"twitter:data1\" content=\"1 minuto\" \/>\n<script type=\"application\/ld+json\" class=\"yoast-schema-graph\">{\"@context\":\"https:\\\/\\\/schema.org\",\"@graph\":[{\"@type\":\"WebPage\",\"@id\":\"https:\\\/\\\/bandelin.com\\\/shop\\\/sonorex-ultraschallbaeder\\\/sonorex-smart-st-ultraschallbaeder\\\/sonorex-smart-st-510-h-ultraschallbad-mit-heizung\\\/\",\"url\":\"https:\\\/\\\/bandelin.com\\\/shop\\\/sonorex-ultraschallbaeder\\\/sonorex-smart-st-ultraschallbaeder\\\/sonorex-smart-st-510-h-ultraschallbad-mit-heizung\\\/\",\"name\":\"SONOREX smart ST 510 H Ultraschallbad mit Heizung | BANDELIN electronic GmbH &amp; Co. KG\",\"isPartOf\":{\"@id\":\"https:\\\/\\\/bandelin.com\\\/#website\"},\"primaryImageOfPage\":{\"@id\":\"https:\\\/\\\/bandelin.com\\\/shop\\\/sonorex-ultraschallbaeder\\\/sonorex-smart-st-ultraschallbaeder\\\/sonorex-smart-st-510-h-ultraschallbad-mit-heizung\\\/#primaryimage\"},\"image\":{\"@id\":\"https:\\\/\\\/bandelin.com\\\/shop\\\/sonorex-ultraschallbaeder\\\/sonorex-smart-st-ultraschallbaeder\\\/sonorex-smart-st-510-h-ultraschallbad-mit-heizung\\\/#primaryimage\"},\"thumbnailUrl\":\"https:\\\/\\\/bandelin.com\\\/wp-content\\\/uploads\\\/Produktfoto_ST_510_H-1-scaled.jpg\",\"datePublished\":\"2026-03-31T19:53:59+00:00\",\"dateModified\":\"2026-04-26T18:28:13+00:00\",\"description\":\"Informationen Sie sich \u00fcber SONOREX smart ST 510 H Ultraschallbad mit Heizung | Hochwertige Ultraschallb\u00e4der f\u00fcr Medizin und Industrie von Bandelin Electronic seit 1955.\",\"breadcrumb\":{\"@id\":\"https:\\\/\\\/bandelin.com\\\/shop\\\/sonorex-ultraschallbaeder\\\/sonorex-smart-st-ultraschallbaeder\\\/sonorex-smart-st-510-h-ultraschallbad-mit-heizung\\\/#breadcrumb\"},\"inLanguage\":\"it-IT\",\"potentialAction\":[{\"@type\":\"ReadAction\",\"target\":[\"https:\\\/\\\/bandelin.com\\\/shop\\\/sonorex-ultraschallbaeder\\\/sonorex-smart-st-ultraschallbaeder\\\/sonorex-smart-st-510-h-ultraschallbad-mit-heizung\\\/\"]}]},{\"@type\":\"ImageObject\",\"inLanguage\":\"it-IT\",\"@id\":\"https:\\\/\\\/bandelin.com\\\/shop\\\/sonorex-ultraschallbaeder\\\/sonorex-smart-st-ultraschallbaeder\\\/sonorex-smart-st-510-h-ultraschallbad-mit-heizung\\\/#primaryimage\",\"url\":\"https:\\\/\\\/bandelin.com\\\/wp-content\\\/uploads\\\/Produktfoto_ST_510_H-1-scaled.jpg\",\"contentUrl\":\"https:\\\/\\\/bandelin.com\\\/wp-content\\\/uploads\\\/Produktfoto_ST_510_H-1-scaled.jpg\",\"width\":2048,\"height\":2048,\"caption\":\"SONOREX smart ST 510 H Ultraschallbad mit Heizung Bild\"},{\"@type\":\"BreadcrumbList\",\"@id\":\"https:\\\/\\\/bandelin.com\\\/shop\\\/sonorex-ultraschallbaeder\\\/sonorex-smart-st-ultraschallbaeder\\\/sonorex-smart-st-510-h-ultraschallbad-mit-heizung\\\/#breadcrumb\",\"itemListElement\":[{\"@type\":\"ListItem\",\"position\":1,\"name\":\"Startseite\",\"item\":\"https:\\\/\\\/bandelin.com\\\/\"},{\"@type\":\"ListItem\",\"position\":2,\"name\":\"Shop\",\"item\":\"https:\\\/\\\/bandelin.com\\\/shop\\\/\"},{\"@type\":\"ListItem\",\"position\":3,\"name\":\"SONOREX smart ST 510 H Ultraschallbad mit Heizung\"}]},{\"@type\":\"WebSite\",\"@id\":\"https:\\\/\\\/bandelin.com\\\/#website\",\"url\":\"https:\\\/\\\/bandelin.com\\\/\",\"name\":\"BANDELIN electronic GmbH & Co. KG\",\"description\":\"Ultraschall seit 1955\",\"publisher\":{\"@id\":\"https:\\\/\\\/bandelin.com\\\/#organization\"},\"potentialAction\":[{\"@type\":\"SearchAction\",\"target\":{\"@type\":\"EntryPoint\",\"urlTemplate\":\"https:\\\/\\\/bandelin.com\\\/?s={search_term_string}\"},\"query-input\":{\"@type\":\"PropertyValueSpecification\",\"valueRequired\":true,\"valueName\":\"search_term_string\"}}],\"inLanguage\":\"it-IT\"},{\"@type\":\"Organization\",\"@id\":\"https:\\\/\\\/bandelin.com\\\/#organization\",\"name\":\"BANDELIN electronic GmbH & Co. KG\",\"url\":\"https:\\\/\\\/bandelin.com\\\/\",\"logo\":{\"@type\":\"ImageObject\",\"inLanguage\":\"it-IT\",\"@id\":\"https:\\\/\\\/bandelin.com\\\/#\\\/schema\\\/logo\\\/image\\\/\",\"url\":\"\",\"contentUrl\":\"\",\"caption\":\"BANDELIN electronic GmbH & Co. KG\"},\"image\":{\"@id\":\"https:\\\/\\\/bandelin.com\\\/#\\\/schema\\\/logo\\\/image\\\/\"},\"sameAs\":[\"https:\\\/\\\/de-de.facebook.com\\\/bandelin.electronic\\\/\",\"https:\\\/\\\/www.instagram.com\\\/bandelin_ultrasonic\\\/?hl=de\",\"https:\\\/\\\/www.linkedin.com\\\/company\\\/bandelin-electronic-gmbh-amp-co-kg\",\"https:\\\/\\\/www.youtube.com\\\/channel\\\/UC5wTNrNxkwMmX-WzysQqw3g\"]}]}<\/script>\n<!-- \/ Yoast SEO plugin. -->","yoast_head_json":{"title":"SONOREX smart ST 510 H Bagno a ultrasuoni con riscaldamento | BANDELIN electronic GmbH &amp; Co. KG","description":"Scopri di pi\u00f9 sul bagno a ultrasuoni SONOREX smart ST 510 H con riscaldamento | Bagni a ultrasuoni di alta qualit\u00e0 per la medicina e l'industria di Bandelin Electronic dal 1955.","robots":{"index":"index","follow":"follow","max-snippet":"max-snippet:-1","max-image-preview":"max-image-preview:large","max-video-preview":"max-video-preview:-1"},"canonical":"https:\/\/bandelin.com\/it\/negozio\/bagni-ad-ultrasuoni-sonorex-2\/bagni-ad-ultrasuoni-sonorex-smart-st\/sonorex-smart-st-510-h-bagno-a-ultrasuoni-con-riscaldatore\/","og_locale":"it_IT","og_type":"article","og_title":"SONOREX smart ST 510 H Ultraschallbad mit Heizung | BANDELIN electronic GmbH &amp; Co. KG","og_description":"Informationen Sie sich \u00fcber SONOREX smart ST 510 H Ultraschallbad mit Heizung | Hochwertige Ultraschallb\u00e4der f\u00fcr Medizin und Industrie von Bandelin Electronic seit 1955.","og_url":"https:\/\/bandelin.com\/it\/negozio\/bagni-ad-ultrasuoni-sonorex-2\/bagni-ad-ultrasuoni-sonorex-smart-st\/sonorex-smart-st-510-h-bagno-a-ultrasuoni-con-riscaldatore\/","og_site_name":"BANDELIN electronic GmbH &amp; Co. KG","article_publisher":"https:\/\/de-de.facebook.com\/bandelin.electronic\/","article_modified_time":"2026-04-26T18:28:13+00:00","og_image":[{"width":2048,"height":2048,"url":"https:\/\/bandelin.com\/wp-content\/uploads\/Produktfoto_ST_510_H-1-scaled.jpg","type":"image\/jpeg"}],"twitter_card":"summary_large_image","twitter_misc":{"Tempo di lettura stimato":"1 minuto"},"schema":{"@context":"https:\/\/schema.org","@graph":[{"@type":"WebPage","@id":"https:\/\/bandelin.com\/shop\/sonorex-ultraschallbaeder\/sonorex-smart-st-ultraschallbaeder\/sonorex-smart-st-510-h-ultraschallbad-mit-heizung\/","url":"https:\/\/bandelin.com\/shop\/sonorex-ultraschallbaeder\/sonorex-smart-st-ultraschallbaeder\/sonorex-smart-st-510-h-ultraschallbad-mit-heizung\/","name":"SONOREX smart ST 510 H Bagno a ultrasuoni con riscaldamento | BANDELIN electronic GmbH &amp; Co. KG","isPartOf":{"@id":"https:\/\/bandelin.com\/#website"},"primaryImageOfPage":{"@id":"https:\/\/bandelin.com\/shop\/sonorex-ultraschallbaeder\/sonorex-smart-st-ultraschallbaeder\/sonorex-smart-st-510-h-ultraschallbad-mit-heizung\/#primaryimage"},"image":{"@id":"https:\/\/bandelin.com\/shop\/sonorex-ultraschallbaeder\/sonorex-smart-st-ultraschallbaeder\/sonorex-smart-st-510-h-ultraschallbad-mit-heizung\/#primaryimage"},"thumbnailUrl":"https:\/\/bandelin.com\/wp-content\/uploads\/Produktfoto_ST_510_H-1-scaled.jpg","datePublished":"2026-03-31T19:53:59+00:00","dateModified":"2026-04-26T18:28:13+00:00","description":"Scopri di pi\u00f9 sul bagno a ultrasuoni SONOREX smart ST 510 H con riscaldamento | Bagni a ultrasuoni di alta qualit\u00e0 per la medicina e l'industria di Bandelin Electronic dal 1955.","breadcrumb":{"@id":"https:\/\/bandelin.com\/shop\/sonorex-ultraschallbaeder\/sonorex-smart-st-ultraschallbaeder\/sonorex-smart-st-510-h-ultraschallbad-mit-heizung\/#breadcrumb"},"inLanguage":"it-IT","potentialAction":[{"@type":"ReadAction","target":["https:\/\/bandelin.com\/shop\/sonorex-ultraschallbaeder\/sonorex-smart-st-ultraschallbaeder\/sonorex-smart-st-510-h-ultraschallbad-mit-heizung\/"]}]},{"@type":"ImageObject","inLanguage":"it-IT","@id":"https:\/\/bandelin.com\/shop\/sonorex-ultraschallbaeder\/sonorex-smart-st-ultraschallbaeder\/sonorex-smart-st-510-h-ultraschallbad-mit-heizung\/#primaryimage","url":"https:\/\/bandelin.com\/wp-content\/uploads\/Produktfoto_ST_510_H-1-scaled.jpg","contentUrl":"https:\/\/bandelin.com\/wp-content\/uploads\/Produktfoto_ST_510_H-1-scaled.jpg","width":2048,"height":2048,"caption":"SONOREX smart ST 510 H Ultraschallbad mit Heizung Bild"},{"@type":"BreadcrumbList","@id":"https:\/\/bandelin.com\/shop\/sonorex-ultraschallbaeder\/sonorex-smart-st-ultraschallbaeder\/sonorex-smart-st-510-h-ultraschallbad-mit-heizung\/#breadcrumb","itemListElement":[{"@type":"ListItem","position":1,"name":"Startseite","item":"https:\/\/bandelin.com\/"},{"@type":"ListItem","position":2,"name":"Shop","item":"https:\/\/bandelin.com\/shop\/"},{"@type":"ListItem","position":3,"name":"SONOREX smart ST 510 H Ultraschallbad mit Heizung"}]},{"@type":"WebSite","@id":"https:\/\/bandelin.com\/#website","url":"https:\/\/bandelin.com\/","name":"BANDELIN electronic GmbH &amp; Co. KG","description":"Ultrasuoni dal 1955","publisher":{"@id":"https:\/\/bandelin.com\/#organization"},"potentialAction":[{"@type":"SearchAction","target":{"@type":"EntryPoint","urlTemplate":"https:\/\/bandelin.com\/?s={search_term_string}"},"query-input":{"@type":"PropertyValueSpecification","valueRequired":true,"valueName":"search_term_string"}}],"inLanguage":"it-IT"},{"@type":"Organization","@id":"https:\/\/bandelin.com\/#organization","name":"BANDELIN electronic GmbH &amp; Co. KG","url":"https:\/\/bandelin.com\/","logo":{"@type":"ImageObject","inLanguage":"it-IT","@id":"https:\/\/bandelin.com\/#\/schema\/logo\/image\/","url":"","contentUrl":"","caption":"BANDELIN electronic GmbH & Co. KG"},"image":{"@id":"https:\/\/bandelin.com\/#\/schema\/logo\/image\/"},"sameAs":["https:\/\/de-de.facebook.com\/bandelin.electronic\/","https:\/\/www.instagram.com\/bandelin_ultrasonic\/?hl=de","https:\/\/www.linkedin.com\/company\/bandelin-electronic-gmbh-amp-co-kg","https:\/\/www.youtube.com\/channel\/UC5wTNrNxkwMmX-WzysQqw3g"]}]}},"_links":{"self":[{"href":"https:\/\/bandelin.com\/it\/wp-json\/wp\/v2\/product\/665258","targetHints":{"allow":["GET"]}}],"collection":[{"href":"https:\/\/bandelin.com\/it\/wp-json\/wp\/v2\/product"}],"about":[{"href":"https:\/\/bandelin.com\/it\/wp-json\/wp\/v2\/types\/product"}],"version-history":[{"count":2,"href":"https:\/\/bandelin.com\/it\/wp-json\/wp\/v2\/product\/665258\/revisions"}],"predecessor-version":[{"id":665260,"href":"https:\/\/bandelin.com\/it\/wp-json\/wp\/v2\/product\/665258\/revisions\/665260"}],"wp:featuredmedia":[{"embeddable":true,"href":"https:\/\/bandelin.com\/it\/wp-json\/wp\/v2\/media\/650703"}],"wp:attachment":[{"href":"https:\/\/bandelin.com\/it\/wp-json\/wp\/v2\/media?parent=665258"}],"wp:term":[{"taxonomy":"product_brand","embeddable":true,"href":"https:\/\/bandelin.com\/it\/wp-json\/wp\/v2\/product_brand?post=665258"},{"taxonomy":"product_cat","embeddable":true,"href":"https:\/\/bandelin.com\/it\/wp-json\/wp\/v2\/product_cat?post=665258"},{"taxonomy":"product_tag","embeddable":true,"href":"https:\/\/bandelin.com\/it\/wp-json\/wp\/v2\/product_tag?post=665258"}],"curies":[{"name":"wp","href":"https:\/\/api.w.org\/{rel}","templated":true}]}}