{"id":665519,"date":"2026-03-31T21:59:40","date_gmt":"2026-03-31T19:59:40","guid":{"rendered":"https:\/\/bandelin.com\/shop\/unkategorisiert\/sonorex-technik-mb-75-3-hubeinrichtung-mit-oszillation\/"},"modified":"2026-05-06T01:56:25","modified_gmt":"2026-05-05T23:56:25","slug":"sonorex-technik-mb-75-3-dispositivo-di-sollevamento-con-oscillazione","status":"publish","type":"product","link":"https:\/\/bandelin.com\/it\/shop\/sonorex-technik-ultraschallbaeder\/sonorex-technik-mb-hubeinrichtung\/sonorex-technik-mb-75-3-hubeinrichtung-mit-oszillation\/","title":{"rendered":"SONOREX TECHNIK MB 75.3 Dispositivo di sollevamento con oscillazione"},"content":{"rendered":"<p>Il dispositivo di sollevamento facilita il lavoro dell'operatore. Consente l'oscillazione automatica nella vasca di pulizia o di risciacquo e facilita il trasporto dei cestini pieni da una vasca all'altra. Il movimento di oscillazione lenta verso l'alto e verso il basso aumenta l'effetto pulente degli ultrasuoni e lo sporco disciolto viene risciacquato in modo pi\u00f9 efficace.<br \/>\n  -Il cestello di pulizia pieno viene appeso a mano nel dispositivo di sollevamento. Attivando il timer, il dispositivo di sollevamento abbassa il cestello nella vasca e avvia automaticamente l'oscillazione. Quando il timer \u00e8 scaduto, l'oscillazione si ferma e il dispositivo di sollevamento solleva automaticamente il cestello dalla vasca, riportandolo alla posizione iniziale.<\/p>","protected":false},"excerpt":{"rendered":"<p>Die Hubeinrichtung ist eine Arbeitserleichterung f\u00fcr den Bediener. Sie erm\u00f6glicht das automatische Oszillieren in den Reinigungs- oder Sp\u00fclbad und erleichtert den Transport der bef\u00fcllten Warenk\u00f6rbe von Wanne zu Wanne. Durch die langsam oszillierende Auf- und Abw\u00e4rtsbewegung wird die Reinigungswirkung des Ultraschalls verst\u00e4rkt und die angel\u00f6ste Verschmutzung besser abgesp\u00fclt. -Der bef\u00fcllte Reinigungskorb wird von Hand in [&hellip;]<\/p>\n","protected":false},"featured_media":649309,"template":"","meta":{"_acf_changed":false},"product_brand":[],"product_cat":[14250,12497],"product_tag":[14628,12692],"class_list":{"0":"post-665519","1":"product","2":"type-product","3":"status-publish","4":"has-post-thumbnail","6":"product_cat-sonorex-technik-mb-hubeinrichtung","7":"product_cat-sonorex-technik-ultraschallbaeder","8":"product_tag-sonorex-technik-ultraschallbaeder-sonorex-technik-mb-hubeinrichtung","9":"product_tag-hubeinrichtung","10":"pa_aussenmass-breite-mm-12696","11":"pa_aussenmass-hoehe-mm-12687","12":"pa_aussenmass-laenge-mm-abhaengig-von-der-anzahl-der-wannen","13":"pa_bedienung-touchscreen-2","14":"pa_bestellnummer-12695","15":"pa_betriebsspannung-v-230-v--10-50-60-hz","16":"pa_netzkabel-3-m-fest-am-geraet-mit-schutzkontaktstecker-cee-7-7-typ-ef","17":"pa_nutzlast-kg-40-2","18":"pa_passend-zu-rm-75-2","19":"pa_schutzgrad-gehaeuse-ip-20-3","20":"pa_verpackung-breite-mm-in-abhaengigkeit-von-der-groesse-des-wannengestells","21":"pa_verpackung-hoehe-mm-in-abhaengigkeit-von-der-groesse-des-wannengestells","22":"pa_verpackung-laenge-mm-in-abhaengigkeit-von-der-groesse-des-wannengestells","23":"pa_zeiteinstellung-min-1-99-unendlich","25":"first","26":"onbackorder","27":"taxable","28":"shipping-taxable","29":"purchasable","30":"product-type-simple"},"acf":[],"yoast_head":"<!-- This site is optimized with the Yoast SEO plugin v27.5 - https:\/\/yoast.com\/product\/yoast-seo-wordpress\/ -->\n<title>SONOREX TECHNIK MB 75.3 Hubeinrichtung mit Oszillation | BANDELIN electronic GmbH &amp; Co. KG<\/title>\n<meta name=\"description\" content=\"Informationen Sie sich \u00fcber SONOREX TECHNIK MB 75.3 Hubeinrichtung mit Oszillation | Hochwertige Ultraschallb\u00e4der f\u00fcr Medizin und Industrie von Bandelin Electronic seit 1955.\" \/>\n<meta name=\"robots\" content=\"index, follow, max-snippet:-1, max-image-preview:large, max-video-preview:-1\" \/>\n<link rel=\"canonical\" href=\"https:\/\/bandelin.com\/it\/negozio\/bagni-a-ultrasuoni-con-tecnologia-sonorex\/dispositivo-di-sollevamento-sonorex-technik-mb\/sonorex-technik-mb-75-3-dispositivo-di-sollevamento-con-oscillazione\/\" \/>\n<meta property=\"og:locale\" content=\"it_IT\" \/>\n<meta property=\"og:type\" content=\"article\" \/>\n<meta property=\"og:title\" content=\"SONOREX TECHNIK MB 75.3 Hubeinrichtung mit Oszillation | BANDELIN electronic GmbH &amp; Co. KG\" \/>\n<meta property=\"og:description\" content=\"Informationen Sie sich \u00fcber SONOREX TECHNIK MB 75.3 Hubeinrichtung mit Oszillation | Hochwertige Ultraschallb\u00e4der f\u00fcr Medizin und Industrie von Bandelin Electronic seit 1955.\" \/>\n<meta property=\"og:url\" content=\"https:\/\/bandelin.com\/it\/negozio\/bagni-a-ultrasuoni-con-tecnologia-sonorex\/dispositivo-di-sollevamento-sonorex-technik-mb\/sonorex-technik-mb-75-3-dispositivo-di-sollevamento-con-oscillazione\/\" \/>\n<meta property=\"og:site_name\" content=\"BANDELIN electronic GmbH &amp; Co. KG\" \/>\n<meta property=\"article:publisher\" content=\"https:\/\/de-de.facebook.com\/bandelin.electronic\/\" \/>\n<meta property=\"article:modified_time\" content=\"2026-05-05T23:56:25+00:00\" \/>\n<meta property=\"og:image\" content=\"https:\/\/bandelin.com\/wp-content\/uploads\/Produktfoto_MB_75.2-scaled.jpg\" \/>\n\t<meta property=\"og:image:width\" content=\"2048\" \/>\n\t<meta property=\"og:image:height\" content=\"2048\" \/>\n\t<meta property=\"og:image:type\" content=\"image\/jpeg\" \/>\n<meta name=\"twitter:card\" content=\"summary_large_image\" \/>\n<meta name=\"twitter:label1\" content=\"Tempo di lettura stimato\" \/>\n\t<meta name=\"twitter:data1\" content=\"1 minuto\" \/>\n<script type=\"application\/ld+json\" class=\"yoast-schema-graph\">{\"@context\":\"https:\\\/\\\/schema.org\",\"@graph\":[{\"@type\":\"WebPage\",\"@id\":\"https:\\\/\\\/bandelin.com\\\/shop\\\/sonorex-technik-ultraschallbaeder\\\/sonorex-technik-mb-hubeinrichtung\\\/sonorex-technik-mb-75-3-hubeinrichtung-mit-oszillation\\\/\",\"url\":\"https:\\\/\\\/bandelin.com\\\/shop\\\/sonorex-technik-ultraschallbaeder\\\/sonorex-technik-mb-hubeinrichtung\\\/sonorex-technik-mb-75-3-hubeinrichtung-mit-oszillation\\\/\",\"name\":\"SONOREX TECHNIK MB 75.3 Hubeinrichtung mit Oszillation | BANDELIN electronic GmbH &amp; Co. KG\",\"isPartOf\":{\"@id\":\"https:\\\/\\\/bandelin.com\\\/#website\"},\"primaryImageOfPage\":{\"@id\":\"https:\\\/\\\/bandelin.com\\\/shop\\\/sonorex-technik-ultraschallbaeder\\\/sonorex-technik-mb-hubeinrichtung\\\/sonorex-technik-mb-75-3-hubeinrichtung-mit-oszillation\\\/#primaryimage\"},\"image\":{\"@id\":\"https:\\\/\\\/bandelin.com\\\/shop\\\/sonorex-technik-ultraschallbaeder\\\/sonorex-technik-mb-hubeinrichtung\\\/sonorex-technik-mb-75-3-hubeinrichtung-mit-oszillation\\\/#primaryimage\"},\"thumbnailUrl\":\"https:\\\/\\\/bandelin.com\\\/wp-content\\\/uploads\\\/Produktfoto_MB_75.2-scaled.jpg\",\"datePublished\":\"2026-03-31T19:59:40+00:00\",\"dateModified\":\"2026-05-05T23:56:25+00:00\",\"description\":\"Informationen Sie sich \u00fcber SONOREX TECHNIK MB 75.3 Hubeinrichtung mit Oszillation | Hochwertige Ultraschallb\u00e4der f\u00fcr Medizin und Industrie von Bandelin Electronic seit 1955.\",\"breadcrumb\":{\"@id\":\"https:\\\/\\\/bandelin.com\\\/shop\\\/sonorex-technik-ultraschallbaeder\\\/sonorex-technik-mb-hubeinrichtung\\\/sonorex-technik-mb-75-3-hubeinrichtung-mit-oszillation\\\/#breadcrumb\"},\"inLanguage\":\"it-IT\",\"potentialAction\":[{\"@type\":\"ReadAction\",\"target\":[\"https:\\\/\\\/bandelin.com\\\/shop\\\/sonorex-technik-ultraschallbaeder\\\/sonorex-technik-mb-hubeinrichtung\\\/sonorex-technik-mb-75-3-hubeinrichtung-mit-oszillation\\\/\"]}]},{\"@type\":\"ImageObject\",\"inLanguage\":\"it-IT\",\"@id\":\"https:\\\/\\\/bandelin.com\\\/shop\\\/sonorex-technik-ultraschallbaeder\\\/sonorex-technik-mb-hubeinrichtung\\\/sonorex-technik-mb-75-3-hubeinrichtung-mit-oszillation\\\/#primaryimage\",\"url\":\"https:\\\/\\\/bandelin.com\\\/wp-content\\\/uploads\\\/Produktfoto_MB_75.2-scaled.jpg\",\"contentUrl\":\"https:\\\/\\\/bandelin.com\\\/wp-content\\\/uploads\\\/Produktfoto_MB_75.2-scaled.jpg\",\"width\":2048,\"height\":2048,\"caption\":\"SONOREX TECHNIK MB 75.3 Hubeinrichtung mit Oszillation Bild\"},{\"@type\":\"BreadcrumbList\",\"@id\":\"https:\\\/\\\/bandelin.com\\\/shop\\\/sonorex-technik-ultraschallbaeder\\\/sonorex-technik-mb-hubeinrichtung\\\/sonorex-technik-mb-75-3-hubeinrichtung-mit-oszillation\\\/#breadcrumb\",\"itemListElement\":[{\"@type\":\"ListItem\",\"position\":1,\"name\":\"Startseite\",\"item\":\"https:\\\/\\\/bandelin.com\\\/\"},{\"@type\":\"ListItem\",\"position\":2,\"name\":\"Shop\",\"item\":\"https:\\\/\\\/bandelin.com\\\/shop\\\/\"},{\"@type\":\"ListItem\",\"position\":3,\"name\":\"SONOREX TECHNIK MB 75.3 Hubeinrichtung mit Oszillation\"}]},{\"@type\":\"WebSite\",\"@id\":\"https:\\\/\\\/bandelin.com\\\/#website\",\"url\":\"https:\\\/\\\/bandelin.com\\\/\",\"name\":\"BANDELIN electronic GmbH & Co. KG\",\"description\":\"Ultraschall seit 1955\",\"publisher\":{\"@id\":\"https:\\\/\\\/bandelin.com\\\/#organization\"},\"potentialAction\":[{\"@type\":\"SearchAction\",\"target\":{\"@type\":\"EntryPoint\",\"urlTemplate\":\"https:\\\/\\\/bandelin.com\\\/?s={search_term_string}\"},\"query-input\":{\"@type\":\"PropertyValueSpecification\",\"valueRequired\":true,\"valueName\":\"search_term_string\"}}],\"inLanguage\":\"it-IT\"},{\"@type\":\"Organization\",\"@id\":\"https:\\\/\\\/bandelin.com\\\/#organization\",\"name\":\"BANDELIN electronic GmbH & Co. KG\",\"url\":\"https:\\\/\\\/bandelin.com\\\/\",\"logo\":{\"@type\":\"ImageObject\",\"inLanguage\":\"it-IT\",\"@id\":\"https:\\\/\\\/bandelin.com\\\/#\\\/schema\\\/logo\\\/image\\\/\",\"url\":\"\",\"contentUrl\":\"\",\"caption\":\"BANDELIN electronic GmbH & Co. KG\"},\"image\":{\"@id\":\"https:\\\/\\\/bandelin.com\\\/#\\\/schema\\\/logo\\\/image\\\/\"},\"sameAs\":[\"https:\\\/\\\/de-de.facebook.com\\\/bandelin.electronic\\\/\",\"https:\\\/\\\/www.instagram.com\\\/bandelin_ultrasonic\\\/?hl=de\",\"https:\\\/\\\/www.linkedin.com\\\/company\\\/bandelin-electronic-gmbh-amp-co-kg\",\"https:\\\/\\\/www.youtube.com\\\/channel\\\/UC5wTNrNxkwMmX-WzysQqw3g\"]}]}<\/script>\n<!-- \/ Yoast SEO plugin. -->","yoast_head_json":{"title":"SONOREX TECHNIK MB 75.3 Dispositivo di sollevamento con oscillazione | BANDELIN electronic GmbH &amp; Co. KG","description":"Scopri di pi\u00f9 sul reciprocatore SONOREX TECHNIK MB 75.3 con oscillazione | Bagni a ultrasuoni di alta qualit\u00e0 per la medicina e l'industria di Bandelin Electronic dal 1955.","robots":{"index":"index","follow":"follow","max-snippet":"max-snippet:-1","max-image-preview":"max-image-preview:large","max-video-preview":"max-video-preview:-1"},"canonical":"https:\/\/bandelin.com\/it\/negozio\/bagni-a-ultrasuoni-con-tecnologia-sonorex\/dispositivo-di-sollevamento-sonorex-technik-mb\/sonorex-technik-mb-75-3-dispositivo-di-sollevamento-con-oscillazione\/","og_locale":"it_IT","og_type":"article","og_title":"SONOREX TECHNIK MB 75.3 Hubeinrichtung mit Oszillation | BANDELIN electronic GmbH &amp; Co. KG","og_description":"Informationen Sie sich \u00fcber SONOREX TECHNIK MB 75.3 Hubeinrichtung mit Oszillation | Hochwertige Ultraschallb\u00e4der f\u00fcr Medizin und Industrie von Bandelin Electronic seit 1955.","og_url":"https:\/\/bandelin.com\/it\/negozio\/bagni-a-ultrasuoni-con-tecnologia-sonorex\/dispositivo-di-sollevamento-sonorex-technik-mb\/sonorex-technik-mb-75-3-dispositivo-di-sollevamento-con-oscillazione\/","og_site_name":"BANDELIN electronic GmbH &amp; Co. KG","article_publisher":"https:\/\/de-de.facebook.com\/bandelin.electronic\/","article_modified_time":"2026-05-05T23:56:25+00:00","og_image":[{"width":2048,"height":2048,"url":"https:\/\/bandelin.com\/wp-content\/uploads\/Produktfoto_MB_75.2-scaled.jpg","type":"image\/jpeg"}],"twitter_card":"summary_large_image","twitter_misc":{"Tempo di lettura stimato":"1 minuto"},"schema":{"@context":"https:\/\/schema.org","@graph":[{"@type":"WebPage","@id":"https:\/\/bandelin.com\/shop\/sonorex-technik-ultraschallbaeder\/sonorex-technik-mb-hubeinrichtung\/sonorex-technik-mb-75-3-hubeinrichtung-mit-oszillation\/","url":"https:\/\/bandelin.com\/shop\/sonorex-technik-ultraschallbaeder\/sonorex-technik-mb-hubeinrichtung\/sonorex-technik-mb-75-3-hubeinrichtung-mit-oszillation\/","name":"SONOREX TECHNIK MB 75.3 Dispositivo di sollevamento con oscillazione | BANDELIN electronic GmbH &amp; Co. KG","isPartOf":{"@id":"https:\/\/bandelin.com\/#website"},"primaryImageOfPage":{"@id":"https:\/\/bandelin.com\/shop\/sonorex-technik-ultraschallbaeder\/sonorex-technik-mb-hubeinrichtung\/sonorex-technik-mb-75-3-hubeinrichtung-mit-oszillation\/#primaryimage"},"image":{"@id":"https:\/\/bandelin.com\/shop\/sonorex-technik-ultraschallbaeder\/sonorex-technik-mb-hubeinrichtung\/sonorex-technik-mb-75-3-hubeinrichtung-mit-oszillation\/#primaryimage"},"thumbnailUrl":"https:\/\/bandelin.com\/wp-content\/uploads\/Produktfoto_MB_75.2-scaled.jpg","datePublished":"2026-03-31T19:59:40+00:00","dateModified":"2026-05-05T23:56:25+00:00","description":"Scopri di pi\u00f9 sul reciprocatore SONOREX TECHNIK MB 75.3 con oscillazione | Bagni a ultrasuoni di alta qualit\u00e0 per la medicina e l'industria di Bandelin Electronic dal 1955.","breadcrumb":{"@id":"https:\/\/bandelin.com\/shop\/sonorex-technik-ultraschallbaeder\/sonorex-technik-mb-hubeinrichtung\/sonorex-technik-mb-75-3-hubeinrichtung-mit-oszillation\/#breadcrumb"},"inLanguage":"it-IT","potentialAction":[{"@type":"ReadAction","target":["https:\/\/bandelin.com\/shop\/sonorex-technik-ultraschallbaeder\/sonorex-technik-mb-hubeinrichtung\/sonorex-technik-mb-75-3-hubeinrichtung-mit-oszillation\/"]}]},{"@type":"ImageObject","inLanguage":"it-IT","@id":"https:\/\/bandelin.com\/shop\/sonorex-technik-ultraschallbaeder\/sonorex-technik-mb-hubeinrichtung\/sonorex-technik-mb-75-3-hubeinrichtung-mit-oszillation\/#primaryimage","url":"https:\/\/bandelin.com\/wp-content\/uploads\/Produktfoto_MB_75.2-scaled.jpg","contentUrl":"https:\/\/bandelin.com\/wp-content\/uploads\/Produktfoto_MB_75.2-scaled.jpg","width":2048,"height":2048,"caption":"SONOREX TECHNIK MB 75.3 Hubeinrichtung mit Oszillation Bild"},{"@type":"BreadcrumbList","@id":"https:\/\/bandelin.com\/shop\/sonorex-technik-ultraschallbaeder\/sonorex-technik-mb-hubeinrichtung\/sonorex-technik-mb-75-3-hubeinrichtung-mit-oszillation\/#breadcrumb","itemListElement":[{"@type":"ListItem","position":1,"name":"Startseite","item":"https:\/\/bandelin.com\/"},{"@type":"ListItem","position":2,"name":"Shop","item":"https:\/\/bandelin.com\/shop\/"},{"@type":"ListItem","position":3,"name":"SONOREX TECHNIK MB 75.3 Hubeinrichtung mit Oszillation"}]},{"@type":"WebSite","@id":"https:\/\/bandelin.com\/#website","url":"https:\/\/bandelin.com\/","name":"BANDELIN electronic GmbH &amp; Co. KG","description":"Ultrasuoni dal 1955","publisher":{"@id":"https:\/\/bandelin.com\/#organization"},"potentialAction":[{"@type":"SearchAction","target":{"@type":"EntryPoint","urlTemplate":"https:\/\/bandelin.com\/?s={search_term_string}"},"query-input":{"@type":"PropertyValueSpecification","valueRequired":true,"valueName":"search_term_string"}}],"inLanguage":"it-IT"},{"@type":"Organization","@id":"https:\/\/bandelin.com\/#organization","name":"BANDELIN electronic GmbH &amp; Co. KG","url":"https:\/\/bandelin.com\/","logo":{"@type":"ImageObject","inLanguage":"it-IT","@id":"https:\/\/bandelin.com\/#\/schema\/logo\/image\/","url":"","contentUrl":"","caption":"BANDELIN electronic GmbH & Co. KG"},"image":{"@id":"https:\/\/bandelin.com\/#\/schema\/logo\/image\/"},"sameAs":["https:\/\/de-de.facebook.com\/bandelin.electronic\/","https:\/\/www.instagram.com\/bandelin_ultrasonic\/?hl=de","https:\/\/www.linkedin.com\/company\/bandelin-electronic-gmbh-amp-co-kg","https:\/\/www.youtube.com\/channel\/UC5wTNrNxkwMmX-WzysQqw3g"]}]}},"_links":{"self":[{"href":"https:\/\/bandelin.com\/it\/wp-json\/wp\/v2\/product\/665519","targetHints":{"allow":["GET"]}}],"collection":[{"href":"https:\/\/bandelin.com\/it\/wp-json\/wp\/v2\/product"}],"about":[{"href":"https:\/\/bandelin.com\/it\/wp-json\/wp\/v2\/types\/product"}],"version-history":[{"count":1,"href":"https:\/\/bandelin.com\/it\/wp-json\/wp\/v2\/product\/665519\/revisions"}],"predecessor-version":[{"id":665520,"href":"https:\/\/bandelin.com\/it\/wp-json\/wp\/v2\/product\/665519\/revisions\/665520"}],"wp:featuredmedia":[{"embeddable":true,"href":"https:\/\/bandelin.com\/it\/wp-json\/wp\/v2\/media\/649309"}],"wp:attachment":[{"href":"https:\/\/bandelin.com\/it\/wp-json\/wp\/v2\/media?parent=665519"}],"wp:term":[{"taxonomy":"product_brand","embeddable":true,"href":"https:\/\/bandelin.com\/it\/wp-json\/wp\/v2\/product_brand?post=665519"},{"taxonomy":"product_cat","embeddable":true,"href":"https:\/\/bandelin.com\/it\/wp-json\/wp\/v2\/product_cat?post=665519"},{"taxonomy":"product_tag","embeddable":true,"href":"https:\/\/bandelin.com\/it\/wp-json\/wp\/v2\/product_tag?post=665519"}],"curies":[{"name":"wp","href":"https:\/\/api.w.org\/{rel}","templated":true}]}}