{"id":665590,"date":"2026-03-31T22:01:33","date_gmt":"2026-03-31T20:01:33","guid":{"rendered":"https:\/\/bandelin.com\/shop\/unkategorisiert\/sonorex-technik-rm-40-2-h-st-spuelbad-mit-ueberlauftasche-schnittstelle-und-heizung\/"},"modified":"2026-04-24T01:56:38","modified_gmt":"2026-04-23T23:56:38","slug":"sonorex-technik-rm-40-2-h-st-bagno-di-risciacquo-con-interfaccia-a-sacco-con-troppopieno-e-riscaldatore","status":"publish","type":"product","link":"https:\/\/bandelin.com\/it\/shop\/sonorex-technik-ultraschallbaeder\/sonorex-technik-rm-st-ultraschallbaeder\/sonorex-technik-rm-40-2-h-st-spuelbad-mit-ueberlauftasche-schnittstelle-und-heizung\/","title":{"rendered":"SONOREX TECHNIK RM 40.2 H-ST bagno di risciacquo con tasca di sfioro, interfaccia e riscaldatore"},"content":{"rendered":"<p>Lavello per l'industria, l'assistenza e la manutenzione. La vasca oscillante saldata in acciaio inox 1.4404, 2 mm garantisce la massima durata anche in caso di uso intensivo. Il design modulare consente un'ampia gamma di configurazioni, da un singolo serbatoio di pulizia a una linea di pulizia completa. La tasca di troppopieno integrata serve a collegare un separatore d'olio per separare i film d'olio puliti dalla soluzione detergente.<\/p>\n<p> La tasca di troppopieno integrata \u00e8 utilizzata per collegare un separatore d'olio per separare i film d'olio puliti dalla soluzione detergente.<\/p>\n<p> I bagni a ultrasuoni\/di risciacquo con la denominazione aggiuntiva ...-ST sono dotati di un'interfaccia (contatti a potenziale zero) per il controllo e il monitoraggio da parte di un'unit\u00e0 di controllo esterna.<br \/>\n Esempi di applicazione:<br \/>\n - Attivazione tramite rel\u00e8 di un PLC o di un controllore di robot<br \/>\n - Attivazione tramite tensione di controllo da parte di un PLC o di un controllore di robot<br \/>\n - Attivazione tramite interruttore manuale e indicazione tramite luce di segnalazione<\/p>\n<p> I cestini, i coperchi e i concentrati di detergenti e disinfettanti adatti sono disponibili come accessori per una pulizia a ultrasuoni ottimizzata.<\/p>","protected":false},"excerpt":{"rendered":"<p>Dimensioni interne: 475 x 300 x 300\/315 mm<\/p>","protected":false},"featured_media":649373,"template":"","meta":{"_acf_changed":false},"product_brand":[],"product_cat":[12497,14255],"product_tag":[14134,12501,14122,14632],"class_list":{"0":"post-665590","1":"product","2":"type-product","3":"status-publish","4":"has-post-thumbnail","6":"product_cat-sonorex-technik-ultraschallbaeder","7":"product_cat-sonorex-technik-rm-st-ultraschallbaeder","8":"product_tag-ultraschallbad","9":"product_tag-rm","10":"product_tag-rm-st","11":"product_tag-sonorex-technik-ultraschallbaeder-sonorex-technik-rm-st-ultraschallbaeder","12":"pa_ablauf-3-wege-kugelhahn-g--inkl-schlauch-und-schlauchtuellen-messing-galvanisch-beschichtet-an-der-linken-seite","13":"pa_arbeitsinhalt-l-14455","14":"pa_aussenmass-breite-mm-12384","15":"pa_aussenmass-hoehe-mm-12520","16":"pa_aussenmass-laenge-mm-12383","17":"pa_bedienung-drehgriff","18":"pa_bestellnummer-13931","19":"pa_betriebsspannung-v-230-v--10-50-60-hz","20":"pa_ce-kennzeichnung-niederspannungsrichtlinie-2014-35-eu-emv-richtlinie-2014-30-eu-rohs-richtlinie-2011-65-eu-2","21":"pa_einstellb-temp-ber-c-30-80","22":"pa_form-der-wannenecken-rechtwinklig","23":"pa_fuellstandsmarkierung-12467","24":"pa_fuellstandssensor-leitwertsensor-kein-ve-wasser-leitfaehigkeit-der-fluessigkeit-20-s-cm","25":"pa_gehaeusematerial-edelstahl-1-4301","26":"pa_griffe-an-den-seiten-2","27":"pa_heizleistung-w-12519","28":"pa_inhalt-l-14433","29":"pa_innenmass-b-mm-300-2","30":"pa_innenmass-l-mm-12516","31":"pa_innenmass-t-mm-300-315","32":"pa_netzkabel-2-m-fest-am-geraet-mit-schutzkontaktstecker-cee-7-7-typ-ef","33":"pa_schutzgrad-gehaeuse-ip-32-2","34":"pa_ueberlauf-fest-eingeschweisst-mit-verschlusskappe-g-1-an-der-rechten-seite","35":"pa_ueberlauftasche-an-der-rechten-seite","36":"pa_verpackung-breite-mm-12376","37":"pa_verpackung-hoehe-mm-12377","38":"pa_verpackung-laenge-mm-12375","39":"pa_vol-bis-ueberlauft-l-14724","40":"pa_wannenboden-geneigt","41":"pa_wannenmaterial-edelstahl-1-4404","42":"pa_wannenstaerke-mm-14422","44":"first","45":"instock","46":"taxable","47":"shipping-taxable","48":"purchasable","49":"product-type-simple"},"acf":[],"yoast_head":"<!-- This site is optimized with the Yoast SEO plugin v27.4 - https:\/\/yoast.com\/product\/yoast-seo-wordpress\/ -->\n<title>SONOREX TECHNIK RM 40.2 H-ST Sp\u00fclbad mit \u00dcberlauftasche, Schnittstelle und Heizung | BANDELIN electronic GmbH &amp; Co. KG<\/title>\n<meta name=\"description\" content=\"Informationen Sie sich \u00fcber SONOREX TECHNIK RM 40.2 H-ST Sp\u00fclbad mit \u00dcberlauftasche, Schnittstelle und Heizung | Hochwertige Ultraschallb\u00e4der f\u00fcr Medizin und Industrie von Bandelin Electronic seit 1955.\" \/>\n<meta name=\"robots\" content=\"index, follow, max-snippet:-1, max-image-preview:large, max-video-preview:-1\" \/>\n<link rel=\"canonical\" href=\"https:\/\/bandelin.com\/it\/negozio\/bagni-a-ultrasuoni-con-tecnologia-sonorex\/sonorex-technik-rm-st-bagni-ad-ultrasuoni\/sonorex-technik-rm-40-2-h-st-bagno-di-risciacquo-con-interfaccia-a-sacco-con-troppopieno-e-riscaldatore\/\" \/>\n<meta property=\"og:locale\" content=\"it_IT\" \/>\n<meta property=\"og:type\" content=\"article\" \/>\n<meta property=\"og:title\" content=\"SONOREX TECHNIK RM 40.2 H-ST Sp\u00fclbad mit \u00dcberlauftasche, Schnittstelle und Heizung | BANDELIN electronic GmbH &amp; Co. KG\" \/>\n<meta property=\"og:description\" content=\"Informationen Sie sich \u00fcber SONOREX TECHNIK RM 40.2 H-ST Sp\u00fclbad mit \u00dcberlauftasche, Schnittstelle und Heizung | Hochwertige Ultraschallb\u00e4der f\u00fcr Medizin und Industrie von Bandelin Electronic seit 1955.\" \/>\n<meta property=\"og:url\" content=\"https:\/\/bandelin.com\/it\/negozio\/bagni-a-ultrasuoni-con-tecnologia-sonorex\/sonorex-technik-rm-st-bagni-ad-ultrasuoni\/sonorex-technik-rm-40-2-h-st-bagno-di-risciacquo-con-interfaccia-a-sacco-con-troppopieno-e-riscaldatore\/\" \/>\n<meta property=\"og:site_name\" content=\"BANDELIN electronic GmbH &amp; Co. KG\" \/>\n<meta property=\"article:publisher\" content=\"https:\/\/de-de.facebook.com\/bandelin.electronic\/\" \/>\n<meta property=\"article:modified_time\" content=\"2026-04-23T23:56:38+00:00\" \/>\n<meta property=\"og:image\" content=\"https:\/\/bandelin.com\/wp-content\/uploads\/Produktfoto_RM_40-2_H-ST-scaled.jpg\" \/>\n\t<meta property=\"og:image:width\" content=\"2048\" \/>\n\t<meta property=\"og:image:height\" content=\"2048\" \/>\n\t<meta property=\"og:image:type\" content=\"image\/jpeg\" \/>\n<meta name=\"twitter:card\" content=\"summary_large_image\" \/>\n<meta name=\"twitter:label1\" content=\"Tempo di lettura stimato\" \/>\n\t<meta name=\"twitter:data1\" content=\"1 minuto\" \/>\n<script type=\"application\/ld+json\" class=\"yoast-schema-graph\">{\"@context\":\"https:\\\/\\\/schema.org\",\"@graph\":[{\"@type\":\"WebPage\",\"@id\":\"https:\\\/\\\/bandelin.com\\\/shop\\\/sonorex-technik-ultraschallbaeder\\\/sonorex-technik-rm-st-ultraschallbaeder\\\/sonorex-technik-rm-40-2-h-st-spuelbad-mit-ueberlauftasche-schnittstelle-und-heizung\\\/\",\"url\":\"https:\\\/\\\/bandelin.com\\\/shop\\\/sonorex-technik-ultraschallbaeder\\\/sonorex-technik-rm-st-ultraschallbaeder\\\/sonorex-technik-rm-40-2-h-st-spuelbad-mit-ueberlauftasche-schnittstelle-und-heizung\\\/\",\"name\":\"SONOREX TECHNIK RM 40.2 H-ST Sp\u00fclbad mit \u00dcberlauftasche, Schnittstelle und Heizung | BANDELIN electronic GmbH &amp; Co. KG\",\"isPartOf\":{\"@id\":\"https:\\\/\\\/bandelin.com\\\/#website\"},\"primaryImageOfPage\":{\"@id\":\"https:\\\/\\\/bandelin.com\\\/shop\\\/sonorex-technik-ultraschallbaeder\\\/sonorex-technik-rm-st-ultraschallbaeder\\\/sonorex-technik-rm-40-2-h-st-spuelbad-mit-ueberlauftasche-schnittstelle-und-heizung\\\/#primaryimage\"},\"image\":{\"@id\":\"https:\\\/\\\/bandelin.com\\\/shop\\\/sonorex-technik-ultraschallbaeder\\\/sonorex-technik-rm-st-ultraschallbaeder\\\/sonorex-technik-rm-40-2-h-st-spuelbad-mit-ueberlauftasche-schnittstelle-und-heizung\\\/#primaryimage\"},\"thumbnailUrl\":\"https:\\\/\\\/bandelin.com\\\/wp-content\\\/uploads\\\/Produktfoto_RM_40-2_H-ST-scaled.jpg\",\"datePublished\":\"2026-03-31T20:01:33+00:00\",\"dateModified\":\"2026-04-23T23:56:38+00:00\",\"description\":\"Informationen Sie sich \u00fcber SONOREX TECHNIK RM 40.2 H-ST Sp\u00fclbad mit \u00dcberlauftasche, Schnittstelle und Heizung | Hochwertige Ultraschallb\u00e4der f\u00fcr Medizin und Industrie von Bandelin Electronic seit 1955.\",\"breadcrumb\":{\"@id\":\"https:\\\/\\\/bandelin.com\\\/shop\\\/sonorex-technik-ultraschallbaeder\\\/sonorex-technik-rm-st-ultraschallbaeder\\\/sonorex-technik-rm-40-2-h-st-spuelbad-mit-ueberlauftasche-schnittstelle-und-heizung\\\/#breadcrumb\"},\"inLanguage\":\"it-IT\",\"potentialAction\":[{\"@type\":\"ReadAction\",\"target\":[\"https:\\\/\\\/bandelin.com\\\/shop\\\/sonorex-technik-ultraschallbaeder\\\/sonorex-technik-rm-st-ultraschallbaeder\\\/sonorex-technik-rm-40-2-h-st-spuelbad-mit-ueberlauftasche-schnittstelle-und-heizung\\\/\"]}]},{\"@type\":\"ImageObject\",\"inLanguage\":\"it-IT\",\"@id\":\"https:\\\/\\\/bandelin.com\\\/shop\\\/sonorex-technik-ultraschallbaeder\\\/sonorex-technik-rm-st-ultraschallbaeder\\\/sonorex-technik-rm-40-2-h-st-spuelbad-mit-ueberlauftasche-schnittstelle-und-heizung\\\/#primaryimage\",\"url\":\"https:\\\/\\\/bandelin.com\\\/wp-content\\\/uploads\\\/Produktfoto_RM_40-2_H-ST-scaled.jpg\",\"contentUrl\":\"https:\\\/\\\/bandelin.com\\\/wp-content\\\/uploads\\\/Produktfoto_RM_40-2_H-ST-scaled.jpg\",\"width\":2048,\"height\":2048,\"caption\":\"SONOREX TECHNIK RM 40.2 H-ST Sp\u00fclbad mit \u00dcberlauftasche\"},{\"@type\":\"BreadcrumbList\",\"@id\":\"https:\\\/\\\/bandelin.com\\\/shop\\\/sonorex-technik-ultraschallbaeder\\\/sonorex-technik-rm-st-ultraschallbaeder\\\/sonorex-technik-rm-40-2-h-st-spuelbad-mit-ueberlauftasche-schnittstelle-und-heizung\\\/#breadcrumb\",\"itemListElement\":[{\"@type\":\"ListItem\",\"position\":1,\"name\":\"Startseite\",\"item\":\"https:\\\/\\\/bandelin.com\\\/\"},{\"@type\":\"ListItem\",\"position\":2,\"name\":\"Shop\",\"item\":\"https:\\\/\\\/bandelin.com\\\/shop\\\/\"},{\"@type\":\"ListItem\",\"position\":3,\"name\":\"SONOREX TECHNIK RM 40.2 H-ST Sp\u00fclbad mit \u00dcberlauftasche, Schnittstelle und Heizung\"}]},{\"@type\":\"WebSite\",\"@id\":\"https:\\\/\\\/bandelin.com\\\/#website\",\"url\":\"https:\\\/\\\/bandelin.com\\\/\",\"name\":\"BANDELIN electronic GmbH & Co. KG\",\"description\":\"Ultraschall seit 1955\",\"publisher\":{\"@id\":\"https:\\\/\\\/bandelin.com\\\/#organization\"},\"potentialAction\":[{\"@type\":\"SearchAction\",\"target\":{\"@type\":\"EntryPoint\",\"urlTemplate\":\"https:\\\/\\\/bandelin.com\\\/?s={search_term_string}\"},\"query-input\":{\"@type\":\"PropertyValueSpecification\",\"valueRequired\":true,\"valueName\":\"search_term_string\"}}],\"inLanguage\":\"it-IT\"},{\"@type\":\"Organization\",\"@id\":\"https:\\\/\\\/bandelin.com\\\/#organization\",\"name\":\"BANDELIN electronic GmbH & Co. KG\",\"url\":\"https:\\\/\\\/bandelin.com\\\/\",\"logo\":{\"@type\":\"ImageObject\",\"inLanguage\":\"it-IT\",\"@id\":\"https:\\\/\\\/bandelin.com\\\/#\\\/schema\\\/logo\\\/image\\\/\",\"url\":\"\",\"contentUrl\":\"\",\"caption\":\"BANDELIN electronic GmbH & Co. KG\"},\"image\":{\"@id\":\"https:\\\/\\\/bandelin.com\\\/#\\\/schema\\\/logo\\\/image\\\/\"},\"sameAs\":[\"https:\\\/\\\/de-de.facebook.com\\\/bandelin.electronic\\\/\",\"https:\\\/\\\/www.instagram.com\\\/bandelin_ultrasonic\\\/?hl=de\",\"https:\\\/\\\/www.linkedin.com\\\/company\\\/bandelin-electronic-gmbh-amp-co-kg\",\"https:\\\/\\\/www.youtube.com\\\/channel\\\/UC5wTNrNxkwMmX-WzysQqw3g\"]}]}<\/script>\n<!-- \/ Yoast SEO plugin. -->","yoast_head_json":{"title":"SONOREX TECHNIK RM 40.2 H-ST bagno di risciacquo con tasca di sfioro, interfaccia e riscaldamento | BANDELIN electronic GmbH &amp; Co. KG","description":"Scopri di pi\u00f9 sul bagno di risciacquo SONOREX TECHNIK RM 40.2 H-ST con tasca di sfioro, interfaccia e riscaldamento | Bagni a ultrasuoni di alta qualit\u00e0 per la medicina e l'industria di Bandelin Electronic dal 1955.","robots":{"index":"index","follow":"follow","max-snippet":"max-snippet:-1","max-image-preview":"max-image-preview:large","max-video-preview":"max-video-preview:-1"},"canonical":"https:\/\/bandelin.com\/it\/negozio\/bagni-a-ultrasuoni-con-tecnologia-sonorex\/sonorex-technik-rm-st-bagni-ad-ultrasuoni\/sonorex-technik-rm-40-2-h-st-bagno-di-risciacquo-con-interfaccia-a-sacco-con-troppopieno-e-riscaldatore\/","og_locale":"it_IT","og_type":"article","og_title":"SONOREX TECHNIK RM 40.2 H-ST Sp\u00fclbad mit \u00dcberlauftasche, Schnittstelle und Heizung | BANDELIN electronic GmbH &amp; Co. KG","og_description":"Informationen Sie sich \u00fcber SONOREX TECHNIK RM 40.2 H-ST Sp\u00fclbad mit \u00dcberlauftasche, Schnittstelle und Heizung | Hochwertige Ultraschallb\u00e4der f\u00fcr Medizin und Industrie von Bandelin Electronic seit 1955.","og_url":"https:\/\/bandelin.com\/it\/negozio\/bagni-a-ultrasuoni-con-tecnologia-sonorex\/sonorex-technik-rm-st-bagni-ad-ultrasuoni\/sonorex-technik-rm-40-2-h-st-bagno-di-risciacquo-con-interfaccia-a-sacco-con-troppopieno-e-riscaldatore\/","og_site_name":"BANDELIN electronic GmbH &amp; Co. KG","article_publisher":"https:\/\/de-de.facebook.com\/bandelin.electronic\/","article_modified_time":"2026-04-23T23:56:38+00:00","og_image":[{"width":2048,"height":2048,"url":"https:\/\/bandelin.com\/wp-content\/uploads\/Produktfoto_RM_40-2_H-ST-scaled.jpg","type":"image\/jpeg"}],"twitter_card":"summary_large_image","twitter_misc":{"Tempo di lettura stimato":"1 minuto"},"schema":{"@context":"https:\/\/schema.org","@graph":[{"@type":"WebPage","@id":"https:\/\/bandelin.com\/shop\/sonorex-technik-ultraschallbaeder\/sonorex-technik-rm-st-ultraschallbaeder\/sonorex-technik-rm-40-2-h-st-spuelbad-mit-ueberlauftasche-schnittstelle-und-heizung\/","url":"https:\/\/bandelin.com\/shop\/sonorex-technik-ultraschallbaeder\/sonorex-technik-rm-st-ultraschallbaeder\/sonorex-technik-rm-40-2-h-st-spuelbad-mit-ueberlauftasche-schnittstelle-und-heizung\/","name":"SONOREX TECHNIK RM 40.2 H-ST bagno di risciacquo con tasca di sfioro, interfaccia e riscaldamento | BANDELIN electronic GmbH &amp; Co. KG","isPartOf":{"@id":"https:\/\/bandelin.com\/#website"},"primaryImageOfPage":{"@id":"https:\/\/bandelin.com\/shop\/sonorex-technik-ultraschallbaeder\/sonorex-technik-rm-st-ultraschallbaeder\/sonorex-technik-rm-40-2-h-st-spuelbad-mit-ueberlauftasche-schnittstelle-und-heizung\/#primaryimage"},"image":{"@id":"https:\/\/bandelin.com\/shop\/sonorex-technik-ultraschallbaeder\/sonorex-technik-rm-st-ultraschallbaeder\/sonorex-technik-rm-40-2-h-st-spuelbad-mit-ueberlauftasche-schnittstelle-und-heizung\/#primaryimage"},"thumbnailUrl":"https:\/\/bandelin.com\/wp-content\/uploads\/Produktfoto_RM_40-2_H-ST-scaled.jpg","datePublished":"2026-03-31T20:01:33+00:00","dateModified":"2026-04-23T23:56:38+00:00","description":"Scopri di pi\u00f9 sul bagno di risciacquo SONOREX TECHNIK RM 40.2 H-ST con tasca di sfioro, interfaccia e riscaldamento | Bagni a ultrasuoni di alta qualit\u00e0 per la medicina e l'industria di Bandelin Electronic dal 1955.","breadcrumb":{"@id":"https:\/\/bandelin.com\/shop\/sonorex-technik-ultraschallbaeder\/sonorex-technik-rm-st-ultraschallbaeder\/sonorex-technik-rm-40-2-h-st-spuelbad-mit-ueberlauftasche-schnittstelle-und-heizung\/#breadcrumb"},"inLanguage":"it-IT","potentialAction":[{"@type":"ReadAction","target":["https:\/\/bandelin.com\/shop\/sonorex-technik-ultraschallbaeder\/sonorex-technik-rm-st-ultraschallbaeder\/sonorex-technik-rm-40-2-h-st-spuelbad-mit-ueberlauftasche-schnittstelle-und-heizung\/"]}]},{"@type":"ImageObject","inLanguage":"it-IT","@id":"https:\/\/bandelin.com\/shop\/sonorex-technik-ultraschallbaeder\/sonorex-technik-rm-st-ultraschallbaeder\/sonorex-technik-rm-40-2-h-st-spuelbad-mit-ueberlauftasche-schnittstelle-und-heizung\/#primaryimage","url":"https:\/\/bandelin.com\/wp-content\/uploads\/Produktfoto_RM_40-2_H-ST-scaled.jpg","contentUrl":"https:\/\/bandelin.com\/wp-content\/uploads\/Produktfoto_RM_40-2_H-ST-scaled.jpg","width":2048,"height":2048,"caption":"SONOREX TECHNIK RM 40.2 H-ST Sp\u00fclbad mit \u00dcberlauftasche"},{"@type":"BreadcrumbList","@id":"https:\/\/bandelin.com\/shop\/sonorex-technik-ultraschallbaeder\/sonorex-technik-rm-st-ultraschallbaeder\/sonorex-technik-rm-40-2-h-st-spuelbad-mit-ueberlauftasche-schnittstelle-und-heizung\/#breadcrumb","itemListElement":[{"@type":"ListItem","position":1,"name":"Startseite","item":"https:\/\/bandelin.com\/"},{"@type":"ListItem","position":2,"name":"Shop","item":"https:\/\/bandelin.com\/shop\/"},{"@type":"ListItem","position":3,"name":"SONOREX TECHNIK RM 40.2 H-ST Sp\u00fclbad mit \u00dcberlauftasche, Schnittstelle und Heizung"}]},{"@type":"WebSite","@id":"https:\/\/bandelin.com\/#website","url":"https:\/\/bandelin.com\/","name":"BANDELIN electronic GmbH &amp; Co. KG","description":"Ultrasuoni dal 1955","publisher":{"@id":"https:\/\/bandelin.com\/#organization"},"potentialAction":[{"@type":"SearchAction","target":{"@type":"EntryPoint","urlTemplate":"https:\/\/bandelin.com\/?s={search_term_string}"},"query-input":{"@type":"PropertyValueSpecification","valueRequired":true,"valueName":"search_term_string"}}],"inLanguage":"it-IT"},{"@type":"Organization","@id":"https:\/\/bandelin.com\/#organization","name":"BANDELIN electronic GmbH &amp; Co. KG","url":"https:\/\/bandelin.com\/","logo":{"@type":"ImageObject","inLanguage":"it-IT","@id":"https:\/\/bandelin.com\/#\/schema\/logo\/image\/","url":"","contentUrl":"","caption":"BANDELIN electronic GmbH & Co. KG"},"image":{"@id":"https:\/\/bandelin.com\/#\/schema\/logo\/image\/"},"sameAs":["https:\/\/de-de.facebook.com\/bandelin.electronic\/","https:\/\/www.instagram.com\/bandelin_ultrasonic\/?hl=de","https:\/\/www.linkedin.com\/company\/bandelin-electronic-gmbh-amp-co-kg","https:\/\/www.youtube.com\/channel\/UC5wTNrNxkwMmX-WzysQqw3g"]}]}},"_links":{"self":[{"href":"https:\/\/bandelin.com\/it\/wp-json\/wp\/v2\/product\/665590","targetHints":{"allow":["GET"]}}],"collection":[{"href":"https:\/\/bandelin.com\/it\/wp-json\/wp\/v2\/product"}],"about":[{"href":"https:\/\/bandelin.com\/it\/wp-json\/wp\/v2\/types\/product"}],"version-history":[{"count":2,"href":"https:\/\/bandelin.com\/it\/wp-json\/wp\/v2\/product\/665590\/revisions"}],"predecessor-version":[{"id":665592,"href":"https:\/\/bandelin.com\/it\/wp-json\/wp\/v2\/product\/665590\/revisions\/665592"}],"wp:featuredmedia":[{"embeddable":true,"href":"https:\/\/bandelin.com\/it\/wp-json\/wp\/v2\/media\/649373"}],"wp:attachment":[{"href":"https:\/\/bandelin.com\/it\/wp-json\/wp\/v2\/media?parent=665590"}],"wp:term":[{"taxonomy":"product_brand","embeddable":true,"href":"https:\/\/bandelin.com\/it\/wp-json\/wp\/v2\/product_brand?post=665590"},{"taxonomy":"product_cat","embeddable":true,"href":"https:\/\/bandelin.com\/it\/wp-json\/wp\/v2\/product_cat?post=665590"},{"taxonomy":"product_tag","embeddable":true,"href":"https:\/\/bandelin.com\/it\/wp-json\/wp\/v2\/product_tag?post=665590"}],"curies":[{"name":"wp","href":"https:\/\/api.w.org\/{rel}","templated":true}]}}