{"id":665780,"date":"2026-03-31T22:05:09","date_gmt":"2026-03-31T20:05:09","guid":{"rendered":"https:\/\/bandelin.com\/shop\/unkategorisiert\/sonorex-technik-rm-212-h-spuelbad-mit-ueberlauftasche-und-heizung\/"},"modified":"2026-04-24T20:27:07","modified_gmt":"2026-04-24T18:27:07","slug":"sonorex-technik-rm-212-h-bagno-di-risciacquo-con-sacca-di-trabocco-e-riscaldatore","status":"publish","type":"product","link":"https:\/\/bandelin.com\/it\/shop\/sonorex-technik-ultraschallbaeder\/sonorex-technik-rm-ultraschallbaeder\/sonorex-technik-rm-212-h-spuelbad-mit-ueberlauftasche-und-heizung\/","title":{"rendered":"SONOREX TECHNIK RM 212 H bagno di risciacquo con tasca di sfioro e riscaldatore"},"content":{"rendered":"<p>Lavello con riscaldamento per l'industria, il servizio e la manutenzione. La vasca oscillante saldata in acciaio inox 1.4404, 2 mm garantisce la massima durata anche in caso di uso intensivo.<br \/>\n  Il design modulare consente un'ampia variet\u00e0 di configurazioni, dalle singole vasche di pulizia alle linee di pulizia complete.<br \/>\n  La tasca di troppopieno integrata \u00e8 utilizzata per collegare un separatore d'olio per separare i film d'olio puliti dalla soluzione detergente.<\/p>\n<p>  - Tubo di spruzzatura per rimuovere l'olio galleggiante dalla superficie del liquido nella tasca di troppopieno.<br \/>\n  - Interruttore di livello come protezione contro il funzionamento a secco per il riscaldatore e il sensore a ultrasuoni<br \/>\n  - Piedini regolabili in altezza<\/p>\n<p>  I cestini, i coperchi e i concentrati di detergenti e disinfettanti adatti sono disponibili come accessori per una pulizia a ultrasuoni ottimizzata.<\/p>","protected":false},"excerpt":{"rendered":"<p>Dimensioni interne: 750 x 650 x 500\/520 mm<\/p>","protected":false},"featured_media":665782,"template":"","meta":{"_acf_changed":false},"product_brand":[],"product_cat":[14254,12497],"product_tag":[12881,14134,14623,12501],"class_list":{"0":"post-665780","1":"product","2":"type-product","3":"status-publish","4":"has-post-thumbnail","6":"product_cat-sonorex-technik-rm-ultraschallbaeder","7":"product_cat-sonorex-technik-ultraschallbaeder","8":"product_tag-rundecken","9":"product_tag-ultraschallbad","10":"product_tag-sonorex-technik-ultraschallbaeder-sonorex-technik-rm-ultraschallbaeder","11":"product_tag-rm","12":"pa_ablauf-3-wege-kugelhahn-g-1-inkl-schlauch-und-schlauchtuellen-messing-galvanisch-beschichtet-an-der-linken-seite","13":"pa_arbeitsinhalt-l-14474","14":"pa_aussenmass-breite-mm-12955","15":"pa_aussenmass-hoehe-mm-12558","16":"pa_aussenmass-laenge-mm-12590","17":"pa_bedienung-drehgriff","18":"pa_bestellnummer-12959","19":"pa_betriebsspannung-v-400-v3npe-50-60-hz","20":"pa_ce-kennzeichnung-niederspannungsrichtlinie-2014-35-eu-emv-richtlinie-2014-30-eu-rohs-richtlinie-2011-65-eu-2","21":"pa_einstellb-temp-ber-c-30-80","22":"pa_form-der-wannenecken-abgerundet","23":"pa_fuellstandsmarkierung-12954","24":"pa_fuellstandssensor-schwimmerschalter","25":"pa_gehaeusematerial-edelstahl-1-4301","26":"pa_griffe-an-den-seiten-2","27":"pa_heizleistung-w-12573","28":"pa_inhalt-l-14473","29":"pa_innenmass-b-mm-12584","30":"pa_innenmass-l-mm-12583","31":"pa_innenmass-t-mm-500-520","32":"pa_netzkabel-3-m-fest-am-geraet-mit-drehstromstecker-cekon-16-a","33":"pa_schutzgrad-gehaeuse-ip-32-2","34":"pa_spruehrohr-an-der-linken-seite","35":"pa_ueberlauf-kugelhahn-g-1-inkl-schlauchtuelle-messing-galvanisch-beschichtet-an-der-rechten-seite","36":"pa_ueberlauftasche-an-der-rechten-seite","37":"pa_verpackung-breite-mm-1000-2","38":"pa_verpackung-hoehe-mm-12216","39":"pa_verpackung-laenge-mm-12344","40":"pa_vol-bis-ueberlauft-l-14741","41":"pa_wannenboden-geneigt","42":"pa_wannenmaterial-edelstahl-1-4404","43":"pa_wannenstaerke-mm-14422","44":"pa_zulauf-3-wege-kugelhahn-g-1-inkl-schlauch-und-schlauchtuellen-an-der-linken-seite-messing-galvanisch-beschichtet","46":"first","47":"onbackorder","48":"taxable","49":"shipping-taxable","50":"purchasable","51":"product-type-simple"},"acf":[],"yoast_head":"<!-- This site is optimized with the Yoast SEO plugin v27.4 - https:\/\/yoast.com\/product\/yoast-seo-wordpress\/ -->\n<title>SONOREX TECHNIK RM 212 H Sp\u00fclbad mit \u00dcberlauftasche und Heizung | BANDELIN electronic GmbH &amp; Co. KG<\/title>\n<meta name=\"description\" content=\"Informationen Sie sich \u00fcber SONOREX TECHNIK RM 212 H Sp\u00fclbad mit \u00dcberlauftasche und Heizung | Hochwertige Ultraschallb\u00e4der f\u00fcr Medizin und Industrie von Bandelin Electronic seit 1955.\" \/>\n<meta name=\"robots\" content=\"index, follow, max-snippet:-1, max-image-preview:large, max-video-preview:-1\" \/>\n<link rel=\"canonical\" href=\"https:\/\/bandelin.com\/it\/negozio\/bagni-a-ultrasuoni-con-tecnologia-sonorex\/tecnologia-sonorex-rm-bagni-a-ultrasuoni\/sonorex-technik-rm-212-h-bagno-di-risciacquo-con-sacca-di-trabocco-e-riscaldatore\/\" \/>\n<meta property=\"og:locale\" content=\"it_IT\" \/>\n<meta property=\"og:type\" content=\"article\" \/>\n<meta property=\"og:title\" content=\"SONOREX TECHNIK RM 212 H Sp\u00fclbad mit \u00dcberlauftasche und Heizung | BANDELIN electronic GmbH &amp; Co. KG\" \/>\n<meta property=\"og:description\" content=\"Informationen Sie sich \u00fcber SONOREX TECHNIK RM 212 H Sp\u00fclbad mit \u00dcberlauftasche und Heizung | Hochwertige Ultraschallb\u00e4der f\u00fcr Medizin und Industrie von Bandelin Electronic seit 1955.\" \/>\n<meta property=\"og:url\" content=\"https:\/\/bandelin.com\/it\/negozio\/bagni-a-ultrasuoni-con-tecnologia-sonorex\/tecnologia-sonorex-rm-bagni-a-ultrasuoni\/sonorex-technik-rm-212-h-bagno-di-risciacquo-con-sacca-di-trabocco-e-riscaldatore\/\" \/>\n<meta property=\"og:site_name\" content=\"BANDELIN electronic GmbH &amp; Co. KG\" \/>\n<meta property=\"article:publisher\" content=\"https:\/\/de-de.facebook.com\/bandelin.electronic\/\" \/>\n<meta property=\"article:modified_time\" content=\"2026-04-24T18:27:07+00:00\" \/>\n<meta property=\"og:image\" content=\"https:\/\/bandelin.com\/wp-content\/uploads\/Produktfoto_RM_212_H-scaled.jpg\" \/>\n\t<meta property=\"og:image:width\" content=\"2048\" \/>\n\t<meta property=\"og:image:height\" content=\"2048\" \/>\n\t<meta property=\"og:image:type\" content=\"image\/jpeg\" \/>\n<meta name=\"twitter:card\" content=\"summary_large_image\" \/>\n<meta name=\"twitter:label1\" content=\"Tempo di lettura stimato\" \/>\n\t<meta name=\"twitter:data1\" content=\"1 minuto\" \/>\n<script type=\"application\/ld+json\" class=\"yoast-schema-graph\">{\"@context\":\"https:\\\/\\\/schema.org\",\"@graph\":[{\"@type\":\"WebPage\",\"@id\":\"https:\\\/\\\/bandelin.com\\\/shop\\\/sonorex-technik-ultraschallbaeder\\\/sonorex-technik-rm-ultraschallbaeder\\\/sonorex-technik-rm-212-h-spuelbad-mit-ueberlauftasche-und-heizung\\\/\",\"url\":\"https:\\\/\\\/bandelin.com\\\/shop\\\/sonorex-technik-ultraschallbaeder\\\/sonorex-technik-rm-ultraschallbaeder\\\/sonorex-technik-rm-212-h-spuelbad-mit-ueberlauftasche-und-heizung\\\/\",\"name\":\"SONOREX TECHNIK RM 212 H Sp\u00fclbad mit \u00dcberlauftasche und Heizung | BANDELIN electronic GmbH &amp; Co. KG\",\"isPartOf\":{\"@id\":\"https:\\\/\\\/bandelin.com\\\/#website\"},\"primaryImageOfPage\":{\"@id\":\"https:\\\/\\\/bandelin.com\\\/shop\\\/sonorex-technik-ultraschallbaeder\\\/sonorex-technik-rm-ultraschallbaeder\\\/sonorex-technik-rm-212-h-spuelbad-mit-ueberlauftasche-und-heizung\\\/#primaryimage\"},\"image\":{\"@id\":\"https:\\\/\\\/bandelin.com\\\/shop\\\/sonorex-technik-ultraschallbaeder\\\/sonorex-technik-rm-ultraschallbaeder\\\/sonorex-technik-rm-212-h-spuelbad-mit-ueberlauftasche-und-heizung\\\/#primaryimage\"},\"thumbnailUrl\":\"https:\\\/\\\/bandelin.com\\\/wp-content\\\/uploads\\\/Produktfoto_RM_212_H-scaled.jpg\",\"datePublished\":\"2026-03-31T20:05:09+00:00\",\"dateModified\":\"2026-04-24T18:27:07+00:00\",\"description\":\"Informationen Sie sich \u00fcber SONOREX TECHNIK RM 212 H Sp\u00fclbad mit \u00dcberlauftasche und Heizung | Hochwertige Ultraschallb\u00e4der f\u00fcr Medizin und Industrie von Bandelin Electronic seit 1955.\",\"breadcrumb\":{\"@id\":\"https:\\\/\\\/bandelin.com\\\/shop\\\/sonorex-technik-ultraschallbaeder\\\/sonorex-technik-rm-ultraschallbaeder\\\/sonorex-technik-rm-212-h-spuelbad-mit-ueberlauftasche-und-heizung\\\/#breadcrumb\"},\"inLanguage\":\"it-IT\",\"potentialAction\":[{\"@type\":\"ReadAction\",\"target\":[\"https:\\\/\\\/bandelin.com\\\/shop\\\/sonorex-technik-ultraschallbaeder\\\/sonorex-technik-rm-ultraschallbaeder\\\/sonorex-technik-rm-212-h-spuelbad-mit-ueberlauftasche-und-heizung\\\/\"]}]},{\"@type\":\"ImageObject\",\"inLanguage\":\"it-IT\",\"@id\":\"https:\\\/\\\/bandelin.com\\\/shop\\\/sonorex-technik-ultraschallbaeder\\\/sonorex-technik-rm-ultraschallbaeder\\\/sonorex-technik-rm-212-h-spuelbad-mit-ueberlauftasche-und-heizung\\\/#primaryimage\",\"url\":\"https:\\\/\\\/bandelin.com\\\/wp-content\\\/uploads\\\/Produktfoto_RM_212_H-scaled.jpg\",\"contentUrl\":\"https:\\\/\\\/bandelin.com\\\/wp-content\\\/uploads\\\/Produktfoto_RM_212_H-scaled.jpg\",\"width\":2048,\"height\":2048,\"caption\":\"SONOREX TECHNIK RM 212 H Sp\u00fclbad mit \u00dcberlauftasche und Heizung Bild\"},{\"@type\":\"BreadcrumbList\",\"@id\":\"https:\\\/\\\/bandelin.com\\\/shop\\\/sonorex-technik-ultraschallbaeder\\\/sonorex-technik-rm-ultraschallbaeder\\\/sonorex-technik-rm-212-h-spuelbad-mit-ueberlauftasche-und-heizung\\\/#breadcrumb\",\"itemListElement\":[{\"@type\":\"ListItem\",\"position\":1,\"name\":\"Startseite\",\"item\":\"https:\\\/\\\/bandelin.com\\\/\"},{\"@type\":\"ListItem\",\"position\":2,\"name\":\"Shop\",\"item\":\"https:\\\/\\\/bandelin.com\\\/shop\\\/\"},{\"@type\":\"ListItem\",\"position\":3,\"name\":\"SONOREX TECHNIK RM 212 H Sp\u00fclbad mit \u00dcberlauftasche und Heizung\"}]},{\"@type\":\"WebSite\",\"@id\":\"https:\\\/\\\/bandelin.com\\\/#website\",\"url\":\"https:\\\/\\\/bandelin.com\\\/\",\"name\":\"BANDELIN electronic GmbH & Co. KG\",\"description\":\"Ultraschall seit 1955\",\"publisher\":{\"@id\":\"https:\\\/\\\/bandelin.com\\\/#organization\"},\"potentialAction\":[{\"@type\":\"SearchAction\",\"target\":{\"@type\":\"EntryPoint\",\"urlTemplate\":\"https:\\\/\\\/bandelin.com\\\/?s={search_term_string}\"},\"query-input\":{\"@type\":\"PropertyValueSpecification\",\"valueRequired\":true,\"valueName\":\"search_term_string\"}}],\"inLanguage\":\"it-IT\"},{\"@type\":\"Organization\",\"@id\":\"https:\\\/\\\/bandelin.com\\\/#organization\",\"name\":\"BANDELIN electronic GmbH & Co. KG\",\"url\":\"https:\\\/\\\/bandelin.com\\\/\",\"logo\":{\"@type\":\"ImageObject\",\"inLanguage\":\"it-IT\",\"@id\":\"https:\\\/\\\/bandelin.com\\\/#\\\/schema\\\/logo\\\/image\\\/\",\"url\":\"\",\"contentUrl\":\"\",\"caption\":\"BANDELIN electronic GmbH & Co. KG\"},\"image\":{\"@id\":\"https:\\\/\\\/bandelin.com\\\/#\\\/schema\\\/logo\\\/image\\\/\"},\"sameAs\":[\"https:\\\/\\\/de-de.facebook.com\\\/bandelin.electronic\\\/\",\"https:\\\/\\\/www.instagram.com\\\/bandelin_ultrasonic\\\/?hl=de\",\"https:\\\/\\\/www.linkedin.com\\\/company\\\/bandelin-electronic-gmbh-amp-co-kg\",\"https:\\\/\\\/www.youtube.com\\\/channel\\\/UC5wTNrNxkwMmX-WzysQqw3g\"]}]}<\/script>\n<!-- \/ Yoast SEO plugin. -->","yoast_head_json":{"title":"SONOREX TECHNIK RM 212 H bagno di risciacquo con tasca di sfioro e riscaldamento | BANDELIN electronic GmbH &amp; Co. KG","description":"Scopri di pi\u00f9 sul bagno di risciacquo SONOREX TECHNIK RM 212 H con tasca di sfioro e riscaldatore | Bagni a ultrasuoni di alta qualit\u00e0 per la medicina e l'industria di Bandelin Electronic dal 1955.","robots":{"index":"index","follow":"follow","max-snippet":"max-snippet:-1","max-image-preview":"max-image-preview:large","max-video-preview":"max-video-preview:-1"},"canonical":"https:\/\/bandelin.com\/it\/negozio\/bagni-a-ultrasuoni-con-tecnologia-sonorex\/tecnologia-sonorex-rm-bagni-a-ultrasuoni\/sonorex-technik-rm-212-h-bagno-di-risciacquo-con-sacca-di-trabocco-e-riscaldatore\/","og_locale":"it_IT","og_type":"article","og_title":"SONOREX TECHNIK RM 212 H Sp\u00fclbad mit \u00dcberlauftasche und Heizung | BANDELIN electronic GmbH &amp; Co. KG","og_description":"Informationen Sie sich \u00fcber SONOREX TECHNIK RM 212 H Sp\u00fclbad mit \u00dcberlauftasche und Heizung | Hochwertige Ultraschallb\u00e4der f\u00fcr Medizin und Industrie von Bandelin Electronic seit 1955.","og_url":"https:\/\/bandelin.com\/it\/negozio\/bagni-a-ultrasuoni-con-tecnologia-sonorex\/tecnologia-sonorex-rm-bagni-a-ultrasuoni\/sonorex-technik-rm-212-h-bagno-di-risciacquo-con-sacca-di-trabocco-e-riscaldatore\/","og_site_name":"BANDELIN electronic GmbH &amp; Co. KG","article_publisher":"https:\/\/de-de.facebook.com\/bandelin.electronic\/","article_modified_time":"2026-04-24T18:27:07+00:00","og_image":[{"width":2048,"height":2048,"url":"https:\/\/bandelin.com\/wp-content\/uploads\/Produktfoto_RM_212_H-scaled.jpg","type":"image\/jpeg"}],"twitter_card":"summary_large_image","twitter_misc":{"Tempo di lettura stimato":"1 minuto"},"schema":{"@context":"https:\/\/schema.org","@graph":[{"@type":"WebPage","@id":"https:\/\/bandelin.com\/shop\/sonorex-technik-ultraschallbaeder\/sonorex-technik-rm-ultraschallbaeder\/sonorex-technik-rm-212-h-spuelbad-mit-ueberlauftasche-und-heizung\/","url":"https:\/\/bandelin.com\/shop\/sonorex-technik-ultraschallbaeder\/sonorex-technik-rm-ultraschallbaeder\/sonorex-technik-rm-212-h-spuelbad-mit-ueberlauftasche-und-heizung\/","name":"SONOREX TECHNIK RM 212 H bagno di risciacquo con tasca di sfioro e riscaldamento | BANDELIN electronic GmbH &amp; Co. KG","isPartOf":{"@id":"https:\/\/bandelin.com\/#website"},"primaryImageOfPage":{"@id":"https:\/\/bandelin.com\/shop\/sonorex-technik-ultraschallbaeder\/sonorex-technik-rm-ultraschallbaeder\/sonorex-technik-rm-212-h-spuelbad-mit-ueberlauftasche-und-heizung\/#primaryimage"},"image":{"@id":"https:\/\/bandelin.com\/shop\/sonorex-technik-ultraschallbaeder\/sonorex-technik-rm-ultraschallbaeder\/sonorex-technik-rm-212-h-spuelbad-mit-ueberlauftasche-und-heizung\/#primaryimage"},"thumbnailUrl":"https:\/\/bandelin.com\/wp-content\/uploads\/Produktfoto_RM_212_H-scaled.jpg","datePublished":"2026-03-31T20:05:09+00:00","dateModified":"2026-04-24T18:27:07+00:00","description":"Scopri di pi\u00f9 sul bagno di risciacquo SONOREX TECHNIK RM 212 H con tasca di sfioro e riscaldatore | Bagni a ultrasuoni di alta qualit\u00e0 per la medicina e l'industria di Bandelin Electronic dal 1955.","breadcrumb":{"@id":"https:\/\/bandelin.com\/shop\/sonorex-technik-ultraschallbaeder\/sonorex-technik-rm-ultraschallbaeder\/sonorex-technik-rm-212-h-spuelbad-mit-ueberlauftasche-und-heizung\/#breadcrumb"},"inLanguage":"it-IT","potentialAction":[{"@type":"ReadAction","target":["https:\/\/bandelin.com\/shop\/sonorex-technik-ultraschallbaeder\/sonorex-technik-rm-ultraschallbaeder\/sonorex-technik-rm-212-h-spuelbad-mit-ueberlauftasche-und-heizung\/"]}]},{"@type":"ImageObject","inLanguage":"it-IT","@id":"https:\/\/bandelin.com\/shop\/sonorex-technik-ultraschallbaeder\/sonorex-technik-rm-ultraschallbaeder\/sonorex-technik-rm-212-h-spuelbad-mit-ueberlauftasche-und-heizung\/#primaryimage","url":"https:\/\/bandelin.com\/wp-content\/uploads\/Produktfoto_RM_212_H-scaled.jpg","contentUrl":"https:\/\/bandelin.com\/wp-content\/uploads\/Produktfoto_RM_212_H-scaled.jpg","width":2048,"height":2048,"caption":"SONOREX TECHNIK RM 212 H Sp\u00fclbad mit \u00dcberlauftasche und Heizung Bild"},{"@type":"BreadcrumbList","@id":"https:\/\/bandelin.com\/shop\/sonorex-technik-ultraschallbaeder\/sonorex-technik-rm-ultraschallbaeder\/sonorex-technik-rm-212-h-spuelbad-mit-ueberlauftasche-und-heizung\/#breadcrumb","itemListElement":[{"@type":"ListItem","position":1,"name":"Startseite","item":"https:\/\/bandelin.com\/"},{"@type":"ListItem","position":2,"name":"Shop","item":"https:\/\/bandelin.com\/shop\/"},{"@type":"ListItem","position":3,"name":"SONOREX TECHNIK RM 212 H Sp\u00fclbad mit \u00dcberlauftasche und Heizung"}]},{"@type":"WebSite","@id":"https:\/\/bandelin.com\/#website","url":"https:\/\/bandelin.com\/","name":"BANDELIN electronic GmbH &amp; Co. KG","description":"Ultrasuoni dal 1955","publisher":{"@id":"https:\/\/bandelin.com\/#organization"},"potentialAction":[{"@type":"SearchAction","target":{"@type":"EntryPoint","urlTemplate":"https:\/\/bandelin.com\/?s={search_term_string}"},"query-input":{"@type":"PropertyValueSpecification","valueRequired":true,"valueName":"search_term_string"}}],"inLanguage":"it-IT"},{"@type":"Organization","@id":"https:\/\/bandelin.com\/#organization","name":"BANDELIN electronic GmbH &amp; Co. KG","url":"https:\/\/bandelin.com\/","logo":{"@type":"ImageObject","inLanguage":"it-IT","@id":"https:\/\/bandelin.com\/#\/schema\/logo\/image\/","url":"","contentUrl":"","caption":"BANDELIN electronic GmbH & Co. KG"},"image":{"@id":"https:\/\/bandelin.com\/#\/schema\/logo\/image\/"},"sameAs":["https:\/\/de-de.facebook.com\/bandelin.electronic\/","https:\/\/www.instagram.com\/bandelin_ultrasonic\/?hl=de","https:\/\/www.linkedin.com\/company\/bandelin-electronic-gmbh-amp-co-kg","https:\/\/www.youtube.com\/channel\/UC5wTNrNxkwMmX-WzysQqw3g"]}]}},"_links":{"self":[{"href":"https:\/\/bandelin.com\/it\/wp-json\/wp\/v2\/product\/665780","targetHints":{"allow":["GET"]}}],"collection":[{"href":"https:\/\/bandelin.com\/it\/wp-json\/wp\/v2\/product"}],"about":[{"href":"https:\/\/bandelin.com\/it\/wp-json\/wp\/v2\/types\/product"}],"version-history":[{"count":2,"href":"https:\/\/bandelin.com\/it\/wp-json\/wp\/v2\/product\/665780\/revisions"}],"predecessor-version":[{"id":665783,"href":"https:\/\/bandelin.com\/it\/wp-json\/wp\/v2\/product\/665780\/revisions\/665783"}],"wp:featuredmedia":[{"embeddable":true,"href":"https:\/\/bandelin.com\/it\/wp-json\/wp\/v2\/media\/665782"}],"wp:attachment":[{"href":"https:\/\/bandelin.com\/it\/wp-json\/wp\/v2\/media?parent=665780"}],"wp:term":[{"taxonomy":"product_brand","embeddable":true,"href":"https:\/\/bandelin.com\/it\/wp-json\/wp\/v2\/product_brand?post=665780"},{"taxonomy":"product_cat","embeddable":true,"href":"https:\/\/bandelin.com\/it\/wp-json\/wp\/v2\/product_cat?post=665780"},{"taxonomy":"product_tag","embeddable":true,"href":"https:\/\/bandelin.com\/it\/wp-json\/wp\/v2\/product_tag?post=665780"}],"curies":[{"name":"wp","href":"https:\/\/api.w.org\/{rel}","templated":true}]}}