{"id":665888,"date":"2026-03-31T22:07:36","date_gmt":"2026-03-31T20:07:36","guid":{"rendered":"https:\/\/bandelin.com\/shop\/unkategorisiert\/sonopuls-uw-50-ultraschallwandler\/"},"modified":"2026-04-21T22:49:45","modified_gmt":"2026-04-21T20:49:45","slug":"trasduttore-ultrasonico-sonopuls-uw-50","status":"publish","type":"product","link":"https:\/\/bandelin.com\/it\/shop\/sonopuls-ultraschall-homogenisatoren\/zubehoer-sonopuls-ultraschall-homogenisatoren\/sonopuls-uw-50-ultraschallwandler\/","title":{"rendered":"Trasduttore a ultrasuoni SONOPULS UW 50"},"content":{"rendered":"<p>Adatto per HD 4050.<br \/>\n  Un trasduttore di ultrasuoni (UW) viene utilizzato per convertire l'energia elettrica fornita dal generatore di ultrasuoni in vibrazioni meccaniche.<\/p>","protected":false},"excerpt":{"rendered":"<p>Adatto per HD 4050 Un trasduttore di ultrasuoni (UW) viene utilizzato per convertire l'energia elettrica fornita dal generatore di ultrasuoni in vibrazioni meccaniche.<\/p>","protected":false},"featured_media":649538,"template":"","meta":{"_acf_changed":false},"product_brand":[],"product_cat":[11669,14485],"product_tag":[6528,14637],"class_list":{"0":"post-665888","1":"product","2":"type-product","3":"status-publish","4":"has-post-thumbnail","6":"product_cat-sonopuls-ultraschall-homogenisatoren","7":"product_cat-zubehoer-sonopuls-ultraschall-homogenisatoren","8":"product_tag-verbrauchsmaterial","9":"product_tag-sonopuls-ultraschall-homogenisatoren-zubehoer","10":"pa_aussenmass-breite-mm-45-2","11":"pa_aussenmass-hoehe-mm-175-2","12":"pa_aussenmass-laenge-mm-45-2","13":"pa_bestellnummer-3720-2","14":"pa_ce-kennzeichnung-niederspannungsrichtlinie-2014-35-eu-emv-richtlinie-2014-30-eu-rohs-richtlinie-2011-65-eu-2","15":"pa_ultraschall-frequenz-khz-20-2","16":"pa_verpackung-breite-mm-50-3","17":"pa_verpackung-hoehe-mm-120-2","18":"pa_verpackung-laenge-mm-50-3","20":"first","21":"instock","22":"taxable","23":"shipping-taxable","24":"purchasable","25":"product-type-simple"},"acf":[],"yoast_head":"<!-- This site is optimized with the Yoast SEO plugin v27.4 - https:\/\/yoast.com\/product\/yoast-seo-wordpress\/ -->\n<title>SONOPULS UW 50 Ultraschallwandler | BANDELIN electronic GmbH &amp; Co. KG<\/title>\n<meta name=\"description\" content=\"Informationen Sie sich \u00fcber SONOPULS UW 50 Ultraschallwandler | Hochwertige Ultraschallb\u00e4der f\u00fcr Medizin und Industrie von Bandelin Electronic seit 1955.\" \/>\n<meta name=\"robots\" content=\"index, follow, max-snippet:-1, max-image-preview:large, max-video-preview:-1\" \/>\n<link rel=\"canonical\" href=\"https:\/\/bandelin.com\/it\/negozio\/omogeneizzatori-ad-ultrasuoni-sonopuls-2\/accessori-sonopuls-omogeneizzatori-ad-ultrasuoni\/trasduttore-ultrasonico-sonopuls-uw-50\/\" \/>\n<meta property=\"og:locale\" content=\"it_IT\" \/>\n<meta property=\"og:type\" content=\"article\" \/>\n<meta property=\"og:title\" content=\"SONOPULS UW 50 Ultraschallwandler | BANDELIN electronic GmbH &amp; Co. KG\" \/>\n<meta property=\"og:description\" content=\"Informationen Sie sich \u00fcber SONOPULS UW 50 Ultraschallwandler | Hochwertige Ultraschallb\u00e4der f\u00fcr Medizin und Industrie von Bandelin Electronic seit 1955.\" \/>\n<meta property=\"og:url\" content=\"https:\/\/bandelin.com\/it\/negozio\/omogeneizzatori-ad-ultrasuoni-sonopuls-2\/accessori-sonopuls-omogeneizzatori-ad-ultrasuoni\/trasduttore-ultrasonico-sonopuls-uw-50\/\" \/>\n<meta property=\"og:site_name\" content=\"BANDELIN electronic GmbH &amp; Co. KG\" \/>\n<meta property=\"article:publisher\" content=\"https:\/\/de-de.facebook.com\/bandelin.electronic\/\" \/>\n<meta property=\"article:modified_time\" content=\"2026-04-21T20:49:45+00:00\" \/>\n<meta property=\"og:image\" content=\"https:\/\/bandelin.com\/wp-content\/uploads\/Produktfoto_UW_50-scaled.jpg\" \/>\n\t<meta property=\"og:image:width\" content=\"2048\" \/>\n\t<meta property=\"og:image:height\" content=\"2048\" \/>\n\t<meta property=\"og:image:type\" content=\"image\/jpeg\" \/>\n<meta name=\"twitter:card\" content=\"summary_large_image\" \/>\n<script type=\"application\/ld+json\" class=\"yoast-schema-graph\">{\"@context\":\"https:\\\/\\\/schema.org\",\"@graph\":[{\"@type\":\"WebPage\",\"@id\":\"https:\\\/\\\/bandelin.com\\\/shop\\\/sonopuls-ultraschall-homogenisatoren\\\/zubehoer-sonopuls-ultraschall-homogenisatoren\\\/sonopuls-uw-50-ultraschallwandler\\\/\",\"url\":\"https:\\\/\\\/bandelin.com\\\/shop\\\/sonopuls-ultraschall-homogenisatoren\\\/zubehoer-sonopuls-ultraschall-homogenisatoren\\\/sonopuls-uw-50-ultraschallwandler\\\/\",\"name\":\"SONOPULS UW 50 Ultraschallwandler | BANDELIN electronic GmbH &amp; Co. KG\",\"isPartOf\":{\"@id\":\"https:\\\/\\\/bandelin.com\\\/#website\"},\"primaryImageOfPage\":{\"@id\":\"https:\\\/\\\/bandelin.com\\\/shop\\\/sonopuls-ultraschall-homogenisatoren\\\/zubehoer-sonopuls-ultraschall-homogenisatoren\\\/sonopuls-uw-50-ultraschallwandler\\\/#primaryimage\"},\"image\":{\"@id\":\"https:\\\/\\\/bandelin.com\\\/shop\\\/sonopuls-ultraschall-homogenisatoren\\\/zubehoer-sonopuls-ultraschall-homogenisatoren\\\/sonopuls-uw-50-ultraschallwandler\\\/#primaryimage\"},\"thumbnailUrl\":\"https:\\\/\\\/bandelin.com\\\/wp-content\\\/uploads\\\/Produktfoto_UW_50-scaled.jpg\",\"datePublished\":\"2026-03-31T20:07:36+00:00\",\"dateModified\":\"2026-04-21T20:49:45+00:00\",\"description\":\"Informationen Sie sich \u00fcber SONOPULS UW 50 Ultraschallwandler | Hochwertige Ultraschallb\u00e4der f\u00fcr Medizin und Industrie von Bandelin Electronic seit 1955.\",\"breadcrumb\":{\"@id\":\"https:\\\/\\\/bandelin.com\\\/shop\\\/sonopuls-ultraschall-homogenisatoren\\\/zubehoer-sonopuls-ultraschall-homogenisatoren\\\/sonopuls-uw-50-ultraschallwandler\\\/#breadcrumb\"},\"inLanguage\":\"it-IT\",\"potentialAction\":[{\"@type\":\"ReadAction\",\"target\":[\"https:\\\/\\\/bandelin.com\\\/shop\\\/sonopuls-ultraschall-homogenisatoren\\\/zubehoer-sonopuls-ultraschall-homogenisatoren\\\/sonopuls-uw-50-ultraschallwandler\\\/\"]}]},{\"@type\":\"ImageObject\",\"inLanguage\":\"it-IT\",\"@id\":\"https:\\\/\\\/bandelin.com\\\/shop\\\/sonopuls-ultraschall-homogenisatoren\\\/zubehoer-sonopuls-ultraschall-homogenisatoren\\\/sonopuls-uw-50-ultraschallwandler\\\/#primaryimage\",\"url\":\"https:\\\/\\\/bandelin.com\\\/wp-content\\\/uploads\\\/Produktfoto_UW_50-scaled.jpg\",\"contentUrl\":\"https:\\\/\\\/bandelin.com\\\/wp-content\\\/uploads\\\/Produktfoto_UW_50-scaled.jpg\",\"width\":2048,\"height\":2048,\"caption\":\"SONOPULS UW 50 Ultraschallwandler Bild\"},{\"@type\":\"BreadcrumbList\",\"@id\":\"https:\\\/\\\/bandelin.com\\\/shop\\\/sonopuls-ultraschall-homogenisatoren\\\/zubehoer-sonopuls-ultraschall-homogenisatoren\\\/sonopuls-uw-50-ultraschallwandler\\\/#breadcrumb\",\"itemListElement\":[{\"@type\":\"ListItem\",\"position\":1,\"name\":\"Startseite\",\"item\":\"https:\\\/\\\/bandelin.com\\\/\"},{\"@type\":\"ListItem\",\"position\":2,\"name\":\"Shop\",\"item\":\"https:\\\/\\\/bandelin.com\\\/shop\\\/\"},{\"@type\":\"ListItem\",\"position\":3,\"name\":\"SONOPULS UW 50 Ultraschallwandler\"}]},{\"@type\":\"WebSite\",\"@id\":\"https:\\\/\\\/bandelin.com\\\/#website\",\"url\":\"https:\\\/\\\/bandelin.com\\\/\",\"name\":\"BANDELIN electronic GmbH & Co. KG\",\"description\":\"Ultraschall seit 1955\",\"publisher\":{\"@id\":\"https:\\\/\\\/bandelin.com\\\/#organization\"},\"potentialAction\":[{\"@type\":\"SearchAction\",\"target\":{\"@type\":\"EntryPoint\",\"urlTemplate\":\"https:\\\/\\\/bandelin.com\\\/?s={search_term_string}\"},\"query-input\":{\"@type\":\"PropertyValueSpecification\",\"valueRequired\":true,\"valueName\":\"search_term_string\"}}],\"inLanguage\":\"it-IT\"},{\"@type\":\"Organization\",\"@id\":\"https:\\\/\\\/bandelin.com\\\/#organization\",\"name\":\"BANDELIN electronic GmbH & Co. KG\",\"url\":\"https:\\\/\\\/bandelin.com\\\/\",\"logo\":{\"@type\":\"ImageObject\",\"inLanguage\":\"it-IT\",\"@id\":\"https:\\\/\\\/bandelin.com\\\/#\\\/schema\\\/logo\\\/image\\\/\",\"url\":\"\",\"contentUrl\":\"\",\"caption\":\"BANDELIN electronic GmbH & Co. KG\"},\"image\":{\"@id\":\"https:\\\/\\\/bandelin.com\\\/#\\\/schema\\\/logo\\\/image\\\/\"},\"sameAs\":[\"https:\\\/\\\/de-de.facebook.com\\\/bandelin.electronic\\\/\",\"https:\\\/\\\/www.instagram.com\\\/bandelin_ultrasonic\\\/?hl=de\",\"https:\\\/\\\/www.linkedin.com\\\/company\\\/bandelin-electronic-gmbh-amp-co-kg\",\"https:\\\/\\\/www.youtube.com\\\/channel\\\/UC5wTNrNxkwMmX-WzysQqw3g\"]}]}<\/script>\n<!-- \/ Yoast SEO plugin. -->","yoast_head_json":{"title":"SONOPULS UW 50 Trasduttore a ultrasuoni | BANDELIN electronic GmbH &amp; Co. KG","description":"Per saperne di pi\u00f9 sui trasduttori a ultrasuoni SONOPULS UW 50 | Bagni a ultrasuoni di alta qualit\u00e0 per la medicina e l'industria di Bandelin Electronic dal 1955.","robots":{"index":"index","follow":"follow","max-snippet":"max-snippet:-1","max-image-preview":"max-image-preview:large","max-video-preview":"max-video-preview:-1"},"canonical":"https:\/\/bandelin.com\/it\/negozio\/omogeneizzatori-ad-ultrasuoni-sonopuls-2\/accessori-sonopuls-omogeneizzatori-ad-ultrasuoni\/trasduttore-ultrasonico-sonopuls-uw-50\/","og_locale":"it_IT","og_type":"article","og_title":"SONOPULS UW 50 Ultraschallwandler | BANDELIN electronic GmbH &amp; Co. KG","og_description":"Informationen Sie sich \u00fcber SONOPULS UW 50 Ultraschallwandler | Hochwertige Ultraschallb\u00e4der f\u00fcr Medizin und Industrie von Bandelin Electronic seit 1955.","og_url":"https:\/\/bandelin.com\/it\/negozio\/omogeneizzatori-ad-ultrasuoni-sonopuls-2\/accessori-sonopuls-omogeneizzatori-ad-ultrasuoni\/trasduttore-ultrasonico-sonopuls-uw-50\/","og_site_name":"BANDELIN electronic GmbH &amp; Co. KG","article_publisher":"https:\/\/de-de.facebook.com\/bandelin.electronic\/","article_modified_time":"2026-04-21T20:49:45+00:00","og_image":[{"width":2048,"height":2048,"url":"https:\/\/bandelin.com\/wp-content\/uploads\/Produktfoto_UW_50-scaled.jpg","type":"image\/jpeg"}],"twitter_card":"summary_large_image","schema":{"@context":"https:\/\/schema.org","@graph":[{"@type":"WebPage","@id":"https:\/\/bandelin.com\/shop\/sonopuls-ultraschall-homogenisatoren\/zubehoer-sonopuls-ultraschall-homogenisatoren\/sonopuls-uw-50-ultraschallwandler\/","url":"https:\/\/bandelin.com\/shop\/sonopuls-ultraschall-homogenisatoren\/zubehoer-sonopuls-ultraschall-homogenisatoren\/sonopuls-uw-50-ultraschallwandler\/","name":"SONOPULS UW 50 Trasduttore a ultrasuoni | BANDELIN electronic GmbH &amp; Co. KG","isPartOf":{"@id":"https:\/\/bandelin.com\/#website"},"primaryImageOfPage":{"@id":"https:\/\/bandelin.com\/shop\/sonopuls-ultraschall-homogenisatoren\/zubehoer-sonopuls-ultraschall-homogenisatoren\/sonopuls-uw-50-ultraschallwandler\/#primaryimage"},"image":{"@id":"https:\/\/bandelin.com\/shop\/sonopuls-ultraschall-homogenisatoren\/zubehoer-sonopuls-ultraschall-homogenisatoren\/sonopuls-uw-50-ultraschallwandler\/#primaryimage"},"thumbnailUrl":"https:\/\/bandelin.com\/wp-content\/uploads\/Produktfoto_UW_50-scaled.jpg","datePublished":"2026-03-31T20:07:36+00:00","dateModified":"2026-04-21T20:49:45+00:00","description":"Per saperne di pi\u00f9 sui trasduttori a ultrasuoni SONOPULS UW 50 | Bagni a ultrasuoni di alta qualit\u00e0 per la medicina e l'industria di Bandelin Electronic dal 1955.","breadcrumb":{"@id":"https:\/\/bandelin.com\/shop\/sonopuls-ultraschall-homogenisatoren\/zubehoer-sonopuls-ultraschall-homogenisatoren\/sonopuls-uw-50-ultraschallwandler\/#breadcrumb"},"inLanguage":"it-IT","potentialAction":[{"@type":"ReadAction","target":["https:\/\/bandelin.com\/shop\/sonopuls-ultraschall-homogenisatoren\/zubehoer-sonopuls-ultraschall-homogenisatoren\/sonopuls-uw-50-ultraschallwandler\/"]}]},{"@type":"ImageObject","inLanguage":"it-IT","@id":"https:\/\/bandelin.com\/shop\/sonopuls-ultraschall-homogenisatoren\/zubehoer-sonopuls-ultraschall-homogenisatoren\/sonopuls-uw-50-ultraschallwandler\/#primaryimage","url":"https:\/\/bandelin.com\/wp-content\/uploads\/Produktfoto_UW_50-scaled.jpg","contentUrl":"https:\/\/bandelin.com\/wp-content\/uploads\/Produktfoto_UW_50-scaled.jpg","width":2048,"height":2048,"caption":"SONOPULS UW 50 Ultraschallwandler Bild"},{"@type":"BreadcrumbList","@id":"https:\/\/bandelin.com\/shop\/sonopuls-ultraschall-homogenisatoren\/zubehoer-sonopuls-ultraschall-homogenisatoren\/sonopuls-uw-50-ultraschallwandler\/#breadcrumb","itemListElement":[{"@type":"ListItem","position":1,"name":"Startseite","item":"https:\/\/bandelin.com\/"},{"@type":"ListItem","position":2,"name":"Shop","item":"https:\/\/bandelin.com\/shop\/"},{"@type":"ListItem","position":3,"name":"SONOPULS UW 50 Ultraschallwandler"}]},{"@type":"WebSite","@id":"https:\/\/bandelin.com\/#website","url":"https:\/\/bandelin.com\/","name":"BANDELIN electronic GmbH &amp; Co. KG","description":"Ultrasuoni dal 1955","publisher":{"@id":"https:\/\/bandelin.com\/#organization"},"potentialAction":[{"@type":"SearchAction","target":{"@type":"EntryPoint","urlTemplate":"https:\/\/bandelin.com\/?s={search_term_string}"},"query-input":{"@type":"PropertyValueSpecification","valueRequired":true,"valueName":"search_term_string"}}],"inLanguage":"it-IT"},{"@type":"Organization","@id":"https:\/\/bandelin.com\/#organization","name":"BANDELIN electronic GmbH &amp; Co. KG","url":"https:\/\/bandelin.com\/","logo":{"@type":"ImageObject","inLanguage":"it-IT","@id":"https:\/\/bandelin.com\/#\/schema\/logo\/image\/","url":"","contentUrl":"","caption":"BANDELIN electronic GmbH & Co. KG"},"image":{"@id":"https:\/\/bandelin.com\/#\/schema\/logo\/image\/"},"sameAs":["https:\/\/de-de.facebook.com\/bandelin.electronic\/","https:\/\/www.instagram.com\/bandelin_ultrasonic\/?hl=de","https:\/\/www.linkedin.com\/company\/bandelin-electronic-gmbh-amp-co-kg","https:\/\/www.youtube.com\/channel\/UC5wTNrNxkwMmX-WzysQqw3g"]}]}},"_links":{"self":[{"href":"https:\/\/bandelin.com\/it\/wp-json\/wp\/v2\/product\/665888","targetHints":{"allow":["GET"]}}],"collection":[{"href":"https:\/\/bandelin.com\/it\/wp-json\/wp\/v2\/product"}],"about":[{"href":"https:\/\/bandelin.com\/it\/wp-json\/wp\/v2\/types\/product"}],"version-history":[{"count":1,"href":"https:\/\/bandelin.com\/it\/wp-json\/wp\/v2\/product\/665888\/revisions"}],"predecessor-version":[{"id":665889,"href":"https:\/\/bandelin.com\/it\/wp-json\/wp\/v2\/product\/665888\/revisions\/665889"}],"wp:featuredmedia":[{"embeddable":true,"href":"https:\/\/bandelin.com\/it\/wp-json\/wp\/v2\/media\/649538"}],"wp:attachment":[{"href":"https:\/\/bandelin.com\/it\/wp-json\/wp\/v2\/media?parent=665888"}],"wp:term":[{"taxonomy":"product_brand","embeddable":true,"href":"https:\/\/bandelin.com\/it\/wp-json\/wp\/v2\/product_brand?post=665888"},{"taxonomy":"product_cat","embeddable":true,"href":"https:\/\/bandelin.com\/it\/wp-json\/wp\/v2\/product_cat?post=665888"},{"taxonomy":"product_tag","embeddable":true,"href":"https:\/\/bandelin.com\/it\/wp-json\/wp\/v2\/product_tag?post=665888"}],"curies":[{"name":"wp","href":"https:\/\/api.w.org\/{rel}","templated":true}]}}