{"id":666641,"date":"2026-03-31T22:25:19","date_gmt":"2026-03-31T20:25:19","guid":{"rendered":"https:\/\/bandelin.com\/shop\/unkategorisiert\/dosierpumpe-fuer-5-l-kanister\/"},"modified":"2026-04-22T20:27:24","modified_gmt":"2026-04-22T18:27:24","slug":"pompa-di-dosaggio-per-taniche-da-5-litri","status":"publish","type":"product","link":"https:\/\/bandelin.com\/it\/shop\/reinigungs-und-desinfektionspraeparate\/zubehoer-reinigungs-und-desinfektionspraeparate\/dosierpumpe-fuer-5-l-kanister\/","title":{"rendered":"Pompa dosatrice per tanica da 5 litri"},"content":{"rendered":"<p>La pompa dosatrice consente di prelevare in modo preciso e semplice la preparazione detergente e disinfettante dalla tanica. La fuoriuscita \u00e8 evitata in modo affidabile.<\/p>","protected":false},"excerpt":{"rendered":"<p>La pompa dosatrice consente di prelevare in modo preciso e semplice la preparazione detergente e disinfettante dalla tanica. La fuoriuscita \u00e8 evitata in modo affidabile.<\/p>","protected":false},"featured_media":650051,"template":"","meta":{"_acf_changed":false},"product_brand":[],"product_cat":[14181,14530],"product_tag":[13140,14644],"class_list":{"0":"post-666641","1":"product","2":"type-product","3":"status-publish","4":"has-post-thumbnail","6":"product_cat-reinigungs-und-desinfektionspraeparate","7":"product_cat-zubehoer-reinigungs-und-desinfektionspraeparate","8":"product_tag-dosierhilfe","9":"product_tag-reinigungs-und-desinfektionspraeparate-zubehoer","10":"pa_bestellnummer-13138","11":"pa_passend-zu-5-l-kanister","12":"pa_verpackung-breite-mm-130-2","13":"pa_verpackung-hoehe-mm-80-2","14":"pa_verpackung-laenge-mm-250-2","16":"first","17":"instock","18":"taxable","19":"shipping-taxable","20":"purchasable","21":"product-type-simple"},"acf":[],"yoast_head":"<!-- This site is optimized with the Yoast SEO plugin v27.4 - https:\/\/yoast.com\/product\/yoast-seo-wordpress\/ -->\n<title>Dosierpumpe f\u00fcr 5-l-Kanister | BANDELIN electronic GmbH &amp; Co. KG<\/title>\n<meta name=\"description\" content=\"Informationen Sie sich \u00fcber Dosierpumpe f\u00fcr 5-l-Kanister | Hochwertige Ultraschallb\u00e4der f\u00fcr Medizin und Industrie von Bandelin Electronic seit 1955.\" \/>\n<meta name=\"robots\" content=\"index, follow, max-snippet:-1, max-image-preview:large, max-video-preview:-1\" \/>\n<link rel=\"canonical\" href=\"https:\/\/bandelin.com\/it\/negozio\/preparati-per-la-pulizia-e-la-disinfezione\/accessori-per-la-pulizia-e-la-disinfezione\/pompa-di-dosaggio-per-taniche-da-5-litri\/\" \/>\n<meta property=\"og:locale\" content=\"it_IT\" \/>\n<meta property=\"og:type\" content=\"article\" \/>\n<meta property=\"og:title\" content=\"Dosierpumpe f\u00fcr 5-l-Kanister | BANDELIN electronic GmbH &amp; Co. KG\" \/>\n<meta property=\"og:description\" content=\"Informationen Sie sich \u00fcber Dosierpumpe f\u00fcr 5-l-Kanister | Hochwertige Ultraschallb\u00e4der f\u00fcr Medizin und Industrie von Bandelin Electronic seit 1955.\" \/>\n<meta property=\"og:url\" content=\"https:\/\/bandelin.com\/it\/negozio\/preparati-per-la-pulizia-e-la-disinfezione\/accessori-per-la-pulizia-e-la-disinfezione\/pompa-di-dosaggio-per-taniche-da-5-litri\/\" \/>\n<meta property=\"og:site_name\" content=\"BANDELIN electronic GmbH &amp; Co. KG\" \/>\n<meta property=\"article:publisher\" content=\"https:\/\/de-de.facebook.com\/bandelin.electronic\/\" \/>\n<meta property=\"article:modified_time\" content=\"2026-04-22T18:27:24+00:00\" \/>\n<meta property=\"og:image\" content=\"https:\/\/bandelin.com\/wp-content\/uploads\/Produktfoto_268_Dosierpumpe_5l-scaled.jpg\" \/>\n\t<meta property=\"og:image:width\" content=\"2048\" \/>\n\t<meta property=\"og:image:height\" content=\"2048\" \/>\n\t<meta property=\"og:image:type\" content=\"image\/jpeg\" \/>\n<meta name=\"twitter:card\" content=\"summary_large_image\" \/>\n<script type=\"application\/ld+json\" class=\"yoast-schema-graph\">{\"@context\":\"https:\\\/\\\/schema.org\",\"@graph\":[{\"@type\":\"WebPage\",\"@id\":\"https:\\\/\\\/bandelin.com\\\/shop\\\/reinigungs-und-desinfektionspraeparate\\\/zubehoer-reinigungs-und-desinfektionspraeparate\\\/dosierpumpe-fuer-5-l-kanister\\\/\",\"url\":\"https:\\\/\\\/bandelin.com\\\/shop\\\/reinigungs-und-desinfektionspraeparate\\\/zubehoer-reinigungs-und-desinfektionspraeparate\\\/dosierpumpe-fuer-5-l-kanister\\\/\",\"name\":\"Dosierpumpe f\u00fcr 5-l-Kanister | BANDELIN electronic GmbH &amp; Co. KG\",\"isPartOf\":{\"@id\":\"https:\\\/\\\/bandelin.com\\\/#website\"},\"primaryImageOfPage\":{\"@id\":\"https:\\\/\\\/bandelin.com\\\/shop\\\/reinigungs-und-desinfektionspraeparate\\\/zubehoer-reinigungs-und-desinfektionspraeparate\\\/dosierpumpe-fuer-5-l-kanister\\\/#primaryimage\"},\"image\":{\"@id\":\"https:\\\/\\\/bandelin.com\\\/shop\\\/reinigungs-und-desinfektionspraeparate\\\/zubehoer-reinigungs-und-desinfektionspraeparate\\\/dosierpumpe-fuer-5-l-kanister\\\/#primaryimage\"},\"thumbnailUrl\":\"https:\\\/\\\/bandelin.com\\\/wp-content\\\/uploads\\\/Produktfoto_268_Dosierpumpe_5l-scaled.jpg\",\"datePublished\":\"2026-03-31T20:25:19+00:00\",\"dateModified\":\"2026-04-22T18:27:24+00:00\",\"description\":\"Informationen Sie sich \u00fcber Dosierpumpe f\u00fcr 5-l-Kanister | Hochwertige Ultraschallb\u00e4der f\u00fcr Medizin und Industrie von Bandelin Electronic seit 1955.\",\"breadcrumb\":{\"@id\":\"https:\\\/\\\/bandelin.com\\\/shop\\\/reinigungs-und-desinfektionspraeparate\\\/zubehoer-reinigungs-und-desinfektionspraeparate\\\/dosierpumpe-fuer-5-l-kanister\\\/#breadcrumb\"},\"inLanguage\":\"it-IT\",\"potentialAction\":[{\"@type\":\"ReadAction\",\"target\":[\"https:\\\/\\\/bandelin.com\\\/shop\\\/reinigungs-und-desinfektionspraeparate\\\/zubehoer-reinigungs-und-desinfektionspraeparate\\\/dosierpumpe-fuer-5-l-kanister\\\/\"]}]},{\"@type\":\"ImageObject\",\"inLanguage\":\"it-IT\",\"@id\":\"https:\\\/\\\/bandelin.com\\\/shop\\\/reinigungs-und-desinfektionspraeparate\\\/zubehoer-reinigungs-und-desinfektionspraeparate\\\/dosierpumpe-fuer-5-l-kanister\\\/#primaryimage\",\"url\":\"https:\\\/\\\/bandelin.com\\\/wp-content\\\/uploads\\\/Produktfoto_268_Dosierpumpe_5l-scaled.jpg\",\"contentUrl\":\"https:\\\/\\\/bandelin.com\\\/wp-content\\\/uploads\\\/Produktfoto_268_Dosierpumpe_5l-scaled.jpg\",\"width\":2048,\"height\":2048,\"caption\":\"Dosierpumpe f\u00fcr 5-l-Kanister Bild\"},{\"@type\":\"BreadcrumbList\",\"@id\":\"https:\\\/\\\/bandelin.com\\\/shop\\\/reinigungs-und-desinfektionspraeparate\\\/zubehoer-reinigungs-und-desinfektionspraeparate\\\/dosierpumpe-fuer-5-l-kanister\\\/#breadcrumb\",\"itemListElement\":[{\"@type\":\"ListItem\",\"position\":1,\"name\":\"Startseite\",\"item\":\"https:\\\/\\\/bandelin.com\\\/\"},{\"@type\":\"ListItem\",\"position\":2,\"name\":\"Shop\",\"item\":\"https:\\\/\\\/bandelin.com\\\/shop\\\/\"},{\"@type\":\"ListItem\",\"position\":3,\"name\":\"Dosierpumpe f\u00fcr 5-l-Kanister\"}]},{\"@type\":\"WebSite\",\"@id\":\"https:\\\/\\\/bandelin.com\\\/#website\",\"url\":\"https:\\\/\\\/bandelin.com\\\/\",\"name\":\"BANDELIN electronic GmbH & Co. KG\",\"description\":\"Ultraschall seit 1955\",\"publisher\":{\"@id\":\"https:\\\/\\\/bandelin.com\\\/#organization\"},\"potentialAction\":[{\"@type\":\"SearchAction\",\"target\":{\"@type\":\"EntryPoint\",\"urlTemplate\":\"https:\\\/\\\/bandelin.com\\\/?s={search_term_string}\"},\"query-input\":{\"@type\":\"PropertyValueSpecification\",\"valueRequired\":true,\"valueName\":\"search_term_string\"}}],\"inLanguage\":\"it-IT\"},{\"@type\":\"Organization\",\"@id\":\"https:\\\/\\\/bandelin.com\\\/#organization\",\"name\":\"BANDELIN electronic GmbH & Co. KG\",\"url\":\"https:\\\/\\\/bandelin.com\\\/\",\"logo\":{\"@type\":\"ImageObject\",\"inLanguage\":\"it-IT\",\"@id\":\"https:\\\/\\\/bandelin.com\\\/#\\\/schema\\\/logo\\\/image\\\/\",\"url\":\"\",\"contentUrl\":\"\",\"caption\":\"BANDELIN electronic GmbH & Co. KG\"},\"image\":{\"@id\":\"https:\\\/\\\/bandelin.com\\\/#\\\/schema\\\/logo\\\/image\\\/\"},\"sameAs\":[\"https:\\\/\\\/de-de.facebook.com\\\/bandelin.electronic\\\/\",\"https:\\\/\\\/www.instagram.com\\\/bandelin_ultrasonic\\\/?hl=de\",\"https:\\\/\\\/www.linkedin.com\\\/company\\\/bandelin-electronic-gmbh-amp-co-kg\",\"https:\\\/\\\/www.youtube.com\\\/channel\\\/UC5wTNrNxkwMmX-WzysQqw3g\"]}]}<\/script>\n<!-- \/ Yoast SEO plugin. -->","yoast_head_json":{"title":"Pompa dosatrice per taniche da 5 litri | BANDELIN electronic GmbH &amp; Co. KG","description":"Ulteriori informazioni su Pompa dosatrice per taniche da 5 litri | Bagni a ultrasuoni di alta qualit\u00e0 per la medicina e l'industria di Bandelin Electronic dal 1955.","robots":{"index":"index","follow":"follow","max-snippet":"max-snippet:-1","max-image-preview":"max-image-preview:large","max-video-preview":"max-video-preview:-1"},"canonical":"https:\/\/bandelin.com\/it\/negozio\/preparati-per-la-pulizia-e-la-disinfezione\/accessori-per-la-pulizia-e-la-disinfezione\/pompa-di-dosaggio-per-taniche-da-5-litri\/","og_locale":"it_IT","og_type":"article","og_title":"Dosierpumpe f\u00fcr 5-l-Kanister | BANDELIN electronic GmbH &amp; Co. KG","og_description":"Informationen Sie sich \u00fcber Dosierpumpe f\u00fcr 5-l-Kanister | Hochwertige Ultraschallb\u00e4der f\u00fcr Medizin und Industrie von Bandelin Electronic seit 1955.","og_url":"https:\/\/bandelin.com\/it\/negozio\/preparati-per-la-pulizia-e-la-disinfezione\/accessori-per-la-pulizia-e-la-disinfezione\/pompa-di-dosaggio-per-taniche-da-5-litri\/","og_site_name":"BANDELIN electronic GmbH &amp; Co. KG","article_publisher":"https:\/\/de-de.facebook.com\/bandelin.electronic\/","article_modified_time":"2026-04-22T18:27:24+00:00","og_image":[{"width":2048,"height":2048,"url":"https:\/\/bandelin.com\/wp-content\/uploads\/Produktfoto_268_Dosierpumpe_5l-scaled.jpg","type":"image\/jpeg"}],"twitter_card":"summary_large_image","schema":{"@context":"https:\/\/schema.org","@graph":[{"@type":"WebPage","@id":"https:\/\/bandelin.com\/shop\/reinigungs-und-desinfektionspraeparate\/zubehoer-reinigungs-und-desinfektionspraeparate\/dosierpumpe-fuer-5-l-kanister\/","url":"https:\/\/bandelin.com\/shop\/reinigungs-und-desinfektionspraeparate\/zubehoer-reinigungs-und-desinfektionspraeparate\/dosierpumpe-fuer-5-l-kanister\/","name":"Pompa dosatrice per taniche da 5 litri | BANDELIN electronic GmbH &amp; Co. KG","isPartOf":{"@id":"https:\/\/bandelin.com\/#website"},"primaryImageOfPage":{"@id":"https:\/\/bandelin.com\/shop\/reinigungs-und-desinfektionspraeparate\/zubehoer-reinigungs-und-desinfektionspraeparate\/dosierpumpe-fuer-5-l-kanister\/#primaryimage"},"image":{"@id":"https:\/\/bandelin.com\/shop\/reinigungs-und-desinfektionspraeparate\/zubehoer-reinigungs-und-desinfektionspraeparate\/dosierpumpe-fuer-5-l-kanister\/#primaryimage"},"thumbnailUrl":"https:\/\/bandelin.com\/wp-content\/uploads\/Produktfoto_268_Dosierpumpe_5l-scaled.jpg","datePublished":"2026-03-31T20:25:19+00:00","dateModified":"2026-04-22T18:27:24+00:00","description":"Ulteriori informazioni su Pompa dosatrice per taniche da 5 litri | Bagni a ultrasuoni di alta qualit\u00e0 per la medicina e l'industria di Bandelin Electronic dal 1955.","breadcrumb":{"@id":"https:\/\/bandelin.com\/shop\/reinigungs-und-desinfektionspraeparate\/zubehoer-reinigungs-und-desinfektionspraeparate\/dosierpumpe-fuer-5-l-kanister\/#breadcrumb"},"inLanguage":"it-IT","potentialAction":[{"@type":"ReadAction","target":["https:\/\/bandelin.com\/shop\/reinigungs-und-desinfektionspraeparate\/zubehoer-reinigungs-und-desinfektionspraeparate\/dosierpumpe-fuer-5-l-kanister\/"]}]},{"@type":"ImageObject","inLanguage":"it-IT","@id":"https:\/\/bandelin.com\/shop\/reinigungs-und-desinfektionspraeparate\/zubehoer-reinigungs-und-desinfektionspraeparate\/dosierpumpe-fuer-5-l-kanister\/#primaryimage","url":"https:\/\/bandelin.com\/wp-content\/uploads\/Produktfoto_268_Dosierpumpe_5l-scaled.jpg","contentUrl":"https:\/\/bandelin.com\/wp-content\/uploads\/Produktfoto_268_Dosierpumpe_5l-scaled.jpg","width":2048,"height":2048,"caption":"Dosierpumpe f\u00fcr 5-l-Kanister Bild"},{"@type":"BreadcrumbList","@id":"https:\/\/bandelin.com\/shop\/reinigungs-und-desinfektionspraeparate\/zubehoer-reinigungs-und-desinfektionspraeparate\/dosierpumpe-fuer-5-l-kanister\/#breadcrumb","itemListElement":[{"@type":"ListItem","position":1,"name":"Startseite","item":"https:\/\/bandelin.com\/"},{"@type":"ListItem","position":2,"name":"Shop","item":"https:\/\/bandelin.com\/shop\/"},{"@type":"ListItem","position":3,"name":"Dosierpumpe f\u00fcr 5-l-Kanister"}]},{"@type":"WebSite","@id":"https:\/\/bandelin.com\/#website","url":"https:\/\/bandelin.com\/","name":"BANDELIN electronic GmbH &amp; Co. KG","description":"Ultrasuoni dal 1955","publisher":{"@id":"https:\/\/bandelin.com\/#organization"},"potentialAction":[{"@type":"SearchAction","target":{"@type":"EntryPoint","urlTemplate":"https:\/\/bandelin.com\/?s={search_term_string}"},"query-input":{"@type":"PropertyValueSpecification","valueRequired":true,"valueName":"search_term_string"}}],"inLanguage":"it-IT"},{"@type":"Organization","@id":"https:\/\/bandelin.com\/#organization","name":"BANDELIN electronic GmbH &amp; Co. KG","url":"https:\/\/bandelin.com\/","logo":{"@type":"ImageObject","inLanguage":"it-IT","@id":"https:\/\/bandelin.com\/#\/schema\/logo\/image\/","url":"","contentUrl":"","caption":"BANDELIN electronic GmbH & Co. KG"},"image":{"@id":"https:\/\/bandelin.com\/#\/schema\/logo\/image\/"},"sameAs":["https:\/\/de-de.facebook.com\/bandelin.electronic\/","https:\/\/www.instagram.com\/bandelin_ultrasonic\/?hl=de","https:\/\/www.linkedin.com\/company\/bandelin-electronic-gmbh-amp-co-kg","https:\/\/www.youtube.com\/channel\/UC5wTNrNxkwMmX-WzysQqw3g"]}]}},"_links":{"self":[{"href":"https:\/\/bandelin.com\/it\/wp-json\/wp\/v2\/product\/666641","targetHints":{"allow":["GET"]}}],"collection":[{"href":"https:\/\/bandelin.com\/it\/wp-json\/wp\/v2\/product"}],"about":[{"href":"https:\/\/bandelin.com\/it\/wp-json\/wp\/v2\/types\/product"}],"version-history":[{"count":1,"href":"https:\/\/bandelin.com\/it\/wp-json\/wp\/v2\/product\/666641\/revisions"}],"predecessor-version":[{"id":666642,"href":"https:\/\/bandelin.com\/it\/wp-json\/wp\/v2\/product\/666641\/revisions\/666642"}],"wp:featuredmedia":[{"embeddable":true,"href":"https:\/\/bandelin.com\/it\/wp-json\/wp\/v2\/media\/650051"}],"wp:attachment":[{"href":"https:\/\/bandelin.com\/it\/wp-json\/wp\/v2\/media?parent=666641"}],"wp:term":[{"taxonomy":"product_brand","embeddable":true,"href":"https:\/\/bandelin.com\/it\/wp-json\/wp\/v2\/product_brand?post=666641"},{"taxonomy":"product_cat","embeddable":true,"href":"https:\/\/bandelin.com\/it\/wp-json\/wp\/v2\/product_cat?post=666641"},{"taxonomy":"product_tag","embeddable":true,"href":"https:\/\/bandelin.com\/it\/wp-json\/wp\/v2\/product_tag?post=666641"}],"curies":[{"name":"wp","href":"https:\/\/api.w.org\/{rel}","templated":true}]}}