{"id":666741,"date":"2026-03-31T22:27:31","date_gmt":"2026-03-31T20:27:31","guid":{"rendered":"https:\/\/bandelin.com\/shop\/unkategorisiert\/sonorex-technik-to-110-trogtrockner\/"},"modified":"2026-04-30T20:29:17","modified_gmt":"2026-04-30T18:29:17","slug":"essiccatoio-sonorex-technik-to-110-trough","status":"publish","type":"product","link":"https:\/\/bandelin.com\/it\/shop\/sonorex-technik-ultraschallbaeder\/sonorex-technik-to-trogtrockner\/sonorex-technik-to-110-trogtrockner\/","title":{"rendered":"SONOREX TECHNIK TO 110 Essiccatoio a cestello"},"content":{"rendered":"<p>L'essiccatoio a vasca \u00e8 utilizzato per l'asciugatura rapida dei pezzi puliti e risciacquati.<br \/>\n  L'aria riscaldata dagli elementi riscaldanti viene indirizzata sugli articoli da asciugare tramite condotti d'aria disposti in modo ottimale. Ci\u00f2 consente un'asciugatura rapida e intensiva, soprattutto per i materiali con un'elevata adesione all'acqua.<br \/>\n  Una piccola parte del flusso d'aria di ricircolo viene sempre scambiata attraverso il sistema open-top.<br \/>\n  Questo mantiene la capacit\u00e0 dell'aria circolante di assorbire l'umidit\u00e0. La temperatura di asciugatura desiderata e il tempo di funzionamento si impostano utilizzando i comandi sul lato anteriore.<br \/>\n  \u00c8 integrata anche una funzione di spegnimento automatico della temperatura, che spegne gli elementi riscaldanti se la temperatura supera i 120 \u00b0C all'interno. L'asciugatrice \u00e8 isolata termicamente all'esterno con un tessuto rivestito di alluminio e deve essere collocata in una stanza ben ventilata.<\/p>","protected":false},"excerpt":{"rendered":"<p>Der Trogtrockner dient zum schnellen Trocknen von gereinigten und gesp\u00fclten Werkst\u00fccken. Die \u00fcber Heizelemente aufgew\u00e4rmte Luft wird \u00fcber optimal angeordnete Luftf\u00fchrungen gezielt auf das Trocknungsgut geleitet. Dadurch ist eine schnelle und intensive Trocknung m\u00f6glich, besonders bei Materialien mit hoher Wasseranhaftung. \u00dcber das nach oben offene System wird stets ein geringer Teil des Umluftdurchsatzes ausgetauscht. Dadurch [&hellip;]<\/p>\n","protected":false},"featured_media":650092,"template":"","meta":{"_acf_changed":false},"product_brand":[],"product_cat":[14257,12497],"product_tag":[14646,12639],"class_list":{"0":"post-666741","1":"product","2":"type-product","3":"status-publish","4":"has-post-thumbnail","6":"product_cat-sonorex-technik-to-trogtrockner","7":"product_cat-sonorex-technik-ultraschallbaeder","8":"product_tag-sonorex-technik-ultraschallbaeder-sonorex-technik-to-trogtrockner","9":"product_tag-trockner","10":"pa_arbeitsinhalt-l-14533","11":"pa_aussenmass-breite-mm-700-2","12":"pa_aussenmass-hoehe-mm-12558","13":"pa_aussenmass-laenge-mm-12637","14":"pa_bedienung-drehgriff","15":"pa_bestellnummer-12631","16":"pa_betriebsspannung-v-400-v3npe-50-60-hz","17":"pa_ce-kennzeichnung-maschinenrichtlinie-2006-42-eg-emv-richtlinie-2014-30-eu-rohs-richtlinie-2011-65-eu","18":"pa_einstellb-temp-ber-c-30-110","19":"pa_heizleistung-w-12635","20":"pa_innenmass-b-mm-12392","21":"pa_innenmass-l-mm-600-2","22":"pa_innenmass-t-mm-14312","23":"pa_netzkabel-5-m-fest-am-geraet-mit-drehstromstecker-cekon-32-a","24":"pa_passend-zu-rm-110-uh-rm-112-uh-zm-112-uhl","25":"pa_verpackung-breite-mm-12345","26":"pa_verpackung-hoehe-mm-12474","27":"pa_verpackung-laenge-mm-12473","28":"pa_wannenmaterial-edelstahl-1-4301","29":"pa_zeiteinstellung-min-1-15-dauerbetrieb","31":"first","32":"onbackorder","33":"taxable","34":"shipping-taxable","35":"purchasable","36":"product-type-simple"},"acf":[],"yoast_head":"<!-- This site is optimized with the Yoast SEO plugin v27.5 - https:\/\/yoast.com\/product\/yoast-seo-wordpress\/ -->\n<title>SONOREX TECHNIK TO 110 Trogtrockner | BANDELIN electronic GmbH &amp; Co. KG<\/title>\n<meta name=\"description\" content=\"Informationen Sie sich \u00fcber SONOREX TECHNIK TO 110 Trogtrockner | Hochwertige Ultraschallb\u00e4der f\u00fcr Medizin und Industrie von Bandelin Electronic seit 1955.\" \/>\n<meta name=\"robots\" content=\"index, follow, max-snippet:-1, max-image-preview:large, max-video-preview:-1\" \/>\n<link rel=\"canonical\" href=\"https:\/\/bandelin.com\/it\/negozio\/bagni-a-ultrasuoni-con-tecnologia-sonorex\/tecnologia-sonorex-per-lessiccatore-a-coclea\/essiccatoio-sonorex-technik-to-110-trough\/\" \/>\n<meta property=\"og:locale\" content=\"it_IT\" \/>\n<meta property=\"og:type\" content=\"article\" \/>\n<meta property=\"og:title\" content=\"SONOREX TECHNIK TO 110 Trogtrockner | BANDELIN electronic GmbH &amp; Co. KG\" \/>\n<meta property=\"og:description\" content=\"Informationen Sie sich \u00fcber SONOREX TECHNIK TO 110 Trogtrockner | Hochwertige Ultraschallb\u00e4der f\u00fcr Medizin und Industrie von Bandelin Electronic seit 1955.\" \/>\n<meta property=\"og:url\" content=\"https:\/\/bandelin.com\/it\/negozio\/bagni-a-ultrasuoni-con-tecnologia-sonorex\/tecnologia-sonorex-per-lessiccatore-a-coclea\/essiccatoio-sonorex-technik-to-110-trough\/\" \/>\n<meta property=\"og:site_name\" content=\"BANDELIN electronic GmbH &amp; Co. KG\" \/>\n<meta property=\"article:publisher\" content=\"https:\/\/de-de.facebook.com\/bandelin.electronic\/\" \/>\n<meta property=\"article:modified_time\" content=\"2026-04-30T18:29:17+00:00\" \/>\n<meta property=\"og:image\" content=\"https:\/\/bandelin.com\/wp-content\/uploads\/Produktfoto_TO_110-scaled.jpg\" \/>\n\t<meta property=\"og:image:width\" content=\"2048\" \/>\n\t<meta property=\"og:image:height\" content=\"2048\" \/>\n\t<meta property=\"og:image:type\" content=\"image\/jpeg\" \/>\n<meta name=\"twitter:card\" content=\"summary_large_image\" \/>\n<meta name=\"twitter:label1\" content=\"Tempo di lettura stimato\" \/>\n\t<meta name=\"twitter:data1\" content=\"1 minuto\" \/>\n<script type=\"application\/ld+json\" class=\"yoast-schema-graph\">{\"@context\":\"https:\\\/\\\/schema.org\",\"@graph\":[{\"@type\":\"WebPage\",\"@id\":\"https:\\\/\\\/bandelin.com\\\/shop\\\/sonorex-technik-ultraschallbaeder\\\/sonorex-technik-to-trogtrockner\\\/sonorex-technik-to-110-trogtrockner\\\/\",\"url\":\"https:\\\/\\\/bandelin.com\\\/shop\\\/sonorex-technik-ultraschallbaeder\\\/sonorex-technik-to-trogtrockner\\\/sonorex-technik-to-110-trogtrockner\\\/\",\"name\":\"SONOREX TECHNIK TO 110 Trogtrockner | BANDELIN electronic GmbH &amp; Co. KG\",\"isPartOf\":{\"@id\":\"https:\\\/\\\/bandelin.com\\\/#website\"},\"primaryImageOfPage\":{\"@id\":\"https:\\\/\\\/bandelin.com\\\/shop\\\/sonorex-technik-ultraschallbaeder\\\/sonorex-technik-to-trogtrockner\\\/sonorex-technik-to-110-trogtrockner\\\/#primaryimage\"},\"image\":{\"@id\":\"https:\\\/\\\/bandelin.com\\\/shop\\\/sonorex-technik-ultraschallbaeder\\\/sonorex-technik-to-trogtrockner\\\/sonorex-technik-to-110-trogtrockner\\\/#primaryimage\"},\"thumbnailUrl\":\"https:\\\/\\\/bandelin.com\\\/wp-content\\\/uploads\\\/Produktfoto_TO_110-scaled.jpg\",\"datePublished\":\"2026-03-31T20:27:31+00:00\",\"dateModified\":\"2026-04-30T18:29:17+00:00\",\"description\":\"Informationen Sie sich \u00fcber SONOREX TECHNIK TO 110 Trogtrockner | Hochwertige Ultraschallb\u00e4der f\u00fcr Medizin und Industrie von Bandelin Electronic seit 1955.\",\"breadcrumb\":{\"@id\":\"https:\\\/\\\/bandelin.com\\\/shop\\\/sonorex-technik-ultraschallbaeder\\\/sonorex-technik-to-trogtrockner\\\/sonorex-technik-to-110-trogtrockner\\\/#breadcrumb\"},\"inLanguage\":\"it-IT\",\"potentialAction\":[{\"@type\":\"ReadAction\",\"target\":[\"https:\\\/\\\/bandelin.com\\\/shop\\\/sonorex-technik-ultraschallbaeder\\\/sonorex-technik-to-trogtrockner\\\/sonorex-technik-to-110-trogtrockner\\\/\"]}]},{\"@type\":\"ImageObject\",\"inLanguage\":\"it-IT\",\"@id\":\"https:\\\/\\\/bandelin.com\\\/shop\\\/sonorex-technik-ultraschallbaeder\\\/sonorex-technik-to-trogtrockner\\\/sonorex-technik-to-110-trogtrockner\\\/#primaryimage\",\"url\":\"https:\\\/\\\/bandelin.com\\\/wp-content\\\/uploads\\\/Produktfoto_TO_110-scaled.jpg\",\"contentUrl\":\"https:\\\/\\\/bandelin.com\\\/wp-content\\\/uploads\\\/Produktfoto_TO_110-scaled.jpg\",\"width\":2048,\"height\":2048,\"caption\":\"SONOREX TECHNIK TO 110 Trogtrockner Bild\"},{\"@type\":\"BreadcrumbList\",\"@id\":\"https:\\\/\\\/bandelin.com\\\/shop\\\/sonorex-technik-ultraschallbaeder\\\/sonorex-technik-to-trogtrockner\\\/sonorex-technik-to-110-trogtrockner\\\/#breadcrumb\",\"itemListElement\":[{\"@type\":\"ListItem\",\"position\":1,\"name\":\"Startseite\",\"item\":\"https:\\\/\\\/bandelin.com\\\/\"},{\"@type\":\"ListItem\",\"position\":2,\"name\":\"Shop\",\"item\":\"https:\\\/\\\/bandelin.com\\\/shop\\\/\"},{\"@type\":\"ListItem\",\"position\":3,\"name\":\"SONOREX TECHNIK TO 110 Trogtrockner\"}]},{\"@type\":\"WebSite\",\"@id\":\"https:\\\/\\\/bandelin.com\\\/#website\",\"url\":\"https:\\\/\\\/bandelin.com\\\/\",\"name\":\"BANDELIN electronic GmbH & Co. KG\",\"description\":\"Ultraschall seit 1955\",\"publisher\":{\"@id\":\"https:\\\/\\\/bandelin.com\\\/#organization\"},\"potentialAction\":[{\"@type\":\"SearchAction\",\"target\":{\"@type\":\"EntryPoint\",\"urlTemplate\":\"https:\\\/\\\/bandelin.com\\\/?s={search_term_string}\"},\"query-input\":{\"@type\":\"PropertyValueSpecification\",\"valueRequired\":true,\"valueName\":\"search_term_string\"}}],\"inLanguage\":\"it-IT\"},{\"@type\":\"Organization\",\"@id\":\"https:\\\/\\\/bandelin.com\\\/#organization\",\"name\":\"BANDELIN electronic GmbH & Co. KG\",\"url\":\"https:\\\/\\\/bandelin.com\\\/\",\"logo\":{\"@type\":\"ImageObject\",\"inLanguage\":\"it-IT\",\"@id\":\"https:\\\/\\\/bandelin.com\\\/#\\\/schema\\\/logo\\\/image\\\/\",\"url\":\"\",\"contentUrl\":\"\",\"caption\":\"BANDELIN electronic GmbH & Co. KG\"},\"image\":{\"@id\":\"https:\\\/\\\/bandelin.com\\\/#\\\/schema\\\/logo\\\/image\\\/\"},\"sameAs\":[\"https:\\\/\\\/de-de.facebook.com\\\/bandelin.electronic\\\/\",\"https:\\\/\\\/www.instagram.com\\\/bandelin_ultrasonic\\\/?hl=de\",\"https:\\\/\\\/www.linkedin.com\\\/company\\\/bandelin-electronic-gmbh-amp-co-kg\",\"https:\\\/\\\/www.youtube.com\\\/channel\\\/UC5wTNrNxkwMmX-WzysQqw3g\"]}]}<\/script>\n<!-- \/ Yoast SEO plugin. -->","yoast_head_json":{"title":"SONOREX TECHNIK TO 110 Essiccatoio a truogolo | BANDELIN electronic GmbH &amp; Co. KG","description":"Scopri di pi\u00f9 su SONOREX TECHNIK TO 110 trough dryer | Bagni a ultrasuoni di alta qualit\u00e0 per la medicina e l'industria di Bandelin Electronic dal 1955.","robots":{"index":"index","follow":"follow","max-snippet":"max-snippet:-1","max-image-preview":"max-image-preview:large","max-video-preview":"max-video-preview:-1"},"canonical":"https:\/\/bandelin.com\/it\/negozio\/bagni-a-ultrasuoni-con-tecnologia-sonorex\/tecnologia-sonorex-per-lessiccatore-a-coclea\/essiccatoio-sonorex-technik-to-110-trough\/","og_locale":"it_IT","og_type":"article","og_title":"SONOREX TECHNIK TO 110 Trogtrockner | BANDELIN electronic GmbH &amp; Co. KG","og_description":"Informationen Sie sich \u00fcber SONOREX TECHNIK TO 110 Trogtrockner | Hochwertige Ultraschallb\u00e4der f\u00fcr Medizin und Industrie von Bandelin Electronic seit 1955.","og_url":"https:\/\/bandelin.com\/it\/negozio\/bagni-a-ultrasuoni-con-tecnologia-sonorex\/tecnologia-sonorex-per-lessiccatore-a-coclea\/essiccatoio-sonorex-technik-to-110-trough\/","og_site_name":"BANDELIN electronic GmbH &amp; Co. KG","article_publisher":"https:\/\/de-de.facebook.com\/bandelin.electronic\/","article_modified_time":"2026-04-30T18:29:17+00:00","og_image":[{"width":2048,"height":2048,"url":"https:\/\/bandelin.com\/wp-content\/uploads\/Produktfoto_TO_110-scaled.jpg","type":"image\/jpeg"}],"twitter_card":"summary_large_image","twitter_misc":{"Tempo di lettura stimato":"1 minuto"},"schema":{"@context":"https:\/\/schema.org","@graph":[{"@type":"WebPage","@id":"https:\/\/bandelin.com\/shop\/sonorex-technik-ultraschallbaeder\/sonorex-technik-to-trogtrockner\/sonorex-technik-to-110-trogtrockner\/","url":"https:\/\/bandelin.com\/shop\/sonorex-technik-ultraschallbaeder\/sonorex-technik-to-trogtrockner\/sonorex-technik-to-110-trogtrockner\/","name":"SONOREX TECHNIK TO 110 Essiccatoio a truogolo | BANDELIN electronic GmbH &amp; Co. KG","isPartOf":{"@id":"https:\/\/bandelin.com\/#website"},"primaryImageOfPage":{"@id":"https:\/\/bandelin.com\/shop\/sonorex-technik-ultraschallbaeder\/sonorex-technik-to-trogtrockner\/sonorex-technik-to-110-trogtrockner\/#primaryimage"},"image":{"@id":"https:\/\/bandelin.com\/shop\/sonorex-technik-ultraschallbaeder\/sonorex-technik-to-trogtrockner\/sonorex-technik-to-110-trogtrockner\/#primaryimage"},"thumbnailUrl":"https:\/\/bandelin.com\/wp-content\/uploads\/Produktfoto_TO_110-scaled.jpg","datePublished":"2026-03-31T20:27:31+00:00","dateModified":"2026-04-30T18:29:17+00:00","description":"Scopri di pi\u00f9 su SONOREX TECHNIK TO 110 trough dryer | Bagni a ultrasuoni di alta qualit\u00e0 per la medicina e l'industria di Bandelin Electronic dal 1955.","breadcrumb":{"@id":"https:\/\/bandelin.com\/shop\/sonorex-technik-ultraschallbaeder\/sonorex-technik-to-trogtrockner\/sonorex-technik-to-110-trogtrockner\/#breadcrumb"},"inLanguage":"it-IT","potentialAction":[{"@type":"ReadAction","target":["https:\/\/bandelin.com\/shop\/sonorex-technik-ultraschallbaeder\/sonorex-technik-to-trogtrockner\/sonorex-technik-to-110-trogtrockner\/"]}]},{"@type":"ImageObject","inLanguage":"it-IT","@id":"https:\/\/bandelin.com\/shop\/sonorex-technik-ultraschallbaeder\/sonorex-technik-to-trogtrockner\/sonorex-technik-to-110-trogtrockner\/#primaryimage","url":"https:\/\/bandelin.com\/wp-content\/uploads\/Produktfoto_TO_110-scaled.jpg","contentUrl":"https:\/\/bandelin.com\/wp-content\/uploads\/Produktfoto_TO_110-scaled.jpg","width":2048,"height":2048,"caption":"SONOREX TECHNIK TO 110 Trogtrockner Bild"},{"@type":"BreadcrumbList","@id":"https:\/\/bandelin.com\/shop\/sonorex-technik-ultraschallbaeder\/sonorex-technik-to-trogtrockner\/sonorex-technik-to-110-trogtrockner\/#breadcrumb","itemListElement":[{"@type":"ListItem","position":1,"name":"Startseite","item":"https:\/\/bandelin.com\/"},{"@type":"ListItem","position":2,"name":"Shop","item":"https:\/\/bandelin.com\/shop\/"},{"@type":"ListItem","position":3,"name":"SONOREX TECHNIK TO 110 Trogtrockner"}]},{"@type":"WebSite","@id":"https:\/\/bandelin.com\/#website","url":"https:\/\/bandelin.com\/","name":"BANDELIN electronic GmbH &amp; Co. KG","description":"Ultrasuoni dal 1955","publisher":{"@id":"https:\/\/bandelin.com\/#organization"},"potentialAction":[{"@type":"SearchAction","target":{"@type":"EntryPoint","urlTemplate":"https:\/\/bandelin.com\/?s={search_term_string}"},"query-input":{"@type":"PropertyValueSpecification","valueRequired":true,"valueName":"search_term_string"}}],"inLanguage":"it-IT"},{"@type":"Organization","@id":"https:\/\/bandelin.com\/#organization","name":"BANDELIN electronic GmbH &amp; Co. KG","url":"https:\/\/bandelin.com\/","logo":{"@type":"ImageObject","inLanguage":"it-IT","@id":"https:\/\/bandelin.com\/#\/schema\/logo\/image\/","url":"","contentUrl":"","caption":"BANDELIN electronic GmbH & Co. KG"},"image":{"@id":"https:\/\/bandelin.com\/#\/schema\/logo\/image\/"},"sameAs":["https:\/\/de-de.facebook.com\/bandelin.electronic\/","https:\/\/www.instagram.com\/bandelin_ultrasonic\/?hl=de","https:\/\/www.linkedin.com\/company\/bandelin-electronic-gmbh-amp-co-kg","https:\/\/www.youtube.com\/channel\/UC5wTNrNxkwMmX-WzysQqw3g"]}]}},"_links":{"self":[{"href":"https:\/\/bandelin.com\/it\/wp-json\/wp\/v2\/product\/666741","targetHints":{"allow":["GET"]}}],"collection":[{"href":"https:\/\/bandelin.com\/it\/wp-json\/wp\/v2\/product"}],"about":[{"href":"https:\/\/bandelin.com\/it\/wp-json\/wp\/v2\/types\/product"}],"version-history":[{"count":1,"href":"https:\/\/bandelin.com\/it\/wp-json\/wp\/v2\/product\/666741\/revisions"}],"predecessor-version":[{"id":666742,"href":"https:\/\/bandelin.com\/it\/wp-json\/wp\/v2\/product\/666741\/revisions\/666742"}],"wp:featuredmedia":[{"embeddable":true,"href":"https:\/\/bandelin.com\/it\/wp-json\/wp\/v2\/media\/650092"}],"wp:attachment":[{"href":"https:\/\/bandelin.com\/it\/wp-json\/wp\/v2\/media?parent=666741"}],"wp:term":[{"taxonomy":"product_brand","embeddable":true,"href":"https:\/\/bandelin.com\/it\/wp-json\/wp\/v2\/product_brand?post=666741"},{"taxonomy":"product_cat","embeddable":true,"href":"https:\/\/bandelin.com\/it\/wp-json\/wp\/v2\/product_cat?post=666741"},{"taxonomy":"product_tag","embeddable":true,"href":"https:\/\/bandelin.com\/it\/wp-json\/wp\/v2\/product_tag?post=666741"}],"curies":[{"name":"wp","href":"https:\/\/api.w.org\/{rel}","templated":true}]}}