{"id":697248,"date":"2026-05-07T21:00:54","date_gmt":"2026-05-07T19:00:54","guid":{"rendered":"https:\/\/bandelin.com\/shop\/unkategorisiert\/tickopur-r-60-phosphatfreier-intensiv-reiniger-konzentrat\/"},"modified":"2026-05-13T20:29:03","modified_gmt":"2026-05-13T18:29:03","slug":"tickopur-r-60-detergente-intensivo-concentrato-senza-fosfati","status":"publish","type":"product","link":"https:\/\/bandelin.com\/it\/shop\/reinigungs-und-desinfektionspraeparate\/tickopur-reinigungspraeparate\/tickopur-r-60-phosphatfreier-intensiv-reiniger-konzentrat\/","title":{"rendered":"TICKOPUR R 60 Detergente intensivo senza fosfati, concentrato"},"content":{"rendered":"<p>Detergente speciale<br \/>\n  Per la pulizia e lo sgrassaggio di macchine, utensili, attrezzature e parti smontate e non smontate nell'industria e nel commercio. TICKOPUR R 60 \u00e8 stato progettato appositamente per la pulizia nei dispositivi ad ultrasuoni SONOREX, ma pu\u00f2 essere utilizzato anche per l'immersione, la pulizia con panni e la pulizia ad alta pressione. Se usato correttamente, garantisce una pulizia rapida e delicata.<\/p>\n<p>  TICKOPUR R 60 rimosso:<br \/>\n  Residui di carbonizzazione, resinificazione, fuliggine, grasso, oli, cere, pigmenti, residui di verniciatura, residui di foratura, molatura, lucidatura e lappatura<br \/>\n  da<br \/>\n  Metallo (non per metallo leggero, stagno e zinco), vetro, ceramica, plastica, gomma, ecc.<\/p>\n<p>  TICKOPUR R 60 contiene una protezione temporanea dalla corrosione per i metalli ferrosi.<\/p>\n<p>  Propriet\u00e0<br \/>\n  - Liquido<br \/>\n  - Concentrato<br \/>\n  - Per l'applicazione a ultrasuoni<br \/>\n  - Saponificare<br \/>\n  - pH 12,3 a 1 %<br \/>\n  - Senza solventi organici<br \/>\n  - Senza fosfati e silicati<br \/>\n  - Biodegradabile<\/p>\n<p>  Applicazione con gli ultrasuoni<br \/>\n  Dosaggio: 2 - 20 %<br \/>\n  Tempo di sonicazione: 1 - 10 minuti<br \/>\n  Temperatura: 20 - 80 \u00b0C<\/p>\n<p>  Applicazione senza ultrasuoni<br \/>\n  Dosaggio: 10 - 30 %<br \/>\n  Tempo di applicazione: fino a 12 ore<br \/>\n  Temperatura: 20 - 80 \u00b0C<\/p>\n<p>  Note applicative<br \/>\n  Si assicuri che gli oggetti di pulizia siano completamente bagnati. Inserisca gli oggetti cavi in modo che l'aria esca completamente dalle cavit\u00e0. Il tempo di esposizione dipende dal tipo e dall'ostinazione dello sporco. Subito dopo la pulizia, sciacqui accuratamente gli oggetti da pulire con acqua, o con acqua demineralizzata, per assicurarsi che non rimangano residui.<\/p>\n<p>  Compatibilit\u00e0 dei materiali<br \/>\n  I materiali sensibili agli alcali come i metalli leggeri, lo stagno, lo zinco e i metalli non ferrosi possono essere attaccati. Si consiglia di effettuare dei test preliminari sulla resistenza di queste parti.<\/p>\n<p>  Avvertenze di pericolo<br \/>\n  H314 Provoca gravi ustioni alla pelle e danni agli occhi.<\/p>\n<p>  Istruzioni di sicurezza<br \/>\n  P280 Indossi guanti protettivi\/indumenti protettivi\/protezione degli occhi\/protezione del viso.<br \/>\n  P305+P351+P338 IN CASO DI CONTATTO CON GLI OCCHI: sciacquare con cautela con acqua per diversi minuti.<br \/>\n  Rimuova le lenti a contatto esistenti, se possibile. Continui a risciacquare.<\/p>\n<p>  La consegna \u00e8 consentita solo agli utenti commerciali.<\/p>","protected":false},"excerpt":{"rendered":"<p>Spezial-Reiniger Zur Reinigung und Entfettung von zerlegten und unzerlegten Maschinen, Werkzeugen, Ger\u00e4ten und Teilen in Industrie und Handwerk. TICKOPUR R 60 ist speziell f\u00fcr die Reinigung in SONOREX-Ultraschallger\u00e4ten, aber auch zur Tauch-, Wisch und Hochdruckreinigung einzusetzen. Bei sachgem\u00e4\u00dfer Anwendung wird eine schnelle und materialschonende Reinigung gew\u00e4hrleistet. TICKOPUR R 60 entfernt: Verkokungsr\u00fcckst\u00e4nde, Verharzungen, Ru\u00df, Fette, \u00d6le, [&hellip;]<\/p>\n","protected":false},"featured_media":650177,"template":"","meta":{"_acf_changed":false},"product_brand":[],"product_cat":[14264,14181],"product_tag":[14830,14829],"class_list":{"0":"post-697248","1":"product","2":"type-product","3":"status-publish","4":"has-post-thumbnail","6":"product_cat-tickopur-reinigungspraeparate","7":"product_cat-reinigungs-und-desinfektionspraeparate","8":"product_tag-tickopur-reinigungspraeparate","9":"product_tag-reinigungs-und-desinfektionspraeparate","10":"pa_bestellnummer-14023","11":"pa_bestellnummer-14098","12":"pa_bestellnummer-14069","13":"pa_bestellnummer-14024","14":"pa_bestellnummer-13057","15":"pa_gebindegroesse-l-10-liter-8-euro-liter","16":"pa_gebindegroesse-l-2-liter-135-euro-liter","17":"pa_gebindegroesse-l-200-liter-41-euro-liter","18":"pa_gebindegroesse-l-1-liter-19-euro-liter","19":"pa_gebindegroesse-l-5-liter-10-euro-liter","20":"pa_inhalt-l-14542","21":"pa_inhalt-l-14541","22":"pa_inhalt-l-14540","23":"pa_inhalt-l-13991","24":"pa_inhalt-l-12484","25":"pa_verpackung-breite-mm-12313","26":"pa_verpackung-breite-mm-130-2","27":"pa_verpackung-hoehe-mm-14018","28":"pa_verpackung-hoehe-mm-13038","29":"pa_verpackung-hoehe-mm-12354","30":"pa_verpackung-laenge-mm-o-600","31":"pa_verpackung-laenge-mm-12353","32":"pa_verpackung-laenge-mm-250-2","34":"first","35":"instock","36":"taxable","37":"shipping-taxable","38":"purchasable","39":"product-type-variable","40":"has-default-attributes"},"acf":[],"yoast_head":"<!-- This site is optimized with the Yoast SEO plugin v27.6 - https:\/\/yoast.com\/product\/yoast-seo-wordpress\/ -->\n<title>TICKOPUR R 60 Phosphatfreier Intensiv-Reiniger, Konzentrat | BANDELIN electronic GmbH &amp; Co. KG<\/title>\n<meta name=\"description\" content=\"Informationen Sie sich \u00fcber TICKOPUR R 60 Phosphatfreier Intensiv-Reiniger, Konzentrat | Hochwertige Ultraschallb\u00e4der f\u00fcr Medizin und Industrie von Bandelin Electronic seit 1955.\" \/>\n<meta name=\"robots\" content=\"index, follow, max-snippet:-1, max-image-preview:large, max-video-preview:-1\" \/>\n<link rel=\"canonical\" href=\"https:\/\/bandelin.com\/it\/negozio\/preparati-per-la-pulizia-e-la-disinfezione\/preparati-per-la-pulizia-a-base-di-tickopur-2\/tickopur-r-60-detergente-intensivo-concentrato-senza-fosfati\/\" \/>\n<meta property=\"og:locale\" content=\"it_IT\" \/>\n<meta property=\"og:type\" content=\"article\" \/>\n<meta property=\"og:title\" content=\"TICKOPUR R 60 Phosphatfreier Intensiv-Reiniger, Konzentrat | BANDELIN electronic GmbH &amp; Co. KG\" \/>\n<meta property=\"og:description\" content=\"Informationen Sie sich \u00fcber TICKOPUR R 60 Phosphatfreier Intensiv-Reiniger, Konzentrat | Hochwertige Ultraschallb\u00e4der f\u00fcr Medizin und Industrie von Bandelin Electronic seit 1955.\" \/>\n<meta property=\"og:url\" content=\"https:\/\/bandelin.com\/it\/negozio\/preparati-per-la-pulizia-e-la-disinfezione\/preparati-per-la-pulizia-a-base-di-tickopur-2\/tickopur-r-60-detergente-intensivo-concentrato-senza-fosfati\/\" \/>\n<meta property=\"og:site_name\" content=\"BANDELIN electronic GmbH &amp; Co. KG\" \/>\n<meta property=\"article:publisher\" content=\"https:\/\/de-de.facebook.com\/bandelin.electronic\/\" \/>\n<meta property=\"article:modified_time\" content=\"2026-05-13T18:29:03+00:00\" \/>\n<meta property=\"og:image\" content=\"https:\/\/bandelin.com\/wp-content\/uploads\/Produktfoto_1L_TICKOPUR_R_60-scaled.jpg\" \/>\n\t<meta property=\"og:image:width\" content=\"2048\" \/>\n\t<meta property=\"og:image:height\" content=\"2048\" \/>\n\t<meta property=\"og:image:type\" content=\"image\/jpeg\" \/>\n<meta name=\"twitter:card\" content=\"summary_large_image\" \/>\n<meta name=\"twitter:label1\" content=\"Tempo di lettura stimato\" \/>\n\t<meta name=\"twitter:data1\" content=\"1 minuto\" \/>\n<script type=\"application\/ld+json\" class=\"yoast-schema-graph\">{\"@context\":\"https:\\\/\\\/schema.org\",\"@graph\":[{\"@type\":\"WebPage\",\"@id\":\"https:\\\/\\\/bandelin.com\\\/shop\\\/reinigungs-und-desinfektionspraeparate\\\/tickopur-reinigungspraeparate\\\/tickopur-r-60-phosphatfreier-intensiv-reiniger-konzentrat\\\/\",\"url\":\"https:\\\/\\\/bandelin.com\\\/shop\\\/reinigungs-und-desinfektionspraeparate\\\/tickopur-reinigungspraeparate\\\/tickopur-r-60-phosphatfreier-intensiv-reiniger-konzentrat\\\/\",\"name\":\"TICKOPUR R 60 Phosphatfreier Intensiv-Reiniger, Konzentrat | BANDELIN electronic GmbH &amp; Co. KG\",\"isPartOf\":{\"@id\":\"https:\\\/\\\/bvted2iv.myrdbx.io\\\/#website\"},\"primaryImageOfPage\":{\"@id\":\"https:\\\/\\\/bandelin.com\\\/shop\\\/reinigungs-und-desinfektionspraeparate\\\/tickopur-reinigungspraeparate\\\/tickopur-r-60-phosphatfreier-intensiv-reiniger-konzentrat\\\/#primaryimage\"},\"image\":{\"@id\":\"https:\\\/\\\/bandelin.com\\\/shop\\\/reinigungs-und-desinfektionspraeparate\\\/tickopur-reinigungspraeparate\\\/tickopur-r-60-phosphatfreier-intensiv-reiniger-konzentrat\\\/#primaryimage\"},\"thumbnailUrl\":\"https:\\\/\\\/bandelin.com\\\/wp-content\\\/uploads\\\/Produktfoto_1L_TICKOPUR_R_60-scaled.jpg\",\"datePublished\":\"2026-05-07T19:00:54+00:00\",\"dateModified\":\"2026-05-13T18:29:03+00:00\",\"description\":\"Informationen Sie sich \u00fcber TICKOPUR R 60 Phosphatfreier Intensiv-Reiniger, Konzentrat | Hochwertige Ultraschallb\u00e4der f\u00fcr Medizin und Industrie von Bandelin Electronic seit 1955.\",\"breadcrumb\":{\"@id\":\"https:\\\/\\\/bandelin.com\\\/shop\\\/reinigungs-und-desinfektionspraeparate\\\/tickopur-reinigungspraeparate\\\/tickopur-r-60-phosphatfreier-intensiv-reiniger-konzentrat\\\/#breadcrumb\"},\"inLanguage\":\"it-IT\",\"potentialAction\":[{\"@type\":\"ReadAction\",\"target\":[\"https:\\\/\\\/bandelin.com\\\/shop\\\/reinigungs-und-desinfektionspraeparate\\\/tickopur-reinigungspraeparate\\\/tickopur-r-60-phosphatfreier-intensiv-reiniger-konzentrat\\\/\"]}]},{\"@type\":\"ImageObject\",\"inLanguage\":\"it-IT\",\"@id\":\"https:\\\/\\\/bandelin.com\\\/shop\\\/reinigungs-und-desinfektionspraeparate\\\/tickopur-reinigungspraeparate\\\/tickopur-r-60-phosphatfreier-intensiv-reiniger-konzentrat\\\/#primaryimage\",\"url\":\"https:\\\/\\\/bandelin.com\\\/wp-content\\\/uploads\\\/Produktfoto_1L_TICKOPUR_R_60-scaled.jpg\",\"contentUrl\":\"https:\\\/\\\/bandelin.com\\\/wp-content\\\/uploads\\\/Produktfoto_1L_TICKOPUR_R_60-scaled.jpg\",\"width\":2048,\"height\":2048,\"caption\":\"TICKOPUR R 60 Phosphatfreier Intensiv-Reiniger\"},{\"@type\":\"BreadcrumbList\",\"@id\":\"https:\\\/\\\/bandelin.com\\\/shop\\\/reinigungs-und-desinfektionspraeparate\\\/tickopur-reinigungspraeparate\\\/tickopur-r-60-phosphatfreier-intensiv-reiniger-konzentrat\\\/#breadcrumb\",\"itemListElement\":[{\"@type\":\"ListItem\",\"position\":1,\"name\":\"Startseite\",\"item\":\"https:\\\/\\\/bandelin.com\\\/\"},{\"@type\":\"ListItem\",\"position\":2,\"name\":\"Shop\",\"item\":\"https:\\\/\\\/bandelin.com\\\/shop\\\/\"},{\"@type\":\"ListItem\",\"position\":3,\"name\":\"TICKOPUR R 60 Phosphatfreier Intensiv-Reiniger, Konzentrat\"}]},{\"@type\":\"WebSite\",\"@id\":\"https:\\\/\\\/bvted2iv.myrdbx.io\\\/#website\",\"url\":\"https:\\\/\\\/bvted2iv.myrdbx.io\\\/\",\"name\":\"BANDELIN electronic GmbH & Co. KG\",\"description\":\"Ultraschall seit 1955\",\"publisher\":{\"@id\":\"https:\\\/\\\/bvted2iv.myrdbx.io\\\/#organization\"},\"potentialAction\":[{\"@type\":\"SearchAction\",\"target\":{\"@type\":\"EntryPoint\",\"urlTemplate\":\"https:\\\/\\\/bvted2iv.myrdbx.io\\\/?s={search_term_string}\"},\"query-input\":{\"@type\":\"PropertyValueSpecification\",\"valueRequired\":true,\"valueName\":\"search_term_string\"}}],\"inLanguage\":\"it-IT\"},{\"@type\":\"Organization\",\"@id\":\"https:\\\/\\\/bvted2iv.myrdbx.io\\\/#organization\",\"name\":\"BANDELIN electronic GmbH & Co. KG\",\"url\":\"https:\\\/\\\/bvted2iv.myrdbx.io\\\/\",\"logo\":{\"@type\":\"ImageObject\",\"inLanguage\":\"it-IT\",\"@id\":\"https:\\\/\\\/bvted2iv.myrdbx.io\\\/#\\\/schema\\\/logo\\\/image\\\/\",\"url\":\"\",\"contentUrl\":\"\",\"caption\":\"BANDELIN electronic GmbH & Co. KG\"},\"image\":{\"@id\":\"https:\\\/\\\/bvted2iv.myrdbx.io\\\/#\\\/schema\\\/logo\\\/image\\\/\"},\"sameAs\":[\"https:\\\/\\\/de-de.facebook.com\\\/bandelin.electronic\\\/\",\"https:\\\/\\\/www.instagram.com\\\/bandelin_ultrasonic\\\/?hl=de\",\"https:\\\/\\\/www.linkedin.com\\\/company\\\/bandelin-electronic-gmbh-amp-co-kg\",\"https:\\\/\\\/www.youtube.com\\\/channel\\\/UC5wTNrNxkwMmX-WzysQqw3g\"]}]}<\/script>\n<!-- \/ Yoast SEO plugin. -->","yoast_head_json":{"title":"TICKOPUR R 60 Detergente intensivo senza fosfati, concentrato | BANDELIN electronic GmbH &amp; Co. KG","description":"Scopri di pi\u00f9 su TICKOPUR R 60 Detergente intensivo senza fosfati, concentrato | Bagni a ultrasuoni di alta qualit\u00e0 per la medicina e l'industria di Bandelin Electronic dal 1955.","robots":{"index":"index","follow":"follow","max-snippet":"max-snippet:-1","max-image-preview":"max-image-preview:large","max-video-preview":"max-video-preview:-1"},"canonical":"https:\/\/bandelin.com\/it\/negozio\/preparati-per-la-pulizia-e-la-disinfezione\/preparati-per-la-pulizia-a-base-di-tickopur-2\/tickopur-r-60-detergente-intensivo-concentrato-senza-fosfati\/","og_locale":"it_IT","og_type":"article","og_title":"TICKOPUR R 60 Phosphatfreier Intensiv-Reiniger, Konzentrat | BANDELIN electronic GmbH &amp; Co. KG","og_description":"Informationen Sie sich \u00fcber TICKOPUR R 60 Phosphatfreier Intensiv-Reiniger, Konzentrat | Hochwertige Ultraschallb\u00e4der f\u00fcr Medizin und Industrie von Bandelin Electronic seit 1955.","og_url":"https:\/\/bandelin.com\/it\/negozio\/preparati-per-la-pulizia-e-la-disinfezione\/preparati-per-la-pulizia-a-base-di-tickopur-2\/tickopur-r-60-detergente-intensivo-concentrato-senza-fosfati\/","og_site_name":"BANDELIN electronic GmbH &amp; Co. KG","article_publisher":"https:\/\/de-de.facebook.com\/bandelin.electronic\/","article_modified_time":"2026-05-13T18:29:03+00:00","og_image":[{"width":2048,"height":2048,"url":"https:\/\/bandelin.com\/wp-content\/uploads\/Produktfoto_1L_TICKOPUR_R_60-scaled.jpg","type":"image\/jpeg"}],"twitter_card":"summary_large_image","twitter_misc":{"Tempo di lettura stimato":"1 minuto"},"schema":{"@context":"https:\/\/schema.org","@graph":[{"@type":"WebPage","@id":"https:\/\/bandelin.com\/shop\/reinigungs-und-desinfektionspraeparate\/tickopur-reinigungspraeparate\/tickopur-r-60-phosphatfreier-intensiv-reiniger-konzentrat\/","url":"https:\/\/bandelin.com\/shop\/reinigungs-und-desinfektionspraeparate\/tickopur-reinigungspraeparate\/tickopur-r-60-phosphatfreier-intensiv-reiniger-konzentrat\/","name":"TICKOPUR R 60 Detergente intensivo senza fosfati, concentrato | BANDELIN electronic GmbH &amp; Co. KG","isPartOf":{"@id":"https:\/\/bvted2iv.myrdbx.io\/#website"},"primaryImageOfPage":{"@id":"https:\/\/bandelin.com\/shop\/reinigungs-und-desinfektionspraeparate\/tickopur-reinigungspraeparate\/tickopur-r-60-phosphatfreier-intensiv-reiniger-konzentrat\/#primaryimage"},"image":{"@id":"https:\/\/bandelin.com\/shop\/reinigungs-und-desinfektionspraeparate\/tickopur-reinigungspraeparate\/tickopur-r-60-phosphatfreier-intensiv-reiniger-konzentrat\/#primaryimage"},"thumbnailUrl":"https:\/\/bandelin.com\/wp-content\/uploads\/Produktfoto_1L_TICKOPUR_R_60-scaled.jpg","datePublished":"2026-05-07T19:00:54+00:00","dateModified":"2026-05-13T18:29:03+00:00","description":"Scopri di pi\u00f9 su TICKOPUR R 60 Detergente intensivo senza fosfati, concentrato | Bagni a ultrasuoni di alta qualit\u00e0 per la medicina e l'industria di Bandelin Electronic dal 1955.","breadcrumb":{"@id":"https:\/\/bandelin.com\/shop\/reinigungs-und-desinfektionspraeparate\/tickopur-reinigungspraeparate\/tickopur-r-60-phosphatfreier-intensiv-reiniger-konzentrat\/#breadcrumb"},"inLanguage":"it-IT","potentialAction":[{"@type":"ReadAction","target":["https:\/\/bandelin.com\/shop\/reinigungs-und-desinfektionspraeparate\/tickopur-reinigungspraeparate\/tickopur-r-60-phosphatfreier-intensiv-reiniger-konzentrat\/"]}]},{"@type":"ImageObject","inLanguage":"it-IT","@id":"https:\/\/bandelin.com\/shop\/reinigungs-und-desinfektionspraeparate\/tickopur-reinigungspraeparate\/tickopur-r-60-phosphatfreier-intensiv-reiniger-konzentrat\/#primaryimage","url":"https:\/\/bandelin.com\/wp-content\/uploads\/Produktfoto_1L_TICKOPUR_R_60-scaled.jpg","contentUrl":"https:\/\/bandelin.com\/wp-content\/uploads\/Produktfoto_1L_TICKOPUR_R_60-scaled.jpg","width":2048,"height":2048,"caption":"TICKOPUR R 60 Phosphatfreier Intensiv-Reiniger"},{"@type":"BreadcrumbList","@id":"https:\/\/bandelin.com\/shop\/reinigungs-und-desinfektionspraeparate\/tickopur-reinigungspraeparate\/tickopur-r-60-phosphatfreier-intensiv-reiniger-konzentrat\/#breadcrumb","itemListElement":[{"@type":"ListItem","position":1,"name":"Startseite","item":"https:\/\/bandelin.com\/"},{"@type":"ListItem","position":2,"name":"Shop","item":"https:\/\/bandelin.com\/shop\/"},{"@type":"ListItem","position":3,"name":"TICKOPUR R 60 Phosphatfreier Intensiv-Reiniger, Konzentrat"}]},{"@type":"WebSite","@id":"https:\/\/bvted2iv.myrdbx.io\/#website","url":"https:\/\/bvted2iv.myrdbx.io\/","name":"BANDELIN electronic GmbH &amp; Co. KG","description":"Ultrasuoni dal 1955","publisher":{"@id":"https:\/\/bvted2iv.myrdbx.io\/#organization"},"potentialAction":[{"@type":"SearchAction","target":{"@type":"EntryPoint","urlTemplate":"https:\/\/bvted2iv.myrdbx.io\/?s={search_term_string}"},"query-input":{"@type":"PropertyValueSpecification","valueRequired":true,"valueName":"search_term_string"}}],"inLanguage":"it-IT"},{"@type":"Organization","@id":"https:\/\/bvted2iv.myrdbx.io\/#organization","name":"BANDELIN electronic GmbH &amp; Co. KG","url":"https:\/\/bvted2iv.myrdbx.io\/","logo":{"@type":"ImageObject","inLanguage":"it-IT","@id":"https:\/\/bvted2iv.myrdbx.io\/#\/schema\/logo\/image\/","url":"","contentUrl":"","caption":"BANDELIN electronic GmbH & Co. KG"},"image":{"@id":"https:\/\/bvted2iv.myrdbx.io\/#\/schema\/logo\/image\/"},"sameAs":["https:\/\/de-de.facebook.com\/bandelin.electronic\/","https:\/\/www.instagram.com\/bandelin_ultrasonic\/?hl=de","https:\/\/www.linkedin.com\/company\/bandelin-electronic-gmbh-amp-co-kg","https:\/\/www.youtube.com\/channel\/UC5wTNrNxkwMmX-WzysQqw3g"]}]}},"_links":{"self":[{"href":"https:\/\/bandelin.com\/it\/wp-json\/wp\/v2\/product\/697248","targetHints":{"allow":["GET"]}}],"collection":[{"href":"https:\/\/bandelin.com\/it\/wp-json\/wp\/v2\/product"}],"about":[{"href":"https:\/\/bandelin.com\/it\/wp-json\/wp\/v2\/types\/product"}],"version-history":[{"count":1,"href":"https:\/\/bandelin.com\/it\/wp-json\/wp\/v2\/product\/697248\/revisions"}],"predecessor-version":[{"id":697249,"href":"https:\/\/bandelin.com\/it\/wp-json\/wp\/v2\/product\/697248\/revisions\/697249"}],"wp:featuredmedia":[{"embeddable":true,"href":"https:\/\/bandelin.com\/it\/wp-json\/wp\/v2\/media\/650177"}],"wp:attachment":[{"href":"https:\/\/bandelin.com\/it\/wp-json\/wp\/v2\/media?parent=697248"}],"wp:term":[{"taxonomy":"product_brand","embeddable":true,"href":"https:\/\/bandelin.com\/it\/wp-json\/wp\/v2\/product_brand?post=697248"},{"taxonomy":"product_cat","embeddable":true,"href":"https:\/\/bandelin.com\/it\/wp-json\/wp\/v2\/product_cat?post=697248"},{"taxonomy":"product_tag","embeddable":true,"href":"https:\/\/bandelin.com\/it\/wp-json\/wp\/v2\/product_tag?post=697248"}],"curies":[{"name":"wp","href":"https:\/\/api.w.org\/{rel}","templated":true}]}}