{"id":697266,"date":"2026-05-07T21:01:13","date_gmt":"2026-05-07T19:01:13","guid":{"rendered":"https:\/\/bandelin.com\/shop\/unkategorisiert\/tickopur-tr-14-flussmittelentferner-fuer-ultraschallreinigung-konzentrat\/"},"modified":"2026-05-07T23:06:35","modified_gmt":"2026-05-07T21:06:35","slug":"tickopur-tr-14-disossidante-per-lavaggio-a-ultrasuoni-concentrato","status":"publish","type":"product","link":"https:\/\/bandelin.com\/it\/shop\/reinigungs-und-desinfektionspraeparate\/tickopur-reinigungspraeparate\/tickopur-tr-14-flussmittelentferner-fuer-ultraschallreinigung-konzentrat\/","title":{"rendered":"TICKOPUR TR 14 Disossidante per lavaggio a ultrasuoni, concentrato"},"content":{"rendered":"<p>Rimuovi flusso<br \/>\n  Per rimuovere i flussi di resina, le paste di saldatura non saldate su PCB\/ibridi assemblati e non assemblati, telai di saldatura, componenti elettronici e assemblaggi. Se usato correttamente, garantisce una pulizia rapida e delicata.<\/p>\n<p>  TICKOPUR TR 14 rimosso:<br \/>\n  Flussi di resina, paste saldanti, residui ionici e non ionici, residui di foratura e molatura, impronte digitali, grassi e oli.<br \/>\n  da<br \/>\n  Parti in metallo, vetro, ceramica, plastica, gomma, schede di circuiti assemblate e non assemblate, telai di saldatura, componenti e assemblaggi elettronici, ecc.<\/p>\n<p>  I flussi di resina vengono preferibilmente rimossi mediante saponificazione per formare saponi di resina solubili in acqua. Questo processo \u00e8 notevolmente favorito dall'applicazione di ultrasuoni. TICKOPUR RW 77 deve essere utilizzato per la pulizia dei circuiti stampati nell'area di servizio.<\/p>\n<p>  Propriet\u00e0<br \/>\n  - Liquido<br \/>\n  - Concentrato<br \/>\n  - Per l'applicazione a ultrasuoni<br \/>\n  - pH 11,7 a 1 %<br \/>\n  - Senza solventi organici<br \/>\n  - Senza tensioattivi - non schiumogeno<br \/>\n  - Biodegradabile<\/p>\n<p>  Concentrazione applicativa per l'uso con gli ultrasuoni<br \/>\n  Dosaggio: 10 %<br \/>\n  Tempo di sonicazione: 30 - 180 secondi<br \/>\n  Temperatura: 60 - 70 \u00b0C<\/p>\n<p>  Compatibilit\u00e0 dei materiali<br \/>\n  TICKOPUR TR 14 \u00e8 adatto a tutti i materiali. I componenti sensibili agli alcali e all'acqua possono essere attaccati. Si consigliano test preliminari sulla resistenza di questi componenti.<\/p>\n<p>  Avvertenze di pericolo<br \/>\n  H318 Provoca gravi danni agli occhi.<br \/>\n  H315 Provoca irritazione cutanea.<\/p>\n<p>  Istruzioni di sicurezza<br \/>\n  P280 Indossi guanti protettivi\/indumenti protettivi\/protezione degli occhi\/protezione del viso.<br \/>\n  P305+P351+P338 IN CASO DI CONTATTO CON GLI OCCHI: sciacquare con cautela con acqua per diversi minuti.<br \/>\n  Rimuova le lenti a contatto esistenti, se possibile. Continui a risciacquare.<\/p>","protected":false},"excerpt":{"rendered":"<p>Flussmittel-Entferner Zur Entfernung von Harzflussmitteln, ungel\u00f6teten Lotpasten auf best\u00fcckten und unbest\u00fcckten Platinen\/Hybriden, L\u00f6trahmen, elektronischen Bauteilen und Baugruppen. Bei sachgem\u00e4\u00dfer Anwendung wird eine schnelle und materialschonende Reinigung gew\u00e4hrleistet. TICKOPUR TR 14 entfernt: Harzflussmittel, Lotpasten, ionische und nichtionische R\u00fcckst\u00e4nde, Bohr- und Schleifr\u00fcckst\u00e4nde, Fingerprints, Fette und \u00d6le von Teilen aus Metall, Glas, Keramik, Kunststoff, Gummi, best\u00fcckten und unbest\u00fcckten [&hellip;]<\/p>\n","protected":false},"featured_media":650183,"template":"","meta":{"_acf_changed":false},"product_brand":[],"product_cat":[14264,14181],"product_tag":[14830,14829],"class_list":{"0":"post-697266","1":"product","2":"type-product","3":"status-publish","4":"has-post-thumbnail","6":"product_cat-tickopur-reinigungspraeparate","7":"product_cat-reinigungs-und-desinfektionspraeparate","8":"product_tag-tickopur-reinigungspraeparate","9":"product_tag-reinigungs-und-desinfektionspraeparate","10":"pa_bestellnummer-14088","11":"pa_bestellnummer-14052","12":"pa_bestellnummer-14045","13":"pa_bestellnummer-14043","14":"pa_bestellnummer-13067","15":"pa_gebindegroesse-l-5-liter-9-euro-liter","16":"pa_gebindegroesse-l-10-liter-7-euro-liter","17":"pa_gebindegroesse-l-2-liter-125-euro-liter","18":"pa_gebindegroesse-l-200-liter-37-euro-liter","19":"pa_gebindegroesse-l-1-liter-18-euro-liter","20":"pa_inhalt-l-14542","21":"pa_inhalt-l-14541","22":"pa_inhalt-l-14540","23":"pa_inhalt-l-13991","24":"pa_inhalt-l-12484","25":"pa_verpackung-breite-mm-12313","26":"pa_verpackung-breite-mm-130-2","27":"pa_verpackung-hoehe-mm-14018","28":"pa_verpackung-hoehe-mm-13038","29":"pa_verpackung-hoehe-mm-12354","30":"pa_verpackung-laenge-mm-o-600","31":"pa_verpackung-laenge-mm-12353","32":"pa_verpackung-laenge-mm-250-2","34":"first","35":"instock","36":"taxable","37":"shipping-taxable","38":"purchasable","39":"product-type-variable","40":"has-default-attributes"},"acf":[],"yoast_head":"<!-- This site is optimized with the Yoast SEO plugin v27.5 - https:\/\/yoast.com\/product\/yoast-seo-wordpress\/ -->\n<title>TICKOPUR TR 14 Flussmittelentferner f\u00fcr Ultraschallreinigung, Konzentrat | BANDELIN electronic GmbH &amp; Co. KG<\/title>\n<meta name=\"description\" content=\"Informationen Sie sich \u00fcber TICKOPUR TR 14 Flussmittelentferner f\u00fcr Ultraschallreinigung, Konzentrat | Hochwertige Ultraschallb\u00e4der f\u00fcr Medizin und Industrie von Bandelin Electronic seit 1955.\" \/>\n<meta name=\"robots\" content=\"index, follow, max-snippet:-1, max-image-preview:large, max-video-preview:-1\" \/>\n<link rel=\"canonical\" href=\"https:\/\/bandelin.com\/it\/negozio\/preparati-per-la-pulizia-e-la-disinfezione\/preparati-per-la-pulizia-a-base-di-tickopur-2\/tickopur-tr-14-disossidante-per-lavaggio-a-ultrasuoni-concentrato\/\" \/>\n<meta property=\"og:locale\" content=\"it_IT\" \/>\n<meta property=\"og:type\" content=\"article\" \/>\n<meta property=\"og:title\" content=\"TICKOPUR TR 14 Flussmittelentferner f\u00fcr Ultraschallreinigung, Konzentrat | BANDELIN electronic GmbH &amp; Co. KG\" \/>\n<meta property=\"og:description\" content=\"Informationen Sie sich \u00fcber TICKOPUR TR 14 Flussmittelentferner f\u00fcr Ultraschallreinigung, Konzentrat | Hochwertige Ultraschallb\u00e4der f\u00fcr Medizin und Industrie von Bandelin Electronic seit 1955.\" \/>\n<meta property=\"og:url\" content=\"https:\/\/bandelin.com\/it\/negozio\/preparati-per-la-pulizia-e-la-disinfezione\/preparati-per-la-pulizia-a-base-di-tickopur-2\/tickopur-tr-14-disossidante-per-lavaggio-a-ultrasuoni-concentrato\/\" \/>\n<meta property=\"og:site_name\" content=\"BANDELIN electronic GmbH &amp; Co. KG\" \/>\n<meta property=\"article:publisher\" content=\"https:\/\/de-de.facebook.com\/bandelin.electronic\/\" \/>\n<meta property=\"article:modified_time\" content=\"2026-05-07T21:06:35+00:00\" \/>\n<meta property=\"og:image\" content=\"https:\/\/bandelin.com\/wp-content\/uploads\/Produktfoto_1L_TICKOPUR_TR_14-scaled.jpg\" \/>\n\t<meta property=\"og:image:width\" content=\"2048\" \/>\n\t<meta property=\"og:image:height\" content=\"2048\" \/>\n\t<meta property=\"og:image:type\" content=\"image\/jpeg\" \/>\n<meta name=\"twitter:card\" content=\"summary_large_image\" \/>\n<meta name=\"twitter:label1\" content=\"Tempo di lettura stimato\" \/>\n\t<meta name=\"twitter:data1\" content=\"1 minuto\" \/>\n<script type=\"application\/ld+json\" class=\"yoast-schema-graph\">{\"@context\":\"https:\\\/\\\/schema.org\",\"@graph\":[{\"@type\":\"WebPage\",\"@id\":\"https:\\\/\\\/bandelin.com\\\/shop\\\/reinigungs-und-desinfektionspraeparate\\\/tickopur-reinigungspraeparate\\\/tickopur-tr-14-flussmittelentferner-fuer-ultraschallreinigung-konzentrat\\\/\",\"url\":\"https:\\\/\\\/bandelin.com\\\/shop\\\/reinigungs-und-desinfektionspraeparate\\\/tickopur-reinigungspraeparate\\\/tickopur-tr-14-flussmittelentferner-fuer-ultraschallreinigung-konzentrat\\\/\",\"name\":\"TICKOPUR TR 14 Flussmittelentferner f\u00fcr Ultraschallreinigung, Konzentrat | BANDELIN electronic GmbH &amp; Co. KG\",\"isPartOf\":{\"@id\":\"https:\\\/\\\/bvted2iv.myrdbx.io\\\/#website\"},\"primaryImageOfPage\":{\"@id\":\"https:\\\/\\\/bandelin.com\\\/shop\\\/reinigungs-und-desinfektionspraeparate\\\/tickopur-reinigungspraeparate\\\/tickopur-tr-14-flussmittelentferner-fuer-ultraschallreinigung-konzentrat\\\/#primaryimage\"},\"image\":{\"@id\":\"https:\\\/\\\/bandelin.com\\\/shop\\\/reinigungs-und-desinfektionspraeparate\\\/tickopur-reinigungspraeparate\\\/tickopur-tr-14-flussmittelentferner-fuer-ultraschallreinigung-konzentrat\\\/#primaryimage\"},\"thumbnailUrl\":\"https:\\\/\\\/bandelin.com\\\/wp-content\\\/uploads\\\/Produktfoto_1L_TICKOPUR_TR_14-scaled.jpg\",\"datePublished\":\"2026-05-07T19:01:13+00:00\",\"dateModified\":\"2026-05-07T21:06:35+00:00\",\"description\":\"Informationen Sie sich \u00fcber TICKOPUR TR 14 Flussmittelentferner f\u00fcr Ultraschallreinigung, Konzentrat | Hochwertige Ultraschallb\u00e4der f\u00fcr Medizin und Industrie von Bandelin Electronic seit 1955.\",\"breadcrumb\":{\"@id\":\"https:\\\/\\\/bandelin.com\\\/shop\\\/reinigungs-und-desinfektionspraeparate\\\/tickopur-reinigungspraeparate\\\/tickopur-tr-14-flussmittelentferner-fuer-ultraschallreinigung-konzentrat\\\/#breadcrumb\"},\"inLanguage\":\"it-IT\",\"potentialAction\":[{\"@type\":\"ReadAction\",\"target\":[\"https:\\\/\\\/bandelin.com\\\/shop\\\/reinigungs-und-desinfektionspraeparate\\\/tickopur-reinigungspraeparate\\\/tickopur-tr-14-flussmittelentferner-fuer-ultraschallreinigung-konzentrat\\\/\"]}]},{\"@type\":\"ImageObject\",\"inLanguage\":\"it-IT\",\"@id\":\"https:\\\/\\\/bandelin.com\\\/shop\\\/reinigungs-und-desinfektionspraeparate\\\/tickopur-reinigungspraeparate\\\/tickopur-tr-14-flussmittelentferner-fuer-ultraschallreinigung-konzentrat\\\/#primaryimage\",\"url\":\"https:\\\/\\\/bandelin.com\\\/wp-content\\\/uploads\\\/Produktfoto_1L_TICKOPUR_TR_14-scaled.jpg\",\"contentUrl\":\"https:\\\/\\\/bandelin.com\\\/wp-content\\\/uploads\\\/Produktfoto_1L_TICKOPUR_TR_14-scaled.jpg\",\"width\":2048,\"height\":2048,\"caption\":\"TICKOPUR TR 14 Flussmittelentferner f\u00fcr Ultraschallreinigung\"},{\"@type\":\"BreadcrumbList\",\"@id\":\"https:\\\/\\\/bandelin.com\\\/shop\\\/reinigungs-und-desinfektionspraeparate\\\/tickopur-reinigungspraeparate\\\/tickopur-tr-14-flussmittelentferner-fuer-ultraschallreinigung-konzentrat\\\/#breadcrumb\",\"itemListElement\":[{\"@type\":\"ListItem\",\"position\":1,\"name\":\"Startseite\",\"item\":\"https:\\\/\\\/bandelin.com\\\/\"},{\"@type\":\"ListItem\",\"position\":2,\"name\":\"Shop\",\"item\":\"https:\\\/\\\/bandelin.com\\\/shop\\\/\"},{\"@type\":\"ListItem\",\"position\":3,\"name\":\"TICKOPUR TR 14 Flussmittelentferner f\u00fcr Ultraschallreinigung, Konzentrat\"}]},{\"@type\":\"WebSite\",\"@id\":\"https:\\\/\\\/bvted2iv.myrdbx.io\\\/#website\",\"url\":\"https:\\\/\\\/bvted2iv.myrdbx.io\\\/\",\"name\":\"BANDELIN electronic GmbH & Co. KG\",\"description\":\"Ultraschall seit 1955\",\"publisher\":{\"@id\":\"https:\\\/\\\/bvted2iv.myrdbx.io\\\/#organization\"},\"potentialAction\":[{\"@type\":\"SearchAction\",\"target\":{\"@type\":\"EntryPoint\",\"urlTemplate\":\"https:\\\/\\\/bvted2iv.myrdbx.io\\\/?s={search_term_string}\"},\"query-input\":{\"@type\":\"PropertyValueSpecification\",\"valueRequired\":true,\"valueName\":\"search_term_string\"}}],\"inLanguage\":\"it-IT\"},{\"@type\":\"Organization\",\"@id\":\"https:\\\/\\\/bvted2iv.myrdbx.io\\\/#organization\",\"name\":\"BANDELIN electronic GmbH & Co. KG\",\"url\":\"https:\\\/\\\/bvted2iv.myrdbx.io\\\/\",\"logo\":{\"@type\":\"ImageObject\",\"inLanguage\":\"it-IT\",\"@id\":\"https:\\\/\\\/bvted2iv.myrdbx.io\\\/#\\\/schema\\\/logo\\\/image\\\/\",\"url\":\"\",\"contentUrl\":\"\",\"caption\":\"BANDELIN electronic GmbH & Co. KG\"},\"image\":{\"@id\":\"https:\\\/\\\/bvted2iv.myrdbx.io\\\/#\\\/schema\\\/logo\\\/image\\\/\"},\"sameAs\":[\"https:\\\/\\\/de-de.facebook.com\\\/bandelin.electronic\\\/\",\"https:\\\/\\\/www.instagram.com\\\/bandelin_ultrasonic\\\/?hl=de\",\"https:\\\/\\\/www.linkedin.com\\\/company\\\/bandelin-electronic-gmbh-amp-co-kg\",\"https:\\\/\\\/www.youtube.com\\\/channel\\\/UC5wTNrNxkwMmX-WzysQqw3g\"]}]}<\/script>\n<!-- \/ Yoast SEO plugin. -->","yoast_head_json":{"title":"TICKOPUR TR 14 Disossidante per lavaggio a ultrasuoni, concentrato | BANDELIN electronic GmbH &amp; Co. KG","description":"Scopri di pi\u00f9 su TICKOPUR TR 14 Disossidante per lavaggio a ultrasuoni, concentrato | Bagni a ultrasuoni di alta qualit\u00e0 per la medicina e l'industria di Bandelin Electronic dal 1955.","robots":{"index":"index","follow":"follow","max-snippet":"max-snippet:-1","max-image-preview":"max-image-preview:large","max-video-preview":"max-video-preview:-1"},"canonical":"https:\/\/bandelin.com\/it\/negozio\/preparati-per-la-pulizia-e-la-disinfezione\/preparati-per-la-pulizia-a-base-di-tickopur-2\/tickopur-tr-14-disossidante-per-lavaggio-a-ultrasuoni-concentrato\/","og_locale":"it_IT","og_type":"article","og_title":"TICKOPUR TR 14 Flussmittelentferner f\u00fcr Ultraschallreinigung, Konzentrat | BANDELIN electronic GmbH &amp; Co. KG","og_description":"Informationen Sie sich \u00fcber TICKOPUR TR 14 Flussmittelentferner f\u00fcr Ultraschallreinigung, Konzentrat | Hochwertige Ultraschallb\u00e4der f\u00fcr Medizin und Industrie von Bandelin Electronic seit 1955.","og_url":"https:\/\/bandelin.com\/it\/negozio\/preparati-per-la-pulizia-e-la-disinfezione\/preparati-per-la-pulizia-a-base-di-tickopur-2\/tickopur-tr-14-disossidante-per-lavaggio-a-ultrasuoni-concentrato\/","og_site_name":"BANDELIN electronic GmbH &amp; Co. KG","article_publisher":"https:\/\/de-de.facebook.com\/bandelin.electronic\/","article_modified_time":"2026-05-07T21:06:35+00:00","og_image":[{"width":2048,"height":2048,"url":"https:\/\/bandelin.com\/wp-content\/uploads\/Produktfoto_1L_TICKOPUR_TR_14-scaled.jpg","type":"image\/jpeg"}],"twitter_card":"summary_large_image","twitter_misc":{"Tempo di lettura stimato":"1 minuto"},"schema":{"@context":"https:\/\/schema.org","@graph":[{"@type":"WebPage","@id":"https:\/\/bandelin.com\/shop\/reinigungs-und-desinfektionspraeparate\/tickopur-reinigungspraeparate\/tickopur-tr-14-flussmittelentferner-fuer-ultraschallreinigung-konzentrat\/","url":"https:\/\/bandelin.com\/shop\/reinigungs-und-desinfektionspraeparate\/tickopur-reinigungspraeparate\/tickopur-tr-14-flussmittelentferner-fuer-ultraschallreinigung-konzentrat\/","name":"TICKOPUR TR 14 Disossidante per lavaggio a ultrasuoni, concentrato | BANDELIN electronic GmbH &amp; Co. KG","isPartOf":{"@id":"https:\/\/bvted2iv.myrdbx.io\/#website"},"primaryImageOfPage":{"@id":"https:\/\/bandelin.com\/shop\/reinigungs-und-desinfektionspraeparate\/tickopur-reinigungspraeparate\/tickopur-tr-14-flussmittelentferner-fuer-ultraschallreinigung-konzentrat\/#primaryimage"},"image":{"@id":"https:\/\/bandelin.com\/shop\/reinigungs-und-desinfektionspraeparate\/tickopur-reinigungspraeparate\/tickopur-tr-14-flussmittelentferner-fuer-ultraschallreinigung-konzentrat\/#primaryimage"},"thumbnailUrl":"https:\/\/bandelin.com\/wp-content\/uploads\/Produktfoto_1L_TICKOPUR_TR_14-scaled.jpg","datePublished":"2026-05-07T19:01:13+00:00","dateModified":"2026-05-07T21:06:35+00:00","description":"Scopri di pi\u00f9 su TICKOPUR TR 14 Disossidante per lavaggio a ultrasuoni, concentrato | Bagni a ultrasuoni di alta qualit\u00e0 per la medicina e l'industria di Bandelin Electronic dal 1955.","breadcrumb":{"@id":"https:\/\/bandelin.com\/shop\/reinigungs-und-desinfektionspraeparate\/tickopur-reinigungspraeparate\/tickopur-tr-14-flussmittelentferner-fuer-ultraschallreinigung-konzentrat\/#breadcrumb"},"inLanguage":"it-IT","potentialAction":[{"@type":"ReadAction","target":["https:\/\/bandelin.com\/shop\/reinigungs-und-desinfektionspraeparate\/tickopur-reinigungspraeparate\/tickopur-tr-14-flussmittelentferner-fuer-ultraschallreinigung-konzentrat\/"]}]},{"@type":"ImageObject","inLanguage":"it-IT","@id":"https:\/\/bandelin.com\/shop\/reinigungs-und-desinfektionspraeparate\/tickopur-reinigungspraeparate\/tickopur-tr-14-flussmittelentferner-fuer-ultraschallreinigung-konzentrat\/#primaryimage","url":"https:\/\/bandelin.com\/wp-content\/uploads\/Produktfoto_1L_TICKOPUR_TR_14-scaled.jpg","contentUrl":"https:\/\/bandelin.com\/wp-content\/uploads\/Produktfoto_1L_TICKOPUR_TR_14-scaled.jpg","width":2048,"height":2048,"caption":"TICKOPUR TR 14 Flussmittelentferner f\u00fcr Ultraschallreinigung"},{"@type":"BreadcrumbList","@id":"https:\/\/bandelin.com\/shop\/reinigungs-und-desinfektionspraeparate\/tickopur-reinigungspraeparate\/tickopur-tr-14-flussmittelentferner-fuer-ultraschallreinigung-konzentrat\/#breadcrumb","itemListElement":[{"@type":"ListItem","position":1,"name":"Startseite","item":"https:\/\/bandelin.com\/"},{"@type":"ListItem","position":2,"name":"Shop","item":"https:\/\/bandelin.com\/shop\/"},{"@type":"ListItem","position":3,"name":"TICKOPUR TR 14 Flussmittelentferner f\u00fcr Ultraschallreinigung, Konzentrat"}]},{"@type":"WebSite","@id":"https:\/\/bvted2iv.myrdbx.io\/#website","url":"https:\/\/bvted2iv.myrdbx.io\/","name":"BANDELIN electronic GmbH &amp; Co. KG","description":"Ultrasuoni dal 1955","publisher":{"@id":"https:\/\/bvted2iv.myrdbx.io\/#organization"},"potentialAction":[{"@type":"SearchAction","target":{"@type":"EntryPoint","urlTemplate":"https:\/\/bvted2iv.myrdbx.io\/?s={search_term_string}"},"query-input":{"@type":"PropertyValueSpecification","valueRequired":true,"valueName":"search_term_string"}}],"inLanguage":"it-IT"},{"@type":"Organization","@id":"https:\/\/bvted2iv.myrdbx.io\/#organization","name":"BANDELIN electronic GmbH &amp; Co. KG","url":"https:\/\/bvted2iv.myrdbx.io\/","logo":{"@type":"ImageObject","inLanguage":"it-IT","@id":"https:\/\/bvted2iv.myrdbx.io\/#\/schema\/logo\/image\/","url":"","contentUrl":"","caption":"BANDELIN electronic GmbH & Co. KG"},"image":{"@id":"https:\/\/bvted2iv.myrdbx.io\/#\/schema\/logo\/image\/"},"sameAs":["https:\/\/de-de.facebook.com\/bandelin.electronic\/","https:\/\/www.instagram.com\/bandelin_ultrasonic\/?hl=de","https:\/\/www.linkedin.com\/company\/bandelin-electronic-gmbh-amp-co-kg","https:\/\/www.youtube.com\/channel\/UC5wTNrNxkwMmX-WzysQqw3g"]}]}},"_links":{"self":[{"href":"https:\/\/bandelin.com\/it\/wp-json\/wp\/v2\/product\/697266","targetHints":{"allow":["GET"]}}],"collection":[{"href":"https:\/\/bandelin.com\/it\/wp-json\/wp\/v2\/product"}],"about":[{"href":"https:\/\/bandelin.com\/it\/wp-json\/wp\/v2\/types\/product"}],"version-history":[{"count":1,"href":"https:\/\/bandelin.com\/it\/wp-json\/wp\/v2\/product\/697266\/revisions"}],"predecessor-version":[{"id":697267,"href":"https:\/\/bandelin.com\/it\/wp-json\/wp\/v2\/product\/697266\/revisions\/697267"}],"wp:featuredmedia":[{"embeddable":true,"href":"https:\/\/bandelin.com\/it\/wp-json\/wp\/v2\/media\/650183"}],"wp:attachment":[{"href":"https:\/\/bandelin.com\/it\/wp-json\/wp\/v2\/media?parent=697266"}],"wp:term":[{"taxonomy":"product_brand","embeddable":true,"href":"https:\/\/bandelin.com\/it\/wp-json\/wp\/v2\/product_brand?post=697266"},{"taxonomy":"product_cat","embeddable":true,"href":"https:\/\/bandelin.com\/it\/wp-json\/wp\/v2\/product_cat?post=697266"},{"taxonomy":"product_tag","embeddable":true,"href":"https:\/\/bandelin.com\/it\/wp-json\/wp\/v2\/product_tag?post=697266"}],"curies":[{"name":"wp","href":"https:\/\/api.w.org\/{rel}","templated":true}]}}