{"id":697335,"date":"2026-05-07T21:04:04","date_gmt":"2026-05-07T19:04:04","guid":{"rendered":"https:\/\/bandelin.com\/shop\/unkategorisiert\/stammopur-rd-5-instrumenten-reiniger-konzentrat\/"},"modified":"2026-05-13T20:29:03","modified_gmt":"2026-05-13T18:29:03","slug":"stammopur-rd-5-detergente-concentrato-per-strumenti","status":"publish","type":"product","link":"https:\/\/bandelin.com\/it\/shop\/reinigungs-und-desinfektionspraeparate\/stammopur-reinigungs-und-desinfektionspraeparate\/stammopur-rd-5-instrumenten-reiniger-konzentrat\/","title":{"rendered":"STAMMOPUR RD 5 Detergente per strumenti, concentrato"},"content":{"rendered":"<p>STAMMOPUR RD 5<br \/>\n  Detergente per strumenti<\/p>\n<p>  Concentrato per la rimozione delle impurit\u00e0 da strumenti, pezzi e prodotti medicali provenienti dalla produzione e dalla lavorazione nei laboratori odontotecnici.<\/p>\n<p>  La preparazione viene utilizzata principalmente nei laboratori odontotecnici per rimuovere i residui di lavorazione come le cere e i residui di lucidatura e molatura dalle protesi dentali come corone, impianti, protesi e strumenti di lavorazione.<br \/>\n  Particolarmente indicato per rimuovere le impurit\u00e0 ostinate ed essiccate da sangue, secrezioni, espettorato e residui di tessuto.<\/p>\n<p>  Pu\u00f2 essere applicato sia in un bagno a ultrasuoni che in un bagno a immersione.<\/p>\n<p>  Anche per la pulizia manuale e la pre-pulizia di strumenti dentali, chirurgici, invasivi e non invasivi, accessori e componenti di dispositivi medici.<\/p>\n<p>  Vengono utilizzati nel processo di preparazione degli strumenti negli studi dentistici, nelle cliniche odontoiatriche, nella chirurgia orale e nell'ortodonzia.<\/p>\n<p>  In sintesi<br \/>\n  - Concentrato<br \/>\n  - Compatibilit\u00e0 dei materiali molto elevata<br \/>\n  - Elevato effetto di pulizia nel bagno a ultrasuoni<br \/>\n  - Rimozione dello sporco ostinato ed essiccato<\/p>\n<p>  Compatibilit\u00e0 e contaminazione dei materiali<br \/>\n  STAMMOPUR RD 5 ha una compatibilit\u00e0 molto elevata con i materiali. <\/p>\n<p>  Non \u00e8 adatto all'uso su alluminio e materiali sensibili agli alcali come rame, ottone, stagno e zinco.<\/p>\n<p>  Rimosso<br \/>\n  - Crescere,<br \/>\n  - Lucidatura,<br \/>\n  - Residui di levigatura,<br \/>\n  - Sangue,<br \/>\n  - Secrezioni,<br \/>\n  - Espettorato<br \/>\n  e resti di tessuto <\/p>\n<p>  dei seguenti materiali<br \/>\n  - Acciaio inossidabile,<br \/>\n  - Strumento in acciaio,<br \/>\n  - Titanio,<br \/>\n  - Il vetro,<br \/>\n  - Porcellana,<br \/>\n  - Ceramica,<br \/>\n  e plastica.<\/p>\n<p>  Applicazione<br \/>\n  Gli utenti esclusivamente professionali sono personale specializzato addestrato.<\/p>\n<p>  L'applicazione \u00e8 destinata alla pulizia e alla pre-pulizia nell'ambito della pulizia tecnica nel laboratorio odontotecnico, nonch\u00e9 al ritrattamento manuale degli strumenti negli studi e nelle cliniche.<\/p>\n<p>  Dosaggio e tempo di esposizione<br \/>\n  Dosaggio:<br \/>\n  nel bagno a ultrasuoni: 3%<br \/>\n  senza ultrasuoni: 5%<\/p>\n<p>  Tempo di esposizione:<br \/>\n  nel bagno a ultrasuoni: 3-10 min<br \/>\n  senza ultrasuoni: il tempo di esposizione dipende dal tipo e dall'ostinazione dello sporco, massimo 60 minuti. <\/p>\n<p>  Temperatura:<br \/>\n  Preparare il freddo per la contaminazione fresca con sangue e proteine.<br \/>\n  Pu\u00f2 essere riscaldato fino a 60 \u00b0C per lo sporco ostinato.<\/p>\n<p>  Composizione per 100 g:<br \/>\n  1-&lt; 10 % tensioattivi anionici,\n  1-&lt; 10 % tensioattivi non ionici,\n  1-&lt; 10 % agente complessante,\n  1-&lt; 10 % 2-propanolo,\n  1-&lt; 10 % Fenoli,\n  1-&lt; 1,0 % Idrossido di sodio.\n  \n  Intervallo di pH del prodotto: alcalino\n  \n  Utilizzare diluito con acqua di qualit\u00e0 almeno potabile.\n  \n  Non \u00e8 consentito aggiungere additivi alla soluzione detergente.\n  \n  Istruzioni speciali\n  Non trattare ottiche, fibre ottiche e parti incollate con gli ultrasuoni.\n  \n  Indicazioni di pericolo\n  H315 Provoca irritazione cutanea.\n  H318 Provoca gravi lesioni oculari.\n  \n  Consigli di prudenza\n  P280 Indossare guanti protettivi\/indumenti protettivi\/proteggere gli occhi\/il viso.\n  P305+P351+P338 IN CASO DI CONTATTO CON GLI OCCHI: Sciacquare con cautela con acqua per diversi minuti.\n  Se possibile, rimuovere le lenti a contatto. Continuare il risciacquo.\n<\/p>","protected":false},"excerpt":{"rendered":"<p>STAMMOPUR RD 5 Instrumenten-Reiniger Konzentrat zur Entfernung von Verunreinigungen an Werkzeugen, Werkst\u00fccken und Medizinprodukten aus der Herstellung und Bearbeitung im Dentallabor. Der Einsatz des Pr\u00e4parates erfolgt vorwiegend im Dentallabor zur Entfernung von Bearbeitungsr\u00fcckst\u00e4nden wie Wachsen und Polier- und Schleifr\u00fcckst\u00e4nden an Zahnersatz wie Kronen, Implantaten, Prothesen sowie an Bearbeitungswerkzeugen. Besonders zur Entfernung von hartn\u00e4ckigen, eingetrockneten Verunreinigungen [&hellip;]<\/p>\n","protected":false},"featured_media":650240,"template":"","meta":{"_acf_changed":false},"product_brand":[],"product_cat":[14263,14181],"product_tag":[14831,14829],"class_list":{"0":"post-697335","1":"product","2":"type-product","3":"status-publish","4":"has-post-thumbnail","6":"product_cat-stammopur-reinigungs-und-desinfektionspraeparate","7":"product_cat-reinigungs-und-desinfektionspraeparate","8":"product_tag-stammopur-reinigungs-und-desinfektionspraeparate","9":"product_tag-reinigungs-und-desinfektionspraeparate","10":"pa_bestellnummer-14001","11":"pa_bestellnummer-13969","12":"pa_bestellnummer-13967","13":"pa_bestellnummer-13043","14":"pa_gebindegroesse-l-1-liter-33-euro-liter","15":"pa_gebindegroesse-l-10-liter-184-euro-liter","16":"pa_gebindegroesse-l-5-liter-208-euro-liter","17":"pa_gebindegroesse-l-2-liter-25-euro-liter","18":"pa_inhalt-l-14541","19":"pa_inhalt-l-14540","20":"pa_inhalt-l-13991","21":"pa_inhalt-l-12484","22":"pa_verpackung-breite-mm-12313","23":"pa_verpackung-breite-mm-130-2","24":"pa_verpackung-hoehe-mm-13038","25":"pa_verpackung-hoehe-mm-12354","26":"pa_verpackung-laenge-mm-12353","27":"pa_verpackung-laenge-mm-250-2","29":"first","30":"instock","31":"taxable","32":"shipping-taxable","33":"purchasable","34":"product-type-variable","35":"has-default-attributes"},"acf":[],"yoast_head":"<!-- This site is optimized with the Yoast SEO plugin v27.6 - https:\/\/yoast.com\/product\/yoast-seo-wordpress\/ -->\n<title>STAMMOPUR RD 5 Instrumenten-Reiniger, Konzentrat | BANDELIN electronic GmbH &amp; Co. KG<\/title>\n<meta name=\"description\" content=\"Informationen Sie sich \u00fcber STAMMOPUR RD 5 Instrumenten-Reiniger, Konzentrat | Hochwertige Ultraschallb\u00e4der f\u00fcr Medizin und Industrie von Bandelin Electronic seit 1955.\" \/>\n<meta name=\"robots\" content=\"index, follow, max-snippet:-1, max-image-preview:large, max-video-preview:-1\" \/>\n<link rel=\"canonical\" href=\"https:\/\/bandelin.com\/it\/negozio\/preparati-per-la-pulizia-e-la-disinfezione\/preparati-per-la-pulizia-e-la-disinfezione-stammopur\/stammopur-rd-5-detergente-concentrato-per-strumenti\/\" \/>\n<meta property=\"og:locale\" content=\"it_IT\" \/>\n<meta property=\"og:type\" content=\"article\" \/>\n<meta property=\"og:title\" content=\"STAMMOPUR RD 5 Instrumenten-Reiniger, Konzentrat | BANDELIN electronic GmbH &amp; Co. KG\" \/>\n<meta property=\"og:description\" content=\"Informationen Sie sich \u00fcber STAMMOPUR RD 5 Instrumenten-Reiniger, Konzentrat | Hochwertige Ultraschallb\u00e4der f\u00fcr Medizin und Industrie von Bandelin Electronic seit 1955.\" \/>\n<meta property=\"og:url\" content=\"https:\/\/bandelin.com\/it\/negozio\/preparati-per-la-pulizia-e-la-disinfezione\/preparati-per-la-pulizia-e-la-disinfezione-stammopur\/stammopur-rd-5-detergente-concentrato-per-strumenti\/\" \/>\n<meta property=\"og:site_name\" content=\"BANDELIN electronic GmbH &amp; Co. KG\" \/>\n<meta property=\"article:publisher\" content=\"https:\/\/de-de.facebook.com\/bandelin.electronic\/\" \/>\n<meta property=\"article:modified_time\" content=\"2026-05-13T18:29:03+00:00\" \/>\n<meta property=\"og:image\" content=\"https:\/\/bandelin.com\/wp-content\/uploads\/Produktfoto_1L_STAMMOPUR_RD_5-scaled.jpg\" \/>\n\t<meta property=\"og:image:width\" content=\"2048\" \/>\n\t<meta property=\"og:image:height\" content=\"2048\" \/>\n\t<meta property=\"og:image:type\" content=\"image\/jpeg\" \/>\n<meta name=\"twitter:card\" content=\"summary_large_image\" \/>\n<meta name=\"twitter:label1\" content=\"Tempo di lettura stimato\" \/>\n\t<meta name=\"twitter:data1\" content=\"2 minuti\" \/>\n<script type=\"application\/ld+json\" class=\"yoast-schema-graph\">{\"@context\":\"https:\\\/\\\/schema.org\",\"@graph\":[{\"@type\":\"WebPage\",\"@id\":\"https:\\\/\\\/bandelin.com\\\/shop\\\/reinigungs-und-desinfektionspraeparate\\\/stammopur-reinigungs-und-desinfektionspraeparate\\\/stammopur-rd-5-instrumenten-reiniger-konzentrat\\\/\",\"url\":\"https:\\\/\\\/bandelin.com\\\/shop\\\/reinigungs-und-desinfektionspraeparate\\\/stammopur-reinigungs-und-desinfektionspraeparate\\\/stammopur-rd-5-instrumenten-reiniger-konzentrat\\\/\",\"name\":\"STAMMOPUR RD 5 Instrumenten-Reiniger, Konzentrat | BANDELIN electronic GmbH &amp; Co. KG\",\"isPartOf\":{\"@id\":\"https:\\\/\\\/bvted2iv.myrdbx.io\\\/#website\"},\"primaryImageOfPage\":{\"@id\":\"https:\\\/\\\/bandelin.com\\\/shop\\\/reinigungs-und-desinfektionspraeparate\\\/stammopur-reinigungs-und-desinfektionspraeparate\\\/stammopur-rd-5-instrumenten-reiniger-konzentrat\\\/#primaryimage\"},\"image\":{\"@id\":\"https:\\\/\\\/bandelin.com\\\/shop\\\/reinigungs-und-desinfektionspraeparate\\\/stammopur-reinigungs-und-desinfektionspraeparate\\\/stammopur-rd-5-instrumenten-reiniger-konzentrat\\\/#primaryimage\"},\"thumbnailUrl\":\"https:\\\/\\\/bandelin.com\\\/wp-content\\\/uploads\\\/Produktfoto_1L_STAMMOPUR_RD_5-scaled.jpg\",\"datePublished\":\"2026-05-07T19:04:04+00:00\",\"dateModified\":\"2026-05-13T18:29:03+00:00\",\"description\":\"Informationen Sie sich \u00fcber STAMMOPUR RD 5 Instrumenten-Reiniger, Konzentrat | Hochwertige Ultraschallb\u00e4der f\u00fcr Medizin und Industrie von Bandelin Electronic seit 1955.\",\"breadcrumb\":{\"@id\":\"https:\\\/\\\/bandelin.com\\\/shop\\\/reinigungs-und-desinfektionspraeparate\\\/stammopur-reinigungs-und-desinfektionspraeparate\\\/stammopur-rd-5-instrumenten-reiniger-konzentrat\\\/#breadcrumb\"},\"inLanguage\":\"it-IT\",\"potentialAction\":[{\"@type\":\"ReadAction\",\"target\":[\"https:\\\/\\\/bandelin.com\\\/shop\\\/reinigungs-und-desinfektionspraeparate\\\/stammopur-reinigungs-und-desinfektionspraeparate\\\/stammopur-rd-5-instrumenten-reiniger-konzentrat\\\/\"]}]},{\"@type\":\"ImageObject\",\"inLanguage\":\"it-IT\",\"@id\":\"https:\\\/\\\/bandelin.com\\\/shop\\\/reinigungs-und-desinfektionspraeparate\\\/stammopur-reinigungs-und-desinfektionspraeparate\\\/stammopur-rd-5-instrumenten-reiniger-konzentrat\\\/#primaryimage\",\"url\":\"https:\\\/\\\/bandelin.com\\\/wp-content\\\/uploads\\\/Produktfoto_1L_STAMMOPUR_RD_5-scaled.jpg\",\"contentUrl\":\"https:\\\/\\\/bandelin.com\\\/wp-content\\\/uploads\\\/Produktfoto_1L_STAMMOPUR_RD_5-scaled.jpg\",\"width\":2048,\"height\":2048,\"caption\":\"STAMMOPUR RD 5 Instrumenten-Reiniger\"},{\"@type\":\"BreadcrumbList\",\"@id\":\"https:\\\/\\\/bandelin.com\\\/shop\\\/reinigungs-und-desinfektionspraeparate\\\/stammopur-reinigungs-und-desinfektionspraeparate\\\/stammopur-rd-5-instrumenten-reiniger-konzentrat\\\/#breadcrumb\",\"itemListElement\":[{\"@type\":\"ListItem\",\"position\":1,\"name\":\"Startseite\",\"item\":\"https:\\\/\\\/bandelin.com\\\/\"},{\"@type\":\"ListItem\",\"position\":2,\"name\":\"Shop\",\"item\":\"https:\\\/\\\/bandelin.com\\\/shop\\\/\"},{\"@type\":\"ListItem\",\"position\":3,\"name\":\"STAMMOPUR RD 5 Instrumenten-Reiniger, Konzentrat\"}]},{\"@type\":\"WebSite\",\"@id\":\"https:\\\/\\\/bvted2iv.myrdbx.io\\\/#website\",\"url\":\"https:\\\/\\\/bvted2iv.myrdbx.io\\\/\",\"name\":\"BANDELIN electronic GmbH & Co. KG\",\"description\":\"Ultraschall seit 1955\",\"publisher\":{\"@id\":\"https:\\\/\\\/bvted2iv.myrdbx.io\\\/#organization\"},\"potentialAction\":[{\"@type\":\"SearchAction\",\"target\":{\"@type\":\"EntryPoint\",\"urlTemplate\":\"https:\\\/\\\/bvted2iv.myrdbx.io\\\/?s={search_term_string}\"},\"query-input\":{\"@type\":\"PropertyValueSpecification\",\"valueRequired\":true,\"valueName\":\"search_term_string\"}}],\"inLanguage\":\"it-IT\"},{\"@type\":\"Organization\",\"@id\":\"https:\\\/\\\/bvted2iv.myrdbx.io\\\/#organization\",\"name\":\"BANDELIN electronic GmbH & Co. KG\",\"url\":\"https:\\\/\\\/bvted2iv.myrdbx.io\\\/\",\"logo\":{\"@type\":\"ImageObject\",\"inLanguage\":\"it-IT\",\"@id\":\"https:\\\/\\\/bvted2iv.myrdbx.io\\\/#\\\/schema\\\/logo\\\/image\\\/\",\"url\":\"\",\"contentUrl\":\"\",\"caption\":\"BANDELIN electronic GmbH & Co. KG\"},\"image\":{\"@id\":\"https:\\\/\\\/bvted2iv.myrdbx.io\\\/#\\\/schema\\\/logo\\\/image\\\/\"},\"sameAs\":[\"https:\\\/\\\/de-de.facebook.com\\\/bandelin.electronic\\\/\",\"https:\\\/\\\/www.instagram.com\\\/bandelin_ultrasonic\\\/?hl=de\",\"https:\\\/\\\/www.linkedin.com\\\/company\\\/bandelin-electronic-gmbh-amp-co-kg\",\"https:\\\/\\\/www.youtube.com\\\/channel\\\/UC5wTNrNxkwMmX-WzysQqw3g\"]}]}<\/script>\n<!-- \/ Yoast SEO plugin. -->","yoast_head_json":{"title":"STAMMOPUR RD 5 Detergente per strumenti, concentrato | BANDELIN electronic GmbH &amp; Co. KG","description":"Scopri di pi\u00f9 su STAMMOPUR RD 5 Detergente per strumenti, concentrato | Bagni a ultrasuoni di alta qualit\u00e0 per la medicina e l'industria di Bandelin Electronic dal 1955.","robots":{"index":"index","follow":"follow","max-snippet":"max-snippet:-1","max-image-preview":"max-image-preview:large","max-video-preview":"max-video-preview:-1"},"canonical":"https:\/\/bandelin.com\/it\/negozio\/preparati-per-la-pulizia-e-la-disinfezione\/preparati-per-la-pulizia-e-la-disinfezione-stammopur\/stammopur-rd-5-detergente-concentrato-per-strumenti\/","og_locale":"it_IT","og_type":"article","og_title":"STAMMOPUR RD 5 Instrumenten-Reiniger, Konzentrat | BANDELIN electronic GmbH &amp; Co. KG","og_description":"Informationen Sie sich \u00fcber STAMMOPUR RD 5 Instrumenten-Reiniger, Konzentrat | Hochwertige Ultraschallb\u00e4der f\u00fcr Medizin und Industrie von Bandelin Electronic seit 1955.","og_url":"https:\/\/bandelin.com\/it\/negozio\/preparati-per-la-pulizia-e-la-disinfezione\/preparati-per-la-pulizia-e-la-disinfezione-stammopur\/stammopur-rd-5-detergente-concentrato-per-strumenti\/","og_site_name":"BANDELIN electronic GmbH &amp; Co. KG","article_publisher":"https:\/\/de-de.facebook.com\/bandelin.electronic\/","article_modified_time":"2026-05-13T18:29:03+00:00","og_image":[{"width":2048,"height":2048,"url":"https:\/\/bandelin.com\/wp-content\/uploads\/Produktfoto_1L_STAMMOPUR_RD_5-scaled.jpg","type":"image\/jpeg"}],"twitter_card":"summary_large_image","twitter_misc":{"Tempo di lettura stimato":"2 minuti"},"schema":{"@context":"https:\/\/schema.org","@graph":[{"@type":"WebPage","@id":"https:\/\/bandelin.com\/shop\/reinigungs-und-desinfektionspraeparate\/stammopur-reinigungs-und-desinfektionspraeparate\/stammopur-rd-5-instrumenten-reiniger-konzentrat\/","url":"https:\/\/bandelin.com\/shop\/reinigungs-und-desinfektionspraeparate\/stammopur-reinigungs-und-desinfektionspraeparate\/stammopur-rd-5-instrumenten-reiniger-konzentrat\/","name":"STAMMOPUR RD 5 Detergente per strumenti, concentrato | BANDELIN electronic GmbH &amp; Co. KG","isPartOf":{"@id":"https:\/\/bvted2iv.myrdbx.io\/#website"},"primaryImageOfPage":{"@id":"https:\/\/bandelin.com\/shop\/reinigungs-und-desinfektionspraeparate\/stammopur-reinigungs-und-desinfektionspraeparate\/stammopur-rd-5-instrumenten-reiniger-konzentrat\/#primaryimage"},"image":{"@id":"https:\/\/bandelin.com\/shop\/reinigungs-und-desinfektionspraeparate\/stammopur-reinigungs-und-desinfektionspraeparate\/stammopur-rd-5-instrumenten-reiniger-konzentrat\/#primaryimage"},"thumbnailUrl":"https:\/\/bandelin.com\/wp-content\/uploads\/Produktfoto_1L_STAMMOPUR_RD_5-scaled.jpg","datePublished":"2026-05-07T19:04:04+00:00","dateModified":"2026-05-13T18:29:03+00:00","description":"Scopri di pi\u00f9 su STAMMOPUR RD 5 Detergente per strumenti, concentrato | Bagni a ultrasuoni di alta qualit\u00e0 per la medicina e l'industria di Bandelin Electronic dal 1955.","breadcrumb":{"@id":"https:\/\/bandelin.com\/shop\/reinigungs-und-desinfektionspraeparate\/stammopur-reinigungs-und-desinfektionspraeparate\/stammopur-rd-5-instrumenten-reiniger-konzentrat\/#breadcrumb"},"inLanguage":"it-IT","potentialAction":[{"@type":"ReadAction","target":["https:\/\/bandelin.com\/shop\/reinigungs-und-desinfektionspraeparate\/stammopur-reinigungs-und-desinfektionspraeparate\/stammopur-rd-5-instrumenten-reiniger-konzentrat\/"]}]},{"@type":"ImageObject","inLanguage":"it-IT","@id":"https:\/\/bandelin.com\/shop\/reinigungs-und-desinfektionspraeparate\/stammopur-reinigungs-und-desinfektionspraeparate\/stammopur-rd-5-instrumenten-reiniger-konzentrat\/#primaryimage","url":"https:\/\/bandelin.com\/wp-content\/uploads\/Produktfoto_1L_STAMMOPUR_RD_5-scaled.jpg","contentUrl":"https:\/\/bandelin.com\/wp-content\/uploads\/Produktfoto_1L_STAMMOPUR_RD_5-scaled.jpg","width":2048,"height":2048,"caption":"STAMMOPUR RD 5 Instrumenten-Reiniger"},{"@type":"BreadcrumbList","@id":"https:\/\/bandelin.com\/shop\/reinigungs-und-desinfektionspraeparate\/stammopur-reinigungs-und-desinfektionspraeparate\/stammopur-rd-5-instrumenten-reiniger-konzentrat\/#breadcrumb","itemListElement":[{"@type":"ListItem","position":1,"name":"Startseite","item":"https:\/\/bandelin.com\/"},{"@type":"ListItem","position":2,"name":"Shop","item":"https:\/\/bandelin.com\/shop\/"},{"@type":"ListItem","position":3,"name":"STAMMOPUR RD 5 Instrumenten-Reiniger, Konzentrat"}]},{"@type":"WebSite","@id":"https:\/\/bvted2iv.myrdbx.io\/#website","url":"https:\/\/bvted2iv.myrdbx.io\/","name":"BANDELIN electronic GmbH &amp; Co. KG","description":"Ultrasuoni dal 1955","publisher":{"@id":"https:\/\/bvted2iv.myrdbx.io\/#organization"},"potentialAction":[{"@type":"SearchAction","target":{"@type":"EntryPoint","urlTemplate":"https:\/\/bvted2iv.myrdbx.io\/?s={search_term_string}"},"query-input":{"@type":"PropertyValueSpecification","valueRequired":true,"valueName":"search_term_string"}}],"inLanguage":"it-IT"},{"@type":"Organization","@id":"https:\/\/bvted2iv.myrdbx.io\/#organization","name":"BANDELIN electronic GmbH &amp; Co. KG","url":"https:\/\/bvted2iv.myrdbx.io\/","logo":{"@type":"ImageObject","inLanguage":"it-IT","@id":"https:\/\/bvted2iv.myrdbx.io\/#\/schema\/logo\/image\/","url":"","contentUrl":"","caption":"BANDELIN electronic GmbH & Co. KG"},"image":{"@id":"https:\/\/bvted2iv.myrdbx.io\/#\/schema\/logo\/image\/"},"sameAs":["https:\/\/de-de.facebook.com\/bandelin.electronic\/","https:\/\/www.instagram.com\/bandelin_ultrasonic\/?hl=de","https:\/\/www.linkedin.com\/company\/bandelin-electronic-gmbh-amp-co-kg","https:\/\/www.youtube.com\/channel\/UC5wTNrNxkwMmX-WzysQqw3g"]}]}},"_links":{"self":[{"href":"https:\/\/bandelin.com\/it\/wp-json\/wp\/v2\/product\/697335","targetHints":{"allow":["GET"]}}],"collection":[{"href":"https:\/\/bandelin.com\/it\/wp-json\/wp\/v2\/product"}],"about":[{"href":"https:\/\/bandelin.com\/it\/wp-json\/wp\/v2\/types\/product"}],"version-history":[{"count":1,"href":"https:\/\/bandelin.com\/it\/wp-json\/wp\/v2\/product\/697335\/revisions"}],"predecessor-version":[{"id":697336,"href":"https:\/\/bandelin.com\/it\/wp-json\/wp\/v2\/product\/697335\/revisions\/697336"}],"wp:featuredmedia":[{"embeddable":true,"href":"https:\/\/bandelin.com\/it\/wp-json\/wp\/v2\/media\/650240"}],"wp:attachment":[{"href":"https:\/\/bandelin.com\/it\/wp-json\/wp\/v2\/media?parent=697335"}],"wp:term":[{"taxonomy":"product_brand","embeddable":true,"href":"https:\/\/bandelin.com\/it\/wp-json\/wp\/v2\/product_brand?post=697335"},{"taxonomy":"product_cat","embeddable":true,"href":"https:\/\/bandelin.com\/it\/wp-json\/wp\/v2\/product_cat?post=697335"},{"taxonomy":"product_tag","embeddable":true,"href":"https:\/\/bandelin.com\/it\/wp-json\/wp\/v2\/product_tag?post=697335"}],"curies":[{"name":"wp","href":"https:\/\/api.w.org\/{rel}","templated":true}]}}