{"id":697341,"date":"2026-05-07T21:04:10","date_gmt":"2026-05-07T19:04:10","guid":{"rendered":"https:\/\/bandelin.com\/shop\/unkategorisiert\/stammopur-z-zement-entferner-und-prothesen-reiniger-konzentrat\/"},"modified":"2026-05-13T20:29:03","modified_gmt":"2026-05-13T18:29:03","slug":"stammopur-z-detergente-concentrato-per-dentiere-e-rimozione-del-cemento","status":"publish","type":"product","link":"https:\/\/bandelin.com\/it\/shop\/reinigungs-und-desinfektionspraeparate\/stammopur-reinigungs-und-desinfektionspraeparate\/stammopur-z-zement-entferner-und-prothesen-reiniger-konzentrat\/","title":{"rendered":"STAMMOPUR Z Rimuovi cemento e pulisci dentiere, concentrato"},"content":{"rendered":"<p>STAMMOPUR Z<br \/>\n  Rimuovi cemento e pulisci dentiere<\/p>\n<p>  Concentrato per la rimozione del cemento e la pulizia delle protesi nel settore dentale, da utilizzare nei bagni a ultrasuoni su strumenti, accessori e componenti di dispositivi medici, nonch\u00e9 su protesi e ortesi nuove e usurate.<\/p>\n<p>  Il preparato viene utilizzato nel processo di ritrattamento degli strumenti e nella pulizia delle protesi negli studi dentistici, nelle cliniche odontoiatriche, nella chirurgia orale, nell'ortodonzia e nei laboratori odontotecnici.<\/p>\n<p>  In sintesi<br \/>\n  - Concentrato<br \/>\n  - Rimuove cementi, tartaro, placca, otturazioni temporanee, ossidi e residui di fondente.<br \/>\n  - Utilizzi solo il contenitore dell'inserto<br \/>\n  - Privo di acido acetico e cloridrico<br \/>\n  - Biodegradabile<\/p>\n<p>  Compatibilit\u00e0 e contaminazione dei materiali<br \/>\n  STAMMOPUR Z ha un'elevata compatibilit\u00e0 con i materiali.<br \/>\n  Tuttavia, a causa della formulazione nella gamma fortemente acida, non \u00e8 adatto ai materiali sensibili agli acidi, come i metalli leggeri e la cromatura danneggiata.<\/p>\n<p>  Rimosso<br \/>\n  - Cementi,<br \/>\n  - Tartaro,<br \/>\n  - Rivestimenti,<br \/>\n  - otturazioni temporanee,<br \/>\n  - Ossidi<br \/>\n  e i residui di flusso<\/p>\n<p>  dei seguenti materiali<br \/>\n  - Acciaio inossidabile,<br \/>\n  - Metallo prezioso,<br \/>\n  - Titanio,<br \/>\n  - Il vetro,<br \/>\n  - Porcellana,<br \/>\n  - Ceramica<br \/>\n  e plastica.<\/p>\n<p>  Applicazione<br \/>\n  Gli utenti esclusivamente professionali sono personale specializzato addestrato.<\/p>\n<p>  STAMMOPUR Z ha un effetto pulente molto elevato che, tuttavia, diventa efficace solo in combinazione con l'azione degli ultrasuoni nel bagno ad ultrasuoni.<\/p>\n<p>  L'applicazione viene effettuata esclusivamente in un bagno a ultrasuoni, utilizzando il metodo indiretto in recipienti inseriti, come vaschette sospese in plastica o becher.<\/p>\n<p>  Dosaggio e tempo di esposizione<br \/>\n  Dosaggio:<br \/>\n  nel bagno a ultrasuoni: 5%<br \/>\n  senza ultrasuoni: -<\/p>\n<p>  Tempo di esposizione:<br \/>\n  nel bagno a ultrasuoni: 3-10 min<br \/>\n  senza ultrasuoni: -<\/p>\n<p>  Temperatura: preparare a freddo e non riscaldare ulteriormente<\/p>\n<p>  Composizione per 100 g:<br \/>\n  &gt; 10 % Acido fosforico,<br \/>\n  1-&lt; 10 % tensioattivi non ionici,\n  1-&lt; 10 % tensioattivi cationici\n  \n  Intervallo di pH del prodotto: fortemente acido\n  \n  Utilizzare diluito con acqua di qualit\u00e0 almeno potabile.\n  \n  Non \u00e8 consentito aggiungere additivi alla soluzione detergente.\n  \n  \n  Note speciali\n  I cementi resistenti agli acidi, come i cementi vetro-ionomeri, non vengono rimossi.\n  \n  Non trattare con gli ultrasuoni ottiche, guide di luce e parti incollate.\n  \n  Non trattare trapani e altri piccoli strumenti rotanti con STAMMOPUR Z.\n  \n  Indicazioni di pericolo\n  H314 Provoca gravi ustioni cutanee e danni agli occhi.\n  \n  Istruzioni di sicurezza\n  P280 Indossare guanti protettivi\/indumenti protettivi\/proteggere gli occhi\/il viso.\n  P305+P351+P338 IN CASO DI CONTATTO CON GLI OCCHI: Sciacquare con cautela con acqua per alcuni minuti.\n  Se possibile, rimuovere le lenti a contatto. Continuare il risciacquo.\n<\/p>","protected":false},"excerpt":{"rendered":"<p>STAMMOPUR Z Zement-Entferner und Prothesen-Reiniger Konzentrat zur Zement-Entfernung und Prothesen-Reinigung im dentalmedizinischen Bereich zur Anwendung im Ultraschallbad f\u00fcr den Einsatz an Instrumenten, Zubeh\u00f6r und Komponenten von Medizinprodukten, sowie an neuen und getragenen Zahnprothesen und Orthesen. Der Einsatz des Pr\u00e4parates erfolgt im Prozess der Instrumentenaufbereitung und Zahnprothesen-Reinigung in der Zahnarztpraxis, Zahnklinik, Kieferchirurgie, Kieferorthop\u00e4die und im Dentallabor. [&hellip;]<\/p>\n","protected":false},"featured_media":650242,"template":"","meta":{"_acf_changed":false},"product_brand":[],"product_cat":[14263,14181],"product_tag":[14831,14829],"class_list":{"0":"post-697341","1":"product","2":"type-product","3":"status-publish","4":"has-post-thumbnail","6":"product_cat-stammopur-reinigungs-und-desinfektionspraeparate","7":"product_cat-reinigungs-und-desinfektionspraeparate","8":"product_tag-stammopur-reinigungs-und-desinfektionspraeparate","9":"product_tag-reinigungs-und-desinfektionspraeparate","10":"pa_bestellnummer-14003","11":"pa_bestellnummer-13977","12":"pa_bestellnummer-13975","13":"pa_bestellnummer-13039","14":"pa_gebindegroesse-l-1-liter-56-euro-liter","15":"pa_gebindegroesse-l-10-liter-443-euro-liter","16":"pa_gebindegroesse-l-5-liter-466-euro-liter","17":"pa_gebindegroesse-l-2-liter-505-euro-liter","18":"pa_inhalt-l-14541","19":"pa_inhalt-l-14540","20":"pa_inhalt-l-13991","21":"pa_inhalt-l-12484","22":"pa_verpackung-breite-mm-12313","23":"pa_verpackung-breite-mm-130-2","24":"pa_verpackung-hoehe-mm-13038","25":"pa_verpackung-hoehe-mm-12354","26":"pa_verpackung-laenge-mm-12353","27":"pa_verpackung-laenge-mm-250-2","29":"first","30":"instock","31":"taxable","32":"shipping-taxable","33":"purchasable","34":"product-type-variable","35":"has-default-attributes"},"acf":[],"yoast_head":"<!-- This site is optimized with the Yoast SEO plugin v27.6 - https:\/\/yoast.com\/product\/yoast-seo-wordpress\/ -->\n<title>STAMMOPUR Z Zement-Entferner und Prothesen-Reiniger, Konzentrat | BANDELIN electronic GmbH &amp; Co. KG<\/title>\n<meta name=\"description\" content=\"Informationen Sie sich \u00fcber STAMMOPUR Z Zement-Entferner und Prothesen-Reiniger, Konzentrat | Hochwertige Ultraschallb\u00e4der f\u00fcr Medizin und Industrie von Bandelin Electronic seit 1955.\" \/>\n<meta name=\"robots\" content=\"index, follow, max-snippet:-1, max-image-preview:large, max-video-preview:-1\" \/>\n<link rel=\"canonical\" href=\"https:\/\/bandelin.com\/it\/negozio\/preparati-per-la-pulizia-e-la-disinfezione\/preparati-per-la-pulizia-e-la-disinfezione-stammopur\/stammopur-z-detergente-concentrato-per-dentiere-e-rimozione-del-cemento\/\" \/>\n<meta property=\"og:locale\" content=\"it_IT\" \/>\n<meta property=\"og:type\" content=\"article\" \/>\n<meta property=\"og:title\" content=\"STAMMOPUR Z Zement-Entferner und Prothesen-Reiniger, Konzentrat | BANDELIN electronic GmbH &amp; Co. KG\" \/>\n<meta property=\"og:description\" content=\"Informationen Sie sich \u00fcber STAMMOPUR Z Zement-Entferner und Prothesen-Reiniger, Konzentrat | Hochwertige Ultraschallb\u00e4der f\u00fcr Medizin und Industrie von Bandelin Electronic seit 1955.\" \/>\n<meta property=\"og:url\" content=\"https:\/\/bandelin.com\/it\/negozio\/preparati-per-la-pulizia-e-la-disinfezione\/preparati-per-la-pulizia-e-la-disinfezione-stammopur\/stammopur-z-detergente-concentrato-per-dentiere-e-rimozione-del-cemento\/\" \/>\n<meta property=\"og:site_name\" content=\"BANDELIN electronic GmbH &amp; Co. KG\" \/>\n<meta property=\"article:publisher\" content=\"https:\/\/de-de.facebook.com\/bandelin.electronic\/\" \/>\n<meta property=\"article:modified_time\" content=\"2026-05-13T18:29:03+00:00\" \/>\n<meta property=\"og:image\" content=\"https:\/\/bandelin.com\/wp-content\/uploads\/Produktfoto_1L_STAMMOPUR_Z-scaled.jpg\" \/>\n\t<meta property=\"og:image:width\" content=\"2048\" \/>\n\t<meta property=\"og:image:height\" content=\"2048\" \/>\n\t<meta property=\"og:image:type\" content=\"image\/jpeg\" \/>\n<meta name=\"twitter:card\" content=\"summary_large_image\" \/>\n<meta name=\"twitter:label1\" content=\"Tempo di lettura stimato\" \/>\n\t<meta name=\"twitter:data1\" content=\"2 minuti\" \/>\n<script type=\"application\/ld+json\" class=\"yoast-schema-graph\">{\"@context\":\"https:\\\/\\\/schema.org\",\"@graph\":[{\"@type\":\"WebPage\",\"@id\":\"https:\\\/\\\/bandelin.com\\\/shop\\\/reinigungs-und-desinfektionspraeparate\\\/stammopur-reinigungs-und-desinfektionspraeparate\\\/stammopur-z-zement-entferner-und-prothesen-reiniger-konzentrat\\\/\",\"url\":\"https:\\\/\\\/bandelin.com\\\/shop\\\/reinigungs-und-desinfektionspraeparate\\\/stammopur-reinigungs-und-desinfektionspraeparate\\\/stammopur-z-zement-entferner-und-prothesen-reiniger-konzentrat\\\/\",\"name\":\"STAMMOPUR Z Zement-Entferner und Prothesen-Reiniger, Konzentrat | BANDELIN electronic GmbH &amp; Co. KG\",\"isPartOf\":{\"@id\":\"https:\\\/\\\/bvted2iv.myrdbx.io\\\/#website\"},\"primaryImageOfPage\":{\"@id\":\"https:\\\/\\\/bandelin.com\\\/shop\\\/reinigungs-und-desinfektionspraeparate\\\/stammopur-reinigungs-und-desinfektionspraeparate\\\/stammopur-z-zement-entferner-und-prothesen-reiniger-konzentrat\\\/#primaryimage\"},\"image\":{\"@id\":\"https:\\\/\\\/bandelin.com\\\/shop\\\/reinigungs-und-desinfektionspraeparate\\\/stammopur-reinigungs-und-desinfektionspraeparate\\\/stammopur-z-zement-entferner-und-prothesen-reiniger-konzentrat\\\/#primaryimage\"},\"thumbnailUrl\":\"https:\\\/\\\/bandelin.com\\\/wp-content\\\/uploads\\\/Produktfoto_1L_STAMMOPUR_Z-scaled.jpg\",\"datePublished\":\"2026-05-07T19:04:10+00:00\",\"dateModified\":\"2026-05-13T18:29:03+00:00\",\"description\":\"Informationen Sie sich \u00fcber STAMMOPUR Z Zement-Entferner und Prothesen-Reiniger, Konzentrat | Hochwertige Ultraschallb\u00e4der f\u00fcr Medizin und Industrie von Bandelin Electronic seit 1955.\",\"breadcrumb\":{\"@id\":\"https:\\\/\\\/bandelin.com\\\/shop\\\/reinigungs-und-desinfektionspraeparate\\\/stammopur-reinigungs-und-desinfektionspraeparate\\\/stammopur-z-zement-entferner-und-prothesen-reiniger-konzentrat\\\/#breadcrumb\"},\"inLanguage\":\"it-IT\",\"potentialAction\":[{\"@type\":\"ReadAction\",\"target\":[\"https:\\\/\\\/bandelin.com\\\/shop\\\/reinigungs-und-desinfektionspraeparate\\\/stammopur-reinigungs-und-desinfektionspraeparate\\\/stammopur-z-zement-entferner-und-prothesen-reiniger-konzentrat\\\/\"]}]},{\"@type\":\"ImageObject\",\"inLanguage\":\"it-IT\",\"@id\":\"https:\\\/\\\/bandelin.com\\\/shop\\\/reinigungs-und-desinfektionspraeparate\\\/stammopur-reinigungs-und-desinfektionspraeparate\\\/stammopur-z-zement-entferner-und-prothesen-reiniger-konzentrat\\\/#primaryimage\",\"url\":\"https:\\\/\\\/bandelin.com\\\/wp-content\\\/uploads\\\/Produktfoto_1L_STAMMOPUR_Z-scaled.jpg\",\"contentUrl\":\"https:\\\/\\\/bandelin.com\\\/wp-content\\\/uploads\\\/Produktfoto_1L_STAMMOPUR_Z-scaled.jpg\",\"width\":2048,\"height\":2048,\"caption\":\"STAMMOPUR Z Zement-Entferner und Prothesen-Reiniger\"},{\"@type\":\"BreadcrumbList\",\"@id\":\"https:\\\/\\\/bandelin.com\\\/shop\\\/reinigungs-und-desinfektionspraeparate\\\/stammopur-reinigungs-und-desinfektionspraeparate\\\/stammopur-z-zement-entferner-und-prothesen-reiniger-konzentrat\\\/#breadcrumb\",\"itemListElement\":[{\"@type\":\"ListItem\",\"position\":1,\"name\":\"Startseite\",\"item\":\"https:\\\/\\\/bandelin.com\\\/\"},{\"@type\":\"ListItem\",\"position\":2,\"name\":\"Shop\",\"item\":\"https:\\\/\\\/bandelin.com\\\/shop\\\/\"},{\"@type\":\"ListItem\",\"position\":3,\"name\":\"STAMMOPUR Z Zement-Entferner und Prothesen-Reiniger, Konzentrat\"}]},{\"@type\":\"WebSite\",\"@id\":\"https:\\\/\\\/bvted2iv.myrdbx.io\\\/#website\",\"url\":\"https:\\\/\\\/bvted2iv.myrdbx.io\\\/\",\"name\":\"BANDELIN electronic GmbH & Co. KG\",\"description\":\"Ultraschall seit 1955\",\"publisher\":{\"@id\":\"https:\\\/\\\/bvted2iv.myrdbx.io\\\/#organization\"},\"potentialAction\":[{\"@type\":\"SearchAction\",\"target\":{\"@type\":\"EntryPoint\",\"urlTemplate\":\"https:\\\/\\\/bvted2iv.myrdbx.io\\\/?s={search_term_string}\"},\"query-input\":{\"@type\":\"PropertyValueSpecification\",\"valueRequired\":true,\"valueName\":\"search_term_string\"}}],\"inLanguage\":\"it-IT\"},{\"@type\":\"Organization\",\"@id\":\"https:\\\/\\\/bvted2iv.myrdbx.io\\\/#organization\",\"name\":\"BANDELIN electronic GmbH & Co. KG\",\"url\":\"https:\\\/\\\/bvted2iv.myrdbx.io\\\/\",\"logo\":{\"@type\":\"ImageObject\",\"inLanguage\":\"it-IT\",\"@id\":\"https:\\\/\\\/bvted2iv.myrdbx.io\\\/#\\\/schema\\\/logo\\\/image\\\/\",\"url\":\"\",\"contentUrl\":\"\",\"caption\":\"BANDELIN electronic GmbH & Co. KG\"},\"image\":{\"@id\":\"https:\\\/\\\/bvted2iv.myrdbx.io\\\/#\\\/schema\\\/logo\\\/image\\\/\"},\"sameAs\":[\"https:\\\/\\\/de-de.facebook.com\\\/bandelin.electronic\\\/\",\"https:\\\/\\\/www.instagram.com\\\/bandelin_ultrasonic\\\/?hl=de\",\"https:\\\/\\\/www.linkedin.com\\\/company\\\/bandelin-electronic-gmbh-amp-co-kg\",\"https:\\\/\\\/www.youtube.com\\\/channel\\\/UC5wTNrNxkwMmX-WzysQqw3g\"]}]}<\/script>\n<!-- \/ Yoast SEO plugin. -->","yoast_head_json":{"title":"STAMMOPUR Z Rimuovi cemento e pulisci dentiere, concentrato | BANDELIN electronic GmbH &amp; Co. KG","description":"Scopri di pi\u00f9 su STAMMOPUR Z Rimuovi cemento e pulisci dentiere, concentrato | Bagni a ultrasuoni di alta qualit\u00e0 per la medicina e l'industria di Bandelin Electronic dal 1955.","robots":{"index":"index","follow":"follow","max-snippet":"max-snippet:-1","max-image-preview":"max-image-preview:large","max-video-preview":"max-video-preview:-1"},"canonical":"https:\/\/bandelin.com\/it\/negozio\/preparati-per-la-pulizia-e-la-disinfezione\/preparati-per-la-pulizia-e-la-disinfezione-stammopur\/stammopur-z-detergente-concentrato-per-dentiere-e-rimozione-del-cemento\/","og_locale":"it_IT","og_type":"article","og_title":"STAMMOPUR Z Zement-Entferner und Prothesen-Reiniger, Konzentrat | BANDELIN electronic GmbH &amp; Co. KG","og_description":"Informationen Sie sich \u00fcber STAMMOPUR Z Zement-Entferner und Prothesen-Reiniger, Konzentrat | Hochwertige Ultraschallb\u00e4der f\u00fcr Medizin und Industrie von Bandelin Electronic seit 1955.","og_url":"https:\/\/bandelin.com\/it\/negozio\/preparati-per-la-pulizia-e-la-disinfezione\/preparati-per-la-pulizia-e-la-disinfezione-stammopur\/stammopur-z-detergente-concentrato-per-dentiere-e-rimozione-del-cemento\/","og_site_name":"BANDELIN electronic GmbH &amp; Co. KG","article_publisher":"https:\/\/de-de.facebook.com\/bandelin.electronic\/","article_modified_time":"2026-05-13T18:29:03+00:00","og_image":[{"width":2048,"height":2048,"url":"https:\/\/bandelin.com\/wp-content\/uploads\/Produktfoto_1L_STAMMOPUR_Z-scaled.jpg","type":"image\/jpeg"}],"twitter_card":"summary_large_image","twitter_misc":{"Tempo di lettura stimato":"2 minuti"},"schema":{"@context":"https:\/\/schema.org","@graph":[{"@type":"WebPage","@id":"https:\/\/bandelin.com\/shop\/reinigungs-und-desinfektionspraeparate\/stammopur-reinigungs-und-desinfektionspraeparate\/stammopur-z-zement-entferner-und-prothesen-reiniger-konzentrat\/","url":"https:\/\/bandelin.com\/shop\/reinigungs-und-desinfektionspraeparate\/stammopur-reinigungs-und-desinfektionspraeparate\/stammopur-z-zement-entferner-und-prothesen-reiniger-konzentrat\/","name":"STAMMOPUR Z Rimuovi cemento e pulisci dentiere, concentrato | BANDELIN electronic GmbH &amp; Co. KG","isPartOf":{"@id":"https:\/\/bvted2iv.myrdbx.io\/#website"},"primaryImageOfPage":{"@id":"https:\/\/bandelin.com\/shop\/reinigungs-und-desinfektionspraeparate\/stammopur-reinigungs-und-desinfektionspraeparate\/stammopur-z-zement-entferner-und-prothesen-reiniger-konzentrat\/#primaryimage"},"image":{"@id":"https:\/\/bandelin.com\/shop\/reinigungs-und-desinfektionspraeparate\/stammopur-reinigungs-und-desinfektionspraeparate\/stammopur-z-zement-entferner-und-prothesen-reiniger-konzentrat\/#primaryimage"},"thumbnailUrl":"https:\/\/bandelin.com\/wp-content\/uploads\/Produktfoto_1L_STAMMOPUR_Z-scaled.jpg","datePublished":"2026-05-07T19:04:10+00:00","dateModified":"2026-05-13T18:29:03+00:00","description":"Scopri di pi\u00f9 su STAMMOPUR Z Rimuovi cemento e pulisci dentiere, concentrato | Bagni a ultrasuoni di alta qualit\u00e0 per la medicina e l'industria di Bandelin Electronic dal 1955.","breadcrumb":{"@id":"https:\/\/bandelin.com\/shop\/reinigungs-und-desinfektionspraeparate\/stammopur-reinigungs-und-desinfektionspraeparate\/stammopur-z-zement-entferner-und-prothesen-reiniger-konzentrat\/#breadcrumb"},"inLanguage":"it-IT","potentialAction":[{"@type":"ReadAction","target":["https:\/\/bandelin.com\/shop\/reinigungs-und-desinfektionspraeparate\/stammopur-reinigungs-und-desinfektionspraeparate\/stammopur-z-zement-entferner-und-prothesen-reiniger-konzentrat\/"]}]},{"@type":"ImageObject","inLanguage":"it-IT","@id":"https:\/\/bandelin.com\/shop\/reinigungs-und-desinfektionspraeparate\/stammopur-reinigungs-und-desinfektionspraeparate\/stammopur-z-zement-entferner-und-prothesen-reiniger-konzentrat\/#primaryimage","url":"https:\/\/bandelin.com\/wp-content\/uploads\/Produktfoto_1L_STAMMOPUR_Z-scaled.jpg","contentUrl":"https:\/\/bandelin.com\/wp-content\/uploads\/Produktfoto_1L_STAMMOPUR_Z-scaled.jpg","width":2048,"height":2048,"caption":"STAMMOPUR Z Zement-Entferner und Prothesen-Reiniger"},{"@type":"BreadcrumbList","@id":"https:\/\/bandelin.com\/shop\/reinigungs-und-desinfektionspraeparate\/stammopur-reinigungs-und-desinfektionspraeparate\/stammopur-z-zement-entferner-und-prothesen-reiniger-konzentrat\/#breadcrumb","itemListElement":[{"@type":"ListItem","position":1,"name":"Startseite","item":"https:\/\/bandelin.com\/"},{"@type":"ListItem","position":2,"name":"Shop","item":"https:\/\/bandelin.com\/shop\/"},{"@type":"ListItem","position":3,"name":"STAMMOPUR Z Zement-Entferner und Prothesen-Reiniger, Konzentrat"}]},{"@type":"WebSite","@id":"https:\/\/bvted2iv.myrdbx.io\/#website","url":"https:\/\/bvted2iv.myrdbx.io\/","name":"BANDELIN electronic GmbH &amp; Co. KG","description":"Ultrasuoni dal 1955","publisher":{"@id":"https:\/\/bvted2iv.myrdbx.io\/#organization"},"potentialAction":[{"@type":"SearchAction","target":{"@type":"EntryPoint","urlTemplate":"https:\/\/bvted2iv.myrdbx.io\/?s={search_term_string}"},"query-input":{"@type":"PropertyValueSpecification","valueRequired":true,"valueName":"search_term_string"}}],"inLanguage":"it-IT"},{"@type":"Organization","@id":"https:\/\/bvted2iv.myrdbx.io\/#organization","name":"BANDELIN electronic GmbH &amp; Co. KG","url":"https:\/\/bvted2iv.myrdbx.io\/","logo":{"@type":"ImageObject","inLanguage":"it-IT","@id":"https:\/\/bvted2iv.myrdbx.io\/#\/schema\/logo\/image\/","url":"","contentUrl":"","caption":"BANDELIN electronic GmbH & Co. KG"},"image":{"@id":"https:\/\/bvted2iv.myrdbx.io\/#\/schema\/logo\/image\/"},"sameAs":["https:\/\/de-de.facebook.com\/bandelin.electronic\/","https:\/\/www.instagram.com\/bandelin_ultrasonic\/?hl=de","https:\/\/www.linkedin.com\/company\/bandelin-electronic-gmbh-amp-co-kg","https:\/\/www.youtube.com\/channel\/UC5wTNrNxkwMmX-WzysQqw3g"]}]}},"_links":{"self":[{"href":"https:\/\/bandelin.com\/it\/wp-json\/wp\/v2\/product\/697341","targetHints":{"allow":["GET"]}}],"collection":[{"href":"https:\/\/bandelin.com\/it\/wp-json\/wp\/v2\/product"}],"about":[{"href":"https:\/\/bandelin.com\/it\/wp-json\/wp\/v2\/types\/product"}],"version-history":[{"count":1,"href":"https:\/\/bandelin.com\/it\/wp-json\/wp\/v2\/product\/697341\/revisions"}],"predecessor-version":[{"id":697342,"href":"https:\/\/bandelin.com\/it\/wp-json\/wp\/v2\/product\/697341\/revisions\/697342"}],"wp:featuredmedia":[{"embeddable":true,"href":"https:\/\/bandelin.com\/it\/wp-json\/wp\/v2\/media\/650242"}],"wp:attachment":[{"href":"https:\/\/bandelin.com\/it\/wp-json\/wp\/v2\/media?parent=697341"}],"wp:term":[{"taxonomy":"product_brand","embeddable":true,"href":"https:\/\/bandelin.com\/it\/wp-json\/wp\/v2\/product_brand?post=697341"},{"taxonomy":"product_cat","embeddable":true,"href":"https:\/\/bandelin.com\/it\/wp-json\/wp\/v2\/product_cat?post=697341"},{"taxonomy":"product_tag","embeddable":true,"href":"https:\/\/bandelin.com\/it\/wp-json\/wp\/v2\/product_tag?post=697341"}],"curies":[{"name":"wp","href":"https:\/\/api.w.org\/{rel}","templated":true}]}}