{"id":697344,"date":"2026-05-07T21:04:14","date_gmt":"2026-05-07T19:04:14","guid":{"rendered":"https:\/\/bandelin.com\/shop\/unkategorisiert\/tickomed-1-dental-instrumenten-reiniger-konzentrat\/"},"modified":"2026-05-13T20:29:03","modified_gmt":"2026-05-13T18:29:03","slug":"tickomed-1-detergente-concentrato-per-strumenti-dentali","status":"publish","type":"product","link":"https:\/\/bandelin.com\/it\/shop\/reinigungs-und-desinfektionspraeparate\/stammopur-reinigungs-und-desinfektionspraeparate\/tickomed-1-dental-instrumenten-reiniger-konzentrat\/","title":{"rendered":"TICKOMED 1 Detergente per strumenti odontoiatrici, concentrato"},"content":{"rendered":"<p>TICKOMED 1<br \/>\n  Detergente per strumenti dentali<\/p>\n<p>  Concentrato per la pulizia manuale e la pre-pulizia di strumenti dentali, chirurgici, medici invasivi e non invasivi, strumenti rotanti e non rotanti di piccole dimensioni e di precisione, nonch\u00e9 piccoli strumenti endodontologici, accessori e componenti di dispositivi medici, sia in bagni a ultrasuoni che in bagni a immersione.<\/p>\n<p>  La preparazione viene utilizzata nel processo di preparazione degli strumenti negli studi dentistici, nelle cliniche odontoiatriche, nella chirurgia orale e nell'ortodonzia. <\/p>\n<p>  L'applicazione \u00e8 destinata alla pulizia e alla pre-pulizia nell'ambito del ritrattamento manuale.<\/p>\n<p>  In sintesi<br \/>\n  - Concentrato<br \/>\n  - Rimuove il sangue, le secrezioni e la saliva, le ossa e le<br \/>\n  Sostanza del dente, dentina<br \/>\n  - Compatibilit\u00e0 dei materiali molto elevata, anche per<br \/>\n  Metalli leggeri<br \/>\n  - Pu\u00f2 essere utilizzato come fluido di contatto<br \/>\n  - Biodegradabile<br \/>\n  - Effetto di pulizia molto elevato nel bagno a ultrasuoni<\/p>\n<p>  Compatibilit\u00e0 e contaminazione dei materiali<br \/>\n  TICKOMED 1 ha una compatibilit\u00e0 molto elevata con i materiali.<br \/>\n  Grazie alla sua formulazione leggermente alcalina, il prodotto \u00e8 adatto anche alle parti in alluminio e anodizzate.<\/p>\n<p>  Rimuove lo sporco fresco e ostinato, come ad esempio<br \/>\n  - Sangue,<br \/>\n  - Segretario,<br \/>\n  - Raggiungere<br \/>\n  - Dentina,<br \/>\n  - Osso<br \/>\n  e la sostanza dei denti<\/p>\n<p>  dei seguenti materiali<br \/>\n  - Metallo,<br \/>\n  - Alluminio,<br \/>\n  - parti anodizzate,<br \/>\n  - Titanio,<br \/>\n  - Il vetro,<br \/>\n  - Porcellana,<br \/>\n  - Ceramica<br \/>\n  e plastica.<\/p>\n<p>  Applicazione<br \/>\n  Gli utenti esclusivamente professionali sono personale specializzato addestrato.<\/p>\n<p>  TICKOMED 1 ha un effetto pulente molto elevato. Nel bagno a ultrasuoni, abbrevia il processo di pulizia grazie al suo supporto fisico in molte applicazioni.<\/p>\n<p>  Consigliato come fluido di contatto per il processo indiretto nel bagno ad ultrasuoni per STAMMOPUR GR e STAMMOPUR Z.<\/p>\n<p>  Dosaggio e tempo di esposizione<br \/>\n  Dosaggio:<br \/>\n  nel bagno a ultrasuoni: 3%<br \/>\n  senza ultrasuoni: 5%<\/p>\n<p>  Tempo di esposizione:<br \/>\n  nel bagno a ultrasuoni: 3-10 min<br \/>\n  senza ultrasuoni: il tempo di esposizione dipende dal tipo e dall'ostinazione dello sporco, massimo 12 ore. Per l'alluminio e le sue leghe, non superi un tempo di esposizione di 60 minuti.<\/p>\n<p>  Temperatura:<br \/>\n  Preparare il freddo per un nuovo imbrattamento,<br \/>\n  Pu\u00f2 essere riscaldato fino a 60 \u00b0C per lo sporco ostinato.<\/p>\n<p>  Composizione per 100 g:<br \/>\n  5-15 % tensioattivi non ionici,<br \/>\n  5-15 Tensioattivi cationici %,<br \/>\n  &lt; 5 % Fosfato,\n  agente complessante\n  \n  Intervallo di pH del prodotto: leggermente alcalino\n  \n  Utilizzare diluito con acqua di qualit\u00e0 almeno potabile.\n  \n  Non \u00e8 consentito aggiungere additivi alla soluzione detergente.\n  \n  Istruzioni speciali\n  Non trattare ottiche, fibre ottiche e parti incollate con gli ultrasuoni.\n  \n  Indicazioni di pericolo\n  H318 Provoca gravi lesioni oculari.\n  H315 Provoca irritazione cutanea.\n  \n  Consigli di prudenza\n  P280 Indossare guanti protettivi\/indumenti protettivi\/proteggere gli occhi\/il viso.\n  P305+P351+P338 IN CASO DI CONTATTO CON GLI OCCHI: Sciacquare con cautela con acqua per diversi minuti.\n  Se possibile, rimuovere le lenti a contatto. Continuare il risciacquo.\n<\/p>","protected":false},"excerpt":{"rendered":"<p>TICKOMED 1 Dental-Instrumenten-Reiniger Konzentrat zur manuellen Reinigung und Vorreinigung zahn\u00e4rztlicher, chirurgischer, invasiver und nicht-invasiver medizinischer Instrumente, rotierender und nicht-rotierender Klein- und Pr\u00e4zisionsinstrumente sowie endodontologischer Kleininstrumente, Zubeh\u00f6r und Komponenten von Medizinprodukten, sowohl im Ultraschallbad als auch im Tauchbadverfahren. Der Einsatz des Pr\u00e4parates erfolgt im Prozess der Instrumentenaufbereitung in der Zahnarztpraxis, Zahnklinik, Kieferchirurgie und Kieferorthop\u00e4die. Die Anwendung [&hellip;]<\/p>\n","protected":false},"featured_media":650243,"template":"","meta":{"_acf_changed":false},"product_brand":[],"product_cat":[14263,14181],"product_tag":[14831,14829],"class_list":{"0":"post-697344","1":"product","2":"type-product","3":"status-publish","4":"has-post-thumbnail","6":"product_cat-stammopur-reinigungs-und-desinfektionspraeparate","7":"product_cat-reinigungs-und-desinfektionspraeparate","8":"product_tag-stammopur-reinigungs-und-desinfektionspraeparate","9":"product_tag-reinigungs-und-desinfektionspraeparate","10":"pa_bestellnummer-14006","11":"pa_bestellnummer-14010","12":"pa_bestellnummer-14008","13":"pa_bestellnummer-13051","14":"pa_gebindegroesse-l-10-liter-144-euro-liter","15":"pa_gebindegroesse-l-5-liter-168-euro-liter","16":"pa_gebindegroesse-l-1-liter-26-euro-liter","17":"pa_gebindegroesse-l-2-liter-21-euro-liter","18":"pa_inhalt-l-14541","19":"pa_inhalt-l-14540","20":"pa_inhalt-l-13991","21":"pa_inhalt-l-12484","22":"pa_verpackung-breite-mm-12313","23":"pa_verpackung-breite-mm-130-2","24":"pa_verpackung-hoehe-mm-13038","25":"pa_verpackung-hoehe-mm-12354","26":"pa_verpackung-laenge-mm-12353","27":"pa_verpackung-laenge-mm-250-2","29":"first","30":"instock","31":"taxable","32":"shipping-taxable","33":"purchasable","34":"product-type-variable","35":"has-default-attributes"},"acf":[],"yoast_head":"<!-- This site is optimized with the Yoast SEO plugin v27.6 - https:\/\/yoast.com\/product\/yoast-seo-wordpress\/ -->\n<title>TICKOMED 1 Dental-Instrumenten-Reiniger, Konzentrat | BANDELIN electronic GmbH &amp; Co. KG<\/title>\n<meta name=\"description\" content=\"Informationen Sie sich \u00fcber TICKOMED 1 Dental-Instrumenten-Reiniger, Konzentrat | Hochwertige Ultraschallb\u00e4der f\u00fcr Medizin und Industrie von Bandelin Electronic seit 1955.\" \/>\n<meta name=\"robots\" content=\"index, follow, max-snippet:-1, max-image-preview:large, max-video-preview:-1\" \/>\n<link rel=\"canonical\" href=\"https:\/\/bandelin.com\/it\/negozio\/preparati-per-la-pulizia-e-la-disinfezione\/preparati-per-la-pulizia-e-la-disinfezione-stammopur\/tickomed-1-detergente-concentrato-per-strumenti-dentali\/\" \/>\n<meta property=\"og:locale\" content=\"it_IT\" \/>\n<meta property=\"og:type\" content=\"article\" \/>\n<meta property=\"og:title\" content=\"TICKOMED 1 Dental-Instrumenten-Reiniger, Konzentrat | BANDELIN electronic GmbH &amp; Co. KG\" \/>\n<meta property=\"og:description\" content=\"Informationen Sie sich \u00fcber TICKOMED 1 Dental-Instrumenten-Reiniger, Konzentrat | Hochwertige Ultraschallb\u00e4der f\u00fcr Medizin und Industrie von Bandelin Electronic seit 1955.\" \/>\n<meta property=\"og:url\" content=\"https:\/\/bandelin.com\/it\/negozio\/preparati-per-la-pulizia-e-la-disinfezione\/preparati-per-la-pulizia-e-la-disinfezione-stammopur\/tickomed-1-detergente-concentrato-per-strumenti-dentali\/\" \/>\n<meta property=\"og:site_name\" content=\"BANDELIN electronic GmbH &amp; Co. KG\" \/>\n<meta property=\"article:publisher\" content=\"https:\/\/de-de.facebook.com\/bandelin.electronic\/\" \/>\n<meta property=\"article:modified_time\" content=\"2026-05-13T18:29:03+00:00\" \/>\n<meta property=\"og:image\" content=\"https:\/\/bandelin.com\/wp-content\/uploads\/Produktfoto_1L_TICKOMED_1-scaled.jpg\" \/>\n\t<meta property=\"og:image:width\" content=\"2048\" \/>\n\t<meta property=\"og:image:height\" content=\"2048\" \/>\n\t<meta property=\"og:image:type\" content=\"image\/jpeg\" \/>\n<meta name=\"twitter:card\" content=\"summary_large_image\" \/>\n<meta name=\"twitter:label1\" content=\"Tempo di lettura stimato\" \/>\n\t<meta name=\"twitter:data1\" content=\"2 minuti\" \/>\n<script type=\"application\/ld+json\" class=\"yoast-schema-graph\">{\"@context\":\"https:\\\/\\\/schema.org\",\"@graph\":[{\"@type\":\"WebPage\",\"@id\":\"https:\\\/\\\/bandelin.com\\\/shop\\\/reinigungs-und-desinfektionspraeparate\\\/stammopur-reinigungs-und-desinfektionspraeparate\\\/tickomed-1-dental-instrumenten-reiniger-konzentrat\\\/\",\"url\":\"https:\\\/\\\/bandelin.com\\\/shop\\\/reinigungs-und-desinfektionspraeparate\\\/stammopur-reinigungs-und-desinfektionspraeparate\\\/tickomed-1-dental-instrumenten-reiniger-konzentrat\\\/\",\"name\":\"TICKOMED 1 Dental-Instrumenten-Reiniger, Konzentrat | BANDELIN electronic GmbH &amp; Co. KG\",\"isPartOf\":{\"@id\":\"https:\\\/\\\/bvted2iv.myrdbx.io\\\/#website\"},\"primaryImageOfPage\":{\"@id\":\"https:\\\/\\\/bandelin.com\\\/shop\\\/reinigungs-und-desinfektionspraeparate\\\/stammopur-reinigungs-und-desinfektionspraeparate\\\/tickomed-1-dental-instrumenten-reiniger-konzentrat\\\/#primaryimage\"},\"image\":{\"@id\":\"https:\\\/\\\/bandelin.com\\\/shop\\\/reinigungs-und-desinfektionspraeparate\\\/stammopur-reinigungs-und-desinfektionspraeparate\\\/tickomed-1-dental-instrumenten-reiniger-konzentrat\\\/#primaryimage\"},\"thumbnailUrl\":\"https:\\\/\\\/bandelin.com\\\/wp-content\\\/uploads\\\/Produktfoto_1L_TICKOMED_1-scaled.jpg\",\"datePublished\":\"2026-05-07T19:04:14+00:00\",\"dateModified\":\"2026-05-13T18:29:03+00:00\",\"description\":\"Informationen Sie sich \u00fcber TICKOMED 1 Dental-Instrumenten-Reiniger, Konzentrat | Hochwertige Ultraschallb\u00e4der f\u00fcr Medizin und Industrie von Bandelin Electronic seit 1955.\",\"breadcrumb\":{\"@id\":\"https:\\\/\\\/bandelin.com\\\/shop\\\/reinigungs-und-desinfektionspraeparate\\\/stammopur-reinigungs-und-desinfektionspraeparate\\\/tickomed-1-dental-instrumenten-reiniger-konzentrat\\\/#breadcrumb\"},\"inLanguage\":\"it-IT\",\"potentialAction\":[{\"@type\":\"ReadAction\",\"target\":[\"https:\\\/\\\/bandelin.com\\\/shop\\\/reinigungs-und-desinfektionspraeparate\\\/stammopur-reinigungs-und-desinfektionspraeparate\\\/tickomed-1-dental-instrumenten-reiniger-konzentrat\\\/\"]}]},{\"@type\":\"ImageObject\",\"inLanguage\":\"it-IT\",\"@id\":\"https:\\\/\\\/bandelin.com\\\/shop\\\/reinigungs-und-desinfektionspraeparate\\\/stammopur-reinigungs-und-desinfektionspraeparate\\\/tickomed-1-dental-instrumenten-reiniger-konzentrat\\\/#primaryimage\",\"url\":\"https:\\\/\\\/bandelin.com\\\/wp-content\\\/uploads\\\/Produktfoto_1L_TICKOMED_1-scaled.jpg\",\"contentUrl\":\"https:\\\/\\\/bandelin.com\\\/wp-content\\\/uploads\\\/Produktfoto_1L_TICKOMED_1-scaled.jpg\",\"width\":2048,\"height\":2048,\"caption\":\"TICKOMED 1 Dental-Instrumenten-Reiniger\"},{\"@type\":\"BreadcrumbList\",\"@id\":\"https:\\\/\\\/bandelin.com\\\/shop\\\/reinigungs-und-desinfektionspraeparate\\\/stammopur-reinigungs-und-desinfektionspraeparate\\\/tickomed-1-dental-instrumenten-reiniger-konzentrat\\\/#breadcrumb\",\"itemListElement\":[{\"@type\":\"ListItem\",\"position\":1,\"name\":\"Startseite\",\"item\":\"https:\\\/\\\/bandelin.com\\\/\"},{\"@type\":\"ListItem\",\"position\":2,\"name\":\"Shop\",\"item\":\"https:\\\/\\\/bandelin.com\\\/shop\\\/\"},{\"@type\":\"ListItem\",\"position\":3,\"name\":\"TICKOMED 1 Dental-Instrumenten-Reiniger, Konzentrat\"}]},{\"@type\":\"WebSite\",\"@id\":\"https:\\\/\\\/bvted2iv.myrdbx.io\\\/#website\",\"url\":\"https:\\\/\\\/bvted2iv.myrdbx.io\\\/\",\"name\":\"BANDELIN electronic GmbH & Co. KG\",\"description\":\"Ultraschall seit 1955\",\"publisher\":{\"@id\":\"https:\\\/\\\/bvted2iv.myrdbx.io\\\/#organization\"},\"potentialAction\":[{\"@type\":\"SearchAction\",\"target\":{\"@type\":\"EntryPoint\",\"urlTemplate\":\"https:\\\/\\\/bvted2iv.myrdbx.io\\\/?s={search_term_string}\"},\"query-input\":{\"@type\":\"PropertyValueSpecification\",\"valueRequired\":true,\"valueName\":\"search_term_string\"}}],\"inLanguage\":\"it-IT\"},{\"@type\":\"Organization\",\"@id\":\"https:\\\/\\\/bvted2iv.myrdbx.io\\\/#organization\",\"name\":\"BANDELIN electronic GmbH & Co. KG\",\"url\":\"https:\\\/\\\/bvted2iv.myrdbx.io\\\/\",\"logo\":{\"@type\":\"ImageObject\",\"inLanguage\":\"it-IT\",\"@id\":\"https:\\\/\\\/bvted2iv.myrdbx.io\\\/#\\\/schema\\\/logo\\\/image\\\/\",\"url\":\"\",\"contentUrl\":\"\",\"caption\":\"BANDELIN electronic GmbH & Co. KG\"},\"image\":{\"@id\":\"https:\\\/\\\/bvted2iv.myrdbx.io\\\/#\\\/schema\\\/logo\\\/image\\\/\"},\"sameAs\":[\"https:\\\/\\\/de-de.facebook.com\\\/bandelin.electronic\\\/\",\"https:\\\/\\\/www.instagram.com\\\/bandelin_ultrasonic\\\/?hl=de\",\"https:\\\/\\\/www.linkedin.com\\\/company\\\/bandelin-electronic-gmbh-amp-co-kg\",\"https:\\\/\\\/www.youtube.com\\\/channel\\\/UC5wTNrNxkwMmX-WzysQqw3g\"]}]}<\/script>\n<!-- \/ Yoast SEO plugin. -->","yoast_head_json":{"title":"TICKOMED 1 Detergente per strumenti dentali, concentrato | BANDELIN electronic GmbH &amp; Co. KG","description":"Scopri di pi\u00f9 su TICKOMED 1 Detergente per strumenti dentali, concentrato | Bagni a ultrasuoni di alta qualit\u00e0 per la medicina e l'industria di Bandelin Electronic dal 1955.","robots":{"index":"index","follow":"follow","max-snippet":"max-snippet:-1","max-image-preview":"max-image-preview:large","max-video-preview":"max-video-preview:-1"},"canonical":"https:\/\/bandelin.com\/it\/negozio\/preparati-per-la-pulizia-e-la-disinfezione\/preparati-per-la-pulizia-e-la-disinfezione-stammopur\/tickomed-1-detergente-concentrato-per-strumenti-dentali\/","og_locale":"it_IT","og_type":"article","og_title":"TICKOMED 1 Dental-Instrumenten-Reiniger, Konzentrat | BANDELIN electronic GmbH &amp; Co. KG","og_description":"Informationen Sie sich \u00fcber TICKOMED 1 Dental-Instrumenten-Reiniger, Konzentrat | Hochwertige Ultraschallb\u00e4der f\u00fcr Medizin und Industrie von Bandelin Electronic seit 1955.","og_url":"https:\/\/bandelin.com\/it\/negozio\/preparati-per-la-pulizia-e-la-disinfezione\/preparati-per-la-pulizia-e-la-disinfezione-stammopur\/tickomed-1-detergente-concentrato-per-strumenti-dentali\/","og_site_name":"BANDELIN electronic GmbH &amp; Co. KG","article_publisher":"https:\/\/de-de.facebook.com\/bandelin.electronic\/","article_modified_time":"2026-05-13T18:29:03+00:00","og_image":[{"width":2048,"height":2048,"url":"https:\/\/bandelin.com\/wp-content\/uploads\/Produktfoto_1L_TICKOMED_1-scaled.jpg","type":"image\/jpeg"}],"twitter_card":"summary_large_image","twitter_misc":{"Tempo di lettura stimato":"2 minuti"},"schema":{"@context":"https:\/\/schema.org","@graph":[{"@type":"WebPage","@id":"https:\/\/bandelin.com\/shop\/reinigungs-und-desinfektionspraeparate\/stammopur-reinigungs-und-desinfektionspraeparate\/tickomed-1-dental-instrumenten-reiniger-konzentrat\/","url":"https:\/\/bandelin.com\/shop\/reinigungs-und-desinfektionspraeparate\/stammopur-reinigungs-und-desinfektionspraeparate\/tickomed-1-dental-instrumenten-reiniger-konzentrat\/","name":"TICKOMED 1 Detergente per strumenti dentali, concentrato | BANDELIN electronic GmbH &amp; Co. KG","isPartOf":{"@id":"https:\/\/bvted2iv.myrdbx.io\/#website"},"primaryImageOfPage":{"@id":"https:\/\/bandelin.com\/shop\/reinigungs-und-desinfektionspraeparate\/stammopur-reinigungs-und-desinfektionspraeparate\/tickomed-1-dental-instrumenten-reiniger-konzentrat\/#primaryimage"},"image":{"@id":"https:\/\/bandelin.com\/shop\/reinigungs-und-desinfektionspraeparate\/stammopur-reinigungs-und-desinfektionspraeparate\/tickomed-1-dental-instrumenten-reiniger-konzentrat\/#primaryimage"},"thumbnailUrl":"https:\/\/bandelin.com\/wp-content\/uploads\/Produktfoto_1L_TICKOMED_1-scaled.jpg","datePublished":"2026-05-07T19:04:14+00:00","dateModified":"2026-05-13T18:29:03+00:00","description":"Scopri di pi\u00f9 su TICKOMED 1 Detergente per strumenti dentali, concentrato | Bagni a ultrasuoni di alta qualit\u00e0 per la medicina e l'industria di Bandelin Electronic dal 1955.","breadcrumb":{"@id":"https:\/\/bandelin.com\/shop\/reinigungs-und-desinfektionspraeparate\/stammopur-reinigungs-und-desinfektionspraeparate\/tickomed-1-dental-instrumenten-reiniger-konzentrat\/#breadcrumb"},"inLanguage":"it-IT","potentialAction":[{"@type":"ReadAction","target":["https:\/\/bandelin.com\/shop\/reinigungs-und-desinfektionspraeparate\/stammopur-reinigungs-und-desinfektionspraeparate\/tickomed-1-dental-instrumenten-reiniger-konzentrat\/"]}]},{"@type":"ImageObject","inLanguage":"it-IT","@id":"https:\/\/bandelin.com\/shop\/reinigungs-und-desinfektionspraeparate\/stammopur-reinigungs-und-desinfektionspraeparate\/tickomed-1-dental-instrumenten-reiniger-konzentrat\/#primaryimage","url":"https:\/\/bandelin.com\/wp-content\/uploads\/Produktfoto_1L_TICKOMED_1-scaled.jpg","contentUrl":"https:\/\/bandelin.com\/wp-content\/uploads\/Produktfoto_1L_TICKOMED_1-scaled.jpg","width":2048,"height":2048,"caption":"TICKOMED 1 Dental-Instrumenten-Reiniger"},{"@type":"BreadcrumbList","@id":"https:\/\/bandelin.com\/shop\/reinigungs-und-desinfektionspraeparate\/stammopur-reinigungs-und-desinfektionspraeparate\/tickomed-1-dental-instrumenten-reiniger-konzentrat\/#breadcrumb","itemListElement":[{"@type":"ListItem","position":1,"name":"Startseite","item":"https:\/\/bandelin.com\/"},{"@type":"ListItem","position":2,"name":"Shop","item":"https:\/\/bandelin.com\/shop\/"},{"@type":"ListItem","position":3,"name":"TICKOMED 1 Dental-Instrumenten-Reiniger, Konzentrat"}]},{"@type":"WebSite","@id":"https:\/\/bvted2iv.myrdbx.io\/#website","url":"https:\/\/bvted2iv.myrdbx.io\/","name":"BANDELIN electronic GmbH &amp; Co. KG","description":"Ultrasuoni dal 1955","publisher":{"@id":"https:\/\/bvted2iv.myrdbx.io\/#organization"},"potentialAction":[{"@type":"SearchAction","target":{"@type":"EntryPoint","urlTemplate":"https:\/\/bvted2iv.myrdbx.io\/?s={search_term_string}"},"query-input":{"@type":"PropertyValueSpecification","valueRequired":true,"valueName":"search_term_string"}}],"inLanguage":"it-IT"},{"@type":"Organization","@id":"https:\/\/bvted2iv.myrdbx.io\/#organization","name":"BANDELIN electronic GmbH &amp; Co. KG","url":"https:\/\/bvted2iv.myrdbx.io\/","logo":{"@type":"ImageObject","inLanguage":"it-IT","@id":"https:\/\/bvted2iv.myrdbx.io\/#\/schema\/logo\/image\/","url":"","contentUrl":"","caption":"BANDELIN electronic GmbH & Co. KG"},"image":{"@id":"https:\/\/bvted2iv.myrdbx.io\/#\/schema\/logo\/image\/"},"sameAs":["https:\/\/de-de.facebook.com\/bandelin.electronic\/","https:\/\/www.instagram.com\/bandelin_ultrasonic\/?hl=de","https:\/\/www.linkedin.com\/company\/bandelin-electronic-gmbh-amp-co-kg","https:\/\/www.youtube.com\/channel\/UC5wTNrNxkwMmX-WzysQqw3g"]}]}},"_links":{"self":[{"href":"https:\/\/bandelin.com\/it\/wp-json\/wp\/v2\/product\/697344","targetHints":{"allow":["GET"]}}],"collection":[{"href":"https:\/\/bandelin.com\/it\/wp-json\/wp\/v2\/product"}],"about":[{"href":"https:\/\/bandelin.com\/it\/wp-json\/wp\/v2\/types\/product"}],"version-history":[{"count":1,"href":"https:\/\/bandelin.com\/it\/wp-json\/wp\/v2\/product\/697344\/revisions"}],"predecessor-version":[{"id":697345,"href":"https:\/\/bandelin.com\/it\/wp-json\/wp\/v2\/product\/697344\/revisions\/697345"}],"wp:featuredmedia":[{"embeddable":true,"href":"https:\/\/bandelin.com\/it\/wp-json\/wp\/v2\/media\/650243"}],"wp:attachment":[{"href":"https:\/\/bandelin.com\/it\/wp-json\/wp\/v2\/media?parent=697344"}],"wp:term":[{"taxonomy":"product_brand","embeddable":true,"href":"https:\/\/bandelin.com\/it\/wp-json\/wp\/v2\/product_brand?post=697344"},{"taxonomy":"product_cat","embeddable":true,"href":"https:\/\/bandelin.com\/it\/wp-json\/wp\/v2\/product_cat?post=697344"},{"taxonomy":"product_tag","embeddable":true,"href":"https:\/\/bandelin.com\/it\/wp-json\/wp\/v2\/product_tag?post=697344"}],"curies":[{"name":"wp","href":"https:\/\/api.w.org\/{rel}","templated":true}]}}