{"id":697701,"date":"2026-05-07T21:27:35","date_gmt":"2026-05-07T19:27:35","guid":{"rendered":"https:\/\/bandelin.com\/shop\/unkategorisiert\/sonorex-dst-01-docking-station-fuer-sonorex\/"},"modified":"2026-05-15T15:08:19","modified_gmt":"2026-05-15T13:08:19","slug":"sonorex-dst-01-docking-station-per-sonorex","status":"publish","type":"product","link":"https:\/\/bandelin.com\/it\/shop\/sonorex-ultraschallbaeder\/zubehoer-sonorex-ultraschallbaeder\/sonorex-dst-01-docking-station-fuer-sonorex\/","title":{"rendered":"SONOREX DST 01 Docking station per SONOREX"},"content":{"rendered":"<p>Il SONOREX DST 01 pu\u00f2 essere utilizzato per documentare automaticamente i processi di pulizia. I dati operativi vengono esportati via USB e consentono un monitoraggio semplice e trasparente dei processi.<\/p>","protected":false},"excerpt":{"rendered":"<p>Il SONOREX DST 01 pu\u00f2 essere utilizzato per documentare automaticamente i processi di pulizia. I dati operativi vengono esportati via USB e consentono un monitoraggio semplice e trasparente dei processi.<\/p>","protected":false},"featured_media":697703,"template":"","meta":{"_acf_changed":false},"product_brand":[],"product_cat":[14195,14412],"product_tag":[14609],"class_list":{"0":"post-697701","1":"product","2":"type-product","3":"status-publish","4":"has-post-thumbnail","6":"product_cat-sonorex-ultraschallbaeder","7":"product_cat-zubehoer-sonorex-ultraschallbaeder","8":"product_tag-sonorex-ultraschallbaeder-zubehoer","9":"pa_aussenmass-breite-mm-14175","10":"pa_aussenmass-hoehe-mm-14176","11":"pa_aussenmass-laenge-mm-14174","12":"pa_bestellnummer-14173","13":"pa_gehaeusematerial-edelstahl-1-4301","14":"pa_passend-zu-st-103-h-st-510-h-st-514-h-st-514-bh-st-156-bh-st-1028-h-st-102-h-st-255-h-st-1028-ch-st-1050-ch-st-170-ch-cnp-25-1-set","15":"pa_schutzgrad-gehaeuse-ip-20-3","16":"pa_verpackung-breite-mm-14178","17":"pa_verpackung-hoehe-mm-100-2","18":"pa_verpackung-laenge-mm-14177","20":"first","21":"instock","22":"taxable","23":"shipping-taxable","24":"purchasable","25":"product-type-simple"},"acf":[],"yoast_head":"<!-- This site is optimized with the Yoast SEO plugin v27.6 - https:\/\/yoast.com\/product\/yoast-seo-wordpress\/ -->\n<title>SONOREX DST 01 Docking Station f\u00fcr SONOREX | BANDELIN electronic GmbH &amp; Co. KG<\/title>\n<meta name=\"description\" content=\"Informationen Sie sich \u00fcber SONOREX DST 01 Docking Station f\u00fcr SONOREX | Hochwertige Ultraschallb\u00e4der f\u00fcr Medizin und Industrie von Bandelin Electronic seit 1955.\" \/>\n<meta name=\"robots\" content=\"index, follow, max-snippet:-1, max-image-preview:large, max-video-preview:-1\" \/>\n<link rel=\"canonical\" href=\"https:\/\/bandelin.com\/it\/negozio\/bagni-ad-ultrasuoni-sonorex-2\/accessori-sonorex-bagni-ad-ultrasuoni\/sonorex-dst-01-docking-station-per-sonorex\/\" \/>\n<meta property=\"og:locale\" content=\"it_IT\" \/>\n<meta property=\"og:type\" content=\"article\" \/>\n<meta property=\"og:title\" content=\"SONOREX DST 01 Docking Station f\u00fcr SONOREX | BANDELIN electronic GmbH &amp; Co. KG\" \/>\n<meta property=\"og:description\" content=\"Informationen Sie sich \u00fcber SONOREX DST 01 Docking Station f\u00fcr SONOREX | Hochwertige Ultraschallb\u00e4der f\u00fcr Medizin und Industrie von Bandelin Electronic seit 1955.\" \/>\n<meta property=\"og:url\" content=\"https:\/\/bandelin.com\/it\/negozio\/bagni-ad-ultrasuoni-sonorex-2\/accessori-sonorex-bagni-ad-ultrasuoni\/sonorex-dst-01-docking-station-per-sonorex\/\" \/>\n<meta property=\"og:site_name\" content=\"BANDELIN electronic GmbH &amp; Co. KG\" \/>\n<meta property=\"article:publisher\" content=\"https:\/\/de-de.facebook.com\/bandelin.electronic\/\" \/>\n<meta property=\"article:modified_time\" content=\"2026-05-15T13:08:19+00:00\" \/>\n<meta property=\"og:image\" content=\"https:\/\/bandelin.com\/wp-content\/uploads\/Produktfoto_DST_01-4.jpg\" \/>\n\t<meta property=\"og:image:width\" content=\"2000\" \/>\n\t<meta property=\"og:image:height\" content=\"2000\" \/>\n\t<meta property=\"og:image:type\" content=\"image\/jpeg\" \/>\n<meta name=\"twitter:card\" content=\"summary_large_image\" \/>\n<script type=\"application\/ld+json\" class=\"yoast-schema-graph\">{\"@context\":\"https:\\\/\\\/schema.org\",\"@graph\":[{\"@type\":\"WebPage\",\"@id\":\"https:\\\/\\\/bandelin.com\\\/shop\\\/sonorex-ultraschallbaeder\\\/zubehoer-sonorex-ultraschallbaeder\\\/sonorex-dst-01-docking-station-fuer-sonorex\\\/\",\"url\":\"https:\\\/\\\/bandelin.com\\\/shop\\\/sonorex-ultraschallbaeder\\\/zubehoer-sonorex-ultraschallbaeder\\\/sonorex-dst-01-docking-station-fuer-sonorex\\\/\",\"name\":\"SONOREX DST 01 Docking Station f\u00fcr SONOREX | BANDELIN electronic GmbH &amp; Co. KG\",\"isPartOf\":{\"@id\":\"https:\\\/\\\/bvted2iv.myrdbx.io\\\/#website\"},\"primaryImageOfPage\":{\"@id\":\"https:\\\/\\\/bandelin.com\\\/shop\\\/sonorex-ultraschallbaeder\\\/zubehoer-sonorex-ultraschallbaeder\\\/sonorex-dst-01-docking-station-fuer-sonorex\\\/#primaryimage\"},\"image\":{\"@id\":\"https:\\\/\\\/bandelin.com\\\/shop\\\/sonorex-ultraschallbaeder\\\/zubehoer-sonorex-ultraschallbaeder\\\/sonorex-dst-01-docking-station-fuer-sonorex\\\/#primaryimage\"},\"thumbnailUrl\":\"https:\\\/\\\/bandelin.com\\\/wp-content\\\/uploads\\\/Produktfoto_DST_01-4.jpg\",\"datePublished\":\"2026-05-07T19:27:35+00:00\",\"dateModified\":\"2026-05-15T13:08:19+00:00\",\"description\":\"Informationen Sie sich \u00fcber SONOREX DST 01 Docking Station f\u00fcr SONOREX | Hochwertige Ultraschallb\u00e4der f\u00fcr Medizin und Industrie von Bandelin Electronic seit 1955.\",\"breadcrumb\":{\"@id\":\"https:\\\/\\\/bandelin.com\\\/shop\\\/sonorex-ultraschallbaeder\\\/zubehoer-sonorex-ultraschallbaeder\\\/sonorex-dst-01-docking-station-fuer-sonorex\\\/#breadcrumb\"},\"inLanguage\":\"it-IT\",\"potentialAction\":[{\"@type\":\"ReadAction\",\"target\":[\"https:\\\/\\\/bandelin.com\\\/shop\\\/sonorex-ultraschallbaeder\\\/zubehoer-sonorex-ultraschallbaeder\\\/sonorex-dst-01-docking-station-fuer-sonorex\\\/\"]}]},{\"@type\":\"ImageObject\",\"inLanguage\":\"it-IT\",\"@id\":\"https:\\\/\\\/bandelin.com\\\/shop\\\/sonorex-ultraschallbaeder\\\/zubehoer-sonorex-ultraschallbaeder\\\/sonorex-dst-01-docking-station-fuer-sonorex\\\/#primaryimage\",\"url\":\"https:\\\/\\\/bandelin.com\\\/wp-content\\\/uploads\\\/Produktfoto_DST_01-4.jpg\",\"contentUrl\":\"https:\\\/\\\/bandelin.com\\\/wp-content\\\/uploads\\\/Produktfoto_DST_01-4.jpg\",\"width\":2000,\"height\":2000,\"caption\":\"SONOREX DST 01 Docking Station f\u00fcr SONOREX Bild\"},{\"@type\":\"BreadcrumbList\",\"@id\":\"https:\\\/\\\/bandelin.com\\\/shop\\\/sonorex-ultraschallbaeder\\\/zubehoer-sonorex-ultraschallbaeder\\\/sonorex-dst-01-docking-station-fuer-sonorex\\\/#breadcrumb\",\"itemListElement\":[{\"@type\":\"ListItem\",\"position\":1,\"name\":\"Startseite\",\"item\":\"https:\\\/\\\/bandelin.com\\\/\"},{\"@type\":\"ListItem\",\"position\":2,\"name\":\"Shop\",\"item\":\"https:\\\/\\\/bandelin.com\\\/shop\\\/\"},{\"@type\":\"ListItem\",\"position\":3,\"name\":\"SONOREX DST 01 Docking Station f\u00fcr SONOREX\"}]},{\"@type\":\"WebSite\",\"@id\":\"https:\\\/\\\/bvted2iv.myrdbx.io\\\/#website\",\"url\":\"https:\\\/\\\/bvted2iv.myrdbx.io\\\/\",\"name\":\"BANDELIN electronic GmbH & Co. KG\",\"description\":\"Ultraschall seit 1955\",\"publisher\":{\"@id\":\"https:\\\/\\\/bvted2iv.myrdbx.io\\\/#organization\"},\"potentialAction\":[{\"@type\":\"SearchAction\",\"target\":{\"@type\":\"EntryPoint\",\"urlTemplate\":\"https:\\\/\\\/bvted2iv.myrdbx.io\\\/?s={search_term_string}\"},\"query-input\":{\"@type\":\"PropertyValueSpecification\",\"valueRequired\":true,\"valueName\":\"search_term_string\"}}],\"inLanguage\":\"it-IT\"},{\"@type\":\"Organization\",\"@id\":\"https:\\\/\\\/bvted2iv.myrdbx.io\\\/#organization\",\"name\":\"BANDELIN electronic GmbH & Co. KG\",\"url\":\"https:\\\/\\\/bvted2iv.myrdbx.io\\\/\",\"logo\":{\"@type\":\"ImageObject\",\"inLanguage\":\"it-IT\",\"@id\":\"https:\\\/\\\/bvted2iv.myrdbx.io\\\/#\\\/schema\\\/logo\\\/image\\\/\",\"url\":\"\",\"contentUrl\":\"\",\"caption\":\"BANDELIN electronic GmbH & Co. KG\"},\"image\":{\"@id\":\"https:\\\/\\\/bvted2iv.myrdbx.io\\\/#\\\/schema\\\/logo\\\/image\\\/\"},\"sameAs\":[\"https:\\\/\\\/de-de.facebook.com\\\/bandelin.electronic\\\/\",\"https:\\\/\\\/www.instagram.com\\\/bandelin_ultrasonic\\\/?hl=de\",\"https:\\\/\\\/www.linkedin.com\\\/company\\\/bandelin-electronic-gmbh-amp-co-kg\",\"https:\\\/\\\/www.youtube.com\\\/channel\\\/UC5wTNrNxkwMmX-WzysQqw3g\"]}]}<\/script>\n<!-- \/ Yoast SEO plugin. -->","yoast_head_json":{"title":"SONOREX DST 01 Docking station per SONOREX | BANDELIN electronic GmbH &amp; Co. KG","description":"Per saperne di pi\u00f9 su SONOREX DST 01 Docking Station per SONOREX | Bagni a ultrasuoni di alta qualit\u00e0 per la medicina e l'industria di Bandelin Electronic dal 1955.","robots":{"index":"index","follow":"follow","max-snippet":"max-snippet:-1","max-image-preview":"max-image-preview:large","max-video-preview":"max-video-preview:-1"},"canonical":"https:\/\/bandelin.com\/it\/negozio\/bagni-ad-ultrasuoni-sonorex-2\/accessori-sonorex-bagni-ad-ultrasuoni\/sonorex-dst-01-docking-station-per-sonorex\/","og_locale":"it_IT","og_type":"article","og_title":"SONOREX DST 01 Docking Station f\u00fcr SONOREX | BANDELIN electronic GmbH &amp; Co. KG","og_description":"Informationen Sie sich \u00fcber SONOREX DST 01 Docking Station f\u00fcr SONOREX | Hochwertige Ultraschallb\u00e4der f\u00fcr Medizin und Industrie von Bandelin Electronic seit 1955.","og_url":"https:\/\/bandelin.com\/it\/negozio\/bagni-ad-ultrasuoni-sonorex-2\/accessori-sonorex-bagni-ad-ultrasuoni\/sonorex-dst-01-docking-station-per-sonorex\/","og_site_name":"BANDELIN electronic GmbH &amp; Co. KG","article_publisher":"https:\/\/de-de.facebook.com\/bandelin.electronic\/","article_modified_time":"2026-05-15T13:08:19+00:00","og_image":[{"width":2000,"height":2000,"url":"https:\/\/bandelin.com\/wp-content\/uploads\/Produktfoto_DST_01-4.jpg","type":"image\/jpeg"}],"twitter_card":"summary_large_image","schema":{"@context":"https:\/\/schema.org","@graph":[{"@type":"WebPage","@id":"https:\/\/bandelin.com\/shop\/sonorex-ultraschallbaeder\/zubehoer-sonorex-ultraschallbaeder\/sonorex-dst-01-docking-station-fuer-sonorex\/","url":"https:\/\/bandelin.com\/shop\/sonorex-ultraschallbaeder\/zubehoer-sonorex-ultraschallbaeder\/sonorex-dst-01-docking-station-fuer-sonorex\/","name":"SONOREX DST 01 Docking station per SONOREX | BANDELIN electronic GmbH &amp; Co. KG","isPartOf":{"@id":"https:\/\/bvted2iv.myrdbx.io\/#website"},"primaryImageOfPage":{"@id":"https:\/\/bandelin.com\/shop\/sonorex-ultraschallbaeder\/zubehoer-sonorex-ultraschallbaeder\/sonorex-dst-01-docking-station-fuer-sonorex\/#primaryimage"},"image":{"@id":"https:\/\/bandelin.com\/shop\/sonorex-ultraschallbaeder\/zubehoer-sonorex-ultraschallbaeder\/sonorex-dst-01-docking-station-fuer-sonorex\/#primaryimage"},"thumbnailUrl":"https:\/\/bandelin.com\/wp-content\/uploads\/Produktfoto_DST_01-4.jpg","datePublished":"2026-05-07T19:27:35+00:00","dateModified":"2026-05-15T13:08:19+00:00","description":"Per saperne di pi\u00f9 su SONOREX DST 01 Docking Station per SONOREX | Bagni a ultrasuoni di alta qualit\u00e0 per la medicina e l'industria di Bandelin Electronic dal 1955.","breadcrumb":{"@id":"https:\/\/bandelin.com\/shop\/sonorex-ultraschallbaeder\/zubehoer-sonorex-ultraschallbaeder\/sonorex-dst-01-docking-station-fuer-sonorex\/#breadcrumb"},"inLanguage":"it-IT","potentialAction":[{"@type":"ReadAction","target":["https:\/\/bandelin.com\/shop\/sonorex-ultraschallbaeder\/zubehoer-sonorex-ultraschallbaeder\/sonorex-dst-01-docking-station-fuer-sonorex\/"]}]},{"@type":"ImageObject","inLanguage":"it-IT","@id":"https:\/\/bandelin.com\/shop\/sonorex-ultraschallbaeder\/zubehoer-sonorex-ultraschallbaeder\/sonorex-dst-01-docking-station-fuer-sonorex\/#primaryimage","url":"https:\/\/bandelin.com\/wp-content\/uploads\/Produktfoto_DST_01-4.jpg","contentUrl":"https:\/\/bandelin.com\/wp-content\/uploads\/Produktfoto_DST_01-4.jpg","width":2000,"height":2000,"caption":"SONOREX DST 01 Docking Station f\u00fcr SONOREX Bild"},{"@type":"BreadcrumbList","@id":"https:\/\/bandelin.com\/shop\/sonorex-ultraschallbaeder\/zubehoer-sonorex-ultraschallbaeder\/sonorex-dst-01-docking-station-fuer-sonorex\/#breadcrumb","itemListElement":[{"@type":"ListItem","position":1,"name":"Startseite","item":"https:\/\/bandelin.com\/"},{"@type":"ListItem","position":2,"name":"Shop","item":"https:\/\/bandelin.com\/shop\/"},{"@type":"ListItem","position":3,"name":"SONOREX DST 01 Docking Station f\u00fcr SONOREX"}]},{"@type":"WebSite","@id":"https:\/\/bvted2iv.myrdbx.io\/#website","url":"https:\/\/bvted2iv.myrdbx.io\/","name":"BANDELIN electronic GmbH &amp; Co. KG","description":"Ultrasuoni dal 1955","publisher":{"@id":"https:\/\/bvted2iv.myrdbx.io\/#organization"},"potentialAction":[{"@type":"SearchAction","target":{"@type":"EntryPoint","urlTemplate":"https:\/\/bvted2iv.myrdbx.io\/?s={search_term_string}"},"query-input":{"@type":"PropertyValueSpecification","valueRequired":true,"valueName":"search_term_string"}}],"inLanguage":"it-IT"},{"@type":"Organization","@id":"https:\/\/bvted2iv.myrdbx.io\/#organization","name":"BANDELIN electronic GmbH &amp; Co. KG","url":"https:\/\/bvted2iv.myrdbx.io\/","logo":{"@type":"ImageObject","inLanguage":"it-IT","@id":"https:\/\/bvted2iv.myrdbx.io\/#\/schema\/logo\/image\/","url":"","contentUrl":"","caption":"BANDELIN electronic GmbH & Co. KG"},"image":{"@id":"https:\/\/bvted2iv.myrdbx.io\/#\/schema\/logo\/image\/"},"sameAs":["https:\/\/de-de.facebook.com\/bandelin.electronic\/","https:\/\/www.instagram.com\/bandelin_ultrasonic\/?hl=de","https:\/\/www.linkedin.com\/company\/bandelin-electronic-gmbh-amp-co-kg","https:\/\/www.youtube.com\/channel\/UC5wTNrNxkwMmX-WzysQqw3g"]}]}},"_links":{"self":[{"href":"https:\/\/bandelin.com\/it\/wp-json\/wp\/v2\/product\/697701","targetHints":{"allow":["GET"]}}],"collection":[{"href":"https:\/\/bandelin.com\/it\/wp-json\/wp\/v2\/product"}],"about":[{"href":"https:\/\/bandelin.com\/it\/wp-json\/wp\/v2\/types\/product"}],"version-history":[{"count":1,"href":"https:\/\/bandelin.com\/it\/wp-json\/wp\/v2\/product\/697701\/revisions"}],"predecessor-version":[{"id":731966,"href":"https:\/\/bandelin.com\/it\/wp-json\/wp\/v2\/product\/697701\/revisions\/731966"}],"wp:featuredmedia":[{"embeddable":true,"href":"https:\/\/bandelin.com\/it\/wp-json\/wp\/v2\/media\/697703"}],"wp:attachment":[{"href":"https:\/\/bandelin.com\/it\/wp-json\/wp\/v2\/media?parent=697701"}],"wp:term":[{"taxonomy":"product_brand","embeddable":true,"href":"https:\/\/bandelin.com\/it\/wp-json\/wp\/v2\/product_brand?post=697701"},{"taxonomy":"product_cat","embeddable":true,"href":"https:\/\/bandelin.com\/it\/wp-json\/wp\/v2\/product_cat?post=697701"},{"taxonomy":"product_tag","embeddable":true,"href":"https:\/\/bandelin.com\/it\/wp-json\/wp\/v2\/product_tag?post=697701"}],"curies":[{"name":"wp","href":"https:\/\/api.w.org\/{rel}","templated":true}]}}