{"id":697764,"date":"2026-05-07T21:29:16","date_gmt":"2026-05-07T19:29:16","guid":{"rendered":"https:\/\/bandelin.com\/shop\/unkategorisiert\/sonoboard-standard-ultraschallbad-im-funktionsschrank\/"},"modified":"2026-05-10T03:10:03","modified_gmt":"2026-05-10T01:10:03","slug":"bagno-a-ultrasuoni-standard-sonoboard-nellarmadio-funzionale","status":"publish","type":"product","link":"https:\/\/bandelin.com\/it\/shop\/sonoboard-ultraschallbaeder\/sonoboard-standard-ultaschallbaeder\/sonoboard-standard-ultraschallbad-im-funktionsschrank\/","title":{"rendered":"SONOBOARD STANDARD Bagno a ultrasuoni in armadio funzionale"},"content":{"rendered":"<p>Armadio funzionale per il bagno a ultrasuoni ad alte prestazioni SONOREX ZE in un armadio in acciaio inox <\/p>\n<p>  Il processo a ultrasuoni \u00e8 un metodo collaudato e consolidato per la pulizia di strumenti contaminati in cliniche e ambulatori. Offre numerosi vantaggi, come un elevato effetto pulente nelle aree difficili da raggiungere (fori, giunzioni o scanalature), con un uso economico di acqua, prodotti chimici ed energia. Gli strumenti sono protetti e sono di nuovo disponibili pi\u00f9 rapidamente. Utilizzando preparati adeguati (ad esempio STAMMOPUR DR 8), gli ultrasuoni possono ridurre il tempo necessario per la disinfezione chimica grazie al loro effetto catalitico. <\/p>\n<p>  Gli armadi SONOBOARD in acciaio inox con bagni a ultrasuoni incorporati combinano questi vantaggi con la massima flessibilit\u00e0 possibile e il minimo sforzo di installazione. Prima della messa in funzione, \u00e8 necessario collegare solo l'alimentazione e la linea di scarico. Pratico come aggiunta alle unit\u00e0 lavello esistenti o per uso individuale. <\/p>\n<p>  Gli armadi a doppia parete in acciaio inox sono dotati di frontali montati in superficie e di guarnizioni in gomma a tutto tondo sulle porte e sui pannelli. Il loro posizionamento flessibile grazie alle rotelle bloccabili, l'altezza di lavoro ergonomica e lo spazio di stoccaggio aggiuntivo li rendono un componente di alta qualit\u00e0 della fornitura sterile centralizzata.<br \/>\n  SONOBOARD offre un'elevata resistenza ai graffi e agli urti ed \u00e8 estremamente resistente alle sostanze chimiche. Le superfici lisce in acciaio inox impediscono l'accumulo di germi e batteri e soddisfano i pi\u00f9 elevati requisiti igienici. La messa in funzione e il funzionamento sono semplici e veloci.<\/p>\n<p>  SONOBOARD viene fornito come un set pronto all'uso; prima della messa in funzione, \u00e8 necessario collegare solo l'alimentazione e il tubo di scarico. <\/p>\n<p>  - Funzionamento sul fronte<br \/>\n  - Unit\u00e0 di controllo digitale con monitoraggio della temperatura secondo<br \/>\n  - Raccomandazione KRINKO<br \/>\n  - Adatto ai cestini 1\/1 DIN e ISO<\/p>","protected":false},"excerpt":{"rendered":"<p>Dimensioni interne: 600 x 400 x 200\/220+ mm<\/p>","protected":false},"featured_media":697766,"template":"","meta":{"_acf_changed":false},"product_brand":[],"product_cat":[14226,11236],"product_tag":[14613,14134],"class_list":{"0":"post-697764","1":"product","2":"type-product","3":"status-publish","4":"has-post-thumbnail","6":"product_cat-sonoboard-standard-ultaschallbaeder","7":"product_cat-sonoboard-ultraschallbaeder","8":"product_tag-sonoboard-ultraschallbaeder-sonoboard-standard-ultaschallbaeder","9":"product_tag-ultraschallbad","10":"pa_ablauf-g-1","11":"pa_arbeitsinhalt-l-14441","12":"pa_aussenmass-breite-mm-700-2","13":"pa_aussenmass-hoehe-mm-930-2","14":"pa_aussenmass-laenge-mm-900-2","15":"pa_aussenmass-schwingw-b-mm-460-2","16":"pa_aussenmass-schwingw-h-mm-270-290-2","17":"pa_aussenmass-schwingw-l-mm-660-2","18":"pa_bedienung-tasten","19":"pa_bestellnummer-3452-2","20":"pa_inhalt-l-14433","21":"pa_innenmass-b-mm-400-2","22":"pa_innenmass-l-mm-600-2","23":"pa_innenmass-t-mm-200-220","24":"pa_ultraschall-frequenz-khz-35-2","25":"pa_ultraschall-nennleistung-w-600-2","26":"pa_ultraschall-spitzenleistung-w-2400-2","27":"pa_wannenboden-geneigt","28":"pa_wannenmaterial-edelstahl-1-4404","29":"pa_wannenstaerke-mm-14422","30":"pa_zeiteinstellung-min-12345101530-unendlich-2","32":"first","33":"onbackorder","34":"taxable","35":"shipping-taxable","36":"purchasable","37":"product-type-simple"},"acf":[],"yoast_head":"<!-- This site is optimized with the Yoast SEO plugin v27.5 - https:\/\/yoast.com\/product\/yoast-seo-wordpress\/ -->\n<title>SONOBOARD STANDARD Ultraschallbad im Funktionsschrank | BANDELIN electronic GmbH &amp; Co. KG<\/title>\n<meta name=\"description\" content=\"Informationen Sie sich \u00fcber SONOBOARD STANDARD Ultraschallbad im Funktionsschrank | Hochwertige Ultraschallb\u00e4der f\u00fcr Medizin und Industrie von Bandelin Electronic seit 1955.\" \/>\n<meta name=\"robots\" content=\"index, follow, max-snippet:-1, max-image-preview:large, max-video-preview:-1\" \/>\n<link rel=\"canonical\" href=\"https:\/\/bandelin.com\/it\/negozio\/bagni-ad-ultrasuoni-sonoboard-2\/bagni-ad-ultrasuoni-standard-sonoboard\/bagno-a-ultrasuoni-standard-sonoboard-nellarmadio-funzionale\/\" \/>\n<meta property=\"og:locale\" content=\"it_IT\" \/>\n<meta property=\"og:type\" content=\"article\" \/>\n<meta property=\"og:title\" content=\"SONOBOARD STANDARD Ultraschallbad im Funktionsschrank | BANDELIN electronic GmbH &amp; Co. KG\" \/>\n<meta property=\"og:description\" content=\"Informationen Sie sich \u00fcber SONOBOARD STANDARD Ultraschallbad im Funktionsschrank | Hochwertige Ultraschallb\u00e4der f\u00fcr Medizin und Industrie von Bandelin Electronic seit 1955.\" \/>\n<meta property=\"og:url\" content=\"https:\/\/bandelin.com\/it\/negozio\/bagni-ad-ultrasuoni-sonoboard-2\/bagni-ad-ultrasuoni-standard-sonoboard\/bagno-a-ultrasuoni-standard-sonoboard-nellarmadio-funzionale\/\" \/>\n<meta property=\"og:site_name\" content=\"BANDELIN electronic GmbH &amp; Co. KG\" \/>\n<meta property=\"article:publisher\" content=\"https:\/\/de-de.facebook.com\/bandelin.electronic\/\" \/>\n<meta property=\"article:modified_time\" content=\"2026-05-10T01:10:03+00:00\" \/>\n<meta property=\"og:image\" content=\"https:\/\/bandelin.com\/wp-content\/uploads\/Produktfoto_Sonoboard_Standard-5-scaled.jpg\" \/>\n\t<meta property=\"og:image:width\" content=\"2048\" \/>\n\t<meta property=\"og:image:height\" content=\"2048\" \/>\n\t<meta property=\"og:image:type\" content=\"image\/jpeg\" \/>\n<meta name=\"twitter:card\" content=\"summary_large_image\" \/>\n<meta name=\"twitter:label1\" content=\"Tempo di lettura stimato\" \/>\n\t<meta name=\"twitter:data1\" content=\"1 minuto\" \/>\n<script type=\"application\/ld+json\" class=\"yoast-schema-graph\">{\"@context\":\"https:\\\/\\\/schema.org\",\"@graph\":[{\"@type\":\"WebPage\",\"@id\":\"https:\\\/\\\/bandelin.com\\\/shop\\\/sonoboard-ultraschallbaeder\\\/sonoboard-standard-ultaschallbaeder\\\/sonoboard-standard-ultraschallbad-im-funktionsschrank\\\/\",\"url\":\"https:\\\/\\\/bandelin.com\\\/shop\\\/sonoboard-ultraschallbaeder\\\/sonoboard-standard-ultaschallbaeder\\\/sonoboard-standard-ultraschallbad-im-funktionsschrank\\\/\",\"name\":\"SONOBOARD STANDARD Ultraschallbad im Funktionsschrank | BANDELIN electronic GmbH &amp; Co. KG\",\"isPartOf\":{\"@id\":\"https:\\\/\\\/bvted2iv.myrdbx.io\\\/#website\"},\"primaryImageOfPage\":{\"@id\":\"https:\\\/\\\/bandelin.com\\\/shop\\\/sonoboard-ultraschallbaeder\\\/sonoboard-standard-ultaschallbaeder\\\/sonoboard-standard-ultraschallbad-im-funktionsschrank\\\/#primaryimage\"},\"image\":{\"@id\":\"https:\\\/\\\/bandelin.com\\\/shop\\\/sonoboard-ultraschallbaeder\\\/sonoboard-standard-ultaschallbaeder\\\/sonoboard-standard-ultraschallbad-im-funktionsschrank\\\/#primaryimage\"},\"thumbnailUrl\":\"https:\\\/\\\/bandelin.com\\\/wp-content\\\/uploads\\\/Produktfoto_Sonoboard_Standard-5-scaled.jpg\",\"datePublished\":\"2026-05-07T19:29:16+00:00\",\"dateModified\":\"2026-05-10T01:10:03+00:00\",\"description\":\"Informationen Sie sich \u00fcber SONOBOARD STANDARD Ultraschallbad im Funktionsschrank | Hochwertige Ultraschallb\u00e4der f\u00fcr Medizin und Industrie von Bandelin Electronic seit 1955.\",\"breadcrumb\":{\"@id\":\"https:\\\/\\\/bandelin.com\\\/shop\\\/sonoboard-ultraschallbaeder\\\/sonoboard-standard-ultaschallbaeder\\\/sonoboard-standard-ultraschallbad-im-funktionsschrank\\\/#breadcrumb\"},\"inLanguage\":\"it-IT\",\"potentialAction\":[{\"@type\":\"ReadAction\",\"target\":[\"https:\\\/\\\/bandelin.com\\\/shop\\\/sonoboard-ultraschallbaeder\\\/sonoboard-standard-ultaschallbaeder\\\/sonoboard-standard-ultraschallbad-im-funktionsschrank\\\/\"]}]},{\"@type\":\"ImageObject\",\"inLanguage\":\"it-IT\",\"@id\":\"https:\\\/\\\/bandelin.com\\\/shop\\\/sonoboard-ultraschallbaeder\\\/sonoboard-standard-ultaschallbaeder\\\/sonoboard-standard-ultraschallbad-im-funktionsschrank\\\/#primaryimage\",\"url\":\"https:\\\/\\\/bandelin.com\\\/wp-content\\\/uploads\\\/Produktfoto_Sonoboard_Standard-5-scaled.jpg\",\"contentUrl\":\"https:\\\/\\\/bandelin.com\\\/wp-content\\\/uploads\\\/Produktfoto_Sonoboard_Standard-5-scaled.jpg\",\"width\":2048,\"height\":2048,\"caption\":\"SONOBOARD STANDARD Ultraschallbad im Funktionsschrank Bild\"},{\"@type\":\"BreadcrumbList\",\"@id\":\"https:\\\/\\\/bandelin.com\\\/shop\\\/sonoboard-ultraschallbaeder\\\/sonoboard-standard-ultaschallbaeder\\\/sonoboard-standard-ultraschallbad-im-funktionsschrank\\\/#breadcrumb\",\"itemListElement\":[{\"@type\":\"ListItem\",\"position\":1,\"name\":\"Startseite\",\"item\":\"https:\\\/\\\/bandelin.com\\\/\"},{\"@type\":\"ListItem\",\"position\":2,\"name\":\"Shop\",\"item\":\"https:\\\/\\\/bandelin.com\\\/shop\\\/\"},{\"@type\":\"ListItem\",\"position\":3,\"name\":\"SONOBOARD STANDARD Ultraschallbad im Funktionsschrank\"}]},{\"@type\":\"WebSite\",\"@id\":\"https:\\\/\\\/bvted2iv.myrdbx.io\\\/#website\",\"url\":\"https:\\\/\\\/bvted2iv.myrdbx.io\\\/\",\"name\":\"BANDELIN electronic GmbH & Co. KG\",\"description\":\"Ultraschall seit 1955\",\"publisher\":{\"@id\":\"https:\\\/\\\/bvted2iv.myrdbx.io\\\/#organization\"},\"potentialAction\":[{\"@type\":\"SearchAction\",\"target\":{\"@type\":\"EntryPoint\",\"urlTemplate\":\"https:\\\/\\\/bvted2iv.myrdbx.io\\\/?s={search_term_string}\"},\"query-input\":{\"@type\":\"PropertyValueSpecification\",\"valueRequired\":true,\"valueName\":\"search_term_string\"}}],\"inLanguage\":\"it-IT\"},{\"@type\":\"Organization\",\"@id\":\"https:\\\/\\\/bvted2iv.myrdbx.io\\\/#organization\",\"name\":\"BANDELIN electronic GmbH & Co. KG\",\"url\":\"https:\\\/\\\/bvted2iv.myrdbx.io\\\/\",\"logo\":{\"@type\":\"ImageObject\",\"inLanguage\":\"it-IT\",\"@id\":\"https:\\\/\\\/bvted2iv.myrdbx.io\\\/#\\\/schema\\\/logo\\\/image\\\/\",\"url\":\"\",\"contentUrl\":\"\",\"caption\":\"BANDELIN electronic GmbH & Co. KG\"},\"image\":{\"@id\":\"https:\\\/\\\/bvted2iv.myrdbx.io\\\/#\\\/schema\\\/logo\\\/image\\\/\"},\"sameAs\":[\"https:\\\/\\\/de-de.facebook.com\\\/bandelin.electronic\\\/\",\"https:\\\/\\\/www.instagram.com\\\/bandelin_ultrasonic\\\/?hl=de\",\"https:\\\/\\\/www.linkedin.com\\\/company\\\/bandelin-electronic-gmbh-amp-co-kg\",\"https:\\\/\\\/www.youtube.com\\\/channel\\\/UC5wTNrNxkwMmX-WzysQqw3g\"]}]}<\/script>\n<!-- \/ Yoast SEO plugin. -->","yoast_head_json":{"title":"SONOBOARD STANDARD Bagno a ultrasuoni in armadio funzionale | BANDELIN electronic GmbH &amp; Co. KG","description":"Scopri di pi\u00f9 sul bagno a ultrasuoni SONOBOARD STANDARD in armadio funzionale | Bagni a ultrasuoni di alta qualit\u00e0 per la medicina e l'industria di Bandelin Electronic dal 1955.","robots":{"index":"index","follow":"follow","max-snippet":"max-snippet:-1","max-image-preview":"max-image-preview:large","max-video-preview":"max-video-preview:-1"},"canonical":"https:\/\/bandelin.com\/it\/negozio\/bagni-ad-ultrasuoni-sonoboard-2\/bagni-ad-ultrasuoni-standard-sonoboard\/bagno-a-ultrasuoni-standard-sonoboard-nellarmadio-funzionale\/","og_locale":"it_IT","og_type":"article","og_title":"SONOBOARD STANDARD Ultraschallbad im Funktionsschrank | BANDELIN electronic GmbH &amp; Co. KG","og_description":"Informationen Sie sich \u00fcber SONOBOARD STANDARD Ultraschallbad im Funktionsschrank | Hochwertige Ultraschallb\u00e4der f\u00fcr Medizin und Industrie von Bandelin Electronic seit 1955.","og_url":"https:\/\/bandelin.com\/it\/negozio\/bagni-ad-ultrasuoni-sonoboard-2\/bagni-ad-ultrasuoni-standard-sonoboard\/bagno-a-ultrasuoni-standard-sonoboard-nellarmadio-funzionale\/","og_site_name":"BANDELIN electronic GmbH &amp; Co. KG","article_publisher":"https:\/\/de-de.facebook.com\/bandelin.electronic\/","article_modified_time":"2026-05-10T01:10:03+00:00","og_image":[{"width":2048,"height":2048,"url":"https:\/\/bandelin.com\/wp-content\/uploads\/Produktfoto_Sonoboard_Standard-5-scaled.jpg","type":"image\/jpeg"}],"twitter_card":"summary_large_image","twitter_misc":{"Tempo di lettura stimato":"1 minuto"},"schema":{"@context":"https:\/\/schema.org","@graph":[{"@type":"WebPage","@id":"https:\/\/bandelin.com\/shop\/sonoboard-ultraschallbaeder\/sonoboard-standard-ultaschallbaeder\/sonoboard-standard-ultraschallbad-im-funktionsschrank\/","url":"https:\/\/bandelin.com\/shop\/sonoboard-ultraschallbaeder\/sonoboard-standard-ultaschallbaeder\/sonoboard-standard-ultraschallbad-im-funktionsschrank\/","name":"SONOBOARD STANDARD Bagno a ultrasuoni in armadio funzionale | BANDELIN electronic GmbH &amp; Co. KG","isPartOf":{"@id":"https:\/\/bvted2iv.myrdbx.io\/#website"},"primaryImageOfPage":{"@id":"https:\/\/bandelin.com\/shop\/sonoboard-ultraschallbaeder\/sonoboard-standard-ultaschallbaeder\/sonoboard-standard-ultraschallbad-im-funktionsschrank\/#primaryimage"},"image":{"@id":"https:\/\/bandelin.com\/shop\/sonoboard-ultraschallbaeder\/sonoboard-standard-ultaschallbaeder\/sonoboard-standard-ultraschallbad-im-funktionsschrank\/#primaryimage"},"thumbnailUrl":"https:\/\/bandelin.com\/wp-content\/uploads\/Produktfoto_Sonoboard_Standard-5-scaled.jpg","datePublished":"2026-05-07T19:29:16+00:00","dateModified":"2026-05-10T01:10:03+00:00","description":"Scopri di pi\u00f9 sul bagno a ultrasuoni SONOBOARD STANDARD in armadio funzionale | Bagni a ultrasuoni di alta qualit\u00e0 per la medicina e l'industria di Bandelin Electronic dal 1955.","breadcrumb":{"@id":"https:\/\/bandelin.com\/shop\/sonoboard-ultraschallbaeder\/sonoboard-standard-ultaschallbaeder\/sonoboard-standard-ultraschallbad-im-funktionsschrank\/#breadcrumb"},"inLanguage":"it-IT","potentialAction":[{"@type":"ReadAction","target":["https:\/\/bandelin.com\/shop\/sonoboard-ultraschallbaeder\/sonoboard-standard-ultaschallbaeder\/sonoboard-standard-ultraschallbad-im-funktionsschrank\/"]}]},{"@type":"ImageObject","inLanguage":"it-IT","@id":"https:\/\/bandelin.com\/shop\/sonoboard-ultraschallbaeder\/sonoboard-standard-ultaschallbaeder\/sonoboard-standard-ultraschallbad-im-funktionsschrank\/#primaryimage","url":"https:\/\/bandelin.com\/wp-content\/uploads\/Produktfoto_Sonoboard_Standard-5-scaled.jpg","contentUrl":"https:\/\/bandelin.com\/wp-content\/uploads\/Produktfoto_Sonoboard_Standard-5-scaled.jpg","width":2048,"height":2048,"caption":"SONOBOARD STANDARD Ultraschallbad im Funktionsschrank Bild"},{"@type":"BreadcrumbList","@id":"https:\/\/bandelin.com\/shop\/sonoboard-ultraschallbaeder\/sonoboard-standard-ultaschallbaeder\/sonoboard-standard-ultraschallbad-im-funktionsschrank\/#breadcrumb","itemListElement":[{"@type":"ListItem","position":1,"name":"Startseite","item":"https:\/\/bandelin.com\/"},{"@type":"ListItem","position":2,"name":"Shop","item":"https:\/\/bandelin.com\/shop\/"},{"@type":"ListItem","position":3,"name":"SONOBOARD STANDARD Ultraschallbad im Funktionsschrank"}]},{"@type":"WebSite","@id":"https:\/\/bvted2iv.myrdbx.io\/#website","url":"https:\/\/bvted2iv.myrdbx.io\/","name":"BANDELIN electronic GmbH &amp; Co. KG","description":"Ultrasuoni dal 1955","publisher":{"@id":"https:\/\/bvted2iv.myrdbx.io\/#organization"},"potentialAction":[{"@type":"SearchAction","target":{"@type":"EntryPoint","urlTemplate":"https:\/\/bvted2iv.myrdbx.io\/?s={search_term_string}"},"query-input":{"@type":"PropertyValueSpecification","valueRequired":true,"valueName":"search_term_string"}}],"inLanguage":"it-IT"},{"@type":"Organization","@id":"https:\/\/bvted2iv.myrdbx.io\/#organization","name":"BANDELIN electronic GmbH &amp; Co. KG","url":"https:\/\/bvted2iv.myrdbx.io\/","logo":{"@type":"ImageObject","inLanguage":"it-IT","@id":"https:\/\/bvted2iv.myrdbx.io\/#\/schema\/logo\/image\/","url":"","contentUrl":"","caption":"BANDELIN electronic GmbH & Co. KG"},"image":{"@id":"https:\/\/bvted2iv.myrdbx.io\/#\/schema\/logo\/image\/"},"sameAs":["https:\/\/de-de.facebook.com\/bandelin.electronic\/","https:\/\/www.instagram.com\/bandelin_ultrasonic\/?hl=de","https:\/\/www.linkedin.com\/company\/bandelin-electronic-gmbh-amp-co-kg","https:\/\/www.youtube.com\/channel\/UC5wTNrNxkwMmX-WzysQqw3g"]}]}},"_links":{"self":[{"href":"https:\/\/bandelin.com\/it\/wp-json\/wp\/v2\/product\/697764","targetHints":{"allow":["GET"]}}],"collection":[{"href":"https:\/\/bandelin.com\/it\/wp-json\/wp\/v2\/product"}],"about":[{"href":"https:\/\/bandelin.com\/it\/wp-json\/wp\/v2\/types\/product"}],"version-history":[{"count":2,"href":"https:\/\/bandelin.com\/it\/wp-json\/wp\/v2\/product\/697764\/revisions"}],"predecessor-version":[{"id":697767,"href":"https:\/\/bandelin.com\/it\/wp-json\/wp\/v2\/product\/697764\/revisions\/697767"}],"wp:featuredmedia":[{"embeddable":true,"href":"https:\/\/bandelin.com\/it\/wp-json\/wp\/v2\/media\/697766"}],"wp:attachment":[{"href":"https:\/\/bandelin.com\/it\/wp-json\/wp\/v2\/media?parent=697764"}],"wp:term":[{"taxonomy":"product_brand","embeddable":true,"href":"https:\/\/bandelin.com\/it\/wp-json\/wp\/v2\/product_brand?post=697764"},{"taxonomy":"product_cat","embeddable":true,"href":"https:\/\/bandelin.com\/it\/wp-json\/wp\/v2\/product_cat?post=697764"},{"taxonomy":"product_tag","embeddable":true,"href":"https:\/\/bandelin.com\/it\/wp-json\/wp\/v2\/product_tag?post=697764"}],"curies":[{"name":"wp","href":"https:\/\/api.w.org\/{rel}","templated":true}]}}