{"id":697892,"date":"2026-05-07T21:33:11","date_gmt":"2026-05-07T19:33:11","guid":{"rendered":"https:\/\/bandelin.com\/shop\/unkategorisiert\/sonorex-technik-rm-75-2-u-ultraschallbad-mit-ueberlauftasche-40-khz\/"},"modified":"2026-05-14T01:56:04","modified_gmt":"2026-05-13T23:56:04","slug":"sonorex-technik-rm-75-2-u-bagno-a-ultrasuoni-con-tasca-per-troppopieno-40-khz","status":"publish","type":"product","link":"https:\/\/bandelin.com\/it\/shop\/sonorex-technik-ultraschallbaeder\/sonorex-technik-rm-ultraschallbaeder\/sonorex-technik-rm-75-2-u-ultraschallbad-mit-ueberlauftasche-40-khz\/","title":{"rendered":"SONOREX TECHNIK RM 75.2 U Bagno a ultrasuoni con tasca di sfioro, 40 kHz"},"content":{"rendered":"<p>Bagno a ultrasuoni senza riscaldamento per l'industria, l'assistenza e la manutenzione. La vasca oscillante saldata in acciaio inox 1.4404, 2 mm garantisce la massima durata anche in caso di uso intensivo.<br \/>\n  Il design modulare consente un'ampia variet\u00e0 di configurazioni, dalle singole vasche di pulizia alle linee di pulizia complete.<br \/>\n  La tasca di troppopieno integrata \u00e8 utilizzata per collegare un separatore d'olio per separare le pellicole d'olio pulite dalla soluzione detergente.<\/p>\n<p>  I cestini, i coperchi e i concentrati di detergenti e disinfettanti adatti sono disponibili come accessori per una pulizia a ultrasuoni ottimizzata.<\/p>","protected":false},"excerpt":{"rendered":"<p>Dimensioni interne: 575 x 500 x 300\/315 mm<\/p>","protected":false},"featured_media":697894,"template":"","meta":{"_acf_changed":false},"product_brand":[],"product_cat":[12497,14254],"product_tag":[12501,14134,14623],"class_list":{"0":"post-697892","1":"product","2":"type-product","3":"status-publish","4":"has-post-thumbnail","6":"product_cat-sonorex-technik-ultraschallbaeder","7":"product_cat-sonorex-technik-rm-ultraschallbaeder","8":"product_tag-rm","9":"product_tag-ultraschallbad","10":"product_tag-sonorex-technik-ultraschallbaeder-sonorex-technik-rm-ultraschallbaeder","11":"pa_ablauf-3-wege-kugelhahn-g--inkl-schlauch-und-schlauchtuellen-messing-galvanisch-beschichtet-an-der-linken-seite","12":"pa_arbeitsinhalt-l-14454","13":"pa_aussenmass-breite-mm-12397","14":"pa_aussenmass-hoehe-mm-12398","15":"pa_aussenmass-laenge-mm-12396","16":"pa_bedienung-drehgriff","17":"pa_bestellnummer-12514","18":"pa_betriebsspannung-v-230-v--10-50-60-hz","19":"pa_ce-kennzeichnung-niederspannungsrichtlinie-2014-35-eu-emv-richtlinie-2014-30-eu-rohs-richtlinie-2011-65-eu-2","20":"pa_form-der-wannenecken-rechtwinklig","21":"pa_fuellstandsmarkierung-12467","22":"pa_gehaeusematerial-edelstahl-1-4301","23":"pa_griffe-an-den-seiten-2","24":"pa_inhalt-l-14453","25":"pa_innenmass-b-mm-12392","26":"pa_innenmass-l-mm-12505","27":"pa_innenmass-t-mm-300-315","28":"pa_leistungseinstellung-fix","29":"pa_netzkabel-2-m-fest-am-geraet-mit-schutzkontaktstecker-cee-7-7-typ-ef","30":"pa_schutzgrad-gehaeuse-ip-32-2","31":"pa_ueberlauf-fest-eingeschweisst-mit-verschlusskappe-g-1-an-der-rechten-seite","32":"pa_ueberlauftasche-an-der-rechten-seite","33":"pa_ultraschall-frequenz-khz-40-2","34":"pa_ultraschall-nennleistung-w-12513","35":"pa_ultraschall-spitzenleistung-w-12512","36":"pa_verpackung-breite-mm-12345","37":"pa_verpackung-hoehe-mm-12346","38":"pa_verpackung-laenge-mm-12344","39":"pa_vol-bis-ueberlauft-l-14723","40":"pa_wannenboden-geneigt","41":"pa_wannenmaterial-edelstahl-1-4404","42":"pa_wannenstaerke-mm-14422","43":"pa_zeiteinstellung-min-1-15-dauerbetrieb","45":"first","46":"onbackorder","47":"taxable","48":"shipping-taxable","49":"purchasable","50":"product-type-simple"},"acf":[],"yoast_head":"<!-- This site is optimized with the Yoast SEO plugin v27.6 - https:\/\/yoast.com\/product\/yoast-seo-wordpress\/ -->\n<title>SONOREX TECHNIK RM 75.2 U Ultraschallbad mit \u00dcberlauftasche, 40 kHz | BANDELIN electronic GmbH &amp; Co. KG<\/title>\n<meta name=\"description\" content=\"Informationen Sie sich \u00fcber SONOREX TECHNIK RM 75.2 U Ultraschallbad mit \u00dcberlauftasche, 40 kHz | Hochwertige Ultraschallb\u00e4der f\u00fcr Medizin und Industrie von Bandelin Electronic seit 1955.\" \/>\n<meta name=\"robots\" content=\"index, follow, max-snippet:-1, max-image-preview:large, max-video-preview:-1\" \/>\n<link rel=\"canonical\" href=\"https:\/\/bandelin.com\/it\/negozio\/bagni-a-ultrasuoni-con-tecnologia-sonorex\/tecnologia-sonorex-rm-bagni-a-ultrasuoni\/sonorex-technik-rm-75-2-u-bagno-a-ultrasuoni-con-tasca-per-troppopieno-40-khz\/\" \/>\n<meta property=\"og:locale\" content=\"it_IT\" \/>\n<meta property=\"og:type\" content=\"article\" \/>\n<meta property=\"og:title\" content=\"SONOREX TECHNIK RM 75.2 U Ultraschallbad mit \u00dcberlauftasche, 40 kHz | BANDELIN electronic GmbH &amp; Co. KG\" \/>\n<meta property=\"og:description\" content=\"Informationen Sie sich \u00fcber SONOREX TECHNIK RM 75.2 U Ultraschallbad mit \u00dcberlauftasche, 40 kHz | Hochwertige Ultraschallb\u00e4der f\u00fcr Medizin und Industrie von Bandelin Electronic seit 1955.\" \/>\n<meta property=\"og:url\" content=\"https:\/\/bandelin.com\/it\/negozio\/bagni-a-ultrasuoni-con-tecnologia-sonorex\/tecnologia-sonorex-rm-bagni-a-ultrasuoni\/sonorex-technik-rm-75-2-u-bagno-a-ultrasuoni-con-tasca-per-troppopieno-40-khz\/\" \/>\n<meta property=\"og:site_name\" content=\"BANDELIN electronic GmbH &amp; Co. KG\" \/>\n<meta property=\"article:publisher\" content=\"https:\/\/de-de.facebook.com\/bandelin.electronic\/\" \/>\n<meta property=\"article:modified_time\" content=\"2026-05-13T23:56:04+00:00\" \/>\n<meta property=\"og:image\" content=\"https:\/\/bandelin.com\/wp-content\/uploads\/Produktfoto_RM_75-2_U-1.jpg\" \/>\n\t<meta property=\"og:image:width\" content=\"2000\" \/>\n\t<meta property=\"og:image:height\" content=\"1790\" \/>\n\t<meta property=\"og:image:type\" content=\"image\/jpeg\" \/>\n<meta name=\"twitter:card\" content=\"summary_large_image\" \/>\n<script type=\"application\/ld+json\" class=\"yoast-schema-graph\">{\"@context\":\"https:\\\/\\\/schema.org\",\"@graph\":[{\"@type\":\"WebPage\",\"@id\":\"https:\\\/\\\/bandelin.com\\\/shop\\\/sonorex-technik-ultraschallbaeder\\\/sonorex-technik-rm-ultraschallbaeder\\\/sonorex-technik-rm-75-2-u-ultraschallbad-mit-ueberlauftasche-40-khz\\\/\",\"url\":\"https:\\\/\\\/bandelin.com\\\/shop\\\/sonorex-technik-ultraschallbaeder\\\/sonorex-technik-rm-ultraschallbaeder\\\/sonorex-technik-rm-75-2-u-ultraschallbad-mit-ueberlauftasche-40-khz\\\/\",\"name\":\"SONOREX TECHNIK RM 75.2 U Ultraschallbad mit \u00dcberlauftasche, 40 kHz | BANDELIN electronic GmbH &amp; Co. KG\",\"isPartOf\":{\"@id\":\"https:\\\/\\\/bvted2iv.myrdbx.io\\\/#website\"},\"primaryImageOfPage\":{\"@id\":\"https:\\\/\\\/bandelin.com\\\/shop\\\/sonorex-technik-ultraschallbaeder\\\/sonorex-technik-rm-ultraschallbaeder\\\/sonorex-technik-rm-75-2-u-ultraschallbad-mit-ueberlauftasche-40-khz\\\/#primaryimage\"},\"image\":{\"@id\":\"https:\\\/\\\/bandelin.com\\\/shop\\\/sonorex-technik-ultraschallbaeder\\\/sonorex-technik-rm-ultraschallbaeder\\\/sonorex-technik-rm-75-2-u-ultraschallbad-mit-ueberlauftasche-40-khz\\\/#primaryimage\"},\"thumbnailUrl\":\"https:\\\/\\\/bandelin.com\\\/wp-content\\\/uploads\\\/Produktfoto_RM_75-2_U-1.jpg\",\"datePublished\":\"2026-05-07T19:33:11+00:00\",\"dateModified\":\"2026-05-13T23:56:04+00:00\",\"description\":\"Informationen Sie sich \u00fcber SONOREX TECHNIK RM 75.2 U Ultraschallbad mit \u00dcberlauftasche, 40 kHz | Hochwertige Ultraschallb\u00e4der f\u00fcr Medizin und Industrie von Bandelin Electronic seit 1955.\",\"breadcrumb\":{\"@id\":\"https:\\\/\\\/bandelin.com\\\/shop\\\/sonorex-technik-ultraschallbaeder\\\/sonorex-technik-rm-ultraschallbaeder\\\/sonorex-technik-rm-75-2-u-ultraschallbad-mit-ueberlauftasche-40-khz\\\/#breadcrumb\"},\"inLanguage\":\"it-IT\",\"potentialAction\":[{\"@type\":\"ReadAction\",\"target\":[\"https:\\\/\\\/bandelin.com\\\/shop\\\/sonorex-technik-ultraschallbaeder\\\/sonorex-technik-rm-ultraschallbaeder\\\/sonorex-technik-rm-75-2-u-ultraschallbad-mit-ueberlauftasche-40-khz\\\/\"]}]},{\"@type\":\"ImageObject\",\"inLanguage\":\"it-IT\",\"@id\":\"https:\\\/\\\/bandelin.com\\\/shop\\\/sonorex-technik-ultraschallbaeder\\\/sonorex-technik-rm-ultraschallbaeder\\\/sonorex-technik-rm-75-2-u-ultraschallbad-mit-ueberlauftasche-40-khz\\\/#primaryimage\",\"url\":\"https:\\\/\\\/bandelin.com\\\/wp-content\\\/uploads\\\/Produktfoto_RM_75-2_U-1.jpg\",\"contentUrl\":\"https:\\\/\\\/bandelin.com\\\/wp-content\\\/uploads\\\/Produktfoto_RM_75-2_U-1.jpg\",\"width\":2000,\"height\":1790,\"caption\":\"SONOREX TECHNIK RM 75.2 U Ultraschallbad mit \u00dcberlauftasche\"},{\"@type\":\"BreadcrumbList\",\"@id\":\"https:\\\/\\\/bandelin.com\\\/shop\\\/sonorex-technik-ultraschallbaeder\\\/sonorex-technik-rm-ultraschallbaeder\\\/sonorex-technik-rm-75-2-u-ultraschallbad-mit-ueberlauftasche-40-khz\\\/#breadcrumb\",\"itemListElement\":[{\"@type\":\"ListItem\",\"position\":1,\"name\":\"Startseite\",\"item\":\"https:\\\/\\\/bandelin.com\\\/\"},{\"@type\":\"ListItem\",\"position\":2,\"name\":\"Shop\",\"item\":\"https:\\\/\\\/bandelin.com\\\/shop\\\/\"},{\"@type\":\"ListItem\",\"position\":3,\"name\":\"SONOREX TECHNIK RM 75.2 U Ultraschallbad mit \u00dcberlauftasche, 40 kHz\"}]},{\"@type\":\"WebSite\",\"@id\":\"https:\\\/\\\/bvted2iv.myrdbx.io\\\/#website\",\"url\":\"https:\\\/\\\/bvted2iv.myrdbx.io\\\/\",\"name\":\"BANDELIN electronic GmbH & Co. KG\",\"description\":\"Ultraschall seit 1955\",\"publisher\":{\"@id\":\"https:\\\/\\\/bvted2iv.myrdbx.io\\\/#organization\"},\"potentialAction\":[{\"@type\":\"SearchAction\",\"target\":{\"@type\":\"EntryPoint\",\"urlTemplate\":\"https:\\\/\\\/bvted2iv.myrdbx.io\\\/?s={search_term_string}\"},\"query-input\":{\"@type\":\"PropertyValueSpecification\",\"valueRequired\":true,\"valueName\":\"search_term_string\"}}],\"inLanguage\":\"it-IT\"},{\"@type\":\"Organization\",\"@id\":\"https:\\\/\\\/bvted2iv.myrdbx.io\\\/#organization\",\"name\":\"BANDELIN electronic GmbH & Co. KG\",\"url\":\"https:\\\/\\\/bvted2iv.myrdbx.io\\\/\",\"logo\":{\"@type\":\"ImageObject\",\"inLanguage\":\"it-IT\",\"@id\":\"https:\\\/\\\/bvted2iv.myrdbx.io\\\/#\\\/schema\\\/logo\\\/image\\\/\",\"url\":\"\",\"contentUrl\":\"\",\"caption\":\"BANDELIN electronic GmbH & Co. KG\"},\"image\":{\"@id\":\"https:\\\/\\\/bvted2iv.myrdbx.io\\\/#\\\/schema\\\/logo\\\/image\\\/\"},\"sameAs\":[\"https:\\\/\\\/de-de.facebook.com\\\/bandelin.electronic\\\/\",\"https:\\\/\\\/www.instagram.com\\\/bandelin_ultrasonic\\\/?hl=de\",\"https:\\\/\\\/www.linkedin.com\\\/company\\\/bandelin-electronic-gmbh-amp-co-kg\",\"https:\\\/\\\/www.youtube.com\\\/channel\\\/UC5wTNrNxkwMmX-WzysQqw3g\"]}]}<\/script>\n<!-- \/ Yoast SEO plugin. -->","yoast_head_json":{"title":"SONOREX TECHNIK RM 75.2 U Bagno a ultrasuoni con tasca di trabocco, 40 kHz | BANDELIN electronic GmbH &amp; Co. KG","description":"Scopri di pi\u00f9 su SONOREX TECHNIK RM 75.2 U bagno a ultrasuoni con tasca per il troppopieno, 40 kHz | Bagni a ultrasuoni di alta qualit\u00e0 per la medicina e l'industria di Bandelin Electronic dal 1955.","robots":{"index":"index","follow":"follow","max-snippet":"max-snippet:-1","max-image-preview":"max-image-preview:large","max-video-preview":"max-video-preview:-1"},"canonical":"https:\/\/bandelin.com\/it\/negozio\/bagni-a-ultrasuoni-con-tecnologia-sonorex\/tecnologia-sonorex-rm-bagni-a-ultrasuoni\/sonorex-technik-rm-75-2-u-bagno-a-ultrasuoni-con-tasca-per-troppopieno-40-khz\/","og_locale":"it_IT","og_type":"article","og_title":"SONOREX TECHNIK RM 75.2 U Ultraschallbad mit \u00dcberlauftasche, 40 kHz | BANDELIN electronic GmbH &amp; Co. KG","og_description":"Informationen Sie sich \u00fcber SONOREX TECHNIK RM 75.2 U Ultraschallbad mit \u00dcberlauftasche, 40 kHz | Hochwertige Ultraschallb\u00e4der f\u00fcr Medizin und Industrie von Bandelin Electronic seit 1955.","og_url":"https:\/\/bandelin.com\/it\/negozio\/bagni-a-ultrasuoni-con-tecnologia-sonorex\/tecnologia-sonorex-rm-bagni-a-ultrasuoni\/sonorex-technik-rm-75-2-u-bagno-a-ultrasuoni-con-tasca-per-troppopieno-40-khz\/","og_site_name":"BANDELIN electronic GmbH &amp; Co. KG","article_publisher":"https:\/\/de-de.facebook.com\/bandelin.electronic\/","article_modified_time":"2026-05-13T23:56:04+00:00","og_image":[{"width":2000,"height":1790,"url":"https:\/\/bandelin.com\/wp-content\/uploads\/Produktfoto_RM_75-2_U-1.jpg","type":"image\/jpeg"}],"twitter_card":"summary_large_image","schema":{"@context":"https:\/\/schema.org","@graph":[{"@type":"WebPage","@id":"https:\/\/bandelin.com\/shop\/sonorex-technik-ultraschallbaeder\/sonorex-technik-rm-ultraschallbaeder\/sonorex-technik-rm-75-2-u-ultraschallbad-mit-ueberlauftasche-40-khz\/","url":"https:\/\/bandelin.com\/shop\/sonorex-technik-ultraschallbaeder\/sonorex-technik-rm-ultraschallbaeder\/sonorex-technik-rm-75-2-u-ultraschallbad-mit-ueberlauftasche-40-khz\/","name":"SONOREX TECHNIK RM 75.2 U Bagno a ultrasuoni con tasca di trabocco, 40 kHz | BANDELIN electronic GmbH &amp; Co. KG","isPartOf":{"@id":"https:\/\/bvted2iv.myrdbx.io\/#website"},"primaryImageOfPage":{"@id":"https:\/\/bandelin.com\/shop\/sonorex-technik-ultraschallbaeder\/sonorex-technik-rm-ultraschallbaeder\/sonorex-technik-rm-75-2-u-ultraschallbad-mit-ueberlauftasche-40-khz\/#primaryimage"},"image":{"@id":"https:\/\/bandelin.com\/shop\/sonorex-technik-ultraschallbaeder\/sonorex-technik-rm-ultraschallbaeder\/sonorex-technik-rm-75-2-u-ultraschallbad-mit-ueberlauftasche-40-khz\/#primaryimage"},"thumbnailUrl":"https:\/\/bandelin.com\/wp-content\/uploads\/Produktfoto_RM_75-2_U-1.jpg","datePublished":"2026-05-07T19:33:11+00:00","dateModified":"2026-05-13T23:56:04+00:00","description":"Scopri di pi\u00f9 su SONOREX TECHNIK RM 75.2 U bagno a ultrasuoni con tasca per il troppopieno, 40 kHz | Bagni a ultrasuoni di alta qualit\u00e0 per la medicina e l'industria di Bandelin Electronic dal 1955.","breadcrumb":{"@id":"https:\/\/bandelin.com\/shop\/sonorex-technik-ultraschallbaeder\/sonorex-technik-rm-ultraschallbaeder\/sonorex-technik-rm-75-2-u-ultraschallbad-mit-ueberlauftasche-40-khz\/#breadcrumb"},"inLanguage":"it-IT","potentialAction":[{"@type":"ReadAction","target":["https:\/\/bandelin.com\/shop\/sonorex-technik-ultraschallbaeder\/sonorex-technik-rm-ultraschallbaeder\/sonorex-technik-rm-75-2-u-ultraschallbad-mit-ueberlauftasche-40-khz\/"]}]},{"@type":"ImageObject","inLanguage":"it-IT","@id":"https:\/\/bandelin.com\/shop\/sonorex-technik-ultraschallbaeder\/sonorex-technik-rm-ultraschallbaeder\/sonorex-technik-rm-75-2-u-ultraschallbad-mit-ueberlauftasche-40-khz\/#primaryimage","url":"https:\/\/bandelin.com\/wp-content\/uploads\/Produktfoto_RM_75-2_U-1.jpg","contentUrl":"https:\/\/bandelin.com\/wp-content\/uploads\/Produktfoto_RM_75-2_U-1.jpg","width":2000,"height":1790,"caption":"SONOREX TECHNIK RM 75.2 U Ultraschallbad mit \u00dcberlauftasche"},{"@type":"BreadcrumbList","@id":"https:\/\/bandelin.com\/shop\/sonorex-technik-ultraschallbaeder\/sonorex-technik-rm-ultraschallbaeder\/sonorex-technik-rm-75-2-u-ultraschallbad-mit-ueberlauftasche-40-khz\/#breadcrumb","itemListElement":[{"@type":"ListItem","position":1,"name":"Startseite","item":"https:\/\/bandelin.com\/"},{"@type":"ListItem","position":2,"name":"Shop","item":"https:\/\/bandelin.com\/shop\/"},{"@type":"ListItem","position":3,"name":"SONOREX TECHNIK RM 75.2 U Ultraschallbad mit \u00dcberlauftasche, 40 kHz"}]},{"@type":"WebSite","@id":"https:\/\/bvted2iv.myrdbx.io\/#website","url":"https:\/\/bvted2iv.myrdbx.io\/","name":"BANDELIN electronic GmbH &amp; Co. KG","description":"Ultrasuoni dal 1955","publisher":{"@id":"https:\/\/bvted2iv.myrdbx.io\/#organization"},"potentialAction":[{"@type":"SearchAction","target":{"@type":"EntryPoint","urlTemplate":"https:\/\/bvted2iv.myrdbx.io\/?s={search_term_string}"},"query-input":{"@type":"PropertyValueSpecification","valueRequired":true,"valueName":"search_term_string"}}],"inLanguage":"it-IT"},{"@type":"Organization","@id":"https:\/\/bvted2iv.myrdbx.io\/#organization","name":"BANDELIN electronic GmbH &amp; Co. KG","url":"https:\/\/bvted2iv.myrdbx.io\/","logo":{"@type":"ImageObject","inLanguage":"it-IT","@id":"https:\/\/bvted2iv.myrdbx.io\/#\/schema\/logo\/image\/","url":"","contentUrl":"","caption":"BANDELIN electronic GmbH & Co. KG"},"image":{"@id":"https:\/\/bvted2iv.myrdbx.io\/#\/schema\/logo\/image\/"},"sameAs":["https:\/\/de-de.facebook.com\/bandelin.electronic\/","https:\/\/www.instagram.com\/bandelin_ultrasonic\/?hl=de","https:\/\/www.linkedin.com\/company\/bandelin-electronic-gmbh-amp-co-kg","https:\/\/www.youtube.com\/channel\/UC5wTNrNxkwMmX-WzysQqw3g"]}]}},"_links":{"self":[{"href":"https:\/\/bandelin.com\/it\/wp-json\/wp\/v2\/product\/697892","targetHints":{"allow":["GET"]}}],"collection":[{"href":"https:\/\/bandelin.com\/it\/wp-json\/wp\/v2\/product"}],"about":[{"href":"https:\/\/bandelin.com\/it\/wp-json\/wp\/v2\/types\/product"}],"version-history":[{"count":2,"href":"https:\/\/bandelin.com\/it\/wp-json\/wp\/v2\/product\/697892\/revisions"}],"predecessor-version":[{"id":697895,"href":"https:\/\/bandelin.com\/it\/wp-json\/wp\/v2\/product\/697892\/revisions\/697895"}],"wp:featuredmedia":[{"embeddable":true,"href":"https:\/\/bandelin.com\/it\/wp-json\/wp\/v2\/media\/697894"}],"wp:attachment":[{"href":"https:\/\/bandelin.com\/it\/wp-json\/wp\/v2\/media?parent=697892"}],"wp:term":[{"taxonomy":"product_brand","embeddable":true,"href":"https:\/\/bandelin.com\/it\/wp-json\/wp\/v2\/product_brand?post=697892"},{"taxonomy":"product_cat","embeddable":true,"href":"https:\/\/bandelin.com\/it\/wp-json\/wp\/v2\/product_cat?post=697892"},{"taxonomy":"product_tag","embeddable":true,"href":"https:\/\/bandelin.com\/it\/wp-json\/wp\/v2\/product_tag?post=697892"}],"curies":[{"name":"wp","href":"https:\/\/api.w.org\/{rel}","templated":true}]}}