{"id":699111,"date":"2026-05-07T22:07:04","date_gmt":"2026-05-07T20:07:04","guid":{"rendered":"https:\/\/bandelin.com\/shop\/unkategorisiert\/sonocool-ph-255-2w-probenhalter\/"},"modified":"2026-05-13T01:55:28","modified_gmt":"2026-05-12T23:55:28","slug":"sonocool-ph-255-2w-portacampioni","status":"publish","type":"product","link":"https:\/\/bandelin.com\/it\/shop\/sonocool-ultraschallbaeder\/zubehoer-sonocool-ultraschallbaeder\/sonocool-ph-255-2w-probenhalter\/","title":{"rendered":"SONOCOOL PH 255-2W Supporto per campioni"},"content":{"rendered":"<p>Per 2 piastre da 24 pozzetti.<br \/>\n  Il portacampioni viene utilizzato per tenere i recipienti dei campioni nel bagno a ultrasuoni SONOCOOL 255, mantenendo i campioni alla distanza ottimale dal fondo della vasca.<\/p>","protected":false},"excerpt":{"rendered":"<p>F\u00fcr 2 x 24-Well-Platten. Der Probenhalter dient zur Aufnahme der Probengef\u00e4\u00dfe im Ultraschallbad SONOCOOL 255. Die Proben werden dabei im optimalen Abstand zum Wannenboden gehalten.<\/p>","protected":false},"featured_media":699113,"template":"","meta":{"_acf_changed":false},"product_brand":[],"product_cat":[14186,14486],"product_tag":[11256,14639],"class_list":{"0":"post-699111","1":"product","2":"type-product","3":"status-publish","4":"has-post-thumbnail","6":"product_cat-sonocool-ultraschallbaeder","7":"product_cat-zubehoer-sonocool-ultraschallbaeder","8":"product_tag-glashalter","9":"product_tag-sonocool-ultraschallbaeder-zubehoer","10":"pa_bestellnummer-3521-2","12":"first","13":"onbackorder","14":"taxable","15":"shipping-taxable","16":"purchasable","17":"product-type-simple"},"acf":[],"yoast_head":"<!-- This site is optimized with the Yoast SEO plugin v27.6 - https:\/\/yoast.com\/product\/yoast-seo-wordpress\/ -->\n<title>SONOCOOL PH 255-2W Probenhalter | BANDELIN electronic GmbH &amp; Co. KG<\/title>\n<meta name=\"description\" content=\"Informationen Sie sich \u00fcber SONOCOOL PH 255-2W Probenhalter | Hochwertige Ultraschallb\u00e4der f\u00fcr Medizin und Industrie von Bandelin Electronic seit 1955.\" \/>\n<meta name=\"robots\" content=\"index, follow, max-snippet:-1, max-image-preview:large, max-video-preview:-1\" \/>\n<link rel=\"canonical\" href=\"https:\/\/bandelin.com\/it\/negozio\/bagni-ad-ultrasuoni-sonocool\/accessori-sonocool-bagni-ad-ultrasuoni\/sonocool-ph-255-2w-portacampioni\/\" \/>\n<meta property=\"og:locale\" content=\"it_IT\" \/>\n<meta property=\"og:type\" content=\"article\" \/>\n<meta property=\"og:title\" content=\"SONOCOOL PH 255-2W Probenhalter | BANDELIN electronic GmbH &amp; Co. KG\" \/>\n<meta property=\"og:description\" content=\"Informationen Sie sich \u00fcber SONOCOOL PH 255-2W Probenhalter | Hochwertige Ultraschallb\u00e4der f\u00fcr Medizin und Industrie von Bandelin Electronic seit 1955.\" \/>\n<meta property=\"og:url\" content=\"https:\/\/bandelin.com\/it\/negozio\/bagni-ad-ultrasuoni-sonocool\/accessori-sonocool-bagni-ad-ultrasuoni\/sonocool-ph-255-2w-portacampioni\/\" \/>\n<meta property=\"og:site_name\" content=\"BANDELIN electronic GmbH &amp; Co. KG\" \/>\n<meta property=\"article:publisher\" content=\"https:\/\/de-de.facebook.com\/bandelin.electronic\/\" \/>\n<meta property=\"article:modified_time\" content=\"2026-05-12T23:55:28+00:00\" \/>\n<meta property=\"og:image\" content=\"https:\/\/bandelin.com\/wp-content\/uploads\/Produktfoto_PH_255_2W-4-scaled.jpg\" \/>\n\t<meta property=\"og:image:width\" content=\"2048\" \/>\n\t<meta property=\"og:image:height\" content=\"2048\" \/>\n\t<meta property=\"og:image:type\" content=\"image\/jpeg\" \/>\n<meta name=\"twitter:card\" content=\"summary_large_image\" \/>\n<script type=\"application\/ld+json\" class=\"yoast-schema-graph\">{\"@context\":\"https:\\\/\\\/schema.org\",\"@graph\":[{\"@type\":\"WebPage\",\"@id\":\"https:\\\/\\\/bandelin.com\\\/shop\\\/sonocool-ultraschallbaeder\\\/zubehoer-sonocool-ultraschallbaeder\\\/sonocool-ph-255-2w-probenhalter\\\/\",\"url\":\"https:\\\/\\\/bandelin.com\\\/shop\\\/sonocool-ultraschallbaeder\\\/zubehoer-sonocool-ultraschallbaeder\\\/sonocool-ph-255-2w-probenhalter\\\/\",\"name\":\"SONOCOOL PH 255-2W Probenhalter | BANDELIN electronic GmbH &amp; Co. KG\",\"isPartOf\":{\"@id\":\"https:\\\/\\\/bvted2iv.myrdbx.io\\\/#website\"},\"primaryImageOfPage\":{\"@id\":\"https:\\\/\\\/bandelin.com\\\/shop\\\/sonocool-ultraschallbaeder\\\/zubehoer-sonocool-ultraschallbaeder\\\/sonocool-ph-255-2w-probenhalter\\\/#primaryimage\"},\"image\":{\"@id\":\"https:\\\/\\\/bandelin.com\\\/shop\\\/sonocool-ultraschallbaeder\\\/zubehoer-sonocool-ultraschallbaeder\\\/sonocool-ph-255-2w-probenhalter\\\/#primaryimage\"},\"thumbnailUrl\":\"https:\\\/\\\/bandelin.com\\\/wp-content\\\/uploads\\\/Produktfoto_PH_255_2W-4-scaled.jpg\",\"datePublished\":\"2026-05-07T20:07:04+00:00\",\"dateModified\":\"2026-05-12T23:55:28+00:00\",\"description\":\"Informationen Sie sich \u00fcber SONOCOOL PH 255-2W Probenhalter | Hochwertige Ultraschallb\u00e4der f\u00fcr Medizin und Industrie von Bandelin Electronic seit 1955.\",\"breadcrumb\":{\"@id\":\"https:\\\/\\\/bandelin.com\\\/shop\\\/sonocool-ultraschallbaeder\\\/zubehoer-sonocool-ultraschallbaeder\\\/sonocool-ph-255-2w-probenhalter\\\/#breadcrumb\"},\"inLanguage\":\"it-IT\",\"potentialAction\":[{\"@type\":\"ReadAction\",\"target\":[\"https:\\\/\\\/bandelin.com\\\/shop\\\/sonocool-ultraschallbaeder\\\/zubehoer-sonocool-ultraschallbaeder\\\/sonocool-ph-255-2w-probenhalter\\\/\"]}]},{\"@type\":\"ImageObject\",\"inLanguage\":\"it-IT\",\"@id\":\"https:\\\/\\\/bandelin.com\\\/shop\\\/sonocool-ultraschallbaeder\\\/zubehoer-sonocool-ultraschallbaeder\\\/sonocool-ph-255-2w-probenhalter\\\/#primaryimage\",\"url\":\"https:\\\/\\\/bandelin.com\\\/wp-content\\\/uploads\\\/Produktfoto_PH_255_2W-4-scaled.jpg\",\"contentUrl\":\"https:\\\/\\\/bandelin.com\\\/wp-content\\\/uploads\\\/Produktfoto_PH_255_2W-4-scaled.jpg\",\"width\":2048,\"height\":2048,\"caption\":\"SONOCOOL PH 255-2W Probenhalter Bild\"},{\"@type\":\"BreadcrumbList\",\"@id\":\"https:\\\/\\\/bandelin.com\\\/shop\\\/sonocool-ultraschallbaeder\\\/zubehoer-sonocool-ultraschallbaeder\\\/sonocool-ph-255-2w-probenhalter\\\/#breadcrumb\",\"itemListElement\":[{\"@type\":\"ListItem\",\"position\":1,\"name\":\"Startseite\",\"item\":\"https:\\\/\\\/bandelin.com\\\/\"},{\"@type\":\"ListItem\",\"position\":2,\"name\":\"Shop\",\"item\":\"https:\\\/\\\/bandelin.com\\\/shop\\\/\"},{\"@type\":\"ListItem\",\"position\":3,\"name\":\"SONOCOOL PH 255-2W Probenhalter\"}]},{\"@type\":\"WebSite\",\"@id\":\"https:\\\/\\\/bvted2iv.myrdbx.io\\\/#website\",\"url\":\"https:\\\/\\\/bvted2iv.myrdbx.io\\\/\",\"name\":\"BANDELIN electronic GmbH & Co. KG\",\"description\":\"Ultraschall seit 1955\",\"publisher\":{\"@id\":\"https:\\\/\\\/bvted2iv.myrdbx.io\\\/#organization\"},\"potentialAction\":[{\"@type\":\"SearchAction\",\"target\":{\"@type\":\"EntryPoint\",\"urlTemplate\":\"https:\\\/\\\/bvted2iv.myrdbx.io\\\/?s={search_term_string}\"},\"query-input\":{\"@type\":\"PropertyValueSpecification\",\"valueRequired\":true,\"valueName\":\"search_term_string\"}}],\"inLanguage\":\"it-IT\"},{\"@type\":\"Organization\",\"@id\":\"https:\\\/\\\/bvted2iv.myrdbx.io\\\/#organization\",\"name\":\"BANDELIN electronic GmbH & Co. KG\",\"url\":\"https:\\\/\\\/bvted2iv.myrdbx.io\\\/\",\"logo\":{\"@type\":\"ImageObject\",\"inLanguage\":\"it-IT\",\"@id\":\"https:\\\/\\\/bvted2iv.myrdbx.io\\\/#\\\/schema\\\/logo\\\/image\\\/\",\"url\":\"\",\"contentUrl\":\"\",\"caption\":\"BANDELIN electronic GmbH & Co. KG\"},\"image\":{\"@id\":\"https:\\\/\\\/bvted2iv.myrdbx.io\\\/#\\\/schema\\\/logo\\\/image\\\/\"},\"sameAs\":[\"https:\\\/\\\/de-de.facebook.com\\\/bandelin.electronic\\\/\",\"https:\\\/\\\/www.instagram.com\\\/bandelin_ultrasonic\\\/?hl=de\",\"https:\\\/\\\/www.linkedin.com\\\/company\\\/bandelin-electronic-gmbh-amp-co-kg\",\"https:\\\/\\\/www.youtube.com\\\/channel\\\/UC5wTNrNxkwMmX-WzysQqw3g\"]}]}<\/script>\n<!-- \/ Yoast SEO plugin. -->","yoast_head_json":{"title":"SONOCOOL PH 255-2W Portacampioni | BANDELIN electronic GmbH &amp; Co. KG","description":"Per saperne di pi\u00f9 su SONOCOOL PH 255-2W portacampioni | Bagni a ultrasuoni di alta qualit\u00e0 per la medicina e l'industria di Bandelin Electronic dal 1955.","robots":{"index":"index","follow":"follow","max-snippet":"max-snippet:-1","max-image-preview":"max-image-preview:large","max-video-preview":"max-video-preview:-1"},"canonical":"https:\/\/bandelin.com\/it\/negozio\/bagni-ad-ultrasuoni-sonocool\/accessori-sonocool-bagni-ad-ultrasuoni\/sonocool-ph-255-2w-portacampioni\/","og_locale":"it_IT","og_type":"article","og_title":"SONOCOOL PH 255-2W Probenhalter | BANDELIN electronic GmbH &amp; Co. KG","og_description":"Informationen Sie sich \u00fcber SONOCOOL PH 255-2W Probenhalter | Hochwertige Ultraschallb\u00e4der f\u00fcr Medizin und Industrie von Bandelin Electronic seit 1955.","og_url":"https:\/\/bandelin.com\/it\/negozio\/bagni-ad-ultrasuoni-sonocool\/accessori-sonocool-bagni-ad-ultrasuoni\/sonocool-ph-255-2w-portacampioni\/","og_site_name":"BANDELIN electronic GmbH &amp; Co. KG","article_publisher":"https:\/\/de-de.facebook.com\/bandelin.electronic\/","article_modified_time":"2026-05-12T23:55:28+00:00","og_image":[{"width":2048,"height":2048,"url":"https:\/\/bandelin.com\/wp-content\/uploads\/Produktfoto_PH_255_2W-4-scaled.jpg","type":"image\/jpeg"}],"twitter_card":"summary_large_image","schema":{"@context":"https:\/\/schema.org","@graph":[{"@type":"WebPage","@id":"https:\/\/bandelin.com\/shop\/sonocool-ultraschallbaeder\/zubehoer-sonocool-ultraschallbaeder\/sonocool-ph-255-2w-probenhalter\/","url":"https:\/\/bandelin.com\/shop\/sonocool-ultraschallbaeder\/zubehoer-sonocool-ultraschallbaeder\/sonocool-ph-255-2w-probenhalter\/","name":"SONOCOOL PH 255-2W Portacampioni | BANDELIN electronic GmbH &amp; Co. KG","isPartOf":{"@id":"https:\/\/bvted2iv.myrdbx.io\/#website"},"primaryImageOfPage":{"@id":"https:\/\/bandelin.com\/shop\/sonocool-ultraschallbaeder\/zubehoer-sonocool-ultraschallbaeder\/sonocool-ph-255-2w-probenhalter\/#primaryimage"},"image":{"@id":"https:\/\/bandelin.com\/shop\/sonocool-ultraschallbaeder\/zubehoer-sonocool-ultraschallbaeder\/sonocool-ph-255-2w-probenhalter\/#primaryimage"},"thumbnailUrl":"https:\/\/bandelin.com\/wp-content\/uploads\/Produktfoto_PH_255_2W-4-scaled.jpg","datePublished":"2026-05-07T20:07:04+00:00","dateModified":"2026-05-12T23:55:28+00:00","description":"Per saperne di pi\u00f9 su SONOCOOL PH 255-2W portacampioni | Bagni a ultrasuoni di alta qualit\u00e0 per la medicina e l'industria di Bandelin Electronic dal 1955.","breadcrumb":{"@id":"https:\/\/bandelin.com\/shop\/sonocool-ultraschallbaeder\/zubehoer-sonocool-ultraschallbaeder\/sonocool-ph-255-2w-probenhalter\/#breadcrumb"},"inLanguage":"it-IT","potentialAction":[{"@type":"ReadAction","target":["https:\/\/bandelin.com\/shop\/sonocool-ultraschallbaeder\/zubehoer-sonocool-ultraschallbaeder\/sonocool-ph-255-2w-probenhalter\/"]}]},{"@type":"ImageObject","inLanguage":"it-IT","@id":"https:\/\/bandelin.com\/shop\/sonocool-ultraschallbaeder\/zubehoer-sonocool-ultraschallbaeder\/sonocool-ph-255-2w-probenhalter\/#primaryimage","url":"https:\/\/bandelin.com\/wp-content\/uploads\/Produktfoto_PH_255_2W-4-scaled.jpg","contentUrl":"https:\/\/bandelin.com\/wp-content\/uploads\/Produktfoto_PH_255_2W-4-scaled.jpg","width":2048,"height":2048,"caption":"SONOCOOL PH 255-2W Probenhalter Bild"},{"@type":"BreadcrumbList","@id":"https:\/\/bandelin.com\/shop\/sonocool-ultraschallbaeder\/zubehoer-sonocool-ultraschallbaeder\/sonocool-ph-255-2w-probenhalter\/#breadcrumb","itemListElement":[{"@type":"ListItem","position":1,"name":"Startseite","item":"https:\/\/bandelin.com\/"},{"@type":"ListItem","position":2,"name":"Shop","item":"https:\/\/bandelin.com\/shop\/"},{"@type":"ListItem","position":3,"name":"SONOCOOL PH 255-2W Probenhalter"}]},{"@type":"WebSite","@id":"https:\/\/bvted2iv.myrdbx.io\/#website","url":"https:\/\/bvted2iv.myrdbx.io\/","name":"BANDELIN electronic GmbH &amp; Co. KG","description":"Ultrasuoni dal 1955","publisher":{"@id":"https:\/\/bvted2iv.myrdbx.io\/#organization"},"potentialAction":[{"@type":"SearchAction","target":{"@type":"EntryPoint","urlTemplate":"https:\/\/bvted2iv.myrdbx.io\/?s={search_term_string}"},"query-input":{"@type":"PropertyValueSpecification","valueRequired":true,"valueName":"search_term_string"}}],"inLanguage":"it-IT"},{"@type":"Organization","@id":"https:\/\/bvted2iv.myrdbx.io\/#organization","name":"BANDELIN electronic GmbH &amp; Co. KG","url":"https:\/\/bvted2iv.myrdbx.io\/","logo":{"@type":"ImageObject","inLanguage":"it-IT","@id":"https:\/\/bvted2iv.myrdbx.io\/#\/schema\/logo\/image\/","url":"","contentUrl":"","caption":"BANDELIN electronic GmbH & Co. KG"},"image":{"@id":"https:\/\/bvted2iv.myrdbx.io\/#\/schema\/logo\/image\/"},"sameAs":["https:\/\/de-de.facebook.com\/bandelin.electronic\/","https:\/\/www.instagram.com\/bandelin_ultrasonic\/?hl=de","https:\/\/www.linkedin.com\/company\/bandelin-electronic-gmbh-amp-co-kg","https:\/\/www.youtube.com\/channel\/UC5wTNrNxkwMmX-WzysQqw3g"]}]}},"_links":{"self":[{"href":"https:\/\/bandelin.com\/it\/wp-json\/wp\/v2\/product\/699111","targetHints":{"allow":["GET"]}}],"collection":[{"href":"https:\/\/bandelin.com\/it\/wp-json\/wp\/v2\/product"}],"about":[{"href":"https:\/\/bandelin.com\/it\/wp-json\/wp\/v2\/types\/product"}],"version-history":[{"count":1,"href":"https:\/\/bandelin.com\/it\/wp-json\/wp\/v2\/product\/699111\/revisions"}],"predecessor-version":[{"id":699112,"href":"https:\/\/bandelin.com\/it\/wp-json\/wp\/v2\/product\/699111\/revisions\/699112"}],"wp:featuredmedia":[{"embeddable":true,"href":"https:\/\/bandelin.com\/it\/wp-json\/wp\/v2\/media\/699113"}],"wp:attachment":[{"href":"https:\/\/bandelin.com\/it\/wp-json\/wp\/v2\/media?parent=699111"}],"wp:term":[{"taxonomy":"product_brand","embeddable":true,"href":"https:\/\/bandelin.com\/it\/wp-json\/wp\/v2\/product_brand?post=699111"},{"taxonomy":"product_cat","embeddable":true,"href":"https:\/\/bandelin.com\/it\/wp-json\/wp\/v2\/product_cat?post=699111"},{"taxonomy":"product_tag","embeddable":true,"href":"https:\/\/bandelin.com\/it\/wp-json\/wp\/v2\/product_tag?post=699111"}],"curies":[{"name":"wp","href":"https:\/\/api.w.org\/{rel}","templated":true}]}}