{"id":699305,"date":"2026-05-07T22:13:20","date_gmt":"2026-05-07T20:13:20","guid":{"rendered":"https:\/\/bandelin.com\/shop\/unkategorisiert\/sonorex-technik-mk-110-b-einhaengekorb\/"},"modified":"2026-05-15T15:10:26","modified_gmt":"2026-05-15T13:10:26","slug":"sonorex-technik-mk-110-b-cestino-sospeso","status":"publish","type":"product","link":"https:\/\/bandelin.com\/it\/shop\/sonorex-technik-ultraschallbaeder\/zubehoer-sonorex-technik-ultraschallbaeder\/sonorex-technik-mk-110-b-einhaengekorb\/","title":{"rendered":"SONOREX TECHNIK MK 110 B cestino sospeso"},"content":{"rendered":"<p>Per trattenere il materiale di rinforzo acustico; in acciaio inossidabile.<br \/>\n Durante il funzionamento a ultrasuoni, non si deve appoggiare nulla sul pavimento della vasca, poich\u00e9 ci\u00f2 potrebbe causare un'abrasione tra il materiale di sonicazione e la vasca oscillante a ultrasuoni. Si raccomanda quindi di utilizzare un cestello adatto per contenere il materiale di sonicazione. I cestelli BANDELIN sono progettati in modo tale che il materiale di sonicazione si trovi sempre nell'area ottimale del campo di cavitazione (a 1-2 cm dal pavimento) nella vasca oscillante. Con l'aiuto di un cestello, il materiale di sonicazione pu\u00f2 anche essere comodamente collocato nel dispositivo e rimosso dopo il funzionamento, ad esempio per il risciacquo, senza che l'utente entri in contatto con il liquido di sonicazione nel serbatoio oscillante.<\/p>","protected":false},"excerpt":{"rendered":"<p>Zur Aufnahme von Beschallungsgut; aus Edelstahl W\u00e4hrend des Ultraschallbetriebs darf nichts auf den Wannenboden gelegt werden, da es zu einem Abrieb zwischen dem Beschallungsgut und der Ultraschall-Schwingwanne kommen kann. Es wird daher der Einsatz eines passenden Korbes zur Aufnahme des Beschallungsgutes empfohlen. Die BANDELIN-K\u00f6rbe sind so konstruiert, dass sich das Beschallungsgut stets im optimalen Bereich [&hellip;]<\/p>\n","protected":false},"featured_media":699307,"template":"","meta":{"_acf_changed":false},"product_brand":[],"product_cat":[12497,14468],"product_tag":[11278,14629],"class_list":{"0":"post-699305","1":"product","2":"type-product","3":"status-publish","4":"has-post-thumbnail","6":"product_cat-sonorex-technik-ultraschallbaeder","7":"product_cat-zubehoer-sonorex-technik-ultraschallbaeder","8":"product_tag-korb","9":"product_tag-sonorex-technik-ultraschallbaeder-zubehoer","10":"pa_bestellnummer-12732","11":"pa_innenmass-b-mm-12165","12":"pa_innenmass-l-mm-530-2","13":"pa_innenmass-t-mm-14357","14":"pa_maschenweite-mm-125-x-125-2","15":"pa_nutzlast-kg-12660","16":"pa_passend-zu-rm-110-rm-110-h-rm-110-u-rm-110-uh-rm-112-rm-112-h-rm-112-u-rm-112-uh-zm-112-u-zm-112-uh-zm-112-ul-zm-112-uhl","18":"first","19":"onbackorder","20":"taxable","21":"shipping-taxable","22":"purchasable","23":"product-type-simple"},"acf":[],"yoast_head":"<!-- This site is optimized with the Yoast SEO plugin v27.6 - https:\/\/yoast.com\/product\/yoast-seo-wordpress\/ -->\n<title>SONOREX TECHNIK MK 110 B Einh\u00e4ngekorb | BANDELIN electronic GmbH &amp; Co. KG<\/title>\n<meta name=\"description\" content=\"Informationen Sie sich \u00fcber SONOREX TECHNIK MK 110 B Einh\u00e4ngekorb | Hochwertige Ultraschallb\u00e4der f\u00fcr Medizin und Industrie von Bandelin Electronic seit 1955.\" \/>\n<meta name=\"robots\" content=\"index, follow, max-snippet:-1, max-image-preview:large, max-video-preview:-1\" \/>\n<link rel=\"canonical\" href=\"https:\/\/bandelin.com\/it\/negozio\/bagni-a-ultrasuoni-con-tecnologia-sonorex\/accessori-tecnologia-sonorex-bagni-ad-ultrasuoni\/sonorex-technik-mk-110-b-cestino-sospeso\/\" \/>\n<meta property=\"og:locale\" content=\"it_IT\" \/>\n<meta property=\"og:type\" content=\"article\" \/>\n<meta property=\"og:title\" content=\"SONOREX TECHNIK MK 110 B Einh\u00e4ngekorb | BANDELIN electronic GmbH &amp; Co. KG\" \/>\n<meta property=\"og:description\" content=\"Informationen Sie sich \u00fcber SONOREX TECHNIK MK 110 B Einh\u00e4ngekorb | Hochwertige Ultraschallb\u00e4der f\u00fcr Medizin und Industrie von Bandelin Electronic seit 1955.\" \/>\n<meta property=\"og:url\" content=\"https:\/\/bandelin.com\/it\/negozio\/bagni-a-ultrasuoni-con-tecnologia-sonorex\/accessori-tecnologia-sonorex-bagni-ad-ultrasuoni\/sonorex-technik-mk-110-b-cestino-sospeso\/\" \/>\n<meta property=\"og:site_name\" content=\"BANDELIN electronic GmbH &amp; Co. KG\" \/>\n<meta property=\"article:publisher\" content=\"https:\/\/de-de.facebook.com\/bandelin.electronic\/\" \/>\n<meta property=\"article:modified_time\" content=\"2026-05-15T13:10:26+00:00\" \/>\n<meta property=\"og:image\" content=\"https:\/\/bandelin.com\/wp-content\/uploads\/Produktfoto_MK_110_B-8-scaled.jpg\" \/>\n\t<meta property=\"og:image:width\" content=\"2048\" \/>\n\t<meta property=\"og:image:height\" content=\"2048\" \/>\n\t<meta property=\"og:image:type\" content=\"image\/jpeg\" \/>\n<meta name=\"twitter:card\" content=\"summary_large_image\" \/>\n<meta name=\"twitter:label1\" content=\"Tempo di lettura stimato\" \/>\n\t<meta name=\"twitter:data1\" content=\"1 minuto\" \/>\n<script type=\"application\/ld+json\" class=\"yoast-schema-graph\">{\"@context\":\"https:\\\/\\\/schema.org\",\"@graph\":[{\"@type\":\"WebPage\",\"@id\":\"https:\\\/\\\/bandelin.com\\\/shop\\\/sonorex-technik-ultraschallbaeder\\\/zubehoer-sonorex-technik-ultraschallbaeder\\\/sonorex-technik-mk-110-b-einhaengekorb\\\/\",\"url\":\"https:\\\/\\\/bandelin.com\\\/shop\\\/sonorex-technik-ultraschallbaeder\\\/zubehoer-sonorex-technik-ultraschallbaeder\\\/sonorex-technik-mk-110-b-einhaengekorb\\\/\",\"name\":\"SONOREX TECHNIK MK 110 B Einh\u00e4ngekorb | BANDELIN electronic GmbH &amp; Co. KG\",\"isPartOf\":{\"@id\":\"https:\\\/\\\/bvted2iv.myrdbx.io\\\/#website\"},\"primaryImageOfPage\":{\"@id\":\"https:\\\/\\\/bandelin.com\\\/shop\\\/sonorex-technik-ultraschallbaeder\\\/zubehoer-sonorex-technik-ultraschallbaeder\\\/sonorex-technik-mk-110-b-einhaengekorb\\\/#primaryimage\"},\"image\":{\"@id\":\"https:\\\/\\\/bandelin.com\\\/shop\\\/sonorex-technik-ultraschallbaeder\\\/zubehoer-sonorex-technik-ultraschallbaeder\\\/sonorex-technik-mk-110-b-einhaengekorb\\\/#primaryimage\"},\"thumbnailUrl\":\"https:\\\/\\\/bandelin.com\\\/wp-content\\\/uploads\\\/Produktfoto_MK_110_B-8-scaled.jpg\",\"datePublished\":\"2026-05-07T20:13:20+00:00\",\"dateModified\":\"2026-05-15T13:10:26+00:00\",\"description\":\"Informationen Sie sich \u00fcber SONOREX TECHNIK MK 110 B Einh\u00e4ngekorb | Hochwertige Ultraschallb\u00e4der f\u00fcr Medizin und Industrie von Bandelin Electronic seit 1955.\",\"breadcrumb\":{\"@id\":\"https:\\\/\\\/bandelin.com\\\/shop\\\/sonorex-technik-ultraschallbaeder\\\/zubehoer-sonorex-technik-ultraschallbaeder\\\/sonorex-technik-mk-110-b-einhaengekorb\\\/#breadcrumb\"},\"inLanguage\":\"it-IT\",\"potentialAction\":[{\"@type\":\"ReadAction\",\"target\":[\"https:\\\/\\\/bandelin.com\\\/shop\\\/sonorex-technik-ultraschallbaeder\\\/zubehoer-sonorex-technik-ultraschallbaeder\\\/sonorex-technik-mk-110-b-einhaengekorb\\\/\"]}]},{\"@type\":\"ImageObject\",\"inLanguage\":\"it-IT\",\"@id\":\"https:\\\/\\\/bandelin.com\\\/shop\\\/sonorex-technik-ultraschallbaeder\\\/zubehoer-sonorex-technik-ultraschallbaeder\\\/sonorex-technik-mk-110-b-einhaengekorb\\\/#primaryimage\",\"url\":\"https:\\\/\\\/bandelin.com\\\/wp-content\\\/uploads\\\/Produktfoto_MK_110_B-8-scaled.jpg\",\"contentUrl\":\"https:\\\/\\\/bandelin.com\\\/wp-content\\\/uploads\\\/Produktfoto_MK_110_B-8-scaled.jpg\",\"width\":2048,\"height\":2048,\"caption\":\"SONOREX TECHNIK MK 110 B Einh\u00e4ngekorb Bild\"},{\"@type\":\"BreadcrumbList\",\"@id\":\"https:\\\/\\\/bandelin.com\\\/shop\\\/sonorex-technik-ultraschallbaeder\\\/zubehoer-sonorex-technik-ultraschallbaeder\\\/sonorex-technik-mk-110-b-einhaengekorb\\\/#breadcrumb\",\"itemListElement\":[{\"@type\":\"ListItem\",\"position\":1,\"name\":\"Startseite\",\"item\":\"https:\\\/\\\/bandelin.com\\\/\"},{\"@type\":\"ListItem\",\"position\":2,\"name\":\"Shop\",\"item\":\"https:\\\/\\\/bandelin.com\\\/shop\\\/\"},{\"@type\":\"ListItem\",\"position\":3,\"name\":\"SONOREX TECHNIK MK 110 B Einh\u00e4ngekorb\"}]},{\"@type\":\"WebSite\",\"@id\":\"https:\\\/\\\/bvted2iv.myrdbx.io\\\/#website\",\"url\":\"https:\\\/\\\/bvted2iv.myrdbx.io\\\/\",\"name\":\"BANDELIN electronic GmbH & Co. KG\",\"description\":\"Ultraschall seit 1955\",\"publisher\":{\"@id\":\"https:\\\/\\\/bvted2iv.myrdbx.io\\\/#organization\"},\"potentialAction\":[{\"@type\":\"SearchAction\",\"target\":{\"@type\":\"EntryPoint\",\"urlTemplate\":\"https:\\\/\\\/bvted2iv.myrdbx.io\\\/?s={search_term_string}\"},\"query-input\":{\"@type\":\"PropertyValueSpecification\",\"valueRequired\":true,\"valueName\":\"search_term_string\"}}],\"inLanguage\":\"it-IT\"},{\"@type\":\"Organization\",\"@id\":\"https:\\\/\\\/bvted2iv.myrdbx.io\\\/#organization\",\"name\":\"BANDELIN electronic GmbH & Co. KG\",\"url\":\"https:\\\/\\\/bvted2iv.myrdbx.io\\\/\",\"logo\":{\"@type\":\"ImageObject\",\"inLanguage\":\"it-IT\",\"@id\":\"https:\\\/\\\/bvted2iv.myrdbx.io\\\/#\\\/schema\\\/logo\\\/image\\\/\",\"url\":\"\",\"contentUrl\":\"\",\"caption\":\"BANDELIN electronic GmbH & Co. KG\"},\"image\":{\"@id\":\"https:\\\/\\\/bvted2iv.myrdbx.io\\\/#\\\/schema\\\/logo\\\/image\\\/\"},\"sameAs\":[\"https:\\\/\\\/de-de.facebook.com\\\/bandelin.electronic\\\/\",\"https:\\\/\\\/www.instagram.com\\\/bandelin_ultrasonic\\\/?hl=de\",\"https:\\\/\\\/www.linkedin.com\\\/company\\\/bandelin-electronic-gmbh-amp-co-kg\",\"https:\\\/\\\/www.youtube.com\\\/channel\\\/UC5wTNrNxkwMmX-WzysQqw3g\"]}]}<\/script>\n<!-- \/ Yoast SEO plugin. -->","yoast_head_json":{"title":"SONOREX TECHNIK MK 110 B cestino sospeso | BANDELIN electronic GmbH &amp; Co. KG","description":"Scopri di pi\u00f9 su SONOREX TECHNIK MK 110 B hanging basket | Bagni a ultrasuoni di alta qualit\u00e0 per la medicina e l'industria di Bandelin Electronic dal 1955.","robots":{"index":"index","follow":"follow","max-snippet":"max-snippet:-1","max-image-preview":"max-image-preview:large","max-video-preview":"max-video-preview:-1"},"canonical":"https:\/\/bandelin.com\/it\/negozio\/bagni-a-ultrasuoni-con-tecnologia-sonorex\/accessori-tecnologia-sonorex-bagni-ad-ultrasuoni\/sonorex-technik-mk-110-b-cestino-sospeso\/","og_locale":"it_IT","og_type":"article","og_title":"SONOREX TECHNIK MK 110 B Einh\u00e4ngekorb | BANDELIN electronic GmbH &amp; Co. KG","og_description":"Informationen Sie sich \u00fcber SONOREX TECHNIK MK 110 B Einh\u00e4ngekorb | Hochwertige Ultraschallb\u00e4der f\u00fcr Medizin und Industrie von Bandelin Electronic seit 1955.","og_url":"https:\/\/bandelin.com\/it\/negozio\/bagni-a-ultrasuoni-con-tecnologia-sonorex\/accessori-tecnologia-sonorex-bagni-ad-ultrasuoni\/sonorex-technik-mk-110-b-cestino-sospeso\/","og_site_name":"BANDELIN electronic GmbH &amp; Co. KG","article_publisher":"https:\/\/de-de.facebook.com\/bandelin.electronic\/","article_modified_time":"2026-05-15T13:10:26+00:00","og_image":[{"width":2048,"height":2048,"url":"https:\/\/bandelin.com\/wp-content\/uploads\/Produktfoto_MK_110_B-8-scaled.jpg","type":"image\/jpeg"}],"twitter_card":"summary_large_image","twitter_misc":{"Tempo di lettura stimato":"1 minuto"},"schema":{"@context":"https:\/\/schema.org","@graph":[{"@type":"WebPage","@id":"https:\/\/bandelin.com\/shop\/sonorex-technik-ultraschallbaeder\/zubehoer-sonorex-technik-ultraschallbaeder\/sonorex-technik-mk-110-b-einhaengekorb\/","url":"https:\/\/bandelin.com\/shop\/sonorex-technik-ultraschallbaeder\/zubehoer-sonorex-technik-ultraschallbaeder\/sonorex-technik-mk-110-b-einhaengekorb\/","name":"SONOREX TECHNIK MK 110 B cestino sospeso | BANDELIN electronic GmbH &amp; Co. KG","isPartOf":{"@id":"https:\/\/bvted2iv.myrdbx.io\/#website"},"primaryImageOfPage":{"@id":"https:\/\/bandelin.com\/shop\/sonorex-technik-ultraschallbaeder\/zubehoer-sonorex-technik-ultraschallbaeder\/sonorex-technik-mk-110-b-einhaengekorb\/#primaryimage"},"image":{"@id":"https:\/\/bandelin.com\/shop\/sonorex-technik-ultraschallbaeder\/zubehoer-sonorex-technik-ultraschallbaeder\/sonorex-technik-mk-110-b-einhaengekorb\/#primaryimage"},"thumbnailUrl":"https:\/\/bandelin.com\/wp-content\/uploads\/Produktfoto_MK_110_B-8-scaled.jpg","datePublished":"2026-05-07T20:13:20+00:00","dateModified":"2026-05-15T13:10:26+00:00","description":"Scopri di pi\u00f9 su SONOREX TECHNIK MK 110 B hanging basket | Bagni a ultrasuoni di alta qualit\u00e0 per la medicina e l'industria di Bandelin Electronic dal 1955.","breadcrumb":{"@id":"https:\/\/bandelin.com\/shop\/sonorex-technik-ultraschallbaeder\/zubehoer-sonorex-technik-ultraschallbaeder\/sonorex-technik-mk-110-b-einhaengekorb\/#breadcrumb"},"inLanguage":"it-IT","potentialAction":[{"@type":"ReadAction","target":["https:\/\/bandelin.com\/shop\/sonorex-technik-ultraschallbaeder\/zubehoer-sonorex-technik-ultraschallbaeder\/sonorex-technik-mk-110-b-einhaengekorb\/"]}]},{"@type":"ImageObject","inLanguage":"it-IT","@id":"https:\/\/bandelin.com\/shop\/sonorex-technik-ultraschallbaeder\/zubehoer-sonorex-technik-ultraschallbaeder\/sonorex-technik-mk-110-b-einhaengekorb\/#primaryimage","url":"https:\/\/bandelin.com\/wp-content\/uploads\/Produktfoto_MK_110_B-8-scaled.jpg","contentUrl":"https:\/\/bandelin.com\/wp-content\/uploads\/Produktfoto_MK_110_B-8-scaled.jpg","width":2048,"height":2048,"caption":"SONOREX TECHNIK MK 110 B Einh\u00e4ngekorb Bild"},{"@type":"BreadcrumbList","@id":"https:\/\/bandelin.com\/shop\/sonorex-technik-ultraschallbaeder\/zubehoer-sonorex-technik-ultraschallbaeder\/sonorex-technik-mk-110-b-einhaengekorb\/#breadcrumb","itemListElement":[{"@type":"ListItem","position":1,"name":"Startseite","item":"https:\/\/bandelin.com\/"},{"@type":"ListItem","position":2,"name":"Shop","item":"https:\/\/bandelin.com\/shop\/"},{"@type":"ListItem","position":3,"name":"SONOREX TECHNIK MK 110 B Einh\u00e4ngekorb"}]},{"@type":"WebSite","@id":"https:\/\/bvted2iv.myrdbx.io\/#website","url":"https:\/\/bvted2iv.myrdbx.io\/","name":"BANDELIN electronic GmbH &amp; Co. KG","description":"Ultrasuoni dal 1955","publisher":{"@id":"https:\/\/bvted2iv.myrdbx.io\/#organization"},"potentialAction":[{"@type":"SearchAction","target":{"@type":"EntryPoint","urlTemplate":"https:\/\/bvted2iv.myrdbx.io\/?s={search_term_string}"},"query-input":{"@type":"PropertyValueSpecification","valueRequired":true,"valueName":"search_term_string"}}],"inLanguage":"it-IT"},{"@type":"Organization","@id":"https:\/\/bvted2iv.myrdbx.io\/#organization","name":"BANDELIN electronic GmbH &amp; Co. KG","url":"https:\/\/bvted2iv.myrdbx.io\/","logo":{"@type":"ImageObject","inLanguage":"it-IT","@id":"https:\/\/bvted2iv.myrdbx.io\/#\/schema\/logo\/image\/","url":"","contentUrl":"","caption":"BANDELIN electronic GmbH & Co. KG"},"image":{"@id":"https:\/\/bvted2iv.myrdbx.io\/#\/schema\/logo\/image\/"},"sameAs":["https:\/\/de-de.facebook.com\/bandelin.electronic\/","https:\/\/www.instagram.com\/bandelin_ultrasonic\/?hl=de","https:\/\/www.linkedin.com\/company\/bandelin-electronic-gmbh-amp-co-kg","https:\/\/www.youtube.com\/channel\/UC5wTNrNxkwMmX-WzysQqw3g"]}]}},"_links":{"self":[{"href":"https:\/\/bandelin.com\/it\/wp-json\/wp\/v2\/product\/699305","targetHints":{"allow":["GET"]}}],"collection":[{"href":"https:\/\/bandelin.com\/it\/wp-json\/wp\/v2\/product"}],"about":[{"href":"https:\/\/bandelin.com\/it\/wp-json\/wp\/v2\/types\/product"}],"version-history":[{"count":1,"href":"https:\/\/bandelin.com\/it\/wp-json\/wp\/v2\/product\/699305\/revisions"}],"predecessor-version":[{"id":732114,"href":"https:\/\/bandelin.com\/it\/wp-json\/wp\/v2\/product\/699305\/revisions\/732114"}],"wp:featuredmedia":[{"embeddable":true,"href":"https:\/\/bandelin.com\/it\/wp-json\/wp\/v2\/media\/699307"}],"wp:attachment":[{"href":"https:\/\/bandelin.com\/it\/wp-json\/wp\/v2\/media?parent=699305"}],"wp:term":[{"taxonomy":"product_brand","embeddable":true,"href":"https:\/\/bandelin.com\/it\/wp-json\/wp\/v2\/product_brand?post=699305"},{"taxonomy":"product_cat","embeddable":true,"href":"https:\/\/bandelin.com\/it\/wp-json\/wp\/v2\/product_cat?post=699305"},{"taxonomy":"product_tag","embeddable":true,"href":"https:\/\/bandelin.com\/it\/wp-json\/wp\/v2\/product_tag?post=699305"}],"curies":[{"name":"wp","href":"https:\/\/api.w.org\/{rel}","templated":true}]}}