{"id":699468,"date":"2026-05-07T22:18:54","date_gmt":"2026-05-07T20:18:54","guid":{"rendered":"https:\/\/bandelin.com\/shop\/unkategorisiert\/sonorex-technik-wg-210-2-wannengestell\/"},"modified":"2026-05-08T00:10:47","modified_gmt":"2026-05-07T22:10:47","slug":"sonorex-technik-wg-210-2-telaio-vasca","status":"publish","type":"product","link":"https:\/\/bandelin.com\/it\/shop\/sonorex-technik-ultraschallbaeder\/zubehoer-sonorex-technik-ultraschallbaeder\/sonorex-technik-wg-210-2-wannengestell\/","title":{"rendered":"SONOREX TECHNIK WG 210-2 telaio a vasca"},"content":{"rendered":"<p>Con la rastrelliera WG per 2 vassoi, il dispositivo di sollevamento con oscillazione MB, disponibile separatamente, pu\u00f2 essere spostato tra le fasi di pulizia. I cestini di pulizia possono cos\u00ec essere trasportati comodamente tra le fasi di pulizia. Il rack per vasche viene utilizzato per realizzare linee di pulizia multistadio composte da vasche di pulizia e di risciacquo e da essiccatori.<\/p>","protected":false},"excerpt":{"rendered":"<p>Con la rastrelliera WG per 2 vassoi, il dispositivo di sollevamento con oscillazione MB, disponibile separatamente, pu\u00f2 essere spostato tra le fasi di pulizia. I cestini di pulizia possono cos\u00ec essere trasportati comodamente tra le fasi di pulizia. Il rack per vasche viene utilizzato per realizzare linee di pulizia multistadio composte da vasche di pulizia e di risciacquo e da essiccatori.<\/p>","protected":false},"featured_media":699470,"template":"","meta":{"_acf_changed":false},"product_brand":[],"product_cat":[12497,14468],"product_tag":[12804,14629],"class_list":{"0":"post-699468","1":"product","2":"type-product","3":"status-publish","4":"has-post-thumbnail","6":"product_cat-sonorex-technik-ultraschallbaeder","7":"product_cat-zubehoer-sonorex-technik-ultraschallbaeder","8":"product_tag-wannengestell","9":"product_tag-sonorex-technik-ultraschallbaeder-zubehoer","10":"pa_aussenmass-breite-mm-12712","11":"pa_aussenmass-hoehe-mm-12827","12":"pa_aussenmass-laenge-mm-12842","13":"pa_bestellnummer-12841","15":"first","16":"onbackorder","17":"taxable","18":"shipping-taxable","19":"purchasable","20":"product-type-simple"},"acf":[],"yoast_head":"<!-- This site is optimized with the Yoast SEO plugin v27.5 - https:\/\/yoast.com\/product\/yoast-seo-wordpress\/ -->\n<title>SONOREX TECHNIK WG 210-2 Wannengestell | BANDELIN electronic GmbH &amp; Co. KG<\/title>\n<meta name=\"description\" content=\"Informationen Sie sich \u00fcber SONOREX TECHNIK WG 210-2 Wannengestell | Hochwertige Ultraschallb\u00e4der f\u00fcr Medizin und Industrie von Bandelin Electronic seit 1955.\" \/>\n<meta name=\"robots\" content=\"index, follow, max-snippet:-1, max-image-preview:large, max-video-preview:-1\" \/>\n<link rel=\"canonical\" href=\"https:\/\/bandelin.com\/it\/negozio\/bagni-a-ultrasuoni-con-tecnologia-sonorex\/accessori-tecnologia-sonorex-bagni-ad-ultrasuoni\/sonorex-technik-wg-210-2-telaio-vasca\/\" \/>\n<meta property=\"og:locale\" content=\"it_IT\" \/>\n<meta property=\"og:type\" content=\"article\" \/>\n<meta property=\"og:title\" content=\"SONOREX TECHNIK WG 210-2 Wannengestell | BANDELIN electronic GmbH &amp; Co. KG\" \/>\n<meta property=\"og:description\" content=\"Informationen Sie sich \u00fcber SONOREX TECHNIK WG 210-2 Wannengestell | Hochwertige Ultraschallb\u00e4der f\u00fcr Medizin und Industrie von Bandelin Electronic seit 1955.\" \/>\n<meta property=\"og:url\" content=\"https:\/\/bandelin.com\/it\/negozio\/bagni-a-ultrasuoni-con-tecnologia-sonorex\/accessori-tecnologia-sonorex-bagni-ad-ultrasuoni\/sonorex-technik-wg-210-2-telaio-vasca\/\" \/>\n<meta property=\"og:site_name\" content=\"BANDELIN electronic GmbH &amp; Co. KG\" \/>\n<meta property=\"article:publisher\" content=\"https:\/\/de-de.facebook.com\/bandelin.electronic\/\" \/>\n<meta property=\"article:modified_time\" content=\"2026-05-07T22:10:47+00:00\" \/>\n<meta property=\"og:image\" content=\"https:\/\/bandelin.com\/wp-content\/uploads\/Produktfoto_WG_210_2-13-scaled.jpg\" \/>\n\t<meta property=\"og:image:width\" content=\"2048\" \/>\n\t<meta property=\"og:image:height\" content=\"2048\" \/>\n\t<meta property=\"og:image:type\" content=\"image\/jpeg\" \/>\n<meta name=\"twitter:card\" content=\"summary_large_image\" \/>\n<script type=\"application\/ld+json\" class=\"yoast-schema-graph\">{\"@context\":\"https:\\\/\\\/schema.org\",\"@graph\":[{\"@type\":\"WebPage\",\"@id\":\"https:\\\/\\\/bandelin.com\\\/shop\\\/sonorex-technik-ultraschallbaeder\\\/zubehoer-sonorex-technik-ultraschallbaeder\\\/sonorex-technik-wg-210-2-wannengestell\\\/\",\"url\":\"https:\\\/\\\/bandelin.com\\\/shop\\\/sonorex-technik-ultraschallbaeder\\\/zubehoer-sonorex-technik-ultraschallbaeder\\\/sonorex-technik-wg-210-2-wannengestell\\\/\",\"name\":\"SONOREX TECHNIK WG 210-2 Wannengestell | BANDELIN electronic GmbH &amp; Co. KG\",\"isPartOf\":{\"@id\":\"https:\\\/\\\/bvted2iv.myrdbx.io\\\/#website\"},\"primaryImageOfPage\":{\"@id\":\"https:\\\/\\\/bandelin.com\\\/shop\\\/sonorex-technik-ultraschallbaeder\\\/zubehoer-sonorex-technik-ultraschallbaeder\\\/sonorex-technik-wg-210-2-wannengestell\\\/#primaryimage\"},\"image\":{\"@id\":\"https:\\\/\\\/bandelin.com\\\/shop\\\/sonorex-technik-ultraschallbaeder\\\/zubehoer-sonorex-technik-ultraschallbaeder\\\/sonorex-technik-wg-210-2-wannengestell\\\/#primaryimage\"},\"thumbnailUrl\":\"https:\\\/\\\/bandelin.com\\\/wp-content\\\/uploads\\\/Produktfoto_WG_210_2-13-scaled.jpg\",\"datePublished\":\"2026-05-07T20:18:54+00:00\",\"dateModified\":\"2026-05-07T22:10:47+00:00\",\"description\":\"Informationen Sie sich \u00fcber SONOREX TECHNIK WG 210-2 Wannengestell | Hochwertige Ultraschallb\u00e4der f\u00fcr Medizin und Industrie von Bandelin Electronic seit 1955.\",\"breadcrumb\":{\"@id\":\"https:\\\/\\\/bandelin.com\\\/shop\\\/sonorex-technik-ultraschallbaeder\\\/zubehoer-sonorex-technik-ultraschallbaeder\\\/sonorex-technik-wg-210-2-wannengestell\\\/#breadcrumb\"},\"inLanguage\":\"it-IT\",\"potentialAction\":[{\"@type\":\"ReadAction\",\"target\":[\"https:\\\/\\\/bandelin.com\\\/shop\\\/sonorex-technik-ultraschallbaeder\\\/zubehoer-sonorex-technik-ultraschallbaeder\\\/sonorex-technik-wg-210-2-wannengestell\\\/\"]}]},{\"@type\":\"ImageObject\",\"inLanguage\":\"it-IT\",\"@id\":\"https:\\\/\\\/bandelin.com\\\/shop\\\/sonorex-technik-ultraschallbaeder\\\/zubehoer-sonorex-technik-ultraschallbaeder\\\/sonorex-technik-wg-210-2-wannengestell\\\/#primaryimage\",\"url\":\"https:\\\/\\\/bandelin.com\\\/wp-content\\\/uploads\\\/Produktfoto_WG_210_2-13-scaled.jpg\",\"contentUrl\":\"https:\\\/\\\/bandelin.com\\\/wp-content\\\/uploads\\\/Produktfoto_WG_210_2-13-scaled.jpg\",\"width\":2048,\"height\":2048,\"caption\":\"SONOREX TECHNIK WG 210-2 Wannengestell Bild\"},{\"@type\":\"BreadcrumbList\",\"@id\":\"https:\\\/\\\/bandelin.com\\\/shop\\\/sonorex-technik-ultraschallbaeder\\\/zubehoer-sonorex-technik-ultraschallbaeder\\\/sonorex-technik-wg-210-2-wannengestell\\\/#breadcrumb\",\"itemListElement\":[{\"@type\":\"ListItem\",\"position\":1,\"name\":\"Startseite\",\"item\":\"https:\\\/\\\/bandelin.com\\\/\"},{\"@type\":\"ListItem\",\"position\":2,\"name\":\"Shop\",\"item\":\"https:\\\/\\\/bandelin.com\\\/shop\\\/\"},{\"@type\":\"ListItem\",\"position\":3,\"name\":\"SONOREX TECHNIK WG 210-2 Wannengestell\"}]},{\"@type\":\"WebSite\",\"@id\":\"https:\\\/\\\/bvted2iv.myrdbx.io\\\/#website\",\"url\":\"https:\\\/\\\/bvted2iv.myrdbx.io\\\/\",\"name\":\"BANDELIN electronic GmbH & Co. KG\",\"description\":\"Ultraschall seit 1955\",\"publisher\":{\"@id\":\"https:\\\/\\\/bvted2iv.myrdbx.io\\\/#organization\"},\"potentialAction\":[{\"@type\":\"SearchAction\",\"target\":{\"@type\":\"EntryPoint\",\"urlTemplate\":\"https:\\\/\\\/bvted2iv.myrdbx.io\\\/?s={search_term_string}\"},\"query-input\":{\"@type\":\"PropertyValueSpecification\",\"valueRequired\":true,\"valueName\":\"search_term_string\"}}],\"inLanguage\":\"it-IT\"},{\"@type\":\"Organization\",\"@id\":\"https:\\\/\\\/bvted2iv.myrdbx.io\\\/#organization\",\"name\":\"BANDELIN electronic GmbH & Co. KG\",\"url\":\"https:\\\/\\\/bvted2iv.myrdbx.io\\\/\",\"logo\":{\"@type\":\"ImageObject\",\"inLanguage\":\"it-IT\",\"@id\":\"https:\\\/\\\/bvted2iv.myrdbx.io\\\/#\\\/schema\\\/logo\\\/image\\\/\",\"url\":\"\",\"contentUrl\":\"\",\"caption\":\"BANDELIN electronic GmbH & Co. KG\"},\"image\":{\"@id\":\"https:\\\/\\\/bvted2iv.myrdbx.io\\\/#\\\/schema\\\/logo\\\/image\\\/\"},\"sameAs\":[\"https:\\\/\\\/de-de.facebook.com\\\/bandelin.electronic\\\/\",\"https:\\\/\\\/www.instagram.com\\\/bandelin_ultrasonic\\\/?hl=de\",\"https:\\\/\\\/www.linkedin.com\\\/company\\\/bandelin-electronic-gmbh-amp-co-kg\",\"https:\\\/\\\/www.youtube.com\\\/channel\\\/UC5wTNrNxkwMmX-WzysQqw3g\"]}]}<\/script>\n<!-- \/ Yoast SEO plugin. -->","yoast_head_json":{"title":"SONOREX TECHNIK WG 210-2 rack per serbatoi | BANDELIN electronic GmbH &amp; Co. KG","description":"Scopri di pi\u00f9 su SONOREX TECHNIK WG 210-2 tank rack | Bagni a ultrasuoni di alta qualit\u00e0 per la medicina e l'industria di Bandelin Electronic dal 1955.","robots":{"index":"index","follow":"follow","max-snippet":"max-snippet:-1","max-image-preview":"max-image-preview:large","max-video-preview":"max-video-preview:-1"},"canonical":"https:\/\/bandelin.com\/it\/negozio\/bagni-a-ultrasuoni-con-tecnologia-sonorex\/accessori-tecnologia-sonorex-bagni-ad-ultrasuoni\/sonorex-technik-wg-210-2-telaio-vasca\/","og_locale":"it_IT","og_type":"article","og_title":"SONOREX TECHNIK WG 210-2 Wannengestell | BANDELIN electronic GmbH &amp; Co. KG","og_description":"Informationen Sie sich \u00fcber SONOREX TECHNIK WG 210-2 Wannengestell | Hochwertige Ultraschallb\u00e4der f\u00fcr Medizin und Industrie von Bandelin Electronic seit 1955.","og_url":"https:\/\/bandelin.com\/it\/negozio\/bagni-a-ultrasuoni-con-tecnologia-sonorex\/accessori-tecnologia-sonorex-bagni-ad-ultrasuoni\/sonorex-technik-wg-210-2-telaio-vasca\/","og_site_name":"BANDELIN electronic GmbH &amp; Co. KG","article_publisher":"https:\/\/de-de.facebook.com\/bandelin.electronic\/","article_modified_time":"2026-05-07T22:10:47+00:00","og_image":[{"width":2048,"height":2048,"url":"https:\/\/bandelin.com\/wp-content\/uploads\/Produktfoto_WG_210_2-13-scaled.jpg","type":"image\/jpeg"}],"twitter_card":"summary_large_image","schema":{"@context":"https:\/\/schema.org","@graph":[{"@type":"WebPage","@id":"https:\/\/bandelin.com\/shop\/sonorex-technik-ultraschallbaeder\/zubehoer-sonorex-technik-ultraschallbaeder\/sonorex-technik-wg-210-2-wannengestell\/","url":"https:\/\/bandelin.com\/shop\/sonorex-technik-ultraschallbaeder\/zubehoer-sonorex-technik-ultraschallbaeder\/sonorex-technik-wg-210-2-wannengestell\/","name":"SONOREX TECHNIK WG 210-2 rack per serbatoi | BANDELIN electronic GmbH &amp; Co. KG","isPartOf":{"@id":"https:\/\/bvted2iv.myrdbx.io\/#website"},"primaryImageOfPage":{"@id":"https:\/\/bandelin.com\/shop\/sonorex-technik-ultraschallbaeder\/zubehoer-sonorex-technik-ultraschallbaeder\/sonorex-technik-wg-210-2-wannengestell\/#primaryimage"},"image":{"@id":"https:\/\/bandelin.com\/shop\/sonorex-technik-ultraschallbaeder\/zubehoer-sonorex-technik-ultraschallbaeder\/sonorex-technik-wg-210-2-wannengestell\/#primaryimage"},"thumbnailUrl":"https:\/\/bandelin.com\/wp-content\/uploads\/Produktfoto_WG_210_2-13-scaled.jpg","datePublished":"2026-05-07T20:18:54+00:00","dateModified":"2026-05-07T22:10:47+00:00","description":"Scopri di pi\u00f9 su SONOREX TECHNIK WG 210-2 tank rack | Bagni a ultrasuoni di alta qualit\u00e0 per la medicina e l'industria di Bandelin Electronic dal 1955.","breadcrumb":{"@id":"https:\/\/bandelin.com\/shop\/sonorex-technik-ultraschallbaeder\/zubehoer-sonorex-technik-ultraschallbaeder\/sonorex-technik-wg-210-2-wannengestell\/#breadcrumb"},"inLanguage":"it-IT","potentialAction":[{"@type":"ReadAction","target":["https:\/\/bandelin.com\/shop\/sonorex-technik-ultraschallbaeder\/zubehoer-sonorex-technik-ultraschallbaeder\/sonorex-technik-wg-210-2-wannengestell\/"]}]},{"@type":"ImageObject","inLanguage":"it-IT","@id":"https:\/\/bandelin.com\/shop\/sonorex-technik-ultraschallbaeder\/zubehoer-sonorex-technik-ultraschallbaeder\/sonorex-technik-wg-210-2-wannengestell\/#primaryimage","url":"https:\/\/bandelin.com\/wp-content\/uploads\/Produktfoto_WG_210_2-13-scaled.jpg","contentUrl":"https:\/\/bandelin.com\/wp-content\/uploads\/Produktfoto_WG_210_2-13-scaled.jpg","width":2048,"height":2048,"caption":"SONOREX TECHNIK WG 210-2 Wannengestell Bild"},{"@type":"BreadcrumbList","@id":"https:\/\/bandelin.com\/shop\/sonorex-technik-ultraschallbaeder\/zubehoer-sonorex-technik-ultraschallbaeder\/sonorex-technik-wg-210-2-wannengestell\/#breadcrumb","itemListElement":[{"@type":"ListItem","position":1,"name":"Startseite","item":"https:\/\/bandelin.com\/"},{"@type":"ListItem","position":2,"name":"Shop","item":"https:\/\/bandelin.com\/shop\/"},{"@type":"ListItem","position":3,"name":"SONOREX TECHNIK WG 210-2 Wannengestell"}]},{"@type":"WebSite","@id":"https:\/\/bvted2iv.myrdbx.io\/#website","url":"https:\/\/bvted2iv.myrdbx.io\/","name":"BANDELIN electronic GmbH &amp; Co. KG","description":"Ultrasuoni dal 1955","publisher":{"@id":"https:\/\/bvted2iv.myrdbx.io\/#organization"},"potentialAction":[{"@type":"SearchAction","target":{"@type":"EntryPoint","urlTemplate":"https:\/\/bvted2iv.myrdbx.io\/?s={search_term_string}"},"query-input":{"@type":"PropertyValueSpecification","valueRequired":true,"valueName":"search_term_string"}}],"inLanguage":"it-IT"},{"@type":"Organization","@id":"https:\/\/bvted2iv.myrdbx.io\/#organization","name":"BANDELIN electronic GmbH &amp; Co. KG","url":"https:\/\/bvted2iv.myrdbx.io\/","logo":{"@type":"ImageObject","inLanguage":"it-IT","@id":"https:\/\/bvted2iv.myrdbx.io\/#\/schema\/logo\/image\/","url":"","contentUrl":"","caption":"BANDELIN electronic GmbH & Co. KG"},"image":{"@id":"https:\/\/bvted2iv.myrdbx.io\/#\/schema\/logo\/image\/"},"sameAs":["https:\/\/de-de.facebook.com\/bandelin.electronic\/","https:\/\/www.instagram.com\/bandelin_ultrasonic\/?hl=de","https:\/\/www.linkedin.com\/company\/bandelin-electronic-gmbh-amp-co-kg","https:\/\/www.youtube.com\/channel\/UC5wTNrNxkwMmX-WzysQqw3g"]}]}},"_links":{"self":[{"href":"https:\/\/bandelin.com\/it\/wp-json\/wp\/v2\/product\/699468","targetHints":{"allow":["GET"]}}],"collection":[{"href":"https:\/\/bandelin.com\/it\/wp-json\/wp\/v2\/product"}],"about":[{"href":"https:\/\/bandelin.com\/it\/wp-json\/wp\/v2\/types\/product"}],"version-history":[{"count":1,"href":"https:\/\/bandelin.com\/it\/wp-json\/wp\/v2\/product\/699468\/revisions"}],"predecessor-version":[{"id":699469,"href":"https:\/\/bandelin.com\/it\/wp-json\/wp\/v2\/product\/699468\/revisions\/699469"}],"wp:featuredmedia":[{"embeddable":true,"href":"https:\/\/bandelin.com\/it\/wp-json\/wp\/v2\/media\/699470"}],"wp:attachment":[{"href":"https:\/\/bandelin.com\/it\/wp-json\/wp\/v2\/media?parent=699468"}],"wp:term":[{"taxonomy":"product_brand","embeddable":true,"href":"https:\/\/bandelin.com\/it\/wp-json\/wp\/v2\/product_brand?post=699468"},{"taxonomy":"product_cat","embeddable":true,"href":"https:\/\/bandelin.com\/it\/wp-json\/wp\/v2\/product_cat?post=699468"},{"taxonomy":"product_tag","embeddable":true,"href":"https:\/\/bandelin.com\/it\/wp-json\/wp\/v2\/product_tag?post=699468"}],"curies":[{"name":"wp","href":"https:\/\/api.w.org\/{rel}","templated":true}]}}