{"id":665209,"date":"2026-03-31T21:52:59","date_gmt":"2026-03-31T19:52:59","guid":{"rendered":"https:\/\/bandelin.com\/shop\/unkategorisiert\/sonorex-digitec-dt-1058-m-ultraschallbad\/"},"modified":"2026-04-29T20:27:45","modified_gmt":"2026-04-29T18:27:45","slug":"ultrasoon-bad-sonorex-digitec-dt-1058-m","status":"publish","type":"product","link":"https:\/\/bandelin.com\/nl\/shop\/sonorex-ultraschallbaeder\/sonorex-digitec-dt-ultraschallbaeder\/sonorex-digitec-dt-1058-m-ultraschallbad\/","title":{"rendered":"Ultrasoon bad SONOREX DIGITEC DT 1058 M"},"content":{"rendered":"<p>Ultrasone reiniger met hoge prestaties - digitaal - met temperatuurweergave en tijdinstelling<\/p>\n<p>  De beproefde en bijzonder robuuste SONOREX ultrasoonbaden reinigen grondig en voorzichtig met intensieve cavitatiebellen, zelfs op moeilijk bereikbare plaatsen van de te reinigen objecten.<\/p>\n<p>  De reinigingstijd wordt ingesteld met een gebruiksvriendelijke en eenvoudig af te vegen knopbediening.<\/p>\n<p>  De resterende reinigingstijd kan duidelijk worden afgelezen op het display.<br \/>\n  De volautomatische SweepTec-functie voorkomt staande golven in het ultrasoonveld en zorgt voor een bijzonder gelijkmatige reiniging.<br \/>\n  De ontgassingsfunctie (degas), die kan worden geactiveerd aan het begin van het reinigingsproces, verbetert het reinigingseffect van het ultrageluid nog verder.<\/p>\n<p>  Geschikte korven, deksels en reinigings- en ontsmettingsconcentraten zijn verkrijgbaar als accessoires voor geoptimaliseerde ultrasone reiniging.<\/p>","protected":false},"excerpt":{"rendered":"<p>Interne afmetingen: 600 x 400 x 200\/220 mm<\/p>","protected":false},"featured_media":650615,"template":"","meta":{"_acf_changed":false},"product_brand":[],"product_cat":[14195,14233],"product_tag":[14134,14605],"class_list":{"0":"post-665209","1":"product","2":"type-product","3":"status-publish","4":"has-post-thumbnail","6":"product_cat-sonorex-ultraschallbaeder","7":"product_cat-sonorex-digitec-dt-ultraschallbaeder","8":"product_tag-ultraschallbad","9":"product_tag-sonorex-ultraschallbaeder-sonorex-digitec-dt-ultraschallbaeder","10":"pa_ablauf-kugelhahn-g--mit-75-cm-schlauch-an-der-rechten-seite","11":"pa_arbeitsinhalt-l-14474","12":"pa_aussenmass-breite-mm-470-2","13":"pa_aussenmass-hoehe-mm-12319","14":"pa_aussenmass-laenge-mm-12413","15":"pa_bedienung-tasten","16":"pa_bestellnummer-12411","17":"pa_betriebsspannung-v-230-v--10-50-60-hz","18":"pa_ce-kennzeichnung-medizinprodukte-klasse-i-2017-745-eu-niederspannungsrichtlinie-2014-35-eu-emv-richtlinie-2014-30-eu-rohs-richtlinie-2011-65-eu-2","19":"pa_fuellstandsmarkierung-ja","20":"pa_gehaeusematerial-edelstahl-1-4301","21":"pa_griffe-an-den-seiten-2","22":"pa_inhalt-l-14433","23":"pa_innenmass-b-mm-400-2","24":"pa_innenmass-l-mm-600-2","25":"pa_innenmass-t-mm-200-220","26":"pa_netzkabel-2m-fest-am-geraet","27":"pa_schutzgrad-gehaeuse-ip-33-2","28":"pa_ultraschall-frequenz-khz-35-2","29":"pa_ultraschall-nennleistung-w-600-2","30":"pa_ultraschall-spitzenleistung-w-2400-2","31":"pa_verpackung-breite-mm-12345","32":"pa_verpackung-hoehe-mm-12346","33":"pa_verpackung-laenge-mm-12344","34":"pa_wannenboden-geneigt","35":"pa_wannenmaterial-edelstahl-1-4404","36":"pa_wannenstaerke-mm-14422","37":"pa_zeiteinstellung-min--1-2-3-4-5-10-15-30-min--5--dauerbetrieb","39":"first","40":"onbackorder","41":"taxable","42":"shipping-taxable","43":"purchasable","44":"product-type-simple"},"acf":[],"yoast_head":"<!-- This site is optimized with the Yoast SEO plugin v27.5 - https:\/\/yoast.com\/product\/yoast-seo-wordpress\/ -->\n<title>SONOREX DIGITEC DT 1058 M Ultraschallbad | BANDELIN electronic GmbH &amp; Co. KG<\/title>\n<meta name=\"description\" content=\"Informationen Sie sich \u00fcber SONOREX DIGITEC DT 1058 M Ultraschallbad | Hochwertige Ultraschallb\u00e4der f\u00fcr Medizin und Industrie von Bandelin Electronic seit 1955.\" \/>\n<meta name=\"robots\" content=\"index, follow, max-snippet:-1, max-image-preview:large, max-video-preview:-1\" \/>\n<link rel=\"canonical\" href=\"https:\/\/bandelin.com\/nl\/winkelen\/sonorex-ultrasoon-baden\/sonorex-digitec-dt-ultrasoonbaden\/ultrasoon-bad-sonorex-digitec-dt-1058-m\/\" \/>\n<meta property=\"og:locale\" content=\"nl_NL\" \/>\n<meta property=\"og:type\" content=\"article\" \/>\n<meta property=\"og:title\" content=\"SONOREX DIGITEC DT 1058 M Ultraschallbad | BANDELIN electronic GmbH &amp; Co. KG\" \/>\n<meta property=\"og:description\" content=\"Informationen Sie sich \u00fcber SONOREX DIGITEC DT 1058 M Ultraschallbad | Hochwertige Ultraschallb\u00e4der f\u00fcr Medizin und Industrie von Bandelin Electronic seit 1955.\" \/>\n<meta property=\"og:url\" content=\"https:\/\/bandelin.com\/nl\/winkelen\/sonorex-ultrasoon-baden\/sonorex-digitec-dt-ultrasoonbaden\/ultrasoon-bad-sonorex-digitec-dt-1058-m\/\" \/>\n<meta property=\"og:site_name\" content=\"BANDELIN electronic GmbH &amp; Co. KG\" \/>\n<meta property=\"article:publisher\" content=\"https:\/\/de-de.facebook.com\/bandelin.electronic\/\" \/>\n<meta property=\"article:modified_time\" content=\"2026-04-29T18:27:45+00:00\" \/>\n<meta property=\"og:image\" content=\"https:\/\/bandelin.com\/wp-content\/uploads\/Produktfoto_DT_1058_M-1-scaled.jpg\" \/>\n\t<meta property=\"og:image:width\" content=\"2048\" \/>\n\t<meta property=\"og:image:height\" content=\"2048\" \/>\n\t<meta property=\"og:image:type\" content=\"image\/jpeg\" \/>\n<meta name=\"twitter:card\" content=\"summary_large_image\" \/>\n<meta name=\"twitter:label1\" content=\"Geschatte leestijd\" \/>\n\t<meta name=\"twitter:data1\" content=\"1 minuut\" \/>\n<script type=\"application\/ld+json\" class=\"yoast-schema-graph\">{\"@context\":\"https:\\\/\\\/schema.org\",\"@graph\":[{\"@type\":\"WebPage\",\"@id\":\"https:\\\/\\\/bandelin.com\\\/shop\\\/sonorex-ultraschallbaeder\\\/sonorex-digitec-dt-ultraschallbaeder\\\/sonorex-digitec-dt-1058-m-ultraschallbad\\\/\",\"url\":\"https:\\\/\\\/bandelin.com\\\/shop\\\/sonorex-ultraschallbaeder\\\/sonorex-digitec-dt-ultraschallbaeder\\\/sonorex-digitec-dt-1058-m-ultraschallbad\\\/\",\"name\":\"SONOREX DIGITEC DT 1058 M Ultraschallbad | BANDELIN electronic GmbH &amp; Co. KG\",\"isPartOf\":{\"@id\":\"https:\\\/\\\/bandelin.com\\\/#website\"},\"primaryImageOfPage\":{\"@id\":\"https:\\\/\\\/bandelin.com\\\/shop\\\/sonorex-ultraschallbaeder\\\/sonorex-digitec-dt-ultraschallbaeder\\\/sonorex-digitec-dt-1058-m-ultraschallbad\\\/#primaryimage\"},\"image\":{\"@id\":\"https:\\\/\\\/bandelin.com\\\/shop\\\/sonorex-ultraschallbaeder\\\/sonorex-digitec-dt-ultraschallbaeder\\\/sonorex-digitec-dt-1058-m-ultraschallbad\\\/#primaryimage\"},\"thumbnailUrl\":\"https:\\\/\\\/bandelin.com\\\/wp-content\\\/uploads\\\/Produktfoto_DT_1058_M-1-scaled.jpg\",\"datePublished\":\"2026-03-31T19:52:59+00:00\",\"dateModified\":\"2026-04-29T18:27:45+00:00\",\"description\":\"Informationen Sie sich \u00fcber SONOREX DIGITEC DT 1058 M Ultraschallbad | Hochwertige Ultraschallb\u00e4der f\u00fcr Medizin und Industrie von Bandelin Electronic seit 1955.\",\"breadcrumb\":{\"@id\":\"https:\\\/\\\/bandelin.com\\\/shop\\\/sonorex-ultraschallbaeder\\\/sonorex-digitec-dt-ultraschallbaeder\\\/sonorex-digitec-dt-1058-m-ultraschallbad\\\/#breadcrumb\"},\"inLanguage\":\"nl-NL\",\"potentialAction\":[{\"@type\":\"ReadAction\",\"target\":[\"https:\\\/\\\/bandelin.com\\\/shop\\\/sonorex-ultraschallbaeder\\\/sonorex-digitec-dt-ultraschallbaeder\\\/sonorex-digitec-dt-1058-m-ultraschallbad\\\/\"]}]},{\"@type\":\"ImageObject\",\"inLanguage\":\"nl-NL\",\"@id\":\"https:\\\/\\\/bandelin.com\\\/shop\\\/sonorex-ultraschallbaeder\\\/sonorex-digitec-dt-ultraschallbaeder\\\/sonorex-digitec-dt-1058-m-ultraschallbad\\\/#primaryimage\",\"url\":\"https:\\\/\\\/bandelin.com\\\/wp-content\\\/uploads\\\/Produktfoto_DT_1058_M-1-scaled.jpg\",\"contentUrl\":\"https:\\\/\\\/bandelin.com\\\/wp-content\\\/uploads\\\/Produktfoto_DT_1058_M-1-scaled.jpg\",\"width\":2048,\"height\":2048,\"caption\":\"SONOREX DIGITEC DT 1058 M Ultraschallbad Bild\"},{\"@type\":\"BreadcrumbList\",\"@id\":\"https:\\\/\\\/bandelin.com\\\/shop\\\/sonorex-ultraschallbaeder\\\/sonorex-digitec-dt-ultraschallbaeder\\\/sonorex-digitec-dt-1058-m-ultraschallbad\\\/#breadcrumb\",\"itemListElement\":[{\"@type\":\"ListItem\",\"position\":1,\"name\":\"Startseite\",\"item\":\"https:\\\/\\\/bandelin.com\\\/\"},{\"@type\":\"ListItem\",\"position\":2,\"name\":\"Shop\",\"item\":\"https:\\\/\\\/bandelin.com\\\/shop\\\/\"},{\"@type\":\"ListItem\",\"position\":3,\"name\":\"SONOREX DIGITEC DT 1058 M Ultraschallbad\"}]},{\"@type\":\"WebSite\",\"@id\":\"https:\\\/\\\/bandelin.com\\\/#website\",\"url\":\"https:\\\/\\\/bandelin.com\\\/\",\"name\":\"BANDELIN electronic GmbH & Co. KG\",\"description\":\"Ultraschall seit 1955\",\"publisher\":{\"@id\":\"https:\\\/\\\/bandelin.com\\\/#organization\"},\"potentialAction\":[{\"@type\":\"SearchAction\",\"target\":{\"@type\":\"EntryPoint\",\"urlTemplate\":\"https:\\\/\\\/bandelin.com\\\/?s={search_term_string}\"},\"query-input\":{\"@type\":\"PropertyValueSpecification\",\"valueRequired\":true,\"valueName\":\"search_term_string\"}}],\"inLanguage\":\"nl-NL\"},{\"@type\":\"Organization\",\"@id\":\"https:\\\/\\\/bandelin.com\\\/#organization\",\"name\":\"BANDELIN electronic GmbH & Co. KG\",\"url\":\"https:\\\/\\\/bandelin.com\\\/\",\"logo\":{\"@type\":\"ImageObject\",\"inLanguage\":\"nl-NL\",\"@id\":\"https:\\\/\\\/bandelin.com\\\/#\\\/schema\\\/logo\\\/image\\\/\",\"url\":\"\",\"contentUrl\":\"\",\"caption\":\"BANDELIN electronic GmbH & Co. KG\"},\"image\":{\"@id\":\"https:\\\/\\\/bandelin.com\\\/#\\\/schema\\\/logo\\\/image\\\/\"},\"sameAs\":[\"https:\\\/\\\/de-de.facebook.com\\\/bandelin.electronic\\\/\",\"https:\\\/\\\/www.instagram.com\\\/bandelin_ultrasonic\\\/?hl=de\",\"https:\\\/\\\/www.linkedin.com\\\/company\\\/bandelin-electronic-gmbh-amp-co-kg\",\"https:\\\/\\\/www.youtube.com\\\/channel\\\/UC5wTNrNxkwMmX-WzysQqw3g\"]}]}<\/script>\n<!-- \/ Yoast SEO plugin. -->","yoast_head_json":{"title":"Ultrasoon bad SONOREX DIGITEC DT 1058 M | BANDELIN electronic GmbH &amp; Co. KG","description":"Ontdek meer over SONOREX DIGITEC DT 1058 M ultrasoonbad | Hoogwaardige ultrasoonbaden voor geneeskunde en industrie van Bandelin Electronic sinds 1955.","robots":{"index":"index","follow":"follow","max-snippet":"max-snippet:-1","max-image-preview":"max-image-preview:large","max-video-preview":"max-video-preview:-1"},"canonical":"https:\/\/bandelin.com\/nl\/winkelen\/sonorex-ultrasoon-baden\/sonorex-digitec-dt-ultrasoonbaden\/ultrasoon-bad-sonorex-digitec-dt-1058-m\/","og_locale":"nl_NL","og_type":"article","og_title":"SONOREX DIGITEC DT 1058 M Ultraschallbad | BANDELIN electronic GmbH &amp; Co. KG","og_description":"Informationen Sie sich \u00fcber SONOREX DIGITEC DT 1058 M Ultraschallbad | Hochwertige Ultraschallb\u00e4der f\u00fcr Medizin und Industrie von Bandelin Electronic seit 1955.","og_url":"https:\/\/bandelin.com\/nl\/winkelen\/sonorex-ultrasoon-baden\/sonorex-digitec-dt-ultrasoonbaden\/ultrasoon-bad-sonorex-digitec-dt-1058-m\/","og_site_name":"BANDELIN electronic GmbH &amp; Co. KG","article_publisher":"https:\/\/de-de.facebook.com\/bandelin.electronic\/","article_modified_time":"2026-04-29T18:27:45+00:00","og_image":[{"width":2048,"height":2048,"url":"https:\/\/bandelin.com\/wp-content\/uploads\/Produktfoto_DT_1058_M-1-scaled.jpg","type":"image\/jpeg"}],"twitter_card":"summary_large_image","twitter_misc":{"Geschatte leestijd":"1 minuut"},"schema":{"@context":"https:\/\/schema.org","@graph":[{"@type":"WebPage","@id":"https:\/\/bandelin.com\/shop\/sonorex-ultraschallbaeder\/sonorex-digitec-dt-ultraschallbaeder\/sonorex-digitec-dt-1058-m-ultraschallbad\/","url":"https:\/\/bandelin.com\/shop\/sonorex-ultraschallbaeder\/sonorex-digitec-dt-ultraschallbaeder\/sonorex-digitec-dt-1058-m-ultraschallbad\/","name":"Ultrasoon bad SONOREX DIGITEC DT 1058 M | BANDELIN electronic GmbH &amp; Co. KG","isPartOf":{"@id":"https:\/\/bandelin.com\/#website"},"primaryImageOfPage":{"@id":"https:\/\/bandelin.com\/shop\/sonorex-ultraschallbaeder\/sonorex-digitec-dt-ultraschallbaeder\/sonorex-digitec-dt-1058-m-ultraschallbad\/#primaryimage"},"image":{"@id":"https:\/\/bandelin.com\/shop\/sonorex-ultraschallbaeder\/sonorex-digitec-dt-ultraschallbaeder\/sonorex-digitec-dt-1058-m-ultraschallbad\/#primaryimage"},"thumbnailUrl":"https:\/\/bandelin.com\/wp-content\/uploads\/Produktfoto_DT_1058_M-1-scaled.jpg","datePublished":"2026-03-31T19:52:59+00:00","dateModified":"2026-04-29T18:27:45+00:00","description":"Ontdek meer over SONOREX DIGITEC DT 1058 M ultrasoonbad | Hoogwaardige ultrasoonbaden voor geneeskunde en industrie van Bandelin Electronic sinds 1955.","breadcrumb":{"@id":"https:\/\/bandelin.com\/shop\/sonorex-ultraschallbaeder\/sonorex-digitec-dt-ultraschallbaeder\/sonorex-digitec-dt-1058-m-ultraschallbad\/#breadcrumb"},"inLanguage":"nl-NL","potentialAction":[{"@type":"ReadAction","target":["https:\/\/bandelin.com\/shop\/sonorex-ultraschallbaeder\/sonorex-digitec-dt-ultraschallbaeder\/sonorex-digitec-dt-1058-m-ultraschallbad\/"]}]},{"@type":"ImageObject","inLanguage":"nl-NL","@id":"https:\/\/bandelin.com\/shop\/sonorex-ultraschallbaeder\/sonorex-digitec-dt-ultraschallbaeder\/sonorex-digitec-dt-1058-m-ultraschallbad\/#primaryimage","url":"https:\/\/bandelin.com\/wp-content\/uploads\/Produktfoto_DT_1058_M-1-scaled.jpg","contentUrl":"https:\/\/bandelin.com\/wp-content\/uploads\/Produktfoto_DT_1058_M-1-scaled.jpg","width":2048,"height":2048,"caption":"SONOREX DIGITEC DT 1058 M Ultraschallbad Bild"},{"@type":"BreadcrumbList","@id":"https:\/\/bandelin.com\/shop\/sonorex-ultraschallbaeder\/sonorex-digitec-dt-ultraschallbaeder\/sonorex-digitec-dt-1058-m-ultraschallbad\/#breadcrumb","itemListElement":[{"@type":"ListItem","position":1,"name":"Startseite","item":"https:\/\/bandelin.com\/"},{"@type":"ListItem","position":2,"name":"Shop","item":"https:\/\/bandelin.com\/shop\/"},{"@type":"ListItem","position":3,"name":"SONOREX DIGITEC DT 1058 M Ultraschallbad"}]},{"@type":"WebSite","@id":"https:\/\/bandelin.com\/#website","url":"https:\/\/bandelin.com\/","name":"BANDELIN electronic GmbH &amp; Co. KG","description":"Echografie sinds 1955","publisher":{"@id":"https:\/\/bandelin.com\/#organization"},"potentialAction":[{"@type":"SearchAction","target":{"@type":"EntryPoint","urlTemplate":"https:\/\/bandelin.com\/?s={search_term_string}"},"query-input":{"@type":"PropertyValueSpecification","valueRequired":true,"valueName":"search_term_string"}}],"inLanguage":"nl-NL"},{"@type":"Organization","@id":"https:\/\/bandelin.com\/#organization","name":"BANDELIN electronic GmbH &amp; Co. KG","url":"https:\/\/bandelin.com\/","logo":{"@type":"ImageObject","inLanguage":"nl-NL","@id":"https:\/\/bandelin.com\/#\/schema\/logo\/image\/","url":"","contentUrl":"","caption":"BANDELIN electronic GmbH & Co. KG"},"image":{"@id":"https:\/\/bandelin.com\/#\/schema\/logo\/image\/"},"sameAs":["https:\/\/de-de.facebook.com\/bandelin.electronic\/","https:\/\/www.instagram.com\/bandelin_ultrasonic\/?hl=de","https:\/\/www.linkedin.com\/company\/bandelin-electronic-gmbh-amp-co-kg","https:\/\/www.youtube.com\/channel\/UC5wTNrNxkwMmX-WzysQqw3g"]}]}},"_links":{"self":[{"href":"https:\/\/bandelin.com\/nl\/wp-json\/wp\/v2\/product\/665209","targetHints":{"allow":["GET"]}}],"collection":[{"href":"https:\/\/bandelin.com\/nl\/wp-json\/wp\/v2\/product"}],"about":[{"href":"https:\/\/bandelin.com\/nl\/wp-json\/wp\/v2\/types\/product"}],"version-history":[{"count":2,"href":"https:\/\/bandelin.com\/nl\/wp-json\/wp\/v2\/product\/665209\/revisions"}],"predecessor-version":[{"id":665211,"href":"https:\/\/bandelin.com\/nl\/wp-json\/wp\/v2\/product\/665209\/revisions\/665211"}],"wp:featuredmedia":[{"embeddable":true,"href":"https:\/\/bandelin.com\/nl\/wp-json\/wp\/v2\/media\/650615"}],"wp:attachment":[{"href":"https:\/\/bandelin.com\/nl\/wp-json\/wp\/v2\/media?parent=665209"}],"wp:term":[{"taxonomy":"product_brand","embeddable":true,"href":"https:\/\/bandelin.com\/nl\/wp-json\/wp\/v2\/product_brand?post=665209"},{"taxonomy":"product_cat","embeddable":true,"href":"https:\/\/bandelin.com\/nl\/wp-json\/wp\/v2\/product_cat?post=665209"},{"taxonomy":"product_tag","embeddable":true,"href":"https:\/\/bandelin.com\/nl\/wp-json\/wp\/v2\/product_tag?post=665209"}],"curies":[{"name":"wp","href":"https:\/\/api.w.org\/{rel}","templated":true}]}}