{"id":665472,"date":"2026-03-31T21:58:38","date_gmt":"2026-03-31T19:58:38","guid":{"rendered":"https:\/\/bandelin.com\/shop\/unkategorisiert\/sonorex-technik-rm-210-uh-ultraschallbad-mit-ueberlauftasche-und-heizung-40-khz\/"},"modified":"2026-05-04T01:56:14","modified_gmt":"2026-05-03T23:56:14","slug":"sonorex-technik-rm-210-uh-ultrasoon-bad-met-overloopvak-en-verwarming-40-khz","status":"publish","type":"product","link":"https:\/\/bandelin.com\/nl\/shop\/sonorex-technik-ultraschallbaeder\/sonorex-technik-rm-ultraschallbaeder\/sonorex-technik-rm-210-uh-ultraschallbad-mit-ueberlauftasche-und-heizung-40-khz\/","title":{"rendered":"SONOREX TECHNIK RM 210 UH Ultrasoonbad met overloopvak en verwarming, 40 kHz"},"content":{"rendered":"<p>Krachtig ultrasoon reinigingsbad met verwarming voor industrie, service en onderhoud. De gelaste oscillerende tank van roestvrij staal 1.4404, 2 mm garandeert maximale duurzaamheid, zelfs bij intensief gebruik.<br \/>\n  Een modulair ontwerp maakt een grote verscheidenheid aan configuraties mogelijk, van afzonderlijke reinigingstanks tot complete reinigingslijnen.<br \/>\n  De ge\u00efntegreerde overloopopening wordt gebruikt om een olieafscheider aan te sluiten om gereinigde oliefilms van de reinigingsoplossing te scheiden.<\/p>\n<p>  - Sproeibuis voor het verwijderen van drijvende olie van het vloeistofoppervlak naar de overloopkamer<br \/>\n  - Niveauschakelaar als droogloopbeveiliging voor verwarming en ultrasone sensor<br \/>\n  - In hoogte verstelbare voeten<\/p>","protected":false},"excerpt":{"rendered":"<p>Interne afmetingen: 750 x 650 x 500 mm<\/p>","protected":false},"featured_media":649283,"template":"","meta":{"_acf_changed":false},"product_brand":[],"product_cat":[14254,12497],"product_tag":[14134,14623,12499],"class_list":{"0":"post-665472","1":"product","2":"type-product","3":"status-publish","4":"has-post-thumbnail","6":"product_cat-sonorex-technik-rm-ultraschallbaeder","7":"product_cat-sonorex-technik-ultraschallbaeder","8":"product_tag-ultraschallbad","9":"product_tag-sonorex-technik-ultraschallbaeder-sonorex-technik-rm-ultraschallbaeder","10":"product_tag-rm0","11":"pa_ablauf-3-wege-kugelhahn-g-1-inkl-schlauch-und-schlauchtuellen-messing-galvanisch-beschichtet-an-der-linken-seite","12":"pa_arbeitsinhalt-l-14463","13":"pa_aussenmass-breite-mm-12591","14":"pa_aussenmass-hoehe-mm-12558","15":"pa_aussenmass-laenge-mm-12590","16":"pa_bedienung-drehgriff","17":"pa_bestellnummer-12582","18":"pa_betriebsspannung-v-400-v3npe-50-60-hz","19":"pa_ce-kennzeichnung-niederspannungsrichtlinie-2014-35-eu-emv-richtlinie-2014-30-eu-rohs-richtlinie-2011-65-eu-2","20":"pa_einstellb-temp-ber-c-30-80","21":"pa_form-der-wannenecken-rechtwinklig","22":"pa_fuellstandsmarkierung-12589","23":"pa_gehaeusematerial-edelstahl-1-4301","24":"pa_griffe-an-den-seiten-2","25":"pa_heizleistung-w-12573","26":"pa_inhalt-l-14462","27":"pa_innenmass-b-mm-12584","28":"pa_innenmass-l-mm-12583","29":"pa_innenmass-t-mm-14306","30":"pa_leistungseinstellung-fix","31":"pa_netzkabel-3-m-fest-am-geraet-mit-drehstromstecker-cekon-16-a","32":"pa_schutzgrad-gehaeuse-ip-32-2","33":"pa_spruehrohr-an-der-linken-seite","34":"pa_ueberlauf-kugelhahn-g-1-inkl-schlauchtuelle-fest-eingeschweisst-messing-galvanisch-beschichtet-an-der-rechten-seite","35":"pa_ueberlauftasche-an-der-rechten-seite","36":"pa_ultraschall-frequenz-khz-40-2","37":"pa_ultraschall-nennleistung-w-2-x-1000","38":"pa_ultraschall-spitzenleistung-w-2-x-4000","39":"pa_verpackung-breite-mm-1000-2","40":"pa_verpackung-hoehe-mm-14731","41":"pa_verpackung-laenge-mm-12344","42":"pa_vol-bis-ueberlauft-l-14730","43":"pa_wannenboden-gerade","44":"pa_wannenmaterial-edelstahl-1-4404","45":"pa_wannenstaerke-mm-14422","46":"pa_zeiteinstellung-min-1-15-dauerbetrieb","47":"pa_zulauf-3-wege-kugelhahn-g-1-inkl-schlauch-und-schlauchtuellen-an-der-linken-seite-messing-galvanisch-beschichtet","49":"first","50":"onbackorder","51":"taxable","52":"shipping-taxable","53":"purchasable","54":"product-type-simple"},"acf":[],"yoast_head":"<!-- This site is optimized with the Yoast SEO plugin v27.5 - https:\/\/yoast.com\/product\/yoast-seo-wordpress\/ -->\n<title>SONOREX TECHNIK RM 210 UH Ultraschallbad mit \u00dcberlauftasche und Heizung, 40 kHz | BANDELIN electronic GmbH &amp; Co. KG<\/title>\n<meta name=\"description\" content=\"Informationen Sie sich \u00fcber SONOREX TECHNIK RM 210 UH Ultraschallbad mit \u00dcberlauftasche und Heizung, 40 kHz | Hochwertige Ultraschallb\u00e4der f\u00fcr Medizin und Industrie von Bandelin Electronic seit 1955.\" \/>\n<meta name=\"robots\" content=\"index, follow, max-snippet:-1, max-image-preview:large, max-video-preview:-1\" \/>\n<link rel=\"canonical\" href=\"https:\/\/bandelin.com\/nl\/winkelen\/ultrasone-baden-met-sonorex-technologie\/sonorex-technology-rm-ultrasoonbaden\/sonorex-technik-rm-210-uh-ultrasoon-bad-met-overloopvak-en-verwarming-40-khz\/\" \/>\n<meta property=\"og:locale\" content=\"nl_NL\" \/>\n<meta property=\"og:type\" content=\"article\" \/>\n<meta property=\"og:title\" content=\"SONOREX TECHNIK RM 210 UH Ultraschallbad mit \u00dcberlauftasche und Heizung, 40 kHz | BANDELIN electronic GmbH &amp; Co. KG\" \/>\n<meta property=\"og:description\" content=\"Informationen Sie sich \u00fcber SONOREX TECHNIK RM 210 UH Ultraschallbad mit \u00dcberlauftasche und Heizung, 40 kHz | Hochwertige Ultraschallb\u00e4der f\u00fcr Medizin und Industrie von Bandelin Electronic seit 1955.\" \/>\n<meta property=\"og:url\" content=\"https:\/\/bandelin.com\/nl\/winkelen\/ultrasone-baden-met-sonorex-technologie\/sonorex-technology-rm-ultrasoonbaden\/sonorex-technik-rm-210-uh-ultrasoon-bad-met-overloopvak-en-verwarming-40-khz\/\" \/>\n<meta property=\"og:site_name\" content=\"BANDELIN electronic GmbH &amp; Co. KG\" \/>\n<meta property=\"article:publisher\" content=\"https:\/\/de-de.facebook.com\/bandelin.electronic\/\" \/>\n<meta property=\"article:modified_time\" content=\"2026-05-03T23:56:14+00:00\" \/>\n<meta property=\"og:image\" content=\"https:\/\/bandelin.com\/wp-content\/uploads\/Produktfoto_RM_210_UH-scaled.jpg\" \/>\n\t<meta property=\"og:image:width\" content=\"2048\" \/>\n\t<meta property=\"og:image:height\" content=\"2048\" \/>\n\t<meta property=\"og:image:type\" content=\"image\/jpeg\" \/>\n<meta name=\"twitter:card\" content=\"summary_large_image\" \/>\n<script type=\"application\/ld+json\" class=\"yoast-schema-graph\">{\"@context\":\"https:\\\/\\\/schema.org\",\"@graph\":[{\"@type\":\"WebPage\",\"@id\":\"https:\\\/\\\/bandelin.com\\\/shop\\\/sonorex-technik-ultraschallbaeder\\\/sonorex-technik-rm-ultraschallbaeder\\\/sonorex-technik-rm-210-uh-ultraschallbad-mit-ueberlauftasche-und-heizung-40-khz\\\/\",\"url\":\"https:\\\/\\\/bandelin.com\\\/shop\\\/sonorex-technik-ultraschallbaeder\\\/sonorex-technik-rm-ultraschallbaeder\\\/sonorex-technik-rm-210-uh-ultraschallbad-mit-ueberlauftasche-und-heizung-40-khz\\\/\",\"name\":\"SONOREX TECHNIK RM 210 UH Ultraschallbad mit \u00dcberlauftasche und Heizung, 40 kHz | BANDELIN electronic GmbH &amp; Co. KG\",\"isPartOf\":{\"@id\":\"https:\\\/\\\/bandelin.com\\\/#website\"},\"primaryImageOfPage\":{\"@id\":\"https:\\\/\\\/bandelin.com\\\/shop\\\/sonorex-technik-ultraschallbaeder\\\/sonorex-technik-rm-ultraschallbaeder\\\/sonorex-technik-rm-210-uh-ultraschallbad-mit-ueberlauftasche-und-heizung-40-khz\\\/#primaryimage\"},\"image\":{\"@id\":\"https:\\\/\\\/bandelin.com\\\/shop\\\/sonorex-technik-ultraschallbaeder\\\/sonorex-technik-rm-ultraschallbaeder\\\/sonorex-technik-rm-210-uh-ultraschallbad-mit-ueberlauftasche-und-heizung-40-khz\\\/#primaryimage\"},\"thumbnailUrl\":\"https:\\\/\\\/bandelin.com\\\/wp-content\\\/uploads\\\/Produktfoto_RM_210_UH-scaled.jpg\",\"datePublished\":\"2026-03-31T19:58:38+00:00\",\"dateModified\":\"2026-05-03T23:56:14+00:00\",\"description\":\"Informationen Sie sich \u00fcber SONOREX TECHNIK RM 210 UH Ultraschallbad mit \u00dcberlauftasche und Heizung, 40 kHz | Hochwertige Ultraschallb\u00e4der f\u00fcr Medizin und Industrie von Bandelin Electronic seit 1955.\",\"breadcrumb\":{\"@id\":\"https:\\\/\\\/bandelin.com\\\/shop\\\/sonorex-technik-ultraschallbaeder\\\/sonorex-technik-rm-ultraschallbaeder\\\/sonorex-technik-rm-210-uh-ultraschallbad-mit-ueberlauftasche-und-heizung-40-khz\\\/#breadcrumb\"},\"inLanguage\":\"nl-NL\",\"potentialAction\":[{\"@type\":\"ReadAction\",\"target\":[\"https:\\\/\\\/bandelin.com\\\/shop\\\/sonorex-technik-ultraschallbaeder\\\/sonorex-technik-rm-ultraschallbaeder\\\/sonorex-technik-rm-210-uh-ultraschallbad-mit-ueberlauftasche-und-heizung-40-khz\\\/\"]}]},{\"@type\":\"ImageObject\",\"inLanguage\":\"nl-NL\",\"@id\":\"https:\\\/\\\/bandelin.com\\\/shop\\\/sonorex-technik-ultraschallbaeder\\\/sonorex-technik-rm-ultraschallbaeder\\\/sonorex-technik-rm-210-uh-ultraschallbad-mit-ueberlauftasche-und-heizung-40-khz\\\/#primaryimage\",\"url\":\"https:\\\/\\\/bandelin.com\\\/wp-content\\\/uploads\\\/Produktfoto_RM_210_UH-scaled.jpg\",\"contentUrl\":\"https:\\\/\\\/bandelin.com\\\/wp-content\\\/uploads\\\/Produktfoto_RM_210_UH-scaled.jpg\",\"width\":2048,\"height\":2048,\"caption\":\"SONOREX TECHNIK RM 210 UH Ultraschallbad mit \u00dcberlauftasche und Heizung\"},{\"@type\":\"BreadcrumbList\",\"@id\":\"https:\\\/\\\/bandelin.com\\\/shop\\\/sonorex-technik-ultraschallbaeder\\\/sonorex-technik-rm-ultraschallbaeder\\\/sonorex-technik-rm-210-uh-ultraschallbad-mit-ueberlauftasche-und-heizung-40-khz\\\/#breadcrumb\",\"itemListElement\":[{\"@type\":\"ListItem\",\"position\":1,\"name\":\"Startseite\",\"item\":\"https:\\\/\\\/bandelin.com\\\/\"},{\"@type\":\"ListItem\",\"position\":2,\"name\":\"Shop\",\"item\":\"https:\\\/\\\/bandelin.com\\\/shop\\\/\"},{\"@type\":\"ListItem\",\"position\":3,\"name\":\"SONOREX TECHNIK RM 210 UH Ultraschallbad mit \u00dcberlauftasche und Heizung, 40 kHz\"}]},{\"@type\":\"WebSite\",\"@id\":\"https:\\\/\\\/bandelin.com\\\/#website\",\"url\":\"https:\\\/\\\/bandelin.com\\\/\",\"name\":\"BANDELIN electronic GmbH & Co. KG\",\"description\":\"Ultraschall seit 1955\",\"publisher\":{\"@id\":\"https:\\\/\\\/bandelin.com\\\/#organization\"},\"potentialAction\":[{\"@type\":\"SearchAction\",\"target\":{\"@type\":\"EntryPoint\",\"urlTemplate\":\"https:\\\/\\\/bandelin.com\\\/?s={search_term_string}\"},\"query-input\":{\"@type\":\"PropertyValueSpecification\",\"valueRequired\":true,\"valueName\":\"search_term_string\"}}],\"inLanguage\":\"nl-NL\"},{\"@type\":\"Organization\",\"@id\":\"https:\\\/\\\/bandelin.com\\\/#organization\",\"name\":\"BANDELIN electronic GmbH & Co. KG\",\"url\":\"https:\\\/\\\/bandelin.com\\\/\",\"logo\":{\"@type\":\"ImageObject\",\"inLanguage\":\"nl-NL\",\"@id\":\"https:\\\/\\\/bandelin.com\\\/#\\\/schema\\\/logo\\\/image\\\/\",\"url\":\"\",\"contentUrl\":\"\",\"caption\":\"BANDELIN electronic GmbH & Co. KG\"},\"image\":{\"@id\":\"https:\\\/\\\/bandelin.com\\\/#\\\/schema\\\/logo\\\/image\\\/\"},\"sameAs\":[\"https:\\\/\\\/de-de.facebook.com\\\/bandelin.electronic\\\/\",\"https:\\\/\\\/www.instagram.com\\\/bandelin_ultrasonic\\\/?hl=de\",\"https:\\\/\\\/www.linkedin.com\\\/company\\\/bandelin-electronic-gmbh-amp-co-kg\",\"https:\\\/\\\/www.youtube.com\\\/channel\\\/UC5wTNrNxkwMmX-WzysQqw3g\"]}]}<\/script>\n<!-- \/ Yoast SEO plugin. -->","yoast_head_json":{"title":"Ultrasoon bad SONOREX TECHNIK RM 210 UH met overloop en verwarming, 40 kHz | BANDELIN electronic GmbH &amp; Co. KG","description":"Lees meer over SONOREX TECHNIK RM 210 UH Ultrasoonbad met overloopvak en verwarming, 40 kHz | Hoogwaardige ultrasoonbaden voor geneeskunde en industrie van Bandelin Electronic sinds 1955.","robots":{"index":"index","follow":"follow","max-snippet":"max-snippet:-1","max-image-preview":"max-image-preview:large","max-video-preview":"max-video-preview:-1"},"canonical":"https:\/\/bandelin.com\/nl\/winkelen\/ultrasone-baden-met-sonorex-technologie\/sonorex-technology-rm-ultrasoonbaden\/sonorex-technik-rm-210-uh-ultrasoon-bad-met-overloopvak-en-verwarming-40-khz\/","og_locale":"nl_NL","og_type":"article","og_title":"SONOREX TECHNIK RM 210 UH Ultraschallbad mit \u00dcberlauftasche und Heizung, 40 kHz | BANDELIN electronic GmbH &amp; Co. KG","og_description":"Informationen Sie sich \u00fcber SONOREX TECHNIK RM 210 UH Ultraschallbad mit \u00dcberlauftasche und Heizung, 40 kHz | Hochwertige Ultraschallb\u00e4der f\u00fcr Medizin und Industrie von Bandelin Electronic seit 1955.","og_url":"https:\/\/bandelin.com\/nl\/winkelen\/ultrasone-baden-met-sonorex-technologie\/sonorex-technology-rm-ultrasoonbaden\/sonorex-technik-rm-210-uh-ultrasoon-bad-met-overloopvak-en-verwarming-40-khz\/","og_site_name":"BANDELIN electronic GmbH &amp; Co. KG","article_publisher":"https:\/\/de-de.facebook.com\/bandelin.electronic\/","article_modified_time":"2026-05-03T23:56:14+00:00","og_image":[{"width":2048,"height":2048,"url":"https:\/\/bandelin.com\/wp-content\/uploads\/Produktfoto_RM_210_UH-scaled.jpg","type":"image\/jpeg"}],"twitter_card":"summary_large_image","schema":{"@context":"https:\/\/schema.org","@graph":[{"@type":"WebPage","@id":"https:\/\/bandelin.com\/shop\/sonorex-technik-ultraschallbaeder\/sonorex-technik-rm-ultraschallbaeder\/sonorex-technik-rm-210-uh-ultraschallbad-mit-ueberlauftasche-und-heizung-40-khz\/","url":"https:\/\/bandelin.com\/shop\/sonorex-technik-ultraschallbaeder\/sonorex-technik-rm-ultraschallbaeder\/sonorex-technik-rm-210-uh-ultraschallbad-mit-ueberlauftasche-und-heizung-40-khz\/","name":"Ultrasoon bad SONOREX TECHNIK RM 210 UH met overloop en verwarming, 40 kHz | BANDELIN electronic GmbH &amp; Co. KG","isPartOf":{"@id":"https:\/\/bandelin.com\/#website"},"primaryImageOfPage":{"@id":"https:\/\/bandelin.com\/shop\/sonorex-technik-ultraschallbaeder\/sonorex-technik-rm-ultraschallbaeder\/sonorex-technik-rm-210-uh-ultraschallbad-mit-ueberlauftasche-und-heizung-40-khz\/#primaryimage"},"image":{"@id":"https:\/\/bandelin.com\/shop\/sonorex-technik-ultraschallbaeder\/sonorex-technik-rm-ultraschallbaeder\/sonorex-technik-rm-210-uh-ultraschallbad-mit-ueberlauftasche-und-heizung-40-khz\/#primaryimage"},"thumbnailUrl":"https:\/\/bandelin.com\/wp-content\/uploads\/Produktfoto_RM_210_UH-scaled.jpg","datePublished":"2026-03-31T19:58:38+00:00","dateModified":"2026-05-03T23:56:14+00:00","description":"Lees meer over SONOREX TECHNIK RM 210 UH Ultrasoonbad met overloopvak en verwarming, 40 kHz | Hoogwaardige ultrasoonbaden voor geneeskunde en industrie van Bandelin Electronic sinds 1955.","breadcrumb":{"@id":"https:\/\/bandelin.com\/shop\/sonorex-technik-ultraschallbaeder\/sonorex-technik-rm-ultraschallbaeder\/sonorex-technik-rm-210-uh-ultraschallbad-mit-ueberlauftasche-und-heizung-40-khz\/#breadcrumb"},"inLanguage":"nl-NL","potentialAction":[{"@type":"ReadAction","target":["https:\/\/bandelin.com\/shop\/sonorex-technik-ultraschallbaeder\/sonorex-technik-rm-ultraschallbaeder\/sonorex-technik-rm-210-uh-ultraschallbad-mit-ueberlauftasche-und-heizung-40-khz\/"]}]},{"@type":"ImageObject","inLanguage":"nl-NL","@id":"https:\/\/bandelin.com\/shop\/sonorex-technik-ultraschallbaeder\/sonorex-technik-rm-ultraschallbaeder\/sonorex-technik-rm-210-uh-ultraschallbad-mit-ueberlauftasche-und-heizung-40-khz\/#primaryimage","url":"https:\/\/bandelin.com\/wp-content\/uploads\/Produktfoto_RM_210_UH-scaled.jpg","contentUrl":"https:\/\/bandelin.com\/wp-content\/uploads\/Produktfoto_RM_210_UH-scaled.jpg","width":2048,"height":2048,"caption":"SONOREX TECHNIK RM 210 UH Ultraschallbad mit \u00dcberlauftasche und Heizung"},{"@type":"BreadcrumbList","@id":"https:\/\/bandelin.com\/shop\/sonorex-technik-ultraschallbaeder\/sonorex-technik-rm-ultraschallbaeder\/sonorex-technik-rm-210-uh-ultraschallbad-mit-ueberlauftasche-und-heizung-40-khz\/#breadcrumb","itemListElement":[{"@type":"ListItem","position":1,"name":"Startseite","item":"https:\/\/bandelin.com\/"},{"@type":"ListItem","position":2,"name":"Shop","item":"https:\/\/bandelin.com\/shop\/"},{"@type":"ListItem","position":3,"name":"SONOREX TECHNIK RM 210 UH Ultraschallbad mit \u00dcberlauftasche und Heizung, 40 kHz"}]},{"@type":"WebSite","@id":"https:\/\/bandelin.com\/#website","url":"https:\/\/bandelin.com\/","name":"BANDELIN electronic GmbH &amp; Co. KG","description":"Echografie sinds 1955","publisher":{"@id":"https:\/\/bandelin.com\/#organization"},"potentialAction":[{"@type":"SearchAction","target":{"@type":"EntryPoint","urlTemplate":"https:\/\/bandelin.com\/?s={search_term_string}"},"query-input":{"@type":"PropertyValueSpecification","valueRequired":true,"valueName":"search_term_string"}}],"inLanguage":"nl-NL"},{"@type":"Organization","@id":"https:\/\/bandelin.com\/#organization","name":"BANDELIN electronic GmbH &amp; Co. KG","url":"https:\/\/bandelin.com\/","logo":{"@type":"ImageObject","inLanguage":"nl-NL","@id":"https:\/\/bandelin.com\/#\/schema\/logo\/image\/","url":"","contentUrl":"","caption":"BANDELIN electronic GmbH & Co. KG"},"image":{"@id":"https:\/\/bandelin.com\/#\/schema\/logo\/image\/"},"sameAs":["https:\/\/de-de.facebook.com\/bandelin.electronic\/","https:\/\/www.instagram.com\/bandelin_ultrasonic\/?hl=de","https:\/\/www.linkedin.com\/company\/bandelin-electronic-gmbh-amp-co-kg","https:\/\/www.youtube.com\/channel\/UC5wTNrNxkwMmX-WzysQqw3g"]}]}},"_links":{"self":[{"href":"https:\/\/bandelin.com\/nl\/wp-json\/wp\/v2\/product\/665472","targetHints":{"allow":["GET"]}}],"collection":[{"href":"https:\/\/bandelin.com\/nl\/wp-json\/wp\/v2\/product"}],"about":[{"href":"https:\/\/bandelin.com\/nl\/wp-json\/wp\/v2\/types\/product"}],"version-history":[{"count":2,"href":"https:\/\/bandelin.com\/nl\/wp-json\/wp\/v2\/product\/665472\/revisions"}],"predecessor-version":[{"id":665474,"href":"https:\/\/bandelin.com\/nl\/wp-json\/wp\/v2\/product\/665472\/revisions\/665474"}],"wp:featuredmedia":[{"embeddable":true,"href":"https:\/\/bandelin.com\/nl\/wp-json\/wp\/v2\/media\/649283"}],"wp:attachment":[{"href":"https:\/\/bandelin.com\/nl\/wp-json\/wp\/v2\/media?parent=665472"}],"wp:term":[{"taxonomy":"product_brand","embeddable":true,"href":"https:\/\/bandelin.com\/nl\/wp-json\/wp\/v2\/product_brand?post=665472"},{"taxonomy":"product_cat","embeddable":true,"href":"https:\/\/bandelin.com\/nl\/wp-json\/wp\/v2\/product_cat?post=665472"},{"taxonomy":"product_tag","embeddable":true,"href":"https:\/\/bandelin.com\/nl\/wp-json\/wp\/v2\/product_tag?post=665472"}],"curies":[{"name":"wp","href":"https:\/\/api.w.org\/{rel}","templated":true}]}}