{"id":666089,"date":"2026-03-31T22:11:47","date_gmt":"2026-03-31T20:11:47","guid":{"rendered":"https:\/\/bandelin.com\/shop\/unkategorisiert\/sonorex-ft-6-folientest-rahmen\/"},"modified":"2026-04-29T20:28:13","modified_gmt":"2026-04-29T18:28:13","slug":"sonorex-ft-6-folie-testframe","status":"publish","type":"product","link":"https:\/\/bandelin.com\/nl\/shop\/sonorex-ultraschallbaeder\/zubehoer-sonorex-ultraschallbaeder\/sonorex-ft-6-folientest-rahmen\/","title":{"rendered":"SONOREX FT 6 folietestframe"},"content":{"rendered":"<p>Voor het testen van een ultrasoonreiniger wordt een folietest (aluminiumfolie test) in overeenstemming met IEC 886 aanbevolen bij de eerste ingebruikname en regelmatig (bijv. \u00bc-jaarlijks) na een overeenkomstige bedrijfsperiode. Het effect van ultrasone baden wordt bepaald door de intensiteit en de verdeling van de cavitatie die kenmerkend is voor het proces in de oscillerende tank. De folietest is een eenvoudige methode om de intensiteit en verdeling van cavitatie in een ultrasoonreiniger zichtbaar te maken. Hiervoor wordt een ingebrachte aluminiumfolie geperforeerd of vernietigd door cavitatie in een bepaalde mate, afhankelijk van de duur.<br \/>\n  De dia's kunnen op een geschikte manier worden gearchiveerd (scannen, foto's, enz.). Dit maakt het mogelijk om de films op elk moment te vergelijken. De geperforeerde of geperforeerde gebieden van de films moeten ongeveer dezelfde grootte en verdeling hebben - ze zijn nooit congruent. Regelmatige filmtests zijn de enige manier om het proces te controleren, bijvoorbeeld bij het opwerken van medische apparatuur.<br \/>\n  De keuze van het draadframe hangt af van de grootte van de ultrasoonreiniger. De draadframes zijn ontworpen voor een breed scala aan tankafmetingen. Voor het testen zijn extra folieplaatjes (FL 4, FL 14, FL 40, FL 45) nodig; deze zijn niet bij de levering inbegrepen, maar kunnen rechtstreeks in onze winkel worden besteld.<\/p>","protected":false},"excerpt":{"rendered":"<p>Geschikt voor binnenbakafmetingen van 500x140x100 mm tot 500x140x150 mm<\/p>","protected":false},"featured_media":649671,"template":"","meta":{"_acf_changed":false},"product_brand":[],"product_cat":[14195,14412],"product_tag":[11329,14609],"class_list":{"0":"post-666089","1":"product","2":"type-product","3":"status-publish","4":"has-post-thumbnail","6":"product_cat-sonorex-ultraschallbaeder","7":"product_cat-zubehoer-sonorex-ultraschallbaeder","8":"product_tag-testrahmen","9":"product_tag-sonorex-ultraschallbaeder-zubehoer","10":"pa_aussenmass-breite-mm-12166","11":"pa_aussenmass-laenge-mm-220-2","12":"pa_bestellnummer-12164","13":"pa_gehaeusematerial-edelstahl","14":"pa_innenmass-b-mm-12165","15":"pa_innenmass-l-mm-220-2","16":"pa_passend-zu-rk-156-rk-156-bh-dt-156-dt-156-bh-dt-1028-f-dl-156-bh","17":"pa_verpackung-breite-mm-450-2","18":"pa_verpackung-hoehe-mm-10-2","19":"pa_verpackung-laenge-mm-250-2","21":"first","22":"instock","23":"taxable","24":"shipping-taxable","25":"purchasable","26":"product-type-simple"},"acf":[],"yoast_head":"<!-- This site is optimized with the Yoast SEO plugin v27.5 - https:\/\/yoast.com\/product\/yoast-seo-wordpress\/ -->\n<title>SONOREX FT 6 Folientest-Rahmen | BANDELIN electronic GmbH &amp; Co. KG<\/title>\n<meta name=\"description\" content=\"Informationen Sie sich \u00fcber SONOREX FT 6 Folientest-Rahmen | Hochwertige Ultraschallb\u00e4der f\u00fcr Medizin und Industrie von Bandelin Electronic seit 1955.\" \/>\n<meta name=\"robots\" content=\"index, follow, max-snippet:-1, max-image-preview:large, max-video-preview:-1\" \/>\n<link rel=\"canonical\" href=\"https:\/\/bandelin.com\/nl\/winkelen\/sonorex-ultrasoon-baden\/accessoires-sonorex-ultrasoonbaden\/sonorex-ft-6-folie-testframe\/\" \/>\n<meta property=\"og:locale\" content=\"nl_NL\" \/>\n<meta property=\"og:type\" content=\"article\" \/>\n<meta property=\"og:title\" content=\"SONOREX FT 6 Folientest-Rahmen | BANDELIN electronic GmbH &amp; Co. KG\" \/>\n<meta property=\"og:description\" content=\"Informationen Sie sich \u00fcber SONOREX FT 6 Folientest-Rahmen | Hochwertige Ultraschallb\u00e4der f\u00fcr Medizin und Industrie von Bandelin Electronic seit 1955.\" \/>\n<meta property=\"og:url\" content=\"https:\/\/bandelin.com\/nl\/winkelen\/sonorex-ultrasoon-baden\/accessoires-sonorex-ultrasoonbaden\/sonorex-ft-6-folie-testframe\/\" \/>\n<meta property=\"og:site_name\" content=\"BANDELIN electronic GmbH &amp; Co. KG\" \/>\n<meta property=\"article:publisher\" content=\"https:\/\/de-de.facebook.com\/bandelin.electronic\/\" \/>\n<meta property=\"article:modified_time\" content=\"2026-04-29T18:28:13+00:00\" \/>\n<meta property=\"og:image\" content=\"https:\/\/bandelin.com\/wp-content\/uploads\/Produktfoto_FT_6-scaled.jpg\" \/>\n\t<meta property=\"og:image:width\" content=\"2048\" \/>\n\t<meta property=\"og:image:height\" content=\"2048\" \/>\n\t<meta property=\"og:image:type\" content=\"image\/jpeg\" \/>\n<meta name=\"twitter:card\" content=\"summary_large_image\" \/>\n<meta name=\"twitter:label1\" content=\"Geschatte leestijd\" \/>\n\t<meta name=\"twitter:data1\" content=\"1 minuut\" \/>\n<script type=\"application\/ld+json\" class=\"yoast-schema-graph\">{\"@context\":\"https:\\\/\\\/schema.org\",\"@graph\":[{\"@type\":\"WebPage\",\"@id\":\"https:\\\/\\\/bandelin.com\\\/shop\\\/sonorex-ultraschallbaeder\\\/zubehoer-sonorex-ultraschallbaeder\\\/sonorex-ft-6-folientest-rahmen\\\/\",\"url\":\"https:\\\/\\\/bandelin.com\\\/shop\\\/sonorex-ultraschallbaeder\\\/zubehoer-sonorex-ultraschallbaeder\\\/sonorex-ft-6-folientest-rahmen\\\/\",\"name\":\"SONOREX FT 6 Folientest-Rahmen | BANDELIN electronic GmbH &amp; Co. KG\",\"isPartOf\":{\"@id\":\"https:\\\/\\\/bandelin.com\\\/#website\"},\"primaryImageOfPage\":{\"@id\":\"https:\\\/\\\/bandelin.com\\\/shop\\\/sonorex-ultraschallbaeder\\\/zubehoer-sonorex-ultraschallbaeder\\\/sonorex-ft-6-folientest-rahmen\\\/#primaryimage\"},\"image\":{\"@id\":\"https:\\\/\\\/bandelin.com\\\/shop\\\/sonorex-ultraschallbaeder\\\/zubehoer-sonorex-ultraschallbaeder\\\/sonorex-ft-6-folientest-rahmen\\\/#primaryimage\"},\"thumbnailUrl\":\"https:\\\/\\\/bandelin.com\\\/wp-content\\\/uploads\\\/Produktfoto_FT_6-scaled.jpg\",\"datePublished\":\"2026-03-31T20:11:47+00:00\",\"dateModified\":\"2026-04-29T18:28:13+00:00\",\"description\":\"Informationen Sie sich \u00fcber SONOREX FT 6 Folientest-Rahmen | Hochwertige Ultraschallb\u00e4der f\u00fcr Medizin und Industrie von Bandelin Electronic seit 1955.\",\"breadcrumb\":{\"@id\":\"https:\\\/\\\/bandelin.com\\\/shop\\\/sonorex-ultraschallbaeder\\\/zubehoer-sonorex-ultraschallbaeder\\\/sonorex-ft-6-folientest-rahmen\\\/#breadcrumb\"},\"inLanguage\":\"nl-NL\",\"potentialAction\":[{\"@type\":\"ReadAction\",\"target\":[\"https:\\\/\\\/bandelin.com\\\/shop\\\/sonorex-ultraschallbaeder\\\/zubehoer-sonorex-ultraschallbaeder\\\/sonorex-ft-6-folientest-rahmen\\\/\"]}]},{\"@type\":\"ImageObject\",\"inLanguage\":\"nl-NL\",\"@id\":\"https:\\\/\\\/bandelin.com\\\/shop\\\/sonorex-ultraschallbaeder\\\/zubehoer-sonorex-ultraschallbaeder\\\/sonorex-ft-6-folientest-rahmen\\\/#primaryimage\",\"url\":\"https:\\\/\\\/bandelin.com\\\/wp-content\\\/uploads\\\/Produktfoto_FT_6-scaled.jpg\",\"contentUrl\":\"https:\\\/\\\/bandelin.com\\\/wp-content\\\/uploads\\\/Produktfoto_FT_6-scaled.jpg\",\"width\":2048,\"height\":2048,\"caption\":\"SONOREX FT 6 Folientest-Rahmen Bild\"},{\"@type\":\"BreadcrumbList\",\"@id\":\"https:\\\/\\\/bandelin.com\\\/shop\\\/sonorex-ultraschallbaeder\\\/zubehoer-sonorex-ultraschallbaeder\\\/sonorex-ft-6-folientest-rahmen\\\/#breadcrumb\",\"itemListElement\":[{\"@type\":\"ListItem\",\"position\":1,\"name\":\"Startseite\",\"item\":\"https:\\\/\\\/bandelin.com\\\/\"},{\"@type\":\"ListItem\",\"position\":2,\"name\":\"Shop\",\"item\":\"https:\\\/\\\/bandelin.com\\\/shop\\\/\"},{\"@type\":\"ListItem\",\"position\":3,\"name\":\"SONOREX FT 6 Folientest-Rahmen\"}]},{\"@type\":\"WebSite\",\"@id\":\"https:\\\/\\\/bandelin.com\\\/#website\",\"url\":\"https:\\\/\\\/bandelin.com\\\/\",\"name\":\"BANDELIN electronic GmbH & Co. KG\",\"description\":\"Ultraschall seit 1955\",\"publisher\":{\"@id\":\"https:\\\/\\\/bandelin.com\\\/#organization\"},\"potentialAction\":[{\"@type\":\"SearchAction\",\"target\":{\"@type\":\"EntryPoint\",\"urlTemplate\":\"https:\\\/\\\/bandelin.com\\\/?s={search_term_string}\"},\"query-input\":{\"@type\":\"PropertyValueSpecification\",\"valueRequired\":true,\"valueName\":\"search_term_string\"}}],\"inLanguage\":\"nl-NL\"},{\"@type\":\"Organization\",\"@id\":\"https:\\\/\\\/bandelin.com\\\/#organization\",\"name\":\"BANDELIN electronic GmbH & Co. KG\",\"url\":\"https:\\\/\\\/bandelin.com\\\/\",\"logo\":{\"@type\":\"ImageObject\",\"inLanguage\":\"nl-NL\",\"@id\":\"https:\\\/\\\/bandelin.com\\\/#\\\/schema\\\/logo\\\/image\\\/\",\"url\":\"\",\"contentUrl\":\"\",\"caption\":\"BANDELIN electronic GmbH & Co. KG\"},\"image\":{\"@id\":\"https:\\\/\\\/bandelin.com\\\/#\\\/schema\\\/logo\\\/image\\\/\"},\"sameAs\":[\"https:\\\/\\\/de-de.facebook.com\\\/bandelin.electronic\\\/\",\"https:\\\/\\\/www.instagram.com\\\/bandelin_ultrasonic\\\/?hl=de\",\"https:\\\/\\\/www.linkedin.com\\\/company\\\/bandelin-electronic-gmbh-amp-co-kg\",\"https:\\\/\\\/www.youtube.com\\\/channel\\\/UC5wTNrNxkwMmX-WzysQqw3g\"]}]}<\/script>\n<!-- \/ Yoast SEO plugin. -->","yoast_head_json":{"title":"SONOREX FT 6 folietestframe | BANDELIN electronic GmbH &amp; Co. KG","description":"Lees meer over SONOREX FT 6 folietestframe | Ultrasoonbaden van hoge kwaliteit voor geneeskunde en industrie van Bandelin Electronic sinds 1955.","robots":{"index":"index","follow":"follow","max-snippet":"max-snippet:-1","max-image-preview":"max-image-preview:large","max-video-preview":"max-video-preview:-1"},"canonical":"https:\/\/bandelin.com\/nl\/winkelen\/sonorex-ultrasoon-baden\/accessoires-sonorex-ultrasoonbaden\/sonorex-ft-6-folie-testframe\/","og_locale":"nl_NL","og_type":"article","og_title":"SONOREX FT 6 Folientest-Rahmen | BANDELIN electronic GmbH &amp; Co. KG","og_description":"Informationen Sie sich \u00fcber SONOREX FT 6 Folientest-Rahmen | Hochwertige Ultraschallb\u00e4der f\u00fcr Medizin und Industrie von Bandelin Electronic seit 1955.","og_url":"https:\/\/bandelin.com\/nl\/winkelen\/sonorex-ultrasoon-baden\/accessoires-sonorex-ultrasoonbaden\/sonorex-ft-6-folie-testframe\/","og_site_name":"BANDELIN electronic GmbH &amp; Co. KG","article_publisher":"https:\/\/de-de.facebook.com\/bandelin.electronic\/","article_modified_time":"2026-04-29T18:28:13+00:00","og_image":[{"width":2048,"height":2048,"url":"https:\/\/bandelin.com\/wp-content\/uploads\/Produktfoto_FT_6-scaled.jpg","type":"image\/jpeg"}],"twitter_card":"summary_large_image","twitter_misc":{"Geschatte leestijd":"1 minuut"},"schema":{"@context":"https:\/\/schema.org","@graph":[{"@type":"WebPage","@id":"https:\/\/bandelin.com\/shop\/sonorex-ultraschallbaeder\/zubehoer-sonorex-ultraschallbaeder\/sonorex-ft-6-folientest-rahmen\/","url":"https:\/\/bandelin.com\/shop\/sonorex-ultraschallbaeder\/zubehoer-sonorex-ultraschallbaeder\/sonorex-ft-6-folientest-rahmen\/","name":"SONOREX FT 6 folietestframe | BANDELIN electronic GmbH &amp; Co. KG","isPartOf":{"@id":"https:\/\/bandelin.com\/#website"},"primaryImageOfPage":{"@id":"https:\/\/bandelin.com\/shop\/sonorex-ultraschallbaeder\/zubehoer-sonorex-ultraschallbaeder\/sonorex-ft-6-folientest-rahmen\/#primaryimage"},"image":{"@id":"https:\/\/bandelin.com\/shop\/sonorex-ultraschallbaeder\/zubehoer-sonorex-ultraschallbaeder\/sonorex-ft-6-folientest-rahmen\/#primaryimage"},"thumbnailUrl":"https:\/\/bandelin.com\/wp-content\/uploads\/Produktfoto_FT_6-scaled.jpg","datePublished":"2026-03-31T20:11:47+00:00","dateModified":"2026-04-29T18:28:13+00:00","description":"Lees meer over SONOREX FT 6 folietestframe | Ultrasoonbaden van hoge kwaliteit voor geneeskunde en industrie van Bandelin Electronic sinds 1955.","breadcrumb":{"@id":"https:\/\/bandelin.com\/shop\/sonorex-ultraschallbaeder\/zubehoer-sonorex-ultraschallbaeder\/sonorex-ft-6-folientest-rahmen\/#breadcrumb"},"inLanguage":"nl-NL","potentialAction":[{"@type":"ReadAction","target":["https:\/\/bandelin.com\/shop\/sonorex-ultraschallbaeder\/zubehoer-sonorex-ultraschallbaeder\/sonorex-ft-6-folientest-rahmen\/"]}]},{"@type":"ImageObject","inLanguage":"nl-NL","@id":"https:\/\/bandelin.com\/shop\/sonorex-ultraschallbaeder\/zubehoer-sonorex-ultraschallbaeder\/sonorex-ft-6-folientest-rahmen\/#primaryimage","url":"https:\/\/bandelin.com\/wp-content\/uploads\/Produktfoto_FT_6-scaled.jpg","contentUrl":"https:\/\/bandelin.com\/wp-content\/uploads\/Produktfoto_FT_6-scaled.jpg","width":2048,"height":2048,"caption":"SONOREX FT 6 Folientest-Rahmen Bild"},{"@type":"BreadcrumbList","@id":"https:\/\/bandelin.com\/shop\/sonorex-ultraschallbaeder\/zubehoer-sonorex-ultraschallbaeder\/sonorex-ft-6-folientest-rahmen\/#breadcrumb","itemListElement":[{"@type":"ListItem","position":1,"name":"Startseite","item":"https:\/\/bandelin.com\/"},{"@type":"ListItem","position":2,"name":"Shop","item":"https:\/\/bandelin.com\/shop\/"},{"@type":"ListItem","position":3,"name":"SONOREX FT 6 Folientest-Rahmen"}]},{"@type":"WebSite","@id":"https:\/\/bandelin.com\/#website","url":"https:\/\/bandelin.com\/","name":"BANDELIN electronic GmbH &amp; Co. KG","description":"Echografie sinds 1955","publisher":{"@id":"https:\/\/bandelin.com\/#organization"},"potentialAction":[{"@type":"SearchAction","target":{"@type":"EntryPoint","urlTemplate":"https:\/\/bandelin.com\/?s={search_term_string}"},"query-input":{"@type":"PropertyValueSpecification","valueRequired":true,"valueName":"search_term_string"}}],"inLanguage":"nl-NL"},{"@type":"Organization","@id":"https:\/\/bandelin.com\/#organization","name":"BANDELIN electronic GmbH &amp; Co. KG","url":"https:\/\/bandelin.com\/","logo":{"@type":"ImageObject","inLanguage":"nl-NL","@id":"https:\/\/bandelin.com\/#\/schema\/logo\/image\/","url":"","contentUrl":"","caption":"BANDELIN electronic GmbH & Co. KG"},"image":{"@id":"https:\/\/bandelin.com\/#\/schema\/logo\/image\/"},"sameAs":["https:\/\/de-de.facebook.com\/bandelin.electronic\/","https:\/\/www.instagram.com\/bandelin_ultrasonic\/?hl=de","https:\/\/www.linkedin.com\/company\/bandelin-electronic-gmbh-amp-co-kg","https:\/\/www.youtube.com\/channel\/UC5wTNrNxkwMmX-WzysQqw3g"]}]}},"_links":{"self":[{"href":"https:\/\/bandelin.com\/nl\/wp-json\/wp\/v2\/product\/666089","targetHints":{"allow":["GET"]}}],"collection":[{"href":"https:\/\/bandelin.com\/nl\/wp-json\/wp\/v2\/product"}],"about":[{"href":"https:\/\/bandelin.com\/nl\/wp-json\/wp\/v2\/types\/product"}],"version-history":[{"count":2,"href":"https:\/\/bandelin.com\/nl\/wp-json\/wp\/v2\/product\/666089\/revisions"}],"predecessor-version":[{"id":666091,"href":"https:\/\/bandelin.com\/nl\/wp-json\/wp\/v2\/product\/666089\/revisions\/666091"}],"wp:featuredmedia":[{"embeddable":true,"href":"https:\/\/bandelin.com\/nl\/wp-json\/wp\/v2\/media\/649671"}],"wp:attachment":[{"href":"https:\/\/bandelin.com\/nl\/wp-json\/wp\/v2\/media?parent=666089"}],"wp:term":[{"taxonomy":"product_brand","embeddable":true,"href":"https:\/\/bandelin.com\/nl\/wp-json\/wp\/v2\/product_brand?post=666089"},{"taxonomy":"product_cat","embeddable":true,"href":"https:\/\/bandelin.com\/nl\/wp-json\/wp\/v2\/product_cat?post=666089"},{"taxonomy":"product_tag","embeddable":true,"href":"https:\/\/bandelin.com\/nl\/wp-json\/wp\/v2\/product_tag?post=666089"}],"curies":[{"name":"wp","href":"https:\/\/api.w.org\/{rel}","templated":true}]}}