{"id":666101,"date":"2026-03-31T22:12:08","date_gmt":"2026-03-31T20:12:08","guid":{"rendered":"https:\/\/bandelin.com\/shop\/unkategorisiert\/sonomic-d-1001-g-klappdeckel\/"},"modified":"2026-04-29T20:28:39","modified_gmt":"2026-04-29T18:28:39","slug":"sonomic-d-1001-g-klapdeksel","status":"publish","type":"product","link":"https:\/\/bandelin.com\/nl\/shop\/sonomic-ultraschallbaeder\/zubehoer-sonomic-ultraschallbaeder\/sonomic-d-1001-g-klappdeckel\/","title":{"rendered":"SONOMIC D 1001 G klapdeksel"},"content":{"rendered":"<p>Een geschikt roestvrijstalen deksel voor een ultrasoon bad beschermt de badvloeistof tegen verontreiniging van buitenaf en voorkomt onaangename geuren van de toegevoegde reinigings- of ontsmettingsmiddelen. Bovendien wordt de geluidsemissie tijdens het gebruik van de ultrasoonreiniger, die als storend kan worden ervaren, verminderd. De deksels zijn zo ontworpen dat eventuele condensatie terug in de tank wordt geleid.<\/p>","protected":false},"excerpt":{"rendered":"<p>Geschikt voor SONOMIC MC 1001<\/p>","protected":false},"featured_media":649680,"template":"","meta":{"_acf_changed":false},"product_brand":[],"product_cat":[14188,14487],"product_tag":[11259,14640],"class_list":{"0":"post-666101","1":"product","2":"type-product","3":"status-publish","4":"has-post-thumbnail","6":"product_cat-sonomic-ultraschallbaeder","7":"product_cat-zubehoer-sonomic-ultraschallbaeder","8":"product_tag-deckel","9":"product_tag-sonomic-ultraschallbaeder-zubehoer","10":"pa_bestellnummer-3310-2","12":"first","13":"onbackorder","14":"taxable","15":"shipping-taxable","16":"purchasable","17":"product-type-simple"},"acf":[],"yoast_head":"<!-- This site is optimized with the Yoast SEO plugin v27.5 - https:\/\/yoast.com\/product\/yoast-seo-wordpress\/ -->\n<title>SONOMIC D 1001 G Klappdeckel | BANDELIN electronic GmbH &amp; Co. KG<\/title>\n<meta name=\"description\" content=\"Informationen Sie sich \u00fcber SONOMIC D 1001 G Klappdeckel | Hochwertige Ultraschallb\u00e4der f\u00fcr Medizin und Industrie von Bandelin Electronic seit 1955.\" \/>\n<meta name=\"robots\" content=\"index, follow, max-snippet:-1, max-image-preview:large, max-video-preview:-1\" \/>\n<link rel=\"canonical\" href=\"https:\/\/bandelin.com\/nl\/winkelen\/sonomische-ultrasoonbaden\/sonomic-accessoires-voor-ultrasoon-baden\/sonomic-d-1001-g-klapdeksel\/\" \/>\n<meta property=\"og:locale\" content=\"nl_NL\" \/>\n<meta property=\"og:type\" content=\"article\" \/>\n<meta property=\"og:title\" content=\"SONOMIC D 1001 G Klappdeckel | BANDELIN electronic GmbH &amp; Co. KG\" \/>\n<meta property=\"og:description\" content=\"Informationen Sie sich \u00fcber SONOMIC D 1001 G Klappdeckel | Hochwertige Ultraschallb\u00e4der f\u00fcr Medizin und Industrie von Bandelin Electronic seit 1955.\" \/>\n<meta property=\"og:url\" content=\"https:\/\/bandelin.com\/nl\/winkelen\/sonomische-ultrasoonbaden\/sonomic-accessoires-voor-ultrasoon-baden\/sonomic-d-1001-g-klapdeksel\/\" \/>\n<meta property=\"og:site_name\" content=\"BANDELIN electronic GmbH &amp; Co. KG\" \/>\n<meta property=\"article:publisher\" content=\"https:\/\/de-de.facebook.com\/bandelin.electronic\/\" \/>\n<meta property=\"article:modified_time\" content=\"2026-04-29T18:28:39+00:00\" \/>\n<meta property=\"og:image\" content=\"https:\/\/bandelin.com\/wp-content\/uploads\/Produktfoto_D_1001_G-scaled.jpg\" \/>\n\t<meta property=\"og:image:width\" content=\"2048\" \/>\n\t<meta property=\"og:image:height\" content=\"2048\" \/>\n\t<meta property=\"og:image:type\" content=\"image\/jpeg\" \/>\n<meta name=\"twitter:card\" content=\"summary_large_image\" \/>\n<script type=\"application\/ld+json\" class=\"yoast-schema-graph\">{\"@context\":\"https:\\\/\\\/schema.org\",\"@graph\":[{\"@type\":\"WebPage\",\"@id\":\"https:\\\/\\\/bandelin.com\\\/shop\\\/sonomic-ultraschallbaeder\\\/zubehoer-sonomic-ultraschallbaeder\\\/sonomic-d-1001-g-klappdeckel\\\/\",\"url\":\"https:\\\/\\\/bandelin.com\\\/shop\\\/sonomic-ultraschallbaeder\\\/zubehoer-sonomic-ultraschallbaeder\\\/sonomic-d-1001-g-klappdeckel\\\/\",\"name\":\"SONOMIC D 1001 G Klappdeckel | BANDELIN electronic GmbH &amp; Co. KG\",\"isPartOf\":{\"@id\":\"https:\\\/\\\/bandelin.com\\\/#website\"},\"primaryImageOfPage\":{\"@id\":\"https:\\\/\\\/bandelin.com\\\/shop\\\/sonomic-ultraschallbaeder\\\/zubehoer-sonomic-ultraschallbaeder\\\/sonomic-d-1001-g-klappdeckel\\\/#primaryimage\"},\"image\":{\"@id\":\"https:\\\/\\\/bandelin.com\\\/shop\\\/sonomic-ultraschallbaeder\\\/zubehoer-sonomic-ultraschallbaeder\\\/sonomic-d-1001-g-klappdeckel\\\/#primaryimage\"},\"thumbnailUrl\":\"https:\\\/\\\/bandelin.com\\\/wp-content\\\/uploads\\\/Produktfoto_D_1001_G-scaled.jpg\",\"datePublished\":\"2026-03-31T20:12:08+00:00\",\"dateModified\":\"2026-04-29T18:28:39+00:00\",\"description\":\"Informationen Sie sich \u00fcber SONOMIC D 1001 G Klappdeckel | Hochwertige Ultraschallb\u00e4der f\u00fcr Medizin und Industrie von Bandelin Electronic seit 1955.\",\"breadcrumb\":{\"@id\":\"https:\\\/\\\/bandelin.com\\\/shop\\\/sonomic-ultraschallbaeder\\\/zubehoer-sonomic-ultraschallbaeder\\\/sonomic-d-1001-g-klappdeckel\\\/#breadcrumb\"},\"inLanguage\":\"nl-NL\",\"potentialAction\":[{\"@type\":\"ReadAction\",\"target\":[\"https:\\\/\\\/bandelin.com\\\/shop\\\/sonomic-ultraschallbaeder\\\/zubehoer-sonomic-ultraschallbaeder\\\/sonomic-d-1001-g-klappdeckel\\\/\"]}]},{\"@type\":\"ImageObject\",\"inLanguage\":\"nl-NL\",\"@id\":\"https:\\\/\\\/bandelin.com\\\/shop\\\/sonomic-ultraschallbaeder\\\/zubehoer-sonomic-ultraschallbaeder\\\/sonomic-d-1001-g-klappdeckel\\\/#primaryimage\",\"url\":\"https:\\\/\\\/bandelin.com\\\/wp-content\\\/uploads\\\/Produktfoto_D_1001_G-scaled.jpg\",\"contentUrl\":\"https:\\\/\\\/bandelin.com\\\/wp-content\\\/uploads\\\/Produktfoto_D_1001_G-scaled.jpg\",\"width\":2048,\"height\":2048,\"caption\":\"SONOMIC D 1001 G Klappdeckel Bild\"},{\"@type\":\"BreadcrumbList\",\"@id\":\"https:\\\/\\\/bandelin.com\\\/shop\\\/sonomic-ultraschallbaeder\\\/zubehoer-sonomic-ultraschallbaeder\\\/sonomic-d-1001-g-klappdeckel\\\/#breadcrumb\",\"itemListElement\":[{\"@type\":\"ListItem\",\"position\":1,\"name\":\"Startseite\",\"item\":\"https:\\\/\\\/bandelin.com\\\/\"},{\"@type\":\"ListItem\",\"position\":2,\"name\":\"Shop\",\"item\":\"https:\\\/\\\/bandelin.com\\\/shop\\\/\"},{\"@type\":\"ListItem\",\"position\":3,\"name\":\"SONOMIC D 1001 G Klappdeckel\"}]},{\"@type\":\"WebSite\",\"@id\":\"https:\\\/\\\/bandelin.com\\\/#website\",\"url\":\"https:\\\/\\\/bandelin.com\\\/\",\"name\":\"BANDELIN electronic GmbH & Co. KG\",\"description\":\"Ultraschall seit 1955\",\"publisher\":{\"@id\":\"https:\\\/\\\/bandelin.com\\\/#organization\"},\"potentialAction\":[{\"@type\":\"SearchAction\",\"target\":{\"@type\":\"EntryPoint\",\"urlTemplate\":\"https:\\\/\\\/bandelin.com\\\/?s={search_term_string}\"},\"query-input\":{\"@type\":\"PropertyValueSpecification\",\"valueRequired\":true,\"valueName\":\"search_term_string\"}}],\"inLanguage\":\"nl-NL\"},{\"@type\":\"Organization\",\"@id\":\"https:\\\/\\\/bandelin.com\\\/#organization\",\"name\":\"BANDELIN electronic GmbH & Co. KG\",\"url\":\"https:\\\/\\\/bandelin.com\\\/\",\"logo\":{\"@type\":\"ImageObject\",\"inLanguage\":\"nl-NL\",\"@id\":\"https:\\\/\\\/bandelin.com\\\/#\\\/schema\\\/logo\\\/image\\\/\",\"url\":\"\",\"contentUrl\":\"\",\"caption\":\"BANDELIN electronic GmbH & Co. KG\"},\"image\":{\"@id\":\"https:\\\/\\\/bandelin.com\\\/#\\\/schema\\\/logo\\\/image\\\/\"},\"sameAs\":[\"https:\\\/\\\/de-de.facebook.com\\\/bandelin.electronic\\\/\",\"https:\\\/\\\/www.instagram.com\\\/bandelin_ultrasonic\\\/?hl=de\",\"https:\\\/\\\/www.linkedin.com\\\/company\\\/bandelin-electronic-gmbh-amp-co-kg\",\"https:\\\/\\\/www.youtube.com\\\/channel\\\/UC5wTNrNxkwMmX-WzysQqw3g\"]}]}<\/script>\n<!-- \/ Yoast SEO plugin. -->","yoast_head_json":{"title":"SONOMIC D 1001 G klapdeksel | BANDELIN electronic GmbH &amp; Co. KG","description":"Lees meer over SONOMIC D 1001 G scharnierdeksel | Hoogwaardige ultrasoonbaden voor geneeskunde en industrie van Bandelin Electronic sinds 1955.","robots":{"index":"index","follow":"follow","max-snippet":"max-snippet:-1","max-image-preview":"max-image-preview:large","max-video-preview":"max-video-preview:-1"},"canonical":"https:\/\/bandelin.com\/nl\/winkelen\/sonomische-ultrasoonbaden\/sonomic-accessoires-voor-ultrasoon-baden\/sonomic-d-1001-g-klapdeksel\/","og_locale":"nl_NL","og_type":"article","og_title":"SONOMIC D 1001 G Klappdeckel | BANDELIN electronic GmbH &amp; Co. KG","og_description":"Informationen Sie sich \u00fcber SONOMIC D 1001 G Klappdeckel | Hochwertige Ultraschallb\u00e4der f\u00fcr Medizin und Industrie von Bandelin Electronic seit 1955.","og_url":"https:\/\/bandelin.com\/nl\/winkelen\/sonomische-ultrasoonbaden\/sonomic-accessoires-voor-ultrasoon-baden\/sonomic-d-1001-g-klapdeksel\/","og_site_name":"BANDELIN electronic GmbH &amp; Co. KG","article_publisher":"https:\/\/de-de.facebook.com\/bandelin.electronic\/","article_modified_time":"2026-04-29T18:28:39+00:00","og_image":[{"width":2048,"height":2048,"url":"https:\/\/bandelin.com\/wp-content\/uploads\/Produktfoto_D_1001_G-scaled.jpg","type":"image\/jpeg"}],"twitter_card":"summary_large_image","schema":{"@context":"https:\/\/schema.org","@graph":[{"@type":"WebPage","@id":"https:\/\/bandelin.com\/shop\/sonomic-ultraschallbaeder\/zubehoer-sonomic-ultraschallbaeder\/sonomic-d-1001-g-klappdeckel\/","url":"https:\/\/bandelin.com\/shop\/sonomic-ultraschallbaeder\/zubehoer-sonomic-ultraschallbaeder\/sonomic-d-1001-g-klappdeckel\/","name":"SONOMIC D 1001 G klapdeksel | BANDELIN electronic GmbH &amp; Co. KG","isPartOf":{"@id":"https:\/\/bandelin.com\/#website"},"primaryImageOfPage":{"@id":"https:\/\/bandelin.com\/shop\/sonomic-ultraschallbaeder\/zubehoer-sonomic-ultraschallbaeder\/sonomic-d-1001-g-klappdeckel\/#primaryimage"},"image":{"@id":"https:\/\/bandelin.com\/shop\/sonomic-ultraschallbaeder\/zubehoer-sonomic-ultraschallbaeder\/sonomic-d-1001-g-klappdeckel\/#primaryimage"},"thumbnailUrl":"https:\/\/bandelin.com\/wp-content\/uploads\/Produktfoto_D_1001_G-scaled.jpg","datePublished":"2026-03-31T20:12:08+00:00","dateModified":"2026-04-29T18:28:39+00:00","description":"Lees meer over SONOMIC D 1001 G scharnierdeksel | Hoogwaardige ultrasoonbaden voor geneeskunde en industrie van Bandelin Electronic sinds 1955.","breadcrumb":{"@id":"https:\/\/bandelin.com\/shop\/sonomic-ultraschallbaeder\/zubehoer-sonomic-ultraschallbaeder\/sonomic-d-1001-g-klappdeckel\/#breadcrumb"},"inLanguage":"nl-NL","potentialAction":[{"@type":"ReadAction","target":["https:\/\/bandelin.com\/shop\/sonomic-ultraschallbaeder\/zubehoer-sonomic-ultraschallbaeder\/sonomic-d-1001-g-klappdeckel\/"]}]},{"@type":"ImageObject","inLanguage":"nl-NL","@id":"https:\/\/bandelin.com\/shop\/sonomic-ultraschallbaeder\/zubehoer-sonomic-ultraschallbaeder\/sonomic-d-1001-g-klappdeckel\/#primaryimage","url":"https:\/\/bandelin.com\/wp-content\/uploads\/Produktfoto_D_1001_G-scaled.jpg","contentUrl":"https:\/\/bandelin.com\/wp-content\/uploads\/Produktfoto_D_1001_G-scaled.jpg","width":2048,"height":2048,"caption":"SONOMIC D 1001 G Klappdeckel Bild"},{"@type":"BreadcrumbList","@id":"https:\/\/bandelin.com\/shop\/sonomic-ultraschallbaeder\/zubehoer-sonomic-ultraschallbaeder\/sonomic-d-1001-g-klappdeckel\/#breadcrumb","itemListElement":[{"@type":"ListItem","position":1,"name":"Startseite","item":"https:\/\/bandelin.com\/"},{"@type":"ListItem","position":2,"name":"Shop","item":"https:\/\/bandelin.com\/shop\/"},{"@type":"ListItem","position":3,"name":"SONOMIC D 1001 G Klappdeckel"}]},{"@type":"WebSite","@id":"https:\/\/bandelin.com\/#website","url":"https:\/\/bandelin.com\/","name":"BANDELIN electronic GmbH &amp; Co. KG","description":"Echografie sinds 1955","publisher":{"@id":"https:\/\/bandelin.com\/#organization"},"potentialAction":[{"@type":"SearchAction","target":{"@type":"EntryPoint","urlTemplate":"https:\/\/bandelin.com\/?s={search_term_string}"},"query-input":{"@type":"PropertyValueSpecification","valueRequired":true,"valueName":"search_term_string"}}],"inLanguage":"nl-NL"},{"@type":"Organization","@id":"https:\/\/bandelin.com\/#organization","name":"BANDELIN electronic GmbH &amp; Co. KG","url":"https:\/\/bandelin.com\/","logo":{"@type":"ImageObject","inLanguage":"nl-NL","@id":"https:\/\/bandelin.com\/#\/schema\/logo\/image\/","url":"","contentUrl":"","caption":"BANDELIN electronic GmbH & Co. KG"},"image":{"@id":"https:\/\/bandelin.com\/#\/schema\/logo\/image\/"},"sameAs":["https:\/\/de-de.facebook.com\/bandelin.electronic\/","https:\/\/www.instagram.com\/bandelin_ultrasonic\/?hl=de","https:\/\/www.linkedin.com\/company\/bandelin-electronic-gmbh-amp-co-kg","https:\/\/www.youtube.com\/channel\/UC5wTNrNxkwMmX-WzysQqw3g"]}]}},"_links":{"self":[{"href":"https:\/\/bandelin.com\/nl\/wp-json\/wp\/v2\/product\/666101","targetHints":{"allow":["GET"]}}],"collection":[{"href":"https:\/\/bandelin.com\/nl\/wp-json\/wp\/v2\/product"}],"about":[{"href":"https:\/\/bandelin.com\/nl\/wp-json\/wp\/v2\/types\/product"}],"version-history":[{"count":2,"href":"https:\/\/bandelin.com\/nl\/wp-json\/wp\/v2\/product\/666101\/revisions"}],"predecessor-version":[{"id":666103,"href":"https:\/\/bandelin.com\/nl\/wp-json\/wp\/v2\/product\/666101\/revisions\/666103"}],"wp:featuredmedia":[{"embeddable":true,"href":"https:\/\/bandelin.com\/nl\/wp-json\/wp\/v2\/media\/649680"}],"wp:attachment":[{"href":"https:\/\/bandelin.com\/nl\/wp-json\/wp\/v2\/media?parent=666101"}],"wp:term":[{"taxonomy":"product_brand","embeddable":true,"href":"https:\/\/bandelin.com\/nl\/wp-json\/wp\/v2\/product_brand?post=666101"},{"taxonomy":"product_cat","embeddable":true,"href":"https:\/\/bandelin.com\/nl\/wp-json\/wp\/v2\/product_cat?post=666101"},{"taxonomy":"product_tag","embeddable":true,"href":"https:\/\/bandelin.com\/nl\/wp-json\/wp\/v2\/product_tag?post=666101"}],"curies":[{"name":"wp","href":"https:\/\/api.w.org\/{rel}","templated":true}]}}