{"id":697266,"date":"2026-05-07T21:01:13","date_gmt":"2026-05-07T19:01:13","guid":{"rendered":"https:\/\/bandelin.com\/shop\/unkategorisiert\/tickopur-tr-14-flussmittelentferner-fuer-ultraschallreinigung-konzentrat\/"},"modified":"2026-05-07T23:06:35","modified_gmt":"2026-05-07T21:06:35","slug":"tickopur-tr-14-fluxverwijderaar-voor-ultrasoon-reinigingsconcentraat","status":"publish","type":"product","link":"https:\/\/bandelin.com\/nl\/shop\/reinigungs-und-desinfektionspraeparate\/tickopur-reinigungspraeparate\/tickopur-tr-14-flussmittelentferner-fuer-ultraschallreinigung-konzentrat\/","title":{"rendered":"TICKOPUR TR 14 Vloeistofverwijderaar voor ultrasoonreiniging, concentraat"},"content":{"rendered":"<p>Fluxverwijderaar<br \/>\n  Voor het verwijderen van harsfluxen, ongesoldeerde soldeerpasta's op geassembleerde en niet-geassembleerde PCB's\/hybriden, soldeerframes, elektronische componenten en assemblages. Bij correct gebruik is een snelle en zachte reiniging gegarandeerd.<\/p>\n<p>  TICKOPUR TR 14 verwijderd:<br \/>\n  Harsfluxen, soldeerpasta's, ionische en niet-ionische residuen, boor- en slijpresten, vingerafdrukken, vetten en oli\u00ebn<br \/>\n  van<br \/>\n  Onderdelen van metaal, glas, keramiek, plastic, rubber, geassembleerde en niet-geassembleerde printplaten, soldeerframes, elektronische componenten en assemblages, enz.<\/p>\n<p>  Harsfluxen worden bij voorkeur verwijderd door verzeping om wateroplosbare harszepen te vormen. Dit proces wordt sterk bevorderd door ultrasone toepassing. TICKOPUR RW 77 moet worden gebruikt voor het reinigen van printplaten in de servicezone.<\/p>\n<p>  Eigenschappen<br \/>\n  - Vloeistof<br \/>\n  - Concentreren<br \/>\n  - Voor ultrasone toepassing<br \/>\n  - pH 11,7 bij 1 %<br \/>\n  - Vrij van organische oplosmiddelen<br \/>\n  - Zonder oppervlakteactieve stoffen - niet-schuimend<br \/>\n  - Biologisch afbreekbaar<\/p>\n<p>  Toepassingsconcentratie voor gebruik met ultrageluid<br \/>\n  Dosering: 10 %<br \/>\n  Sonificatietijd: 30 - 180 seconden<br \/>\n  Temperatuur: 60 - 70 \u00b0C<\/p>\n<p>  Materiaalcompatibiliteit<br \/>\n  TICKOPUR TR 14 is geschikt voor alle materialen. Alkali- en watergevoelige onderdelen kunnen worden aangetast. Voorafgaande tests op de weerstand van deze onderdelen worden aanbevolen.<\/p>\n<p>  Gevarenwaarschuwingen<br \/>\n  H318 Veroorzaakt ernstig oogletsel.<br \/>\n  H315 Veroorzaakt huidirritatie.<\/p>\n<p>  Veiligheidsinstructies<br \/>\n  P280 Draag beschermende handschoenen\/beschermende kleding\/oogbescherming\/gelaatsbescherming.<br \/>\n  P305+P351+P338 BIJ CONTACT MET DE OGEN: voorzichtig afspoelen met water gedurende enkele minuten.<br \/>\n  Verwijder indien mogelijk bestaande contactlenzen. Ga door met spoelen.<\/p>","protected":false},"excerpt":{"rendered":"<p>Flussmittel-Entferner Zur Entfernung von Harzflussmitteln, ungel\u00f6teten Lotpasten auf best\u00fcckten und unbest\u00fcckten Platinen\/Hybriden, L\u00f6trahmen, elektronischen Bauteilen und Baugruppen. Bei sachgem\u00e4\u00dfer Anwendung wird eine schnelle und materialschonende Reinigung gew\u00e4hrleistet. TICKOPUR TR 14 entfernt: Harzflussmittel, Lotpasten, ionische und nichtionische R\u00fcckst\u00e4nde, Bohr- und Schleifr\u00fcckst\u00e4nde, Fingerprints, Fette und \u00d6le von Teilen aus Metall, Glas, Keramik, Kunststoff, Gummi, best\u00fcckten und unbest\u00fcckten [&hellip;]<\/p>\n","protected":false},"featured_media":650183,"template":"","meta":{"_acf_changed":false},"product_brand":[],"product_cat":[14264,14181],"product_tag":[14830,14829],"class_list":{"0":"post-697266","1":"product","2":"type-product","3":"status-publish","4":"has-post-thumbnail","6":"product_cat-tickopur-reinigungspraeparate","7":"product_cat-reinigungs-und-desinfektionspraeparate","8":"product_tag-tickopur-reinigungspraeparate","9":"product_tag-reinigungs-und-desinfektionspraeparate","10":"pa_bestellnummer-14088","11":"pa_bestellnummer-14052","12":"pa_bestellnummer-14045","13":"pa_bestellnummer-14043","14":"pa_bestellnummer-13067","15":"pa_gebindegroesse-l-5-liter-9-euro-liter","16":"pa_gebindegroesse-l-10-liter-7-euro-liter","17":"pa_gebindegroesse-l-2-liter-125-euro-liter","18":"pa_gebindegroesse-l-200-liter-37-euro-liter","19":"pa_gebindegroesse-l-1-liter-18-euro-liter","20":"pa_inhalt-l-14542","21":"pa_inhalt-l-14541","22":"pa_inhalt-l-14540","23":"pa_inhalt-l-13991","24":"pa_inhalt-l-12484","25":"pa_verpackung-breite-mm-12313","26":"pa_verpackung-breite-mm-130-2","27":"pa_verpackung-hoehe-mm-14018","28":"pa_verpackung-hoehe-mm-13038","29":"pa_verpackung-hoehe-mm-12354","30":"pa_verpackung-laenge-mm-o-600","31":"pa_verpackung-laenge-mm-12353","32":"pa_verpackung-laenge-mm-250-2","34":"first","35":"instock","36":"taxable","37":"shipping-taxable","38":"purchasable","39":"product-type-variable","40":"has-default-attributes"},"acf":[],"yoast_head":"<!-- This site is optimized with the Yoast SEO plugin v27.5 - https:\/\/yoast.com\/product\/yoast-seo-wordpress\/ -->\n<title>TICKOPUR TR 14 Flussmittelentferner f\u00fcr Ultraschallreinigung, Konzentrat | BANDELIN electronic GmbH &amp; Co. KG<\/title>\n<meta name=\"description\" content=\"Informationen Sie sich \u00fcber TICKOPUR TR 14 Flussmittelentferner f\u00fcr Ultraschallreinigung, Konzentrat | Hochwertige Ultraschallb\u00e4der f\u00fcr Medizin und Industrie von Bandelin Electronic seit 1955.\" \/>\n<meta name=\"robots\" content=\"index, follow, max-snippet:-1, max-image-preview:large, max-video-preview:-1\" \/>\n<link rel=\"canonical\" href=\"https:\/\/bandelin.com\/nl\/winkelen\/reinigings-en-ontsmettingsmiddelen\/tickopur-reinigingspreparaten\/tickopur-tr-14-fluxverwijderaar-voor-ultrasoon-reinigingsconcentraat\/\" \/>\n<meta property=\"og:locale\" content=\"nl_NL\" \/>\n<meta property=\"og:type\" content=\"article\" \/>\n<meta property=\"og:title\" content=\"TICKOPUR TR 14 Flussmittelentferner f\u00fcr Ultraschallreinigung, Konzentrat | BANDELIN electronic GmbH &amp; Co. KG\" \/>\n<meta property=\"og:description\" content=\"Informationen Sie sich \u00fcber TICKOPUR TR 14 Flussmittelentferner f\u00fcr Ultraschallreinigung, Konzentrat | Hochwertige Ultraschallb\u00e4der f\u00fcr Medizin und Industrie von Bandelin Electronic seit 1955.\" \/>\n<meta property=\"og:url\" content=\"https:\/\/bandelin.com\/nl\/winkelen\/reinigings-en-ontsmettingsmiddelen\/tickopur-reinigingspreparaten\/tickopur-tr-14-fluxverwijderaar-voor-ultrasoon-reinigingsconcentraat\/\" \/>\n<meta property=\"og:site_name\" content=\"BANDELIN electronic GmbH &amp; Co. KG\" \/>\n<meta property=\"article:publisher\" content=\"https:\/\/de-de.facebook.com\/bandelin.electronic\/\" \/>\n<meta property=\"article:modified_time\" content=\"2026-05-07T21:06:35+00:00\" \/>\n<meta property=\"og:image\" content=\"https:\/\/bandelin.com\/wp-content\/uploads\/Produktfoto_1L_TICKOPUR_TR_14-scaled.jpg\" \/>\n\t<meta property=\"og:image:width\" content=\"2048\" \/>\n\t<meta property=\"og:image:height\" content=\"2048\" \/>\n\t<meta property=\"og:image:type\" content=\"image\/jpeg\" \/>\n<meta name=\"twitter:card\" content=\"summary_large_image\" \/>\n<meta name=\"twitter:label1\" content=\"Geschatte leestijd\" \/>\n\t<meta name=\"twitter:data1\" content=\"1 minuut\" \/>\n<script type=\"application\/ld+json\" class=\"yoast-schema-graph\">{\"@context\":\"https:\\\/\\\/schema.org\",\"@graph\":[{\"@type\":\"WebPage\",\"@id\":\"https:\\\/\\\/bandelin.com\\\/shop\\\/reinigungs-und-desinfektionspraeparate\\\/tickopur-reinigungspraeparate\\\/tickopur-tr-14-flussmittelentferner-fuer-ultraschallreinigung-konzentrat\\\/\",\"url\":\"https:\\\/\\\/bandelin.com\\\/shop\\\/reinigungs-und-desinfektionspraeparate\\\/tickopur-reinigungspraeparate\\\/tickopur-tr-14-flussmittelentferner-fuer-ultraschallreinigung-konzentrat\\\/\",\"name\":\"TICKOPUR TR 14 Flussmittelentferner f\u00fcr Ultraschallreinigung, Konzentrat | BANDELIN electronic GmbH &amp; Co. KG\",\"isPartOf\":{\"@id\":\"https:\\\/\\\/bvted2iv.myrdbx.io\\\/#website\"},\"primaryImageOfPage\":{\"@id\":\"https:\\\/\\\/bandelin.com\\\/shop\\\/reinigungs-und-desinfektionspraeparate\\\/tickopur-reinigungspraeparate\\\/tickopur-tr-14-flussmittelentferner-fuer-ultraschallreinigung-konzentrat\\\/#primaryimage\"},\"image\":{\"@id\":\"https:\\\/\\\/bandelin.com\\\/shop\\\/reinigungs-und-desinfektionspraeparate\\\/tickopur-reinigungspraeparate\\\/tickopur-tr-14-flussmittelentferner-fuer-ultraschallreinigung-konzentrat\\\/#primaryimage\"},\"thumbnailUrl\":\"https:\\\/\\\/bandelin.com\\\/wp-content\\\/uploads\\\/Produktfoto_1L_TICKOPUR_TR_14-scaled.jpg\",\"datePublished\":\"2026-05-07T19:01:13+00:00\",\"dateModified\":\"2026-05-07T21:06:35+00:00\",\"description\":\"Informationen Sie sich \u00fcber TICKOPUR TR 14 Flussmittelentferner f\u00fcr Ultraschallreinigung, Konzentrat | Hochwertige Ultraschallb\u00e4der f\u00fcr Medizin und Industrie von Bandelin Electronic seit 1955.\",\"breadcrumb\":{\"@id\":\"https:\\\/\\\/bandelin.com\\\/shop\\\/reinigungs-und-desinfektionspraeparate\\\/tickopur-reinigungspraeparate\\\/tickopur-tr-14-flussmittelentferner-fuer-ultraschallreinigung-konzentrat\\\/#breadcrumb\"},\"inLanguage\":\"nl-NL\",\"potentialAction\":[{\"@type\":\"ReadAction\",\"target\":[\"https:\\\/\\\/bandelin.com\\\/shop\\\/reinigungs-und-desinfektionspraeparate\\\/tickopur-reinigungspraeparate\\\/tickopur-tr-14-flussmittelentferner-fuer-ultraschallreinigung-konzentrat\\\/\"]}]},{\"@type\":\"ImageObject\",\"inLanguage\":\"nl-NL\",\"@id\":\"https:\\\/\\\/bandelin.com\\\/shop\\\/reinigungs-und-desinfektionspraeparate\\\/tickopur-reinigungspraeparate\\\/tickopur-tr-14-flussmittelentferner-fuer-ultraschallreinigung-konzentrat\\\/#primaryimage\",\"url\":\"https:\\\/\\\/bandelin.com\\\/wp-content\\\/uploads\\\/Produktfoto_1L_TICKOPUR_TR_14-scaled.jpg\",\"contentUrl\":\"https:\\\/\\\/bandelin.com\\\/wp-content\\\/uploads\\\/Produktfoto_1L_TICKOPUR_TR_14-scaled.jpg\",\"width\":2048,\"height\":2048,\"caption\":\"TICKOPUR TR 14 Flussmittelentferner f\u00fcr Ultraschallreinigung\"},{\"@type\":\"BreadcrumbList\",\"@id\":\"https:\\\/\\\/bandelin.com\\\/shop\\\/reinigungs-und-desinfektionspraeparate\\\/tickopur-reinigungspraeparate\\\/tickopur-tr-14-flussmittelentferner-fuer-ultraschallreinigung-konzentrat\\\/#breadcrumb\",\"itemListElement\":[{\"@type\":\"ListItem\",\"position\":1,\"name\":\"Startseite\",\"item\":\"https:\\\/\\\/bandelin.com\\\/\"},{\"@type\":\"ListItem\",\"position\":2,\"name\":\"Shop\",\"item\":\"https:\\\/\\\/bandelin.com\\\/shop\\\/\"},{\"@type\":\"ListItem\",\"position\":3,\"name\":\"TICKOPUR TR 14 Flussmittelentferner f\u00fcr Ultraschallreinigung, Konzentrat\"}]},{\"@type\":\"WebSite\",\"@id\":\"https:\\\/\\\/bvted2iv.myrdbx.io\\\/#website\",\"url\":\"https:\\\/\\\/bvted2iv.myrdbx.io\\\/\",\"name\":\"BANDELIN electronic GmbH & Co. KG\",\"description\":\"Ultraschall seit 1955\",\"publisher\":{\"@id\":\"https:\\\/\\\/bvted2iv.myrdbx.io\\\/#organization\"},\"potentialAction\":[{\"@type\":\"SearchAction\",\"target\":{\"@type\":\"EntryPoint\",\"urlTemplate\":\"https:\\\/\\\/bvted2iv.myrdbx.io\\\/?s={search_term_string}\"},\"query-input\":{\"@type\":\"PropertyValueSpecification\",\"valueRequired\":true,\"valueName\":\"search_term_string\"}}],\"inLanguage\":\"nl-NL\"},{\"@type\":\"Organization\",\"@id\":\"https:\\\/\\\/bvted2iv.myrdbx.io\\\/#organization\",\"name\":\"BANDELIN electronic GmbH & Co. KG\",\"url\":\"https:\\\/\\\/bvted2iv.myrdbx.io\\\/\",\"logo\":{\"@type\":\"ImageObject\",\"inLanguage\":\"nl-NL\",\"@id\":\"https:\\\/\\\/bvted2iv.myrdbx.io\\\/#\\\/schema\\\/logo\\\/image\\\/\",\"url\":\"\",\"contentUrl\":\"\",\"caption\":\"BANDELIN electronic GmbH & Co. KG\"},\"image\":{\"@id\":\"https:\\\/\\\/bvted2iv.myrdbx.io\\\/#\\\/schema\\\/logo\\\/image\\\/\"},\"sameAs\":[\"https:\\\/\\\/de-de.facebook.com\\\/bandelin.electronic\\\/\",\"https:\\\/\\\/www.instagram.com\\\/bandelin_ultrasonic\\\/?hl=de\",\"https:\\\/\\\/www.linkedin.com\\\/company\\\/bandelin-electronic-gmbh-amp-co-kg\",\"https:\\\/\\\/www.youtube.com\\\/channel\\\/UC5wTNrNxkwMmX-WzysQqw3g\"]}]}<\/script>\n<!-- \/ Yoast SEO plugin. -->","yoast_head_json":{"title":"TICKOPUR TR 14 Vloeistofverwijderaar voor ultrasoonreiniging, concentraat | BANDELIN electronic GmbH &amp; Co. KG","description":"Meer informatie over TICKOPUR TR 14 Fluxverwijderaar voor ultrasoonreiniging, concentraat | Hoogwaardige ultrasoonbaden voor geneeskunde en industrie van Bandelin Electronic sinds 1955.","robots":{"index":"index","follow":"follow","max-snippet":"max-snippet:-1","max-image-preview":"max-image-preview:large","max-video-preview":"max-video-preview:-1"},"canonical":"https:\/\/bandelin.com\/nl\/winkelen\/reinigings-en-ontsmettingsmiddelen\/tickopur-reinigingspreparaten\/tickopur-tr-14-fluxverwijderaar-voor-ultrasoon-reinigingsconcentraat\/","og_locale":"nl_NL","og_type":"article","og_title":"TICKOPUR TR 14 Flussmittelentferner f\u00fcr Ultraschallreinigung, Konzentrat | BANDELIN electronic GmbH &amp; Co. KG","og_description":"Informationen Sie sich \u00fcber TICKOPUR TR 14 Flussmittelentferner f\u00fcr Ultraschallreinigung, Konzentrat | Hochwertige Ultraschallb\u00e4der f\u00fcr Medizin und Industrie von Bandelin Electronic seit 1955.","og_url":"https:\/\/bandelin.com\/nl\/winkelen\/reinigings-en-ontsmettingsmiddelen\/tickopur-reinigingspreparaten\/tickopur-tr-14-fluxverwijderaar-voor-ultrasoon-reinigingsconcentraat\/","og_site_name":"BANDELIN electronic GmbH &amp; Co. KG","article_publisher":"https:\/\/de-de.facebook.com\/bandelin.electronic\/","article_modified_time":"2026-05-07T21:06:35+00:00","og_image":[{"width":2048,"height":2048,"url":"https:\/\/bandelin.com\/wp-content\/uploads\/Produktfoto_1L_TICKOPUR_TR_14-scaled.jpg","type":"image\/jpeg"}],"twitter_card":"summary_large_image","twitter_misc":{"Geschatte leestijd":"1 minuut"},"schema":{"@context":"https:\/\/schema.org","@graph":[{"@type":"WebPage","@id":"https:\/\/bandelin.com\/shop\/reinigungs-und-desinfektionspraeparate\/tickopur-reinigungspraeparate\/tickopur-tr-14-flussmittelentferner-fuer-ultraschallreinigung-konzentrat\/","url":"https:\/\/bandelin.com\/shop\/reinigungs-und-desinfektionspraeparate\/tickopur-reinigungspraeparate\/tickopur-tr-14-flussmittelentferner-fuer-ultraschallreinigung-konzentrat\/","name":"TICKOPUR TR 14 Vloeistofverwijderaar voor ultrasoonreiniging, concentraat | BANDELIN electronic GmbH &amp; Co. KG","isPartOf":{"@id":"https:\/\/bvted2iv.myrdbx.io\/#website"},"primaryImageOfPage":{"@id":"https:\/\/bandelin.com\/shop\/reinigungs-und-desinfektionspraeparate\/tickopur-reinigungspraeparate\/tickopur-tr-14-flussmittelentferner-fuer-ultraschallreinigung-konzentrat\/#primaryimage"},"image":{"@id":"https:\/\/bandelin.com\/shop\/reinigungs-und-desinfektionspraeparate\/tickopur-reinigungspraeparate\/tickopur-tr-14-flussmittelentferner-fuer-ultraschallreinigung-konzentrat\/#primaryimage"},"thumbnailUrl":"https:\/\/bandelin.com\/wp-content\/uploads\/Produktfoto_1L_TICKOPUR_TR_14-scaled.jpg","datePublished":"2026-05-07T19:01:13+00:00","dateModified":"2026-05-07T21:06:35+00:00","description":"Meer informatie over TICKOPUR TR 14 Fluxverwijderaar voor ultrasoonreiniging, concentraat | Hoogwaardige ultrasoonbaden voor geneeskunde en industrie van Bandelin Electronic sinds 1955.","breadcrumb":{"@id":"https:\/\/bandelin.com\/shop\/reinigungs-und-desinfektionspraeparate\/tickopur-reinigungspraeparate\/tickopur-tr-14-flussmittelentferner-fuer-ultraschallreinigung-konzentrat\/#breadcrumb"},"inLanguage":"nl-NL","potentialAction":[{"@type":"ReadAction","target":["https:\/\/bandelin.com\/shop\/reinigungs-und-desinfektionspraeparate\/tickopur-reinigungspraeparate\/tickopur-tr-14-flussmittelentferner-fuer-ultraschallreinigung-konzentrat\/"]}]},{"@type":"ImageObject","inLanguage":"nl-NL","@id":"https:\/\/bandelin.com\/shop\/reinigungs-und-desinfektionspraeparate\/tickopur-reinigungspraeparate\/tickopur-tr-14-flussmittelentferner-fuer-ultraschallreinigung-konzentrat\/#primaryimage","url":"https:\/\/bandelin.com\/wp-content\/uploads\/Produktfoto_1L_TICKOPUR_TR_14-scaled.jpg","contentUrl":"https:\/\/bandelin.com\/wp-content\/uploads\/Produktfoto_1L_TICKOPUR_TR_14-scaled.jpg","width":2048,"height":2048,"caption":"TICKOPUR TR 14 Flussmittelentferner f\u00fcr Ultraschallreinigung"},{"@type":"BreadcrumbList","@id":"https:\/\/bandelin.com\/shop\/reinigungs-und-desinfektionspraeparate\/tickopur-reinigungspraeparate\/tickopur-tr-14-flussmittelentferner-fuer-ultraschallreinigung-konzentrat\/#breadcrumb","itemListElement":[{"@type":"ListItem","position":1,"name":"Startseite","item":"https:\/\/bandelin.com\/"},{"@type":"ListItem","position":2,"name":"Shop","item":"https:\/\/bandelin.com\/shop\/"},{"@type":"ListItem","position":3,"name":"TICKOPUR TR 14 Flussmittelentferner f\u00fcr Ultraschallreinigung, Konzentrat"}]},{"@type":"WebSite","@id":"https:\/\/bvted2iv.myrdbx.io\/#website","url":"https:\/\/bvted2iv.myrdbx.io\/","name":"BANDELIN electronic GmbH &amp; Co. KG","description":"Echografie sinds 1955","publisher":{"@id":"https:\/\/bvted2iv.myrdbx.io\/#organization"},"potentialAction":[{"@type":"SearchAction","target":{"@type":"EntryPoint","urlTemplate":"https:\/\/bvted2iv.myrdbx.io\/?s={search_term_string}"},"query-input":{"@type":"PropertyValueSpecification","valueRequired":true,"valueName":"search_term_string"}}],"inLanguage":"nl-NL"},{"@type":"Organization","@id":"https:\/\/bvted2iv.myrdbx.io\/#organization","name":"BANDELIN electronic GmbH &amp; Co. KG","url":"https:\/\/bvted2iv.myrdbx.io\/","logo":{"@type":"ImageObject","inLanguage":"nl-NL","@id":"https:\/\/bvted2iv.myrdbx.io\/#\/schema\/logo\/image\/","url":"","contentUrl":"","caption":"BANDELIN electronic GmbH & Co. KG"},"image":{"@id":"https:\/\/bvted2iv.myrdbx.io\/#\/schema\/logo\/image\/"},"sameAs":["https:\/\/de-de.facebook.com\/bandelin.electronic\/","https:\/\/www.instagram.com\/bandelin_ultrasonic\/?hl=de","https:\/\/www.linkedin.com\/company\/bandelin-electronic-gmbh-amp-co-kg","https:\/\/www.youtube.com\/channel\/UC5wTNrNxkwMmX-WzysQqw3g"]}]}},"_links":{"self":[{"href":"https:\/\/bandelin.com\/nl\/wp-json\/wp\/v2\/product\/697266","targetHints":{"allow":["GET"]}}],"collection":[{"href":"https:\/\/bandelin.com\/nl\/wp-json\/wp\/v2\/product"}],"about":[{"href":"https:\/\/bandelin.com\/nl\/wp-json\/wp\/v2\/types\/product"}],"version-history":[{"count":1,"href":"https:\/\/bandelin.com\/nl\/wp-json\/wp\/v2\/product\/697266\/revisions"}],"predecessor-version":[{"id":697267,"href":"https:\/\/bandelin.com\/nl\/wp-json\/wp\/v2\/product\/697266\/revisions\/697267"}],"wp:featuredmedia":[{"embeddable":true,"href":"https:\/\/bandelin.com\/nl\/wp-json\/wp\/v2\/media\/650183"}],"wp:attachment":[{"href":"https:\/\/bandelin.com\/nl\/wp-json\/wp\/v2\/media?parent=697266"}],"wp:term":[{"taxonomy":"product_brand","embeddable":true,"href":"https:\/\/bandelin.com\/nl\/wp-json\/wp\/v2\/product_brand?post=697266"},{"taxonomy":"product_cat","embeddable":true,"href":"https:\/\/bandelin.com\/nl\/wp-json\/wp\/v2\/product_cat?post=697266"},{"taxonomy":"product_tag","embeddable":true,"href":"https:\/\/bandelin.com\/nl\/wp-json\/wp\/v2\/product_tag?post=697266"}],"curies":[{"name":"wp","href":"https:\/\/api.w.org\/{rel}","templated":true}]}}