{"id":697341,"date":"2026-05-07T21:04:10","date_gmt":"2026-05-07T19:04:10","guid":{"rendered":"https:\/\/bandelin.com\/shop\/unkategorisiert\/stammopur-z-zement-entferner-und-prothesen-reiniger-konzentrat\/"},"modified":"2026-05-13T20:29:03","modified_gmt":"2026-05-13T18:29:03","slug":"stammopur-z-cementverwijderaar-en-reinigingsconcentraat-voor-kunstgebitten","status":"publish","type":"product","link":"https:\/\/bandelin.com\/nl\/shop\/reinigungs-und-desinfektionspraeparate\/stammopur-reinigungs-und-desinfektionspraeparate\/stammopur-z-zement-entferner-und-prothesen-reiniger-konzentrat\/","title":{"rendered":"STAMMOPUR Z Cementverwijderaar en gebitsreinigingsmiddel, concentraat"},"content":{"rendered":"<p>STAMMOPUR Z<br \/>\n  Cementverwijderaar en gebitsreiniger<\/p>\n<p>  Concentraat voor het verwijderen van cement en het reinigen van gebitsprotheses in de tandheelkundige sector voor gebruik in ultrasoonbaden op instrumenten, accessoires en onderdelen van medische apparatuur, en op nieuwe en versleten gebitsprotheses en orthesen.<\/p>\n<p>  Het preparaat wordt gebruikt bij het opwerken van instrumenten en het reinigen van gebitsprotheses in tandartspraktijken, tandheelkundige klinieken, kaakchirurgie, orthodontie en tandheelkundige laboratoria.<\/p>\n<p>  In \u00e9\u00e9n oogopslag<br \/>\n  - Concentreren<br \/>\n  - Verwijdert cement, tandsteen, tandplak, tijdelijke vullingen, oxiden en vloeimiddelresten<br \/>\n  - Alleen gebruiken in de inzetbak<br \/>\n  - Vrij van azijnzuur en zoutzuur<br \/>\n  - Biologisch afbreekbaar<\/p>\n<p>  Materiaalcompatibiliteit en verontreiniging<br \/>\n  STAMMOPUR Z heeft een hoge materiaalcompatibiliteit.<br \/>\n  Vanwege de formulering in het sterk zure bereik is het echter niet geschikt voor zuurgevoelige materialen zoals lichte metalen en beschadigde verchroming.<\/p>\n<p>  Verwijderd<br \/>\n  - Cement,<br \/>\n  - Tandsteen,<br \/>\n  - Bekledingen,<br \/>\n  - tijdelijke vullingen,<br \/>\n  - Oxiden<br \/>\n  en fluxresiduen<\/p>\n<p>  van de volgende materialen<br \/>\n  - Roestvrij staal,<br \/>\n  - Edelmetaal,<br \/>\n  - Titanium,<br \/>\n  - Glas,<br \/>\n  - Porselein,<br \/>\n  - Keramiek<br \/>\n  en plastic.<\/p>\n<p>  Toepassing<br \/>\n  De uitsluitend professionele gebruikers zijn opgeleid gespecialiseerd personeel.<\/p>\n<p>  STAMMOPUR Z heeft een zeer hoog reinigingseffect dat echter alleen effectief wordt in combinatie met de ultrasone werking in het ultrasoonbad.<\/p>\n<p>  De toepassing wordt uitsluitend uitgevoerd in een ultrasoon bad volgens de indirecte methode in inzetvaten, zoals plastic hangbuizen of bekers.<\/p>\n<p>  Dosering en blootstellingstijd<br \/>\n  Dosering:<br \/>\n  in ultrasoon bad: 5%<br \/>\n  zonder echografie: -<\/p>\n<p>  Belichtingstijd:<br \/>\n  in het ultrasoonbad: 3-10 min<br \/>\n  zonder echografie: -<\/p>\n<p>  Temperatuur: koud bereiden en niet extra verwarmen<\/p>\n<p>  Samenstelling per 100g:<br \/>\n  &gt; 10 % Fosforzuur,<br \/>\n  1-&lt; 10 % niet-ionogene oppervlakteactieve stoffen,\n  1-&lt; 10 % kationogene oppervlakteactieve stoffen\n  \n  pH-bereik product: sterk zuur\n  \n  Verdund gebruiken met water van minstens drinkwaterkwaliteit.\n  \n  Additieven toevoegen aan de reinigingsoplossing is niet toegestaan.\n  \n  \n  Speciale instructies\n  Zuurbestendige cementen, zoals glasionomeercement, worden niet verwijderd.\n  \n  Behandel optieken, lichtgeleiders en gelijmde onderdelen niet met ultrageluid.\n  \n  Behandel boren en andere kleine roterende instrumenten niet met STAMMOPUR Z.\n  \n  Gevarenaanduidingen\n  H314 Veroorzaakt ernstige brandwonden en oogletsel.\n  \n  Veiligheidsinstructies\n  P280 Beschermende handschoenen\/beschermende kleding\/oogbescherming\/gelaatsbescherming dragen.\n  P305+P351+P338 BIJ CONTACT MET DE OGEN: voorzichtig afspoelen met water gedurende enkele minuten.\n  Contactlenzen verwijderen indien mogelijk. Blijf spoelen.\n<\/p>","protected":false},"excerpt":{"rendered":"<p>STAMMOPUR Z Zement-Entferner und Prothesen-Reiniger Konzentrat zur Zement-Entfernung und Prothesen-Reinigung im dentalmedizinischen Bereich zur Anwendung im Ultraschallbad f\u00fcr den Einsatz an Instrumenten, Zubeh\u00f6r und Komponenten von Medizinprodukten, sowie an neuen und getragenen Zahnprothesen und Orthesen. Der Einsatz des Pr\u00e4parates erfolgt im Prozess der Instrumentenaufbereitung und Zahnprothesen-Reinigung in der Zahnarztpraxis, Zahnklinik, Kieferchirurgie, Kieferorthop\u00e4die und im Dentallabor. [&hellip;]<\/p>\n","protected":false},"featured_media":650242,"template":"","meta":{"_acf_changed":false},"product_brand":[],"product_cat":[14263,14181],"product_tag":[14831,14829],"class_list":{"0":"post-697341","1":"product","2":"type-product","3":"status-publish","4":"has-post-thumbnail","6":"product_cat-stammopur-reinigungs-und-desinfektionspraeparate","7":"product_cat-reinigungs-und-desinfektionspraeparate","8":"product_tag-stammopur-reinigungs-und-desinfektionspraeparate","9":"product_tag-reinigungs-und-desinfektionspraeparate","10":"pa_bestellnummer-14003","11":"pa_bestellnummer-13977","12":"pa_bestellnummer-13975","13":"pa_bestellnummer-13039","14":"pa_gebindegroesse-l-1-liter-56-euro-liter","15":"pa_gebindegroesse-l-10-liter-443-euro-liter","16":"pa_gebindegroesse-l-5-liter-466-euro-liter","17":"pa_gebindegroesse-l-2-liter-505-euro-liter","18":"pa_inhalt-l-14541","19":"pa_inhalt-l-14540","20":"pa_inhalt-l-13991","21":"pa_inhalt-l-12484","22":"pa_verpackung-breite-mm-12313","23":"pa_verpackung-breite-mm-130-2","24":"pa_verpackung-hoehe-mm-13038","25":"pa_verpackung-hoehe-mm-12354","26":"pa_verpackung-laenge-mm-12353","27":"pa_verpackung-laenge-mm-250-2","29":"first","30":"instock","31":"taxable","32":"shipping-taxable","33":"purchasable","34":"product-type-variable","35":"has-default-attributes"},"acf":[],"yoast_head":"<!-- This site is optimized with the Yoast SEO plugin v27.6 - https:\/\/yoast.com\/product\/yoast-seo-wordpress\/ -->\n<title>STAMMOPUR Z Zement-Entferner und Prothesen-Reiniger, Konzentrat | BANDELIN electronic GmbH &amp; Co. KG<\/title>\n<meta name=\"description\" content=\"Informationen Sie sich \u00fcber STAMMOPUR Z Zement-Entferner und Prothesen-Reiniger, Konzentrat | Hochwertige Ultraschallb\u00e4der f\u00fcr Medizin und Industrie von Bandelin Electronic seit 1955.\" \/>\n<meta name=\"robots\" content=\"index, follow, max-snippet:-1, max-image-preview:large, max-video-preview:-1\" \/>\n<link rel=\"canonical\" href=\"https:\/\/bandelin.com\/nl\/winkelen\/reinigings-en-ontsmettingsmiddelen\/stammopur-reinigings-en-ontsmettingsmiddelen\/stammopur-z-cementverwijderaar-en-reinigingsconcentraat-voor-kunstgebitten\/\" \/>\n<meta property=\"og:locale\" content=\"nl_NL\" \/>\n<meta property=\"og:type\" content=\"article\" \/>\n<meta property=\"og:title\" content=\"STAMMOPUR Z Zement-Entferner und Prothesen-Reiniger, Konzentrat | BANDELIN electronic GmbH &amp; Co. KG\" \/>\n<meta property=\"og:description\" content=\"Informationen Sie sich \u00fcber STAMMOPUR Z Zement-Entferner und Prothesen-Reiniger, Konzentrat | Hochwertige Ultraschallb\u00e4der f\u00fcr Medizin und Industrie von Bandelin Electronic seit 1955.\" \/>\n<meta property=\"og:url\" content=\"https:\/\/bandelin.com\/nl\/winkelen\/reinigings-en-ontsmettingsmiddelen\/stammopur-reinigings-en-ontsmettingsmiddelen\/stammopur-z-cementverwijderaar-en-reinigingsconcentraat-voor-kunstgebitten\/\" \/>\n<meta property=\"og:site_name\" content=\"BANDELIN electronic GmbH &amp; Co. KG\" \/>\n<meta property=\"article:publisher\" content=\"https:\/\/de-de.facebook.com\/bandelin.electronic\/\" \/>\n<meta property=\"article:modified_time\" content=\"2026-05-13T18:29:03+00:00\" \/>\n<meta property=\"og:image\" content=\"https:\/\/bandelin.com\/wp-content\/uploads\/Produktfoto_1L_STAMMOPUR_Z-scaled.jpg\" \/>\n\t<meta property=\"og:image:width\" content=\"2048\" \/>\n\t<meta property=\"og:image:height\" content=\"2048\" \/>\n\t<meta property=\"og:image:type\" content=\"image\/jpeg\" \/>\n<meta name=\"twitter:card\" content=\"summary_large_image\" \/>\n<meta name=\"twitter:label1\" content=\"Geschatte leestijd\" \/>\n\t<meta name=\"twitter:data1\" content=\"2 minuten\" \/>\n<script type=\"application\/ld+json\" class=\"yoast-schema-graph\">{\"@context\":\"https:\\\/\\\/schema.org\",\"@graph\":[{\"@type\":\"WebPage\",\"@id\":\"https:\\\/\\\/bandelin.com\\\/shop\\\/reinigungs-und-desinfektionspraeparate\\\/stammopur-reinigungs-und-desinfektionspraeparate\\\/stammopur-z-zement-entferner-und-prothesen-reiniger-konzentrat\\\/\",\"url\":\"https:\\\/\\\/bandelin.com\\\/shop\\\/reinigungs-und-desinfektionspraeparate\\\/stammopur-reinigungs-und-desinfektionspraeparate\\\/stammopur-z-zement-entferner-und-prothesen-reiniger-konzentrat\\\/\",\"name\":\"STAMMOPUR Z Zement-Entferner und Prothesen-Reiniger, Konzentrat | BANDELIN electronic GmbH &amp; Co. KG\",\"isPartOf\":{\"@id\":\"https:\\\/\\\/bvted2iv.myrdbx.io\\\/#website\"},\"primaryImageOfPage\":{\"@id\":\"https:\\\/\\\/bandelin.com\\\/shop\\\/reinigungs-und-desinfektionspraeparate\\\/stammopur-reinigungs-und-desinfektionspraeparate\\\/stammopur-z-zement-entferner-und-prothesen-reiniger-konzentrat\\\/#primaryimage\"},\"image\":{\"@id\":\"https:\\\/\\\/bandelin.com\\\/shop\\\/reinigungs-und-desinfektionspraeparate\\\/stammopur-reinigungs-und-desinfektionspraeparate\\\/stammopur-z-zement-entferner-und-prothesen-reiniger-konzentrat\\\/#primaryimage\"},\"thumbnailUrl\":\"https:\\\/\\\/bandelin.com\\\/wp-content\\\/uploads\\\/Produktfoto_1L_STAMMOPUR_Z-scaled.jpg\",\"datePublished\":\"2026-05-07T19:04:10+00:00\",\"dateModified\":\"2026-05-13T18:29:03+00:00\",\"description\":\"Informationen Sie sich \u00fcber STAMMOPUR Z Zement-Entferner und Prothesen-Reiniger, Konzentrat | Hochwertige Ultraschallb\u00e4der f\u00fcr Medizin und Industrie von Bandelin Electronic seit 1955.\",\"breadcrumb\":{\"@id\":\"https:\\\/\\\/bandelin.com\\\/shop\\\/reinigungs-und-desinfektionspraeparate\\\/stammopur-reinigungs-und-desinfektionspraeparate\\\/stammopur-z-zement-entferner-und-prothesen-reiniger-konzentrat\\\/#breadcrumb\"},\"inLanguage\":\"nl-NL\",\"potentialAction\":[{\"@type\":\"ReadAction\",\"target\":[\"https:\\\/\\\/bandelin.com\\\/shop\\\/reinigungs-und-desinfektionspraeparate\\\/stammopur-reinigungs-und-desinfektionspraeparate\\\/stammopur-z-zement-entferner-und-prothesen-reiniger-konzentrat\\\/\"]}]},{\"@type\":\"ImageObject\",\"inLanguage\":\"nl-NL\",\"@id\":\"https:\\\/\\\/bandelin.com\\\/shop\\\/reinigungs-und-desinfektionspraeparate\\\/stammopur-reinigungs-und-desinfektionspraeparate\\\/stammopur-z-zement-entferner-und-prothesen-reiniger-konzentrat\\\/#primaryimage\",\"url\":\"https:\\\/\\\/bandelin.com\\\/wp-content\\\/uploads\\\/Produktfoto_1L_STAMMOPUR_Z-scaled.jpg\",\"contentUrl\":\"https:\\\/\\\/bandelin.com\\\/wp-content\\\/uploads\\\/Produktfoto_1L_STAMMOPUR_Z-scaled.jpg\",\"width\":2048,\"height\":2048,\"caption\":\"STAMMOPUR Z Zement-Entferner und Prothesen-Reiniger\"},{\"@type\":\"BreadcrumbList\",\"@id\":\"https:\\\/\\\/bandelin.com\\\/shop\\\/reinigungs-und-desinfektionspraeparate\\\/stammopur-reinigungs-und-desinfektionspraeparate\\\/stammopur-z-zement-entferner-und-prothesen-reiniger-konzentrat\\\/#breadcrumb\",\"itemListElement\":[{\"@type\":\"ListItem\",\"position\":1,\"name\":\"Startseite\",\"item\":\"https:\\\/\\\/bandelin.com\\\/\"},{\"@type\":\"ListItem\",\"position\":2,\"name\":\"Shop\",\"item\":\"https:\\\/\\\/bandelin.com\\\/shop\\\/\"},{\"@type\":\"ListItem\",\"position\":3,\"name\":\"STAMMOPUR Z Zement-Entferner und Prothesen-Reiniger, Konzentrat\"}]},{\"@type\":\"WebSite\",\"@id\":\"https:\\\/\\\/bvted2iv.myrdbx.io\\\/#website\",\"url\":\"https:\\\/\\\/bvted2iv.myrdbx.io\\\/\",\"name\":\"BANDELIN electronic GmbH & Co. KG\",\"description\":\"Ultraschall seit 1955\",\"publisher\":{\"@id\":\"https:\\\/\\\/bvted2iv.myrdbx.io\\\/#organization\"},\"potentialAction\":[{\"@type\":\"SearchAction\",\"target\":{\"@type\":\"EntryPoint\",\"urlTemplate\":\"https:\\\/\\\/bvted2iv.myrdbx.io\\\/?s={search_term_string}\"},\"query-input\":{\"@type\":\"PropertyValueSpecification\",\"valueRequired\":true,\"valueName\":\"search_term_string\"}}],\"inLanguage\":\"nl-NL\"},{\"@type\":\"Organization\",\"@id\":\"https:\\\/\\\/bvted2iv.myrdbx.io\\\/#organization\",\"name\":\"BANDELIN electronic GmbH & Co. KG\",\"url\":\"https:\\\/\\\/bvted2iv.myrdbx.io\\\/\",\"logo\":{\"@type\":\"ImageObject\",\"inLanguage\":\"nl-NL\",\"@id\":\"https:\\\/\\\/bvted2iv.myrdbx.io\\\/#\\\/schema\\\/logo\\\/image\\\/\",\"url\":\"\",\"contentUrl\":\"\",\"caption\":\"BANDELIN electronic GmbH & Co. KG\"},\"image\":{\"@id\":\"https:\\\/\\\/bvted2iv.myrdbx.io\\\/#\\\/schema\\\/logo\\\/image\\\/\"},\"sameAs\":[\"https:\\\/\\\/de-de.facebook.com\\\/bandelin.electronic\\\/\",\"https:\\\/\\\/www.instagram.com\\\/bandelin_ultrasonic\\\/?hl=de\",\"https:\\\/\\\/www.linkedin.com\\\/company\\\/bandelin-electronic-gmbh-amp-co-kg\",\"https:\\\/\\\/www.youtube.com\\\/channel\\\/UC5wTNrNxkwMmX-WzysQqw3g\"]}]}<\/script>\n<!-- \/ Yoast SEO plugin. -->","yoast_head_json":{"title":"STAMMOPUR Z Cementverwijderaar en gebitsreinigingsmiddel, concentraat | BANDELIN electronic GmbH &amp; Co. KG","description":"Ontdek meer over STAMMOPUR Z Cementverwijderaar en gebitsreinigingsmiddel, concentraat | Ultrasoonbaden van hoge kwaliteit voor geneeskunde en industrie van Bandelin Electronic sinds 1955.","robots":{"index":"index","follow":"follow","max-snippet":"max-snippet:-1","max-image-preview":"max-image-preview:large","max-video-preview":"max-video-preview:-1"},"canonical":"https:\/\/bandelin.com\/nl\/winkelen\/reinigings-en-ontsmettingsmiddelen\/stammopur-reinigings-en-ontsmettingsmiddelen\/stammopur-z-cementverwijderaar-en-reinigingsconcentraat-voor-kunstgebitten\/","og_locale":"nl_NL","og_type":"article","og_title":"STAMMOPUR Z Zement-Entferner und Prothesen-Reiniger, Konzentrat | BANDELIN electronic GmbH &amp; Co. KG","og_description":"Informationen Sie sich \u00fcber STAMMOPUR Z Zement-Entferner und Prothesen-Reiniger, Konzentrat | Hochwertige Ultraschallb\u00e4der f\u00fcr Medizin und Industrie von Bandelin Electronic seit 1955.","og_url":"https:\/\/bandelin.com\/nl\/winkelen\/reinigings-en-ontsmettingsmiddelen\/stammopur-reinigings-en-ontsmettingsmiddelen\/stammopur-z-cementverwijderaar-en-reinigingsconcentraat-voor-kunstgebitten\/","og_site_name":"BANDELIN electronic GmbH &amp; Co. KG","article_publisher":"https:\/\/de-de.facebook.com\/bandelin.electronic\/","article_modified_time":"2026-05-13T18:29:03+00:00","og_image":[{"width":2048,"height":2048,"url":"https:\/\/bandelin.com\/wp-content\/uploads\/Produktfoto_1L_STAMMOPUR_Z-scaled.jpg","type":"image\/jpeg"}],"twitter_card":"summary_large_image","twitter_misc":{"Geschatte leestijd":"2 minuten"},"schema":{"@context":"https:\/\/schema.org","@graph":[{"@type":"WebPage","@id":"https:\/\/bandelin.com\/shop\/reinigungs-und-desinfektionspraeparate\/stammopur-reinigungs-und-desinfektionspraeparate\/stammopur-z-zement-entferner-und-prothesen-reiniger-konzentrat\/","url":"https:\/\/bandelin.com\/shop\/reinigungs-und-desinfektionspraeparate\/stammopur-reinigungs-und-desinfektionspraeparate\/stammopur-z-zement-entferner-und-prothesen-reiniger-konzentrat\/","name":"STAMMOPUR Z Cementverwijderaar en gebitsreinigingsmiddel, concentraat | BANDELIN electronic GmbH &amp; Co. KG","isPartOf":{"@id":"https:\/\/bvted2iv.myrdbx.io\/#website"},"primaryImageOfPage":{"@id":"https:\/\/bandelin.com\/shop\/reinigungs-und-desinfektionspraeparate\/stammopur-reinigungs-und-desinfektionspraeparate\/stammopur-z-zement-entferner-und-prothesen-reiniger-konzentrat\/#primaryimage"},"image":{"@id":"https:\/\/bandelin.com\/shop\/reinigungs-und-desinfektionspraeparate\/stammopur-reinigungs-und-desinfektionspraeparate\/stammopur-z-zement-entferner-und-prothesen-reiniger-konzentrat\/#primaryimage"},"thumbnailUrl":"https:\/\/bandelin.com\/wp-content\/uploads\/Produktfoto_1L_STAMMOPUR_Z-scaled.jpg","datePublished":"2026-05-07T19:04:10+00:00","dateModified":"2026-05-13T18:29:03+00:00","description":"Ontdek meer over STAMMOPUR Z Cementverwijderaar en gebitsreinigingsmiddel, concentraat | Ultrasoonbaden van hoge kwaliteit voor geneeskunde en industrie van Bandelin Electronic sinds 1955.","breadcrumb":{"@id":"https:\/\/bandelin.com\/shop\/reinigungs-und-desinfektionspraeparate\/stammopur-reinigungs-und-desinfektionspraeparate\/stammopur-z-zement-entferner-und-prothesen-reiniger-konzentrat\/#breadcrumb"},"inLanguage":"nl-NL","potentialAction":[{"@type":"ReadAction","target":["https:\/\/bandelin.com\/shop\/reinigungs-und-desinfektionspraeparate\/stammopur-reinigungs-und-desinfektionspraeparate\/stammopur-z-zement-entferner-und-prothesen-reiniger-konzentrat\/"]}]},{"@type":"ImageObject","inLanguage":"nl-NL","@id":"https:\/\/bandelin.com\/shop\/reinigungs-und-desinfektionspraeparate\/stammopur-reinigungs-und-desinfektionspraeparate\/stammopur-z-zement-entferner-und-prothesen-reiniger-konzentrat\/#primaryimage","url":"https:\/\/bandelin.com\/wp-content\/uploads\/Produktfoto_1L_STAMMOPUR_Z-scaled.jpg","contentUrl":"https:\/\/bandelin.com\/wp-content\/uploads\/Produktfoto_1L_STAMMOPUR_Z-scaled.jpg","width":2048,"height":2048,"caption":"STAMMOPUR Z Zement-Entferner und Prothesen-Reiniger"},{"@type":"BreadcrumbList","@id":"https:\/\/bandelin.com\/shop\/reinigungs-und-desinfektionspraeparate\/stammopur-reinigungs-und-desinfektionspraeparate\/stammopur-z-zement-entferner-und-prothesen-reiniger-konzentrat\/#breadcrumb","itemListElement":[{"@type":"ListItem","position":1,"name":"Startseite","item":"https:\/\/bandelin.com\/"},{"@type":"ListItem","position":2,"name":"Shop","item":"https:\/\/bandelin.com\/shop\/"},{"@type":"ListItem","position":3,"name":"STAMMOPUR Z Zement-Entferner und Prothesen-Reiniger, Konzentrat"}]},{"@type":"WebSite","@id":"https:\/\/bvted2iv.myrdbx.io\/#website","url":"https:\/\/bvted2iv.myrdbx.io\/","name":"BANDELIN electronic GmbH &amp; Co. KG","description":"Echografie sinds 1955","publisher":{"@id":"https:\/\/bvted2iv.myrdbx.io\/#organization"},"potentialAction":[{"@type":"SearchAction","target":{"@type":"EntryPoint","urlTemplate":"https:\/\/bvted2iv.myrdbx.io\/?s={search_term_string}"},"query-input":{"@type":"PropertyValueSpecification","valueRequired":true,"valueName":"search_term_string"}}],"inLanguage":"nl-NL"},{"@type":"Organization","@id":"https:\/\/bvted2iv.myrdbx.io\/#organization","name":"BANDELIN electronic GmbH &amp; Co. KG","url":"https:\/\/bvted2iv.myrdbx.io\/","logo":{"@type":"ImageObject","inLanguage":"nl-NL","@id":"https:\/\/bvted2iv.myrdbx.io\/#\/schema\/logo\/image\/","url":"","contentUrl":"","caption":"BANDELIN electronic GmbH & Co. KG"},"image":{"@id":"https:\/\/bvted2iv.myrdbx.io\/#\/schema\/logo\/image\/"},"sameAs":["https:\/\/de-de.facebook.com\/bandelin.electronic\/","https:\/\/www.instagram.com\/bandelin_ultrasonic\/?hl=de","https:\/\/www.linkedin.com\/company\/bandelin-electronic-gmbh-amp-co-kg","https:\/\/www.youtube.com\/channel\/UC5wTNrNxkwMmX-WzysQqw3g"]}]}},"_links":{"self":[{"href":"https:\/\/bandelin.com\/nl\/wp-json\/wp\/v2\/product\/697341","targetHints":{"allow":["GET"]}}],"collection":[{"href":"https:\/\/bandelin.com\/nl\/wp-json\/wp\/v2\/product"}],"about":[{"href":"https:\/\/bandelin.com\/nl\/wp-json\/wp\/v2\/types\/product"}],"version-history":[{"count":1,"href":"https:\/\/bandelin.com\/nl\/wp-json\/wp\/v2\/product\/697341\/revisions"}],"predecessor-version":[{"id":697342,"href":"https:\/\/bandelin.com\/nl\/wp-json\/wp\/v2\/product\/697341\/revisions\/697342"}],"wp:featuredmedia":[{"embeddable":true,"href":"https:\/\/bandelin.com\/nl\/wp-json\/wp\/v2\/media\/650242"}],"wp:attachment":[{"href":"https:\/\/bandelin.com\/nl\/wp-json\/wp\/v2\/media?parent=697341"}],"wp:term":[{"taxonomy":"product_brand","embeddable":true,"href":"https:\/\/bandelin.com\/nl\/wp-json\/wp\/v2\/product_brand?post=697341"},{"taxonomy":"product_cat","embeddable":true,"href":"https:\/\/bandelin.com\/nl\/wp-json\/wp\/v2\/product_cat?post=697341"},{"taxonomy":"product_tag","embeddable":true,"href":"https:\/\/bandelin.com\/nl\/wp-json\/wp\/v2\/product_tag?post=697341"}],"curies":[{"name":"wp","href":"https:\/\/api.w.org\/{rel}","templated":true}]}}