{"id":697350,"date":"2026-05-07T21:04:20","date_gmt":"2026-05-07T19:04:20","guid":{"rendered":"https:\/\/bandelin.com\/shop\/unkategorisiert\/stammopur-db-bohrer-desinfektion-und-intensiv-reinigung-gebrauchsfertig\/"},"modified":"2026-05-13T20:29:03","modified_gmt":"2026-05-13T18:29:03","slug":"stammopur-db-boor-desinfectie-en-intensieve-reiniging-klaar-voor-gebruik","status":"publish","type":"product","link":"https:\/\/bandelin.com\/nl\/shop\/reinigungs-und-desinfektionspraeparate\/stammopur-reinigungs-und-desinfektionspraeparate\/stammopur-db-bohrer-desinfektion-und-intensiv-reinigung-gebrauchsfertig\/","title":{"rendered":"STAMMOPUR DB Boor desinfectie en intensieve reiniging, klaar voor gebruik"},"content":{"rendered":"<p>STAMMOPUR DB<br \/>\n  Boor desinfecteren en intensief reinigen<\/p>\n<p>  Gebruiksklare oplossing voor handmatige desinfectie van boren en intensieve reiniging in een ultrasoon bad voor tandheelkundige, roterende en niet-roterende kleine en precisie-instrumenten en kleine endodontische instrumenten, bijv. boren, frezen, diamantslijpmachines en wortelkanaalinstrumenten. Kan ook worden gebruikt voor desinfectie zonder ultrasoon geluid in de freesmachine (dompelbadmethode).<\/p>\n<p>  Het preparaat wordt gebruikt bij het prepareren van instrumenten in tandartspraktijken en tandheelkundige klinieken. <\/p>\n<p>  Kan worden gebruikt voor einddesinfectie.<\/p>\n<p>  In \u00e9\u00e9n oogopslag<br \/>\n  - Klaar voor gebruik<br \/>\n  - VAH vermeld<br \/>\n  - Zeer hoge materiaalcompatibiliteit<br \/>\n  - Corrosiebescherming tijdens het aanbrengen<br \/>\n  - Biologisch afbreekbaar<br \/>\n  - Hoog reinigingseffect in het indirecte ultrasoonbad<\/p>\n<p>  Materiaalcompatibiliteit en verontreiniging<br \/>\n  STAMMOPUR DB heeft een zeer hoge materiaalcompatibiliteit. <\/p>\n<p>  Niet voor alkali- en alcoholgevoelige materialen, bijv. lichte metalen zoals aluminium en geanodiseerde onderdelen, alsook kunstharsgebonden instrumenten, aangebrachte kleurcodering en keramische schuurmiddelen.<\/p>\n<p>  Voor deze materialen raden we STAMMOPUR DR 8 aan.<\/p>\n<p>  Reinigt en desinfecteert de volgende materialen handmatig en intensief<br \/>\n  - Staal,<br \/>\n  - Hardmetaal, ook met diamant bekleed,<br \/>\n  - Titanium,<br \/>\n  - Glas,<br \/>\n  - Porselein,<br \/>\n  - Keramiek,<br \/>\n  en plastic.<\/p>\n<p>  De corrosiebescherming in STAMMOPUR DB is effectief tijdens de aanbevolen toepassing voor corrosiegevoelige boren en wordt verwijderd door naspoelen.<\/p>\n<p>  Toepassing<br \/>\n  De uitsluitend professionele gebruikers zijn opgeleid gespecialiseerd personeel.<\/p>\n<p>  Het product wordt onverdund aangebracht in een ultrasoon bad (indirect) of in een freesmachine (dompelbadmethode).<\/p>\n<p>  Als contactvloeistof wordt TICKOMED 1 (1%ig) aanbevolen.<\/p>\n<p>  Dosering en blootstellingstijd<br \/>\n  Aanbrengen van de gebruiksklare oplossing in het ultrasoonbad in het inzetvat:<\/p>\n<p>  Bacteriedodend, schimmeldodend, tuberculocide, mycobacteriedodend,<br \/>\n  virucidaal in elk geval onder hoge belasting: 5 min<\/p>\n<p>  Toepassing van de gebruiksklare oplossing zonder ultrageluid:<\/p>\n<p>  Bacteriedodend, schimmeldodend, tuberculocide, mycobacteriedodend,<br \/>\n  virucidaal in elk geval onder hoge belasting: 5 min<\/p>\n<p>  Temperatuur: koud bereiden en niet extra verwarmen (max. 35 \u00b0C)<\/p>\n<p>  Samenstelling per 100g:<br \/>\n  30,0 g 2-propanol,<br \/>\n  0,1 g didecyldimethylammoniumchloride,<br \/>\n  Natriumhydroxide,<br \/>\n  Remmers,<br \/>\n  anorganische zouten<\/p>\n<p>  pH-bereik van het product: sterk alkalisch<\/p>\n<p>  Het wordt onverdund aangebracht.<\/p>\n<p>  Het toevoegen van additieven aan de reinigingsoplossing is niet toegestaan.<\/p>\n<p>  Speciale opmerkingen<br \/>\n  Behandel gelijmde onderdelen niet met ultrageluid.<\/p>\n<p>  Gevarenwaarschuwingen<br \/>\n  H226 Ontvlambare vloeistof en damp.<br \/>\n  H315 Veroorzaakt huidirritatie.<br \/>\n  H319 Veroorzaakt ernstige oogirritatie.<br \/>\n  H336 Kan slaperigheid of duizeligheid veroorzaken.<\/p>\n<p>  Veiligheidsinstructies<br \/>\n  P210 Verwijderd houden van warmte, hete oppervlakken, vonken, open vuur en andere ontstekingsbronnen.<br \/>\n  Verwijderd houden. Niet roken.<br \/>\n  P280 Draag beschermende handschoenen\/beschermende kleding\/oogbescherming\/gelaatsbescherming.<br \/>\n  P305+P351+P338 BIJ CONTACT MET DE OGEN: voorzichtig afspoelen met water gedurende enkele minuten.<\/p>","protected":false},"excerpt":{"rendered":"<p>STAMMOPUR DB Bohrer-Desinfektion und Intensiv-Reinigung Gebrauchsfertige L\u00f6sung zur manuellen Bohrer-Desinfektion und Intensiv-Reinigung im Ultraschallbad f\u00fcr zahn\u00e4rztliche, rotierende und nicht-rotierende Klein- und Pr\u00e4zisionsinstrumente sowie endodontologische Kleininstrumente, z. B. Bohrer, Fr\u00e4ser, Diamantschleifer und Wurzelkanalinstrumente. Auch zur Desinfektion ohne Ultraschall im Fr\u00e4sator (Tauchbadverfahren) einsetzbar. Der Einsatz des Pr\u00e4parates erfolgt im Prozess der Instrumentenaufbereitung in der Zahnarztpraxis und der [&hellip;]<\/p>\n","protected":false},"featured_media":650245,"template":"","meta":{"_acf_changed":false},"product_brand":[],"product_cat":[14263,14181],"product_tag":[14831,14829],"class_list":{"0":"post-697350","1":"product","2":"type-product","3":"status-publish","4":"has-post-thumbnail","6":"product_cat-stammopur-reinigungs-und-desinfektionspraeparate","7":"product_cat-reinigungs-und-desinfektionspraeparate","8":"product_tag-stammopur-reinigungs-und-desinfektionspraeparate","9":"product_tag-reinigungs-und-desinfektionspraeparate","10":"pa_bestellnummer-13984","11":"pa_bestellnummer-13999","12":"pa_bestellnummer-13985","13":"pa_bestellnummer-13036","14":"pa_gebindegroesse-l-10-liter-106-euro-liter","15":"pa_gebindegroesse-l-5-liter-128-euro-liter","16":"pa_gebindegroesse-l-1-liter-24-euro-liter","17":"pa_gebindegroesse-l-2-liter-17-euro-liter","18":"pa_inhalt-l-14541","19":"pa_inhalt-l-14540","20":"pa_inhalt-l-13991","21":"pa_inhalt-l-12484","22":"pa_verpackung-breite-mm-12313","23":"pa_verpackung-breite-mm-130-2","24":"pa_verpackung-hoehe-mm-13038","25":"pa_verpackung-hoehe-mm-12354","26":"pa_verpackung-laenge-mm-12353","27":"pa_verpackung-laenge-mm-250-2","29":"first","30":"instock","31":"taxable","32":"shipping-taxable","33":"purchasable","34":"product-type-variable","35":"has-default-attributes"},"acf":[],"yoast_head":"<!-- This site is optimized with the Yoast SEO plugin v27.6 - https:\/\/yoast.com\/product\/yoast-seo-wordpress\/ -->\n<title>STAMMOPUR DB Bohrer-Desinfektion und Intensiv-Reinigung, gebrauchsfertig | BANDELIN electronic GmbH &amp; Co. KG<\/title>\n<meta name=\"description\" content=\"Informationen Sie sich \u00fcber STAMMOPUR DB Bohrer-Desinfektion und Intensiv-Reinigung, gebrauchsfertig | Hochwertige Ultraschallb\u00e4der f\u00fcr Medizin und Industrie von Bandelin Electronic seit 1955.\" \/>\n<meta name=\"robots\" content=\"index, follow, max-snippet:-1, max-image-preview:large, max-video-preview:-1\" \/>\n<link rel=\"canonical\" href=\"https:\/\/bandelin.com\/nl\/winkelen\/reinigings-en-ontsmettingsmiddelen\/stammopur-reinigings-en-ontsmettingsmiddelen\/stammopur-db-boor-desinfectie-en-intensieve-reiniging-klaar-voor-gebruik\/\" \/>\n<meta property=\"og:locale\" content=\"nl_NL\" \/>\n<meta property=\"og:type\" content=\"article\" \/>\n<meta property=\"og:title\" content=\"STAMMOPUR DB Bohrer-Desinfektion und Intensiv-Reinigung, gebrauchsfertig | BANDELIN electronic GmbH &amp; Co. KG\" \/>\n<meta property=\"og:description\" content=\"Informationen Sie sich \u00fcber STAMMOPUR DB Bohrer-Desinfektion und Intensiv-Reinigung, gebrauchsfertig | Hochwertige Ultraschallb\u00e4der f\u00fcr Medizin und Industrie von Bandelin Electronic seit 1955.\" \/>\n<meta property=\"og:url\" content=\"https:\/\/bandelin.com\/nl\/winkelen\/reinigings-en-ontsmettingsmiddelen\/stammopur-reinigings-en-ontsmettingsmiddelen\/stammopur-db-boor-desinfectie-en-intensieve-reiniging-klaar-voor-gebruik\/\" \/>\n<meta property=\"og:site_name\" content=\"BANDELIN electronic GmbH &amp; Co. KG\" \/>\n<meta property=\"article:publisher\" content=\"https:\/\/de-de.facebook.com\/bandelin.electronic\/\" \/>\n<meta property=\"article:modified_time\" content=\"2026-05-13T18:29:03+00:00\" \/>\n<meta property=\"og:image\" content=\"https:\/\/bandelin.com\/wp-content\/uploads\/Produktfoto_1L_STAMMOPUR_DB-scaled.jpg\" \/>\n\t<meta property=\"og:image:width\" content=\"2048\" \/>\n\t<meta property=\"og:image:height\" content=\"2048\" \/>\n\t<meta property=\"og:image:type\" content=\"image\/jpeg\" \/>\n<meta name=\"twitter:card\" content=\"summary_large_image\" \/>\n<meta name=\"twitter:label1\" content=\"Geschatte leestijd\" \/>\n\t<meta name=\"twitter:data1\" content=\"2 minuten\" \/>\n<script type=\"application\/ld+json\" class=\"yoast-schema-graph\">{\"@context\":\"https:\\\/\\\/schema.org\",\"@graph\":[{\"@type\":\"WebPage\",\"@id\":\"https:\\\/\\\/bandelin.com\\\/shop\\\/reinigungs-und-desinfektionspraeparate\\\/stammopur-reinigungs-und-desinfektionspraeparate\\\/stammopur-db-bohrer-desinfektion-und-intensiv-reinigung-gebrauchsfertig\\\/\",\"url\":\"https:\\\/\\\/bandelin.com\\\/shop\\\/reinigungs-und-desinfektionspraeparate\\\/stammopur-reinigungs-und-desinfektionspraeparate\\\/stammopur-db-bohrer-desinfektion-und-intensiv-reinigung-gebrauchsfertig\\\/\",\"name\":\"STAMMOPUR DB Bohrer-Desinfektion und Intensiv-Reinigung, gebrauchsfertig | BANDELIN electronic GmbH &amp; Co. KG\",\"isPartOf\":{\"@id\":\"https:\\\/\\\/bvted2iv.myrdbx.io\\\/#website\"},\"primaryImageOfPage\":{\"@id\":\"https:\\\/\\\/bandelin.com\\\/shop\\\/reinigungs-und-desinfektionspraeparate\\\/stammopur-reinigungs-und-desinfektionspraeparate\\\/stammopur-db-bohrer-desinfektion-und-intensiv-reinigung-gebrauchsfertig\\\/#primaryimage\"},\"image\":{\"@id\":\"https:\\\/\\\/bandelin.com\\\/shop\\\/reinigungs-und-desinfektionspraeparate\\\/stammopur-reinigungs-und-desinfektionspraeparate\\\/stammopur-db-bohrer-desinfektion-und-intensiv-reinigung-gebrauchsfertig\\\/#primaryimage\"},\"thumbnailUrl\":\"https:\\\/\\\/bandelin.com\\\/wp-content\\\/uploads\\\/Produktfoto_1L_STAMMOPUR_DB-scaled.jpg\",\"datePublished\":\"2026-05-07T19:04:20+00:00\",\"dateModified\":\"2026-05-13T18:29:03+00:00\",\"description\":\"Informationen Sie sich \u00fcber STAMMOPUR DB Bohrer-Desinfektion und Intensiv-Reinigung, gebrauchsfertig | Hochwertige Ultraschallb\u00e4der f\u00fcr Medizin und Industrie von Bandelin Electronic seit 1955.\",\"breadcrumb\":{\"@id\":\"https:\\\/\\\/bandelin.com\\\/shop\\\/reinigungs-und-desinfektionspraeparate\\\/stammopur-reinigungs-und-desinfektionspraeparate\\\/stammopur-db-bohrer-desinfektion-und-intensiv-reinigung-gebrauchsfertig\\\/#breadcrumb\"},\"inLanguage\":\"nl-NL\",\"potentialAction\":[{\"@type\":\"ReadAction\",\"target\":[\"https:\\\/\\\/bandelin.com\\\/shop\\\/reinigungs-und-desinfektionspraeparate\\\/stammopur-reinigungs-und-desinfektionspraeparate\\\/stammopur-db-bohrer-desinfektion-und-intensiv-reinigung-gebrauchsfertig\\\/\"]}]},{\"@type\":\"ImageObject\",\"inLanguage\":\"nl-NL\",\"@id\":\"https:\\\/\\\/bandelin.com\\\/shop\\\/reinigungs-und-desinfektionspraeparate\\\/stammopur-reinigungs-und-desinfektionspraeparate\\\/stammopur-db-bohrer-desinfektion-und-intensiv-reinigung-gebrauchsfertig\\\/#primaryimage\",\"url\":\"https:\\\/\\\/bandelin.com\\\/wp-content\\\/uploads\\\/Produktfoto_1L_STAMMOPUR_DB-scaled.jpg\",\"contentUrl\":\"https:\\\/\\\/bandelin.com\\\/wp-content\\\/uploads\\\/Produktfoto_1L_STAMMOPUR_DB-scaled.jpg\",\"width\":2048,\"height\":2048,\"caption\":\"STAMMOPUR DB Bohrer-Desinfektion und Intensiv-Reinigung\"},{\"@type\":\"BreadcrumbList\",\"@id\":\"https:\\\/\\\/bandelin.com\\\/shop\\\/reinigungs-und-desinfektionspraeparate\\\/stammopur-reinigungs-und-desinfektionspraeparate\\\/stammopur-db-bohrer-desinfektion-und-intensiv-reinigung-gebrauchsfertig\\\/#breadcrumb\",\"itemListElement\":[{\"@type\":\"ListItem\",\"position\":1,\"name\":\"Startseite\",\"item\":\"https:\\\/\\\/bandelin.com\\\/\"},{\"@type\":\"ListItem\",\"position\":2,\"name\":\"Shop\",\"item\":\"https:\\\/\\\/bandelin.com\\\/shop\\\/\"},{\"@type\":\"ListItem\",\"position\":3,\"name\":\"STAMMOPUR DB Bohrer-Desinfektion und Intensiv-Reinigung, gebrauchsfertig\"}]},{\"@type\":\"WebSite\",\"@id\":\"https:\\\/\\\/bvted2iv.myrdbx.io\\\/#website\",\"url\":\"https:\\\/\\\/bvted2iv.myrdbx.io\\\/\",\"name\":\"BANDELIN electronic GmbH & Co. KG\",\"description\":\"Ultraschall seit 1955\",\"publisher\":{\"@id\":\"https:\\\/\\\/bvted2iv.myrdbx.io\\\/#organization\"},\"potentialAction\":[{\"@type\":\"SearchAction\",\"target\":{\"@type\":\"EntryPoint\",\"urlTemplate\":\"https:\\\/\\\/bvted2iv.myrdbx.io\\\/?s={search_term_string}\"},\"query-input\":{\"@type\":\"PropertyValueSpecification\",\"valueRequired\":true,\"valueName\":\"search_term_string\"}}],\"inLanguage\":\"nl-NL\"},{\"@type\":\"Organization\",\"@id\":\"https:\\\/\\\/bvted2iv.myrdbx.io\\\/#organization\",\"name\":\"BANDELIN electronic GmbH & Co. KG\",\"url\":\"https:\\\/\\\/bvted2iv.myrdbx.io\\\/\",\"logo\":{\"@type\":\"ImageObject\",\"inLanguage\":\"nl-NL\",\"@id\":\"https:\\\/\\\/bvted2iv.myrdbx.io\\\/#\\\/schema\\\/logo\\\/image\\\/\",\"url\":\"\",\"contentUrl\":\"\",\"caption\":\"BANDELIN electronic GmbH & Co. KG\"},\"image\":{\"@id\":\"https:\\\/\\\/bvted2iv.myrdbx.io\\\/#\\\/schema\\\/logo\\\/image\\\/\"},\"sameAs\":[\"https:\\\/\\\/de-de.facebook.com\\\/bandelin.electronic\\\/\",\"https:\\\/\\\/www.instagram.com\\\/bandelin_ultrasonic\\\/?hl=de\",\"https:\\\/\\\/www.linkedin.com\\\/company\\\/bandelin-electronic-gmbh-amp-co-kg\",\"https:\\\/\\\/www.youtube.com\\\/channel\\\/UC5wTNrNxkwMmX-WzysQqw3g\"]}]}<\/script>\n<!-- \/ Yoast SEO plugin. -->","yoast_head_json":{"title":"STAMMOPUR DB Boor desinfectie en intensieve reiniging, gebruiksklaar | BANDELIN electronic GmbH &amp; Co. KG","description":"Ontdek meer over STAMMOPUR DB Boor desinfectie en intensieve reiniging, klaar voor gebruik | Hoogwaardige ultrasoonbaden voor geneeskunde en industrie van Bandelin Electronic sinds 1955.","robots":{"index":"index","follow":"follow","max-snippet":"max-snippet:-1","max-image-preview":"max-image-preview:large","max-video-preview":"max-video-preview:-1"},"canonical":"https:\/\/bandelin.com\/nl\/winkelen\/reinigings-en-ontsmettingsmiddelen\/stammopur-reinigings-en-ontsmettingsmiddelen\/stammopur-db-boor-desinfectie-en-intensieve-reiniging-klaar-voor-gebruik\/","og_locale":"nl_NL","og_type":"article","og_title":"STAMMOPUR DB Bohrer-Desinfektion und Intensiv-Reinigung, gebrauchsfertig | BANDELIN electronic GmbH &amp; Co. KG","og_description":"Informationen Sie sich \u00fcber STAMMOPUR DB Bohrer-Desinfektion und Intensiv-Reinigung, gebrauchsfertig | Hochwertige Ultraschallb\u00e4der f\u00fcr Medizin und Industrie von Bandelin Electronic seit 1955.","og_url":"https:\/\/bandelin.com\/nl\/winkelen\/reinigings-en-ontsmettingsmiddelen\/stammopur-reinigings-en-ontsmettingsmiddelen\/stammopur-db-boor-desinfectie-en-intensieve-reiniging-klaar-voor-gebruik\/","og_site_name":"BANDELIN electronic GmbH &amp; Co. KG","article_publisher":"https:\/\/de-de.facebook.com\/bandelin.electronic\/","article_modified_time":"2026-05-13T18:29:03+00:00","og_image":[{"width":2048,"height":2048,"url":"https:\/\/bandelin.com\/wp-content\/uploads\/Produktfoto_1L_STAMMOPUR_DB-scaled.jpg","type":"image\/jpeg"}],"twitter_card":"summary_large_image","twitter_misc":{"Geschatte leestijd":"2 minuten"},"schema":{"@context":"https:\/\/schema.org","@graph":[{"@type":"WebPage","@id":"https:\/\/bandelin.com\/shop\/reinigungs-und-desinfektionspraeparate\/stammopur-reinigungs-und-desinfektionspraeparate\/stammopur-db-bohrer-desinfektion-und-intensiv-reinigung-gebrauchsfertig\/","url":"https:\/\/bandelin.com\/shop\/reinigungs-und-desinfektionspraeparate\/stammopur-reinigungs-und-desinfektionspraeparate\/stammopur-db-bohrer-desinfektion-und-intensiv-reinigung-gebrauchsfertig\/","name":"STAMMOPUR DB Boor desinfectie en intensieve reiniging, gebruiksklaar | BANDELIN electronic GmbH &amp; Co. KG","isPartOf":{"@id":"https:\/\/bvted2iv.myrdbx.io\/#website"},"primaryImageOfPage":{"@id":"https:\/\/bandelin.com\/shop\/reinigungs-und-desinfektionspraeparate\/stammopur-reinigungs-und-desinfektionspraeparate\/stammopur-db-bohrer-desinfektion-und-intensiv-reinigung-gebrauchsfertig\/#primaryimage"},"image":{"@id":"https:\/\/bandelin.com\/shop\/reinigungs-und-desinfektionspraeparate\/stammopur-reinigungs-und-desinfektionspraeparate\/stammopur-db-bohrer-desinfektion-und-intensiv-reinigung-gebrauchsfertig\/#primaryimage"},"thumbnailUrl":"https:\/\/bandelin.com\/wp-content\/uploads\/Produktfoto_1L_STAMMOPUR_DB-scaled.jpg","datePublished":"2026-05-07T19:04:20+00:00","dateModified":"2026-05-13T18:29:03+00:00","description":"Ontdek meer over STAMMOPUR DB Boor desinfectie en intensieve reiniging, klaar voor gebruik | Hoogwaardige ultrasoonbaden voor geneeskunde en industrie van Bandelin Electronic sinds 1955.","breadcrumb":{"@id":"https:\/\/bandelin.com\/shop\/reinigungs-und-desinfektionspraeparate\/stammopur-reinigungs-und-desinfektionspraeparate\/stammopur-db-bohrer-desinfektion-und-intensiv-reinigung-gebrauchsfertig\/#breadcrumb"},"inLanguage":"nl-NL","potentialAction":[{"@type":"ReadAction","target":["https:\/\/bandelin.com\/shop\/reinigungs-und-desinfektionspraeparate\/stammopur-reinigungs-und-desinfektionspraeparate\/stammopur-db-bohrer-desinfektion-und-intensiv-reinigung-gebrauchsfertig\/"]}]},{"@type":"ImageObject","inLanguage":"nl-NL","@id":"https:\/\/bandelin.com\/shop\/reinigungs-und-desinfektionspraeparate\/stammopur-reinigungs-und-desinfektionspraeparate\/stammopur-db-bohrer-desinfektion-und-intensiv-reinigung-gebrauchsfertig\/#primaryimage","url":"https:\/\/bandelin.com\/wp-content\/uploads\/Produktfoto_1L_STAMMOPUR_DB-scaled.jpg","contentUrl":"https:\/\/bandelin.com\/wp-content\/uploads\/Produktfoto_1L_STAMMOPUR_DB-scaled.jpg","width":2048,"height":2048,"caption":"STAMMOPUR DB Bohrer-Desinfektion und Intensiv-Reinigung"},{"@type":"BreadcrumbList","@id":"https:\/\/bandelin.com\/shop\/reinigungs-und-desinfektionspraeparate\/stammopur-reinigungs-und-desinfektionspraeparate\/stammopur-db-bohrer-desinfektion-und-intensiv-reinigung-gebrauchsfertig\/#breadcrumb","itemListElement":[{"@type":"ListItem","position":1,"name":"Startseite","item":"https:\/\/bandelin.com\/"},{"@type":"ListItem","position":2,"name":"Shop","item":"https:\/\/bandelin.com\/shop\/"},{"@type":"ListItem","position":3,"name":"STAMMOPUR DB Bohrer-Desinfektion und Intensiv-Reinigung, gebrauchsfertig"}]},{"@type":"WebSite","@id":"https:\/\/bvted2iv.myrdbx.io\/#website","url":"https:\/\/bvted2iv.myrdbx.io\/","name":"BANDELIN electronic GmbH &amp; Co. KG","description":"Echografie sinds 1955","publisher":{"@id":"https:\/\/bvted2iv.myrdbx.io\/#organization"},"potentialAction":[{"@type":"SearchAction","target":{"@type":"EntryPoint","urlTemplate":"https:\/\/bvted2iv.myrdbx.io\/?s={search_term_string}"},"query-input":{"@type":"PropertyValueSpecification","valueRequired":true,"valueName":"search_term_string"}}],"inLanguage":"nl-NL"},{"@type":"Organization","@id":"https:\/\/bvted2iv.myrdbx.io\/#organization","name":"BANDELIN electronic GmbH &amp; Co. KG","url":"https:\/\/bvted2iv.myrdbx.io\/","logo":{"@type":"ImageObject","inLanguage":"nl-NL","@id":"https:\/\/bvted2iv.myrdbx.io\/#\/schema\/logo\/image\/","url":"","contentUrl":"","caption":"BANDELIN electronic GmbH & Co. KG"},"image":{"@id":"https:\/\/bvted2iv.myrdbx.io\/#\/schema\/logo\/image\/"},"sameAs":["https:\/\/de-de.facebook.com\/bandelin.electronic\/","https:\/\/www.instagram.com\/bandelin_ultrasonic\/?hl=de","https:\/\/www.linkedin.com\/company\/bandelin-electronic-gmbh-amp-co-kg","https:\/\/www.youtube.com\/channel\/UC5wTNrNxkwMmX-WzysQqw3g"]}]}},"_links":{"self":[{"href":"https:\/\/bandelin.com\/nl\/wp-json\/wp\/v2\/product\/697350","targetHints":{"allow":["GET"]}}],"collection":[{"href":"https:\/\/bandelin.com\/nl\/wp-json\/wp\/v2\/product"}],"about":[{"href":"https:\/\/bandelin.com\/nl\/wp-json\/wp\/v2\/types\/product"}],"version-history":[{"count":1,"href":"https:\/\/bandelin.com\/nl\/wp-json\/wp\/v2\/product\/697350\/revisions"}],"predecessor-version":[{"id":697351,"href":"https:\/\/bandelin.com\/nl\/wp-json\/wp\/v2\/product\/697350\/revisions\/697351"}],"wp:featuredmedia":[{"embeddable":true,"href":"https:\/\/bandelin.com\/nl\/wp-json\/wp\/v2\/media\/650245"}],"wp:attachment":[{"href":"https:\/\/bandelin.com\/nl\/wp-json\/wp\/v2\/media?parent=697350"}],"wp:term":[{"taxonomy":"product_brand","embeddable":true,"href":"https:\/\/bandelin.com\/nl\/wp-json\/wp\/v2\/product_brand?post=697350"},{"taxonomy":"product_cat","embeddable":true,"href":"https:\/\/bandelin.com\/nl\/wp-json\/wp\/v2\/product_cat?post=697350"},{"taxonomy":"product_tag","embeddable":true,"href":"https:\/\/bandelin.com\/nl\/wp-json\/wp\/v2\/product_tag?post=697350"}],"curies":[{"name":"wp","href":"https:\/\/api.w.org\/{rel}","templated":true}]}}