{"id":697363,"date":"2026-05-07T21:04:48","date_gmt":"2026-05-07T19:04:48","guid":{"rendered":"https:\/\/bandelin.com\/shop\/unkategorisiert\/stammopur-dr-8-instrumenten-desinfektion-und-intensiv-reinigung-konzentrat\/"},"modified":"2026-05-07T23:07:55","modified_gmt":"2026-05-07T21:07:55","slug":"stammopur-dr-8-desinfectie-en-intensief-reinigingsconcentraat-voor-instrumenten","status":"publish","type":"product","link":"https:\/\/bandelin.com\/nl\/shop\/reinigungs-und-desinfektionspraeparate\/stammopur-reinigungs-und-desinfektionspraeparate\/stammopur-dr-8-instrumenten-desinfektion-und-intensiv-reinigung-konzentrat\/","title":{"rendered":"STAMMOPUR DR 8 Desinfectie en intensieve reiniging van instrumenten, concentraat"},"content":{"rendered":"<p>STAMMOPUR DR 8<br \/>\n  Desinfectie en intensieve reiniging van instrumenten<\/p>\n<p>  Concentraat voor manuele, chemische desinfectie en desinfectie, niet-fixerende intensieve reiniging van algemene, chirurgische, invasieve en niet-invasieve medische instrumenten en accessoires in ultrasoonbaden en dompelbaden.<\/p>\n<p>  Het preparaat wordt gebruikt bij het opwerkingsproces van instrumenten in de AEMP (opwerkingseenheid voor medische hulpmiddelen) in klinieken, medische en tandheelkundige praktijken, tandheelkundige laboratoria en in de medische voetverzorging. <\/p>\n<p>  Verdere opwerkingsstappen zijn vereist voor kritieke en semikritieke medische hulpmiddelen; niet gebruiken voor uiteindelijke desinfectie.<\/p>\n<p>  Werkingsspectrum<br \/>\n  - Bacteriedodend en levurocidaal (EN 13727, EN 145661, EN 13624, EN 14562, DGHM, hoge belasting)<br \/>\n  - Beperkt virucide (EN 14476, hoge belasting) <\/p>\n<p>  In \u00e9\u00e9n oogopslag<br \/>\n  - Concentreren<br \/>\n  - VAH vermeld<br \/>\n  - Economisch door lage toepassingsconcentratie<br \/>\n  - Zeer hoge materiaalcompatibiliteit<br \/>\n  - Vrij van aldehyden, chloor en fenolen<br \/>\n  - Bacteriedodend, levurocidaal, beperkt virucidaal<br \/>\n  - Effectief tegen coronavirussen (SARS-CoV-2)<br \/>\n  - Biologisch afbreekbaar<br \/>\n  - Zeer hoog reinigingseffect in het ultrasoonbad<\/p>\n<p>  Materiaalcompatibiliteit en verontreiniging<br \/>\n  STAMMOPUR DR 8 heeft een zeer hoge materiaalcompatibiliteit.<br \/>\n  Door de formulering in het mild alkalische bereik is het product ook geschikt voor lichte metalen binnen het bereik van de belichtingstijden.<\/p>\n<p>  Reinigt de volgende materialen handmatig, desinfecterend, niet-fixerend en intensief<br \/>\n  - Metaal,<br \/>\n  - Lichte metalen,<br \/>\n  - Titanium,<br \/>\n  - Glas,<br \/>\n  - Porselein,<br \/>\n  - Keramiek<br \/>\n  en plastic.<\/p>\n<p>  Toepassing<br \/>\n  De uitsluitend professionele gebruikers zijn opgeleid gespecialiseerd personeel.<\/p>\n<p>  STAMMOPUR DR 8 heeft een zeer hoog reinigingseffect. In het ultrasoonbad verkort het het reinigingsproces in veel toepassingen. De door experts bevestigde verkorting van de desinfectietijd als gevolg van het ultrasone effect leidt ook tot een algehele verkorting van het reprocessingsproces.<\/p>\n<p>  De geschiktheidsaanbevelingen van Karl Storz GmbH en Richard Wolf GmbH zijn beschikbaar voor endoscopen en accessoires. De instructies van de fabrikant van het instrument moeten strikt worden opgevolgd bij het opwerken met STAMMOPUR DR 8, vooral in het ultrasoonbad.<\/p>\n<p>  STAMMOPUR DR 8 is niet compatibel met aldehydepreparaten. Deze moeten grondig verwijderd worden van reinigingsvoorwerpen en accessoires alvorens STAMMOPUR DR 8 te gebruiken. <\/p>\n<p>  De levensduur van de desinfecterende oplossing is verlengd tot drie dagen.<\/p>\n<p>  Dosering en blootstellingstijden<br \/>\n  Toepassing met ultrageluid:<\/p>\n<p>  Bacteriedodend, levurocidaal,<br \/>\n  beperkt virucide incl. H5N1: 2% - 5 min<\/p>\n<p>  SV40 2 % - 10 minuten<\/p>\n<p>  Adeno 3 % - 15 minuten<\/p>\n<p>  Toepassing zonder ultrageluid:<\/p>\n<p>  Bacteriedodend, levurocidaal: 1 % - 60 min<\/p>\n<p>  Bacteriedodend, levurocidaal, beperkt virucidaal<br \/>\n  incl. H5N1 en bovendien tegen SV 40: 2 % - 30 min of 3 % - 15 min<\/p>\n<p>  Temperatuur: koud bereiden en niet extra verwarmen (max. 45 \u00b0C)<\/p>\n<p>  Adeno (EN 14476, hoge belasting) Alleen effectief bij gebruik in een ultrasoon bad. <\/p>\n<p>  Samenstelling per 100g:<br \/>\n  9,9 g bis(3-aminopropyl)dodecaylamine,<br \/>\n  8,4 g didecylmethylpolyoxyethylammoniumpropionaat,<br \/>\n  &lt; 30 % butaan-1,4-diol,\n  5-15 % butyl diglycol,\n  5-15 % niet-ionogene oppervlakteactieve stoffen,\n  &lt; 5 % Piperazine,\n  Complexvormer,\n  pH-regelaars.\n  \n  pH-bereik van product: licht alkalisch\n  \n  Verdund gebruiken met water van minstens drinkwaterkwaliteit.\n  \n  Het toevoegen van additieven aan de oplossing is niet toegestaan.\n  \n  Speciale instructies\n  Behandel optiek, glasvezel en gelijmde onderdelen niet met ultrasoon geluid.\n  \n  Gevarenaanduidingen\n  H302 Schadelijk bij inslikken.\n  H314 Veroorzaakt ernstige brandwonden en oogletsel.\n  H317 Kan een allergische huidreactie veroorzaken.\n  H334 Kan bij inademing allergie- of astmasymptomen of ademhalingsmoeilijkheden veroorzaken.\n  bij inademing.\n  H336 Kan slaperigheid of duizeligheid veroorzaken.\n  H361fd Wordt ervan verdacht de vruchtbaarheid te schaden. Wordt ervan verdacht het ongeboren kind te schaden.\n  Kan het ongeboren kind schaden.\n  H411 Giftig voor in het water levende organismen, met langdurige gevolgen.\n  \n  Voorzorgsmaatregelen\n  P280 Beschermende handschoenen\/beschermende kleding\/oogbescherming\/gelaatsbescherming dragen.\n  P305+P351+P338 BIJ CONTACT MET DE OGEN: voorzichtig afspoelen met water gedurende enkele minuten.\n  Contactlenzen verwijderen indien mogelijk. Blijven spoelen.\n  P308+P313 NA blootstelling of ongerustheid: Medische hulp inroepen.\n  P310 Onmiddellijk een ANTIGIFCENTRUM\/arts bellen.\n<\/p>","protected":false},"excerpt":{"rendered":"<p>STAMMOPUR DR 8 Instrumenten-Desinfektion und Intensiv-Reinigung Konzentrat zur manuellen, chemischen Desinfektion und desinfizierenden, nicht-fixierenden Intensiv-Reinigung allgemeiner, chirurgischer, invasiver und nicht-invasiver medizinischer Instrumente und Zubeh\u00f6r im Ultraschallbad sowie im Tauchbadverfahren. Der Einsatz des Pr\u00e4parates erfolgt im Prozess der Instrumentenaufbereitung in der AEMP (Aufbereitungseinheit f\u00fcr Medizinprodukte) in der Klinik, der Arzt- und Zahnarztpraxis, sowie in dem Dentallabor [&hellip;]<\/p>\n","protected":false},"featured_media":650254,"template":"","meta":{"_acf_changed":false},"product_brand":[],"product_cat":[14263,14181],"product_tag":[14831,14829],"class_list":{"0":"post-697363","1":"product","2":"type-product","3":"status-publish","4":"has-post-thumbnail","6":"product_cat-stammopur-reinigungs-und-desinfektionspraeparate","7":"product_cat-reinigungs-und-desinfektionspraeparate","8":"product_tag-stammopur-reinigungs-und-desinfektionspraeparate","9":"product_tag-reinigungs-und-desinfektionspraeparate","10":"pa_bestellnummer-13981","11":"pa_bestellnummer-13990","12":"pa_bestellnummer-13048","13":"pa_gebindegroesse-l-10-liter-446-euro-liter","14":"pa_gebindegroesse-l-5-liter-47-euro-liter","15":"pa_gebindegroesse-l-2-liter-51-euro-liter","16":"pa_inhalt-l-14541","17":"pa_inhalt-l-14540","18":"pa_inhalt-l-12484","19":"pa_verpackung-breite-mm-12313","20":"pa_verpackung-breite-mm-130-2","21":"pa_verpackung-hoehe-mm-13038","22":"pa_verpackung-hoehe-mm-12354","23":"pa_verpackung-laenge-mm-12353","24":"pa_verpackung-laenge-mm-250-2","26":"first","27":"instock","28":"taxable","29":"shipping-taxable","30":"purchasable","31":"product-type-variable","32":"has-default-attributes"},"acf":[],"yoast_head":"<!-- This site is optimized with the Yoast SEO plugin v27.5 - https:\/\/yoast.com\/product\/yoast-seo-wordpress\/ -->\n<title>STAMMOPUR DR 8 Instrumenten-Desinfektion und Intensiv-Reinigung, Konzentrat | BANDELIN electronic GmbH &amp; Co. KG<\/title>\n<meta name=\"description\" content=\"Informationen Sie sich \u00fcber STAMMOPUR DR 8 Instrumenten-Desinfektion und Intensiv-Reinigung, Konzentrat | Hochwertige Ultraschallb\u00e4der f\u00fcr Medizin und Industrie von Bandelin Electronic seit 1955.\" \/>\n<meta name=\"robots\" content=\"index, follow, max-snippet:-1, max-image-preview:large, max-video-preview:-1\" \/>\n<link rel=\"canonical\" href=\"https:\/\/bandelin.com\/nl\/winkelen\/reinigings-en-ontsmettingsmiddelen\/stammopur-reinigings-en-ontsmettingsmiddelen\/stammopur-dr-8-desinfectie-en-intensief-reinigingsconcentraat-voor-instrumenten\/\" \/>\n<meta property=\"og:locale\" content=\"nl_NL\" \/>\n<meta property=\"og:type\" content=\"article\" \/>\n<meta property=\"og:title\" content=\"STAMMOPUR DR 8 Instrumenten-Desinfektion und Intensiv-Reinigung, Konzentrat | BANDELIN electronic GmbH &amp; Co. KG\" \/>\n<meta property=\"og:description\" content=\"Informationen Sie sich \u00fcber STAMMOPUR DR 8 Instrumenten-Desinfektion und Intensiv-Reinigung, Konzentrat | Hochwertige Ultraschallb\u00e4der f\u00fcr Medizin und Industrie von Bandelin Electronic seit 1955.\" \/>\n<meta property=\"og:url\" content=\"https:\/\/bandelin.com\/nl\/winkelen\/reinigings-en-ontsmettingsmiddelen\/stammopur-reinigings-en-ontsmettingsmiddelen\/stammopur-dr-8-desinfectie-en-intensief-reinigingsconcentraat-voor-instrumenten\/\" \/>\n<meta property=\"og:site_name\" content=\"BANDELIN electronic GmbH &amp; Co. KG\" \/>\n<meta property=\"article:publisher\" content=\"https:\/\/de-de.facebook.com\/bandelin.electronic\/\" \/>\n<meta property=\"article:modified_time\" content=\"2026-05-07T21:07:55+00:00\" \/>\n<meta property=\"og:image\" content=\"https:\/\/bandelin.com\/wp-content\/uploads\/Produktfoto_2L_STAMMOPUR_DR_8-scaled.jpg\" \/>\n\t<meta property=\"og:image:width\" content=\"2048\" \/>\n\t<meta property=\"og:image:height\" content=\"2048\" \/>\n\t<meta property=\"og:image:type\" content=\"image\/jpeg\" \/>\n<meta name=\"twitter:card\" content=\"summary_large_image\" \/>\n<meta name=\"twitter:label1\" content=\"Geschatte leestijd\" \/>\n\t<meta name=\"twitter:data1\" content=\"3 minuten\" \/>\n<script type=\"application\/ld+json\" class=\"yoast-schema-graph\">{\"@context\":\"https:\\\/\\\/schema.org\",\"@graph\":[{\"@type\":\"WebPage\",\"@id\":\"https:\\\/\\\/bandelin.com\\\/shop\\\/reinigungs-und-desinfektionspraeparate\\\/stammopur-reinigungs-und-desinfektionspraeparate\\\/stammopur-dr-8-instrumenten-desinfektion-und-intensiv-reinigung-konzentrat\\\/\",\"url\":\"https:\\\/\\\/bandelin.com\\\/shop\\\/reinigungs-und-desinfektionspraeparate\\\/stammopur-reinigungs-und-desinfektionspraeparate\\\/stammopur-dr-8-instrumenten-desinfektion-und-intensiv-reinigung-konzentrat\\\/\",\"name\":\"STAMMOPUR DR 8 Instrumenten-Desinfektion und Intensiv-Reinigung, Konzentrat | BANDELIN electronic GmbH &amp; Co. KG\",\"isPartOf\":{\"@id\":\"https:\\\/\\\/bvted2iv.myrdbx.io\\\/#website\"},\"primaryImageOfPage\":{\"@id\":\"https:\\\/\\\/bandelin.com\\\/shop\\\/reinigungs-und-desinfektionspraeparate\\\/stammopur-reinigungs-und-desinfektionspraeparate\\\/stammopur-dr-8-instrumenten-desinfektion-und-intensiv-reinigung-konzentrat\\\/#primaryimage\"},\"image\":{\"@id\":\"https:\\\/\\\/bandelin.com\\\/shop\\\/reinigungs-und-desinfektionspraeparate\\\/stammopur-reinigungs-und-desinfektionspraeparate\\\/stammopur-dr-8-instrumenten-desinfektion-und-intensiv-reinigung-konzentrat\\\/#primaryimage\"},\"thumbnailUrl\":\"https:\\\/\\\/bandelin.com\\\/wp-content\\\/uploads\\\/Produktfoto_2L_STAMMOPUR_DR_8-scaled.jpg\",\"datePublished\":\"2026-05-07T19:04:48+00:00\",\"dateModified\":\"2026-05-07T21:07:55+00:00\",\"description\":\"Informationen Sie sich \u00fcber STAMMOPUR DR 8 Instrumenten-Desinfektion und Intensiv-Reinigung, Konzentrat | Hochwertige Ultraschallb\u00e4der f\u00fcr Medizin und Industrie von Bandelin Electronic seit 1955.\",\"breadcrumb\":{\"@id\":\"https:\\\/\\\/bandelin.com\\\/shop\\\/reinigungs-und-desinfektionspraeparate\\\/stammopur-reinigungs-und-desinfektionspraeparate\\\/stammopur-dr-8-instrumenten-desinfektion-und-intensiv-reinigung-konzentrat\\\/#breadcrumb\"},\"inLanguage\":\"nl-NL\",\"potentialAction\":[{\"@type\":\"ReadAction\",\"target\":[\"https:\\\/\\\/bandelin.com\\\/shop\\\/reinigungs-und-desinfektionspraeparate\\\/stammopur-reinigungs-und-desinfektionspraeparate\\\/stammopur-dr-8-instrumenten-desinfektion-und-intensiv-reinigung-konzentrat\\\/\"]}]},{\"@type\":\"ImageObject\",\"inLanguage\":\"nl-NL\",\"@id\":\"https:\\\/\\\/bandelin.com\\\/shop\\\/reinigungs-und-desinfektionspraeparate\\\/stammopur-reinigungs-und-desinfektionspraeparate\\\/stammopur-dr-8-instrumenten-desinfektion-und-intensiv-reinigung-konzentrat\\\/#primaryimage\",\"url\":\"https:\\\/\\\/bandelin.com\\\/wp-content\\\/uploads\\\/Produktfoto_2L_STAMMOPUR_DR_8-scaled.jpg\",\"contentUrl\":\"https:\\\/\\\/bandelin.com\\\/wp-content\\\/uploads\\\/Produktfoto_2L_STAMMOPUR_DR_8-scaled.jpg\",\"width\":2048,\"height\":2048,\"caption\":\"STAMMOPUR DR 8 Instrumenten-Desinfektion und Intensiv-Reinigung\"},{\"@type\":\"BreadcrumbList\",\"@id\":\"https:\\\/\\\/bandelin.com\\\/shop\\\/reinigungs-und-desinfektionspraeparate\\\/stammopur-reinigungs-und-desinfektionspraeparate\\\/stammopur-dr-8-instrumenten-desinfektion-und-intensiv-reinigung-konzentrat\\\/#breadcrumb\",\"itemListElement\":[{\"@type\":\"ListItem\",\"position\":1,\"name\":\"Startseite\",\"item\":\"https:\\\/\\\/bandelin.com\\\/\"},{\"@type\":\"ListItem\",\"position\":2,\"name\":\"Shop\",\"item\":\"https:\\\/\\\/bandelin.com\\\/shop\\\/\"},{\"@type\":\"ListItem\",\"position\":3,\"name\":\"STAMMOPUR DR 8 Instrumenten-Desinfektion und Intensiv-Reinigung, Konzentrat\"}]},{\"@type\":\"WebSite\",\"@id\":\"https:\\\/\\\/bvted2iv.myrdbx.io\\\/#website\",\"url\":\"https:\\\/\\\/bvted2iv.myrdbx.io\\\/\",\"name\":\"BANDELIN electronic GmbH & Co. KG\",\"description\":\"Ultraschall seit 1955\",\"publisher\":{\"@id\":\"https:\\\/\\\/bvted2iv.myrdbx.io\\\/#organization\"},\"potentialAction\":[{\"@type\":\"SearchAction\",\"target\":{\"@type\":\"EntryPoint\",\"urlTemplate\":\"https:\\\/\\\/bvted2iv.myrdbx.io\\\/?s={search_term_string}\"},\"query-input\":{\"@type\":\"PropertyValueSpecification\",\"valueRequired\":true,\"valueName\":\"search_term_string\"}}],\"inLanguage\":\"nl-NL\"},{\"@type\":\"Organization\",\"@id\":\"https:\\\/\\\/bvted2iv.myrdbx.io\\\/#organization\",\"name\":\"BANDELIN electronic GmbH & Co. KG\",\"url\":\"https:\\\/\\\/bvted2iv.myrdbx.io\\\/\",\"logo\":{\"@type\":\"ImageObject\",\"inLanguage\":\"nl-NL\",\"@id\":\"https:\\\/\\\/bvted2iv.myrdbx.io\\\/#\\\/schema\\\/logo\\\/image\\\/\",\"url\":\"\",\"contentUrl\":\"\",\"caption\":\"BANDELIN electronic GmbH & Co. KG\"},\"image\":{\"@id\":\"https:\\\/\\\/bvted2iv.myrdbx.io\\\/#\\\/schema\\\/logo\\\/image\\\/\"},\"sameAs\":[\"https:\\\/\\\/de-de.facebook.com\\\/bandelin.electronic\\\/\",\"https:\\\/\\\/www.instagram.com\\\/bandelin_ultrasonic\\\/?hl=de\",\"https:\\\/\\\/www.linkedin.com\\\/company\\\/bandelin-electronic-gmbh-amp-co-kg\",\"https:\\\/\\\/www.youtube.com\\\/channel\\\/UC5wTNrNxkwMmX-WzysQqw3g\"]}]}<\/script>\n<!-- \/ Yoast SEO plugin. -->","yoast_head_json":{"title":"STAMMOPUR DR 8 Desinfectie en Intensieve Reiniging van Instrumenten, Concentraat | BANDELIN electronic GmbH &amp; Co. KG","description":"Meer informatie over STAMMOPUR DR 8 Desinfectie en intensieve reiniging van instrumenten, concentraat | Ultrasoonbaden van hoge kwaliteit voor geneeskunde en industrie van Bandelin Electronic sinds 1955.","robots":{"index":"index","follow":"follow","max-snippet":"max-snippet:-1","max-image-preview":"max-image-preview:large","max-video-preview":"max-video-preview:-1"},"canonical":"https:\/\/bandelin.com\/nl\/winkelen\/reinigings-en-ontsmettingsmiddelen\/stammopur-reinigings-en-ontsmettingsmiddelen\/stammopur-dr-8-desinfectie-en-intensief-reinigingsconcentraat-voor-instrumenten\/","og_locale":"nl_NL","og_type":"article","og_title":"STAMMOPUR DR 8 Instrumenten-Desinfektion und Intensiv-Reinigung, Konzentrat | BANDELIN electronic GmbH &amp; Co. KG","og_description":"Informationen Sie sich \u00fcber STAMMOPUR DR 8 Instrumenten-Desinfektion und Intensiv-Reinigung, Konzentrat | Hochwertige Ultraschallb\u00e4der f\u00fcr Medizin und Industrie von Bandelin Electronic seit 1955.","og_url":"https:\/\/bandelin.com\/nl\/winkelen\/reinigings-en-ontsmettingsmiddelen\/stammopur-reinigings-en-ontsmettingsmiddelen\/stammopur-dr-8-desinfectie-en-intensief-reinigingsconcentraat-voor-instrumenten\/","og_site_name":"BANDELIN electronic GmbH &amp; Co. KG","article_publisher":"https:\/\/de-de.facebook.com\/bandelin.electronic\/","article_modified_time":"2026-05-07T21:07:55+00:00","og_image":[{"width":2048,"height":2048,"url":"https:\/\/bandelin.com\/wp-content\/uploads\/Produktfoto_2L_STAMMOPUR_DR_8-scaled.jpg","type":"image\/jpeg"}],"twitter_card":"summary_large_image","twitter_misc":{"Geschatte leestijd":"3 minuten"},"schema":{"@context":"https:\/\/schema.org","@graph":[{"@type":"WebPage","@id":"https:\/\/bandelin.com\/shop\/reinigungs-und-desinfektionspraeparate\/stammopur-reinigungs-und-desinfektionspraeparate\/stammopur-dr-8-instrumenten-desinfektion-und-intensiv-reinigung-konzentrat\/","url":"https:\/\/bandelin.com\/shop\/reinigungs-und-desinfektionspraeparate\/stammopur-reinigungs-und-desinfektionspraeparate\/stammopur-dr-8-instrumenten-desinfektion-und-intensiv-reinigung-konzentrat\/","name":"STAMMOPUR DR 8 Desinfectie en Intensieve Reiniging van Instrumenten, Concentraat | BANDELIN electronic GmbH &amp; Co. KG","isPartOf":{"@id":"https:\/\/bvted2iv.myrdbx.io\/#website"},"primaryImageOfPage":{"@id":"https:\/\/bandelin.com\/shop\/reinigungs-und-desinfektionspraeparate\/stammopur-reinigungs-und-desinfektionspraeparate\/stammopur-dr-8-instrumenten-desinfektion-und-intensiv-reinigung-konzentrat\/#primaryimage"},"image":{"@id":"https:\/\/bandelin.com\/shop\/reinigungs-und-desinfektionspraeparate\/stammopur-reinigungs-und-desinfektionspraeparate\/stammopur-dr-8-instrumenten-desinfektion-und-intensiv-reinigung-konzentrat\/#primaryimage"},"thumbnailUrl":"https:\/\/bandelin.com\/wp-content\/uploads\/Produktfoto_2L_STAMMOPUR_DR_8-scaled.jpg","datePublished":"2026-05-07T19:04:48+00:00","dateModified":"2026-05-07T21:07:55+00:00","description":"Meer informatie over STAMMOPUR DR 8 Desinfectie en intensieve reiniging van instrumenten, concentraat | Ultrasoonbaden van hoge kwaliteit voor geneeskunde en industrie van Bandelin Electronic sinds 1955.","breadcrumb":{"@id":"https:\/\/bandelin.com\/shop\/reinigungs-und-desinfektionspraeparate\/stammopur-reinigungs-und-desinfektionspraeparate\/stammopur-dr-8-instrumenten-desinfektion-und-intensiv-reinigung-konzentrat\/#breadcrumb"},"inLanguage":"nl-NL","potentialAction":[{"@type":"ReadAction","target":["https:\/\/bandelin.com\/shop\/reinigungs-und-desinfektionspraeparate\/stammopur-reinigungs-und-desinfektionspraeparate\/stammopur-dr-8-instrumenten-desinfektion-und-intensiv-reinigung-konzentrat\/"]}]},{"@type":"ImageObject","inLanguage":"nl-NL","@id":"https:\/\/bandelin.com\/shop\/reinigungs-und-desinfektionspraeparate\/stammopur-reinigungs-und-desinfektionspraeparate\/stammopur-dr-8-instrumenten-desinfektion-und-intensiv-reinigung-konzentrat\/#primaryimage","url":"https:\/\/bandelin.com\/wp-content\/uploads\/Produktfoto_2L_STAMMOPUR_DR_8-scaled.jpg","contentUrl":"https:\/\/bandelin.com\/wp-content\/uploads\/Produktfoto_2L_STAMMOPUR_DR_8-scaled.jpg","width":2048,"height":2048,"caption":"STAMMOPUR DR 8 Instrumenten-Desinfektion und Intensiv-Reinigung"},{"@type":"BreadcrumbList","@id":"https:\/\/bandelin.com\/shop\/reinigungs-und-desinfektionspraeparate\/stammopur-reinigungs-und-desinfektionspraeparate\/stammopur-dr-8-instrumenten-desinfektion-und-intensiv-reinigung-konzentrat\/#breadcrumb","itemListElement":[{"@type":"ListItem","position":1,"name":"Startseite","item":"https:\/\/bandelin.com\/"},{"@type":"ListItem","position":2,"name":"Shop","item":"https:\/\/bandelin.com\/shop\/"},{"@type":"ListItem","position":3,"name":"STAMMOPUR DR 8 Instrumenten-Desinfektion und Intensiv-Reinigung, Konzentrat"}]},{"@type":"WebSite","@id":"https:\/\/bvted2iv.myrdbx.io\/#website","url":"https:\/\/bvted2iv.myrdbx.io\/","name":"BANDELIN electronic GmbH &amp; Co. KG","description":"Echografie sinds 1955","publisher":{"@id":"https:\/\/bvted2iv.myrdbx.io\/#organization"},"potentialAction":[{"@type":"SearchAction","target":{"@type":"EntryPoint","urlTemplate":"https:\/\/bvted2iv.myrdbx.io\/?s={search_term_string}"},"query-input":{"@type":"PropertyValueSpecification","valueRequired":true,"valueName":"search_term_string"}}],"inLanguage":"nl-NL"},{"@type":"Organization","@id":"https:\/\/bvted2iv.myrdbx.io\/#organization","name":"BANDELIN electronic GmbH &amp; Co. KG","url":"https:\/\/bvted2iv.myrdbx.io\/","logo":{"@type":"ImageObject","inLanguage":"nl-NL","@id":"https:\/\/bvted2iv.myrdbx.io\/#\/schema\/logo\/image\/","url":"","contentUrl":"","caption":"BANDELIN electronic GmbH & Co. KG"},"image":{"@id":"https:\/\/bvted2iv.myrdbx.io\/#\/schema\/logo\/image\/"},"sameAs":["https:\/\/de-de.facebook.com\/bandelin.electronic\/","https:\/\/www.instagram.com\/bandelin_ultrasonic\/?hl=de","https:\/\/www.linkedin.com\/company\/bandelin-electronic-gmbh-amp-co-kg","https:\/\/www.youtube.com\/channel\/UC5wTNrNxkwMmX-WzysQqw3g"]}]}},"_links":{"self":[{"href":"https:\/\/bandelin.com\/nl\/wp-json\/wp\/v2\/product\/697363","targetHints":{"allow":["GET"]}}],"collection":[{"href":"https:\/\/bandelin.com\/nl\/wp-json\/wp\/v2\/product"}],"about":[{"href":"https:\/\/bandelin.com\/nl\/wp-json\/wp\/v2\/types\/product"}],"version-history":[{"count":1,"href":"https:\/\/bandelin.com\/nl\/wp-json\/wp\/v2\/product\/697363\/revisions"}],"predecessor-version":[{"id":697364,"href":"https:\/\/bandelin.com\/nl\/wp-json\/wp\/v2\/product\/697363\/revisions\/697364"}],"wp:featuredmedia":[{"embeddable":true,"href":"https:\/\/bandelin.com\/nl\/wp-json\/wp\/v2\/media\/650254"}],"wp:attachment":[{"href":"https:\/\/bandelin.com\/nl\/wp-json\/wp\/v2\/media?parent=697363"}],"wp:term":[{"taxonomy":"product_brand","embeddable":true,"href":"https:\/\/bandelin.com\/nl\/wp-json\/wp\/v2\/product_brand?post=697363"},{"taxonomy":"product_cat","embeddable":true,"href":"https:\/\/bandelin.com\/nl\/wp-json\/wp\/v2\/product_cat?post=697363"},{"taxonomy":"product_tag","embeddable":true,"href":"https:\/\/bandelin.com\/nl\/wp-json\/wp\/v2\/product_tag?post=697363"}],"curies":[{"name":"wp","href":"https:\/\/api.w.org\/{rel}","templated":true}]}}