{"id":697839,"date":"2026-05-07T21:31:44","date_gmt":"2026-05-07T19:31:44","guid":{"rendered":"https:\/\/bandelin.com\/shop\/unkategorisiert\/trison-tt-4000-xi-l-twist-bewegungseinheit-linksversion\/"},"modified":"2026-05-12T01:55:54","modified_gmt":"2026-05-11T23:55:54","slug":"trison-tt-4000-xi-l-draaibeweging-links","status":"publish","type":"product","link":"https:\/\/bandelin.com\/nl\/shop\/trison-ultraschallbaeder\/zubehoer-trison-ultraschallbaeder\/trison-tt-4000-xi-l-twist-bewegungseinheit-linksversion\/","title":{"rendered":"TRISON TT 4000 Xi, L Draai-eenheid, linkshandige uitvoering"},"content":{"rendered":"<p>Bewegingseenheid voor max. 4 Xi robotinstrumenten; linkshandige uitvoering geschikt voor TRISON 4000.2 Xi-L ultrasoonbaden<br \/>\n  Gebruiken met TRISON Lift zwenkarm<\/p>\n<p>  De TRISON Twist bewegingseenheid is uitgerust met speciale veerbelaste drivers die aan de onderkant van de instrumenten vastklikken en ze tijdens de sonicatie bewegen. De chirurgische werkinstrumenten worden gedraaid en aan de tip bediend voor een ultrasoon effect rondom. Ge\u00efntegreerde frictiekoppelingen voorkomen schade aan de kwetsbare kabeltrekkers en aandrijfschijven.<\/p>","protected":false},"excerpt":{"rendered":"<p>Bewegungseinheit f\u00fcr max. 4 \u0084Xi\u0093-Robotik-Instrumente; Linksversion passend zu Ultraschallb\u00e4dern TRISON 4000.2 Xi-L Verwendung mit Schwenkarm TRISON Lift Die Bewegungseinheit TRISON Twist ist mit speziellen, federnd gelagerten Mitnehmern ausgestattet, die an der Unterseite der Instrumente einrasten und diese w\u00e4hrend der Beschallung bewegen. Die chirurgischen Arbeitswerkzeuge werden an der Spitze f\u00fcr eine allseitige \u00adUltraschall-Wirkung gedreht und bet\u00e4tigt. [&hellip;]<\/p>\n","protected":false},"featured_media":697841,"template":"","meta":{"_acf_changed":false},"product_brand":[],"product_cat":[14220,14449],"product_tag":[14618],"class_list":{"0":"post-697839","1":"product","2":"type-product","3":"status-publish","4":"has-post-thumbnail","6":"product_cat-trison-ultraschallbaeder","7":"product_cat-zubehoer-trison-ultraschallbaeder","8":"product_tag-trison-ultraschallbaeder-zubehoer","9":"pa_aussenmass-breite-mm-160-2","10":"pa_aussenmass-hoehe-mm-175-2","11":"pa_aussenmass-laenge-mm-14667","12":"pa_bestellnummer-13131","13":"pa_betriebsspannung-v-24-5","14":"pa_ce-kennzeichnung-medizinprodukte-klasse-i-2017-745-eu-rohs-richtlinie-2011-65-eu","15":"pa_gehaeusematerial-polyoxymethylen-polyurethan-edelstahl-1-4301","16":"pa_schutzgrad-gehaeuse-ip-68","18":"first","19":"onbackorder","20":"taxable","21":"shipping-taxable","22":"purchasable","23":"product-type-simple"},"acf":[],"yoast_head":"<!-- This site is optimized with the Yoast SEO plugin v27.6 - https:\/\/yoast.com\/product\/yoast-seo-wordpress\/ -->\n<title>TRISON TT 4000 Xi, L Twist Bewegungseinheit, Linksversion | BANDELIN electronic GmbH &amp; Co. KG<\/title>\n<meta name=\"description\" content=\"Informationen Sie sich \u00fcber TRISON TT 4000 Xi, L Twist Bewegungseinheit, Linksversion | Hochwertige Ultraschallb\u00e4der f\u00fcr Medizin und Industrie von Bandelin Electronic seit 1955.\" \/>\n<meta name=\"robots\" content=\"index, follow, max-snippet:-1, max-image-preview:large, max-video-preview:-1\" \/>\n<link rel=\"canonical\" href=\"https:\/\/bandelin.com\/nl\/winkelen\/trison-ultrasoonbaden\/accessoires-trison-ultrasoonbaden\/trison-tt-4000-xi-l-draaibeweging-links\/\" \/>\n<meta property=\"og:locale\" content=\"nl_NL\" \/>\n<meta property=\"og:type\" content=\"article\" \/>\n<meta property=\"og:title\" content=\"TRISON TT 4000 Xi, L Twist Bewegungseinheit, Linksversion | BANDELIN electronic GmbH &amp; Co. KG\" \/>\n<meta property=\"og:description\" content=\"Informationen Sie sich \u00fcber TRISON TT 4000 Xi, L Twist Bewegungseinheit, Linksversion | Hochwertige Ultraschallb\u00e4der f\u00fcr Medizin und Industrie von Bandelin Electronic seit 1955.\" \/>\n<meta property=\"og:url\" content=\"https:\/\/bandelin.com\/nl\/winkelen\/trison-ultrasoonbaden\/accessoires-trison-ultrasoonbaden\/trison-tt-4000-xi-l-draaibeweging-links\/\" \/>\n<meta property=\"og:site_name\" content=\"BANDELIN electronic GmbH &amp; Co. KG\" \/>\n<meta property=\"article:publisher\" content=\"https:\/\/de-de.facebook.com\/bandelin.electronic\/\" \/>\n<meta property=\"article:modified_time\" content=\"2026-05-11T23:55:54+00:00\" \/>\n<meta property=\"og:image\" content=\"https:\/\/bandelin.com\/wp-content\/uploads\/Produktfoto_Twist_Xi-9-scaled.jpg\" \/>\n\t<meta property=\"og:image:width\" content=\"2048\" \/>\n\t<meta property=\"og:image:height\" content=\"2048\" \/>\n\t<meta property=\"og:image:type\" content=\"image\/jpeg\" \/>\n<meta name=\"twitter:card\" content=\"summary_large_image\" \/>\n<script type=\"application\/ld+json\" class=\"yoast-schema-graph\">{\"@context\":\"https:\\\/\\\/schema.org\",\"@graph\":[{\"@type\":\"WebPage\",\"@id\":\"https:\\\/\\\/bandelin.com\\\/shop\\\/trison-ultraschallbaeder\\\/zubehoer-trison-ultraschallbaeder\\\/trison-tt-4000-xi-l-twist-bewegungseinheit-linksversion\\\/\",\"url\":\"https:\\\/\\\/bandelin.com\\\/shop\\\/trison-ultraschallbaeder\\\/zubehoer-trison-ultraschallbaeder\\\/trison-tt-4000-xi-l-twist-bewegungseinheit-linksversion\\\/\",\"name\":\"TRISON TT 4000 Xi, L Twist Bewegungseinheit, Linksversion | BANDELIN electronic GmbH &amp; Co. KG\",\"isPartOf\":{\"@id\":\"https:\\\/\\\/bvted2iv.myrdbx.io\\\/#website\"},\"primaryImageOfPage\":{\"@id\":\"https:\\\/\\\/bandelin.com\\\/shop\\\/trison-ultraschallbaeder\\\/zubehoer-trison-ultraschallbaeder\\\/trison-tt-4000-xi-l-twist-bewegungseinheit-linksversion\\\/#primaryimage\"},\"image\":{\"@id\":\"https:\\\/\\\/bandelin.com\\\/shop\\\/trison-ultraschallbaeder\\\/zubehoer-trison-ultraschallbaeder\\\/trison-tt-4000-xi-l-twist-bewegungseinheit-linksversion\\\/#primaryimage\"},\"thumbnailUrl\":\"https:\\\/\\\/bandelin.com\\\/wp-content\\\/uploads\\\/Produktfoto_Twist_Xi-9-scaled.jpg\",\"datePublished\":\"2026-05-07T19:31:44+00:00\",\"dateModified\":\"2026-05-11T23:55:54+00:00\",\"description\":\"Informationen Sie sich \u00fcber TRISON TT 4000 Xi, L Twist Bewegungseinheit, Linksversion | Hochwertige Ultraschallb\u00e4der f\u00fcr Medizin und Industrie von Bandelin Electronic seit 1955.\",\"breadcrumb\":{\"@id\":\"https:\\\/\\\/bandelin.com\\\/shop\\\/trison-ultraschallbaeder\\\/zubehoer-trison-ultraschallbaeder\\\/trison-tt-4000-xi-l-twist-bewegungseinheit-linksversion\\\/#breadcrumb\"},\"inLanguage\":\"nl-NL\",\"potentialAction\":[{\"@type\":\"ReadAction\",\"target\":[\"https:\\\/\\\/bandelin.com\\\/shop\\\/trison-ultraschallbaeder\\\/zubehoer-trison-ultraschallbaeder\\\/trison-tt-4000-xi-l-twist-bewegungseinheit-linksversion\\\/\"]}]},{\"@type\":\"ImageObject\",\"inLanguage\":\"nl-NL\",\"@id\":\"https:\\\/\\\/bandelin.com\\\/shop\\\/trison-ultraschallbaeder\\\/zubehoer-trison-ultraschallbaeder\\\/trison-tt-4000-xi-l-twist-bewegungseinheit-linksversion\\\/#primaryimage\",\"url\":\"https:\\\/\\\/bandelin.com\\\/wp-content\\\/uploads\\\/Produktfoto_Twist_Xi-9-scaled.jpg\",\"contentUrl\":\"https:\\\/\\\/bandelin.com\\\/wp-content\\\/uploads\\\/Produktfoto_Twist_Xi-9-scaled.jpg\",\"width\":2048,\"height\":2048,\"caption\":\"TRISON TT 4000 Xi\"},{\"@type\":\"BreadcrumbList\",\"@id\":\"https:\\\/\\\/bandelin.com\\\/shop\\\/trison-ultraschallbaeder\\\/zubehoer-trison-ultraschallbaeder\\\/trison-tt-4000-xi-l-twist-bewegungseinheit-linksversion\\\/#breadcrumb\",\"itemListElement\":[{\"@type\":\"ListItem\",\"position\":1,\"name\":\"Startseite\",\"item\":\"https:\\\/\\\/bandelin.com\\\/\"},{\"@type\":\"ListItem\",\"position\":2,\"name\":\"Shop\",\"item\":\"https:\\\/\\\/bandelin.com\\\/shop\\\/\"},{\"@type\":\"ListItem\",\"position\":3,\"name\":\"TRISON TT 4000 Xi, L Twist Bewegungseinheit, Linksversion\"}]},{\"@type\":\"WebSite\",\"@id\":\"https:\\\/\\\/bvted2iv.myrdbx.io\\\/#website\",\"url\":\"https:\\\/\\\/bvted2iv.myrdbx.io\\\/\",\"name\":\"BANDELIN electronic GmbH & Co. KG\",\"description\":\"Ultraschall seit 1955\",\"publisher\":{\"@id\":\"https:\\\/\\\/bvted2iv.myrdbx.io\\\/#organization\"},\"potentialAction\":[{\"@type\":\"SearchAction\",\"target\":{\"@type\":\"EntryPoint\",\"urlTemplate\":\"https:\\\/\\\/bvted2iv.myrdbx.io\\\/?s={search_term_string}\"},\"query-input\":{\"@type\":\"PropertyValueSpecification\",\"valueRequired\":true,\"valueName\":\"search_term_string\"}}],\"inLanguage\":\"nl-NL\"},{\"@type\":\"Organization\",\"@id\":\"https:\\\/\\\/bvted2iv.myrdbx.io\\\/#organization\",\"name\":\"BANDELIN electronic GmbH & Co. KG\",\"url\":\"https:\\\/\\\/bvted2iv.myrdbx.io\\\/\",\"logo\":{\"@type\":\"ImageObject\",\"inLanguage\":\"nl-NL\",\"@id\":\"https:\\\/\\\/bvted2iv.myrdbx.io\\\/#\\\/schema\\\/logo\\\/image\\\/\",\"url\":\"\",\"contentUrl\":\"\",\"caption\":\"BANDELIN electronic GmbH & Co. KG\"},\"image\":{\"@id\":\"https:\\\/\\\/bvted2iv.myrdbx.io\\\/#\\\/schema\\\/logo\\\/image\\\/\"},\"sameAs\":[\"https:\\\/\\\/de-de.facebook.com\\\/bandelin.electronic\\\/\",\"https:\\\/\\\/www.instagram.com\\\/bandelin_ultrasonic\\\/?hl=de\",\"https:\\\/\\\/www.linkedin.com\\\/company\\\/bandelin-electronic-gmbh-amp-co-kg\",\"https:\\\/\\\/www.youtube.com\\\/channel\\\/UC5wTNrNxkwMmX-WzysQqw3g\"]}]}<\/script>\n<!-- \/ Yoast SEO plugin. -->","yoast_head_json":{"title":"TRISON TT 4000 Xi, L Twist uurwerkunit, linkshandige uitvoering | BANDELIN electronic GmbH &amp; Co. KG","description":"Meer informatie over TRISON TT 4000 Xi, L Twist-bewegingsunit, linkshandige uitvoering | Hoogwaardige ultrasoonbaden voor geneeskunde en industrie van Bandelin Electronic sinds 1955.","robots":{"index":"index","follow":"follow","max-snippet":"max-snippet:-1","max-image-preview":"max-image-preview:large","max-video-preview":"max-video-preview:-1"},"canonical":"https:\/\/bandelin.com\/nl\/winkelen\/trison-ultrasoonbaden\/accessoires-trison-ultrasoonbaden\/trison-tt-4000-xi-l-draaibeweging-links\/","og_locale":"nl_NL","og_type":"article","og_title":"TRISON TT 4000 Xi, L Twist Bewegungseinheit, Linksversion | BANDELIN electronic GmbH &amp; Co. KG","og_description":"Informationen Sie sich \u00fcber TRISON TT 4000 Xi, L Twist Bewegungseinheit, Linksversion | Hochwertige Ultraschallb\u00e4der f\u00fcr Medizin und Industrie von Bandelin Electronic seit 1955.","og_url":"https:\/\/bandelin.com\/nl\/winkelen\/trison-ultrasoonbaden\/accessoires-trison-ultrasoonbaden\/trison-tt-4000-xi-l-draaibeweging-links\/","og_site_name":"BANDELIN electronic GmbH &amp; Co. KG","article_publisher":"https:\/\/de-de.facebook.com\/bandelin.electronic\/","article_modified_time":"2026-05-11T23:55:54+00:00","og_image":[{"width":2048,"height":2048,"url":"https:\/\/bandelin.com\/wp-content\/uploads\/Produktfoto_Twist_Xi-9-scaled.jpg","type":"image\/jpeg"}],"twitter_card":"summary_large_image","schema":{"@context":"https:\/\/schema.org","@graph":[{"@type":"WebPage","@id":"https:\/\/bandelin.com\/shop\/trison-ultraschallbaeder\/zubehoer-trison-ultraschallbaeder\/trison-tt-4000-xi-l-twist-bewegungseinheit-linksversion\/","url":"https:\/\/bandelin.com\/shop\/trison-ultraschallbaeder\/zubehoer-trison-ultraschallbaeder\/trison-tt-4000-xi-l-twist-bewegungseinheit-linksversion\/","name":"TRISON TT 4000 Xi, L Twist uurwerkunit, linkshandige uitvoering | BANDELIN electronic GmbH &amp; Co. KG","isPartOf":{"@id":"https:\/\/bvted2iv.myrdbx.io\/#website"},"primaryImageOfPage":{"@id":"https:\/\/bandelin.com\/shop\/trison-ultraschallbaeder\/zubehoer-trison-ultraschallbaeder\/trison-tt-4000-xi-l-twist-bewegungseinheit-linksversion\/#primaryimage"},"image":{"@id":"https:\/\/bandelin.com\/shop\/trison-ultraschallbaeder\/zubehoer-trison-ultraschallbaeder\/trison-tt-4000-xi-l-twist-bewegungseinheit-linksversion\/#primaryimage"},"thumbnailUrl":"https:\/\/bandelin.com\/wp-content\/uploads\/Produktfoto_Twist_Xi-9-scaled.jpg","datePublished":"2026-05-07T19:31:44+00:00","dateModified":"2026-05-11T23:55:54+00:00","description":"Meer informatie over TRISON TT 4000 Xi, L Twist-bewegingsunit, linkshandige uitvoering | Hoogwaardige ultrasoonbaden voor geneeskunde en industrie van Bandelin Electronic sinds 1955.","breadcrumb":{"@id":"https:\/\/bandelin.com\/shop\/trison-ultraschallbaeder\/zubehoer-trison-ultraschallbaeder\/trison-tt-4000-xi-l-twist-bewegungseinheit-linksversion\/#breadcrumb"},"inLanguage":"nl-NL","potentialAction":[{"@type":"ReadAction","target":["https:\/\/bandelin.com\/shop\/trison-ultraschallbaeder\/zubehoer-trison-ultraschallbaeder\/trison-tt-4000-xi-l-twist-bewegungseinheit-linksversion\/"]}]},{"@type":"ImageObject","inLanguage":"nl-NL","@id":"https:\/\/bandelin.com\/shop\/trison-ultraschallbaeder\/zubehoer-trison-ultraschallbaeder\/trison-tt-4000-xi-l-twist-bewegungseinheit-linksversion\/#primaryimage","url":"https:\/\/bandelin.com\/wp-content\/uploads\/Produktfoto_Twist_Xi-9-scaled.jpg","contentUrl":"https:\/\/bandelin.com\/wp-content\/uploads\/Produktfoto_Twist_Xi-9-scaled.jpg","width":2048,"height":2048,"caption":"TRISON TT 4000 Xi"},{"@type":"BreadcrumbList","@id":"https:\/\/bandelin.com\/shop\/trison-ultraschallbaeder\/zubehoer-trison-ultraschallbaeder\/trison-tt-4000-xi-l-twist-bewegungseinheit-linksversion\/#breadcrumb","itemListElement":[{"@type":"ListItem","position":1,"name":"Startseite","item":"https:\/\/bandelin.com\/"},{"@type":"ListItem","position":2,"name":"Shop","item":"https:\/\/bandelin.com\/shop\/"},{"@type":"ListItem","position":3,"name":"TRISON TT 4000 Xi, L Twist Bewegungseinheit, Linksversion"}]},{"@type":"WebSite","@id":"https:\/\/bvted2iv.myrdbx.io\/#website","url":"https:\/\/bvted2iv.myrdbx.io\/","name":"BANDELIN electronic GmbH &amp; Co. KG","description":"Echografie sinds 1955","publisher":{"@id":"https:\/\/bvted2iv.myrdbx.io\/#organization"},"potentialAction":[{"@type":"SearchAction","target":{"@type":"EntryPoint","urlTemplate":"https:\/\/bvted2iv.myrdbx.io\/?s={search_term_string}"},"query-input":{"@type":"PropertyValueSpecification","valueRequired":true,"valueName":"search_term_string"}}],"inLanguage":"nl-NL"},{"@type":"Organization","@id":"https:\/\/bvted2iv.myrdbx.io\/#organization","name":"BANDELIN electronic GmbH &amp; Co. KG","url":"https:\/\/bvted2iv.myrdbx.io\/","logo":{"@type":"ImageObject","inLanguage":"nl-NL","@id":"https:\/\/bvted2iv.myrdbx.io\/#\/schema\/logo\/image\/","url":"","contentUrl":"","caption":"BANDELIN electronic GmbH & Co. KG"},"image":{"@id":"https:\/\/bvted2iv.myrdbx.io\/#\/schema\/logo\/image\/"},"sameAs":["https:\/\/de-de.facebook.com\/bandelin.electronic\/","https:\/\/www.instagram.com\/bandelin_ultrasonic\/?hl=de","https:\/\/www.linkedin.com\/company\/bandelin-electronic-gmbh-amp-co-kg","https:\/\/www.youtube.com\/channel\/UC5wTNrNxkwMmX-WzysQqw3g"]}]}},"_links":{"self":[{"href":"https:\/\/bandelin.com\/nl\/wp-json\/wp\/v2\/product\/697839","targetHints":{"allow":["GET"]}}],"collection":[{"href":"https:\/\/bandelin.com\/nl\/wp-json\/wp\/v2\/product"}],"about":[{"href":"https:\/\/bandelin.com\/nl\/wp-json\/wp\/v2\/types\/product"}],"version-history":[{"count":1,"href":"https:\/\/bandelin.com\/nl\/wp-json\/wp\/v2\/product\/697839\/revisions"}],"predecessor-version":[{"id":697840,"href":"https:\/\/bandelin.com\/nl\/wp-json\/wp\/v2\/product\/697839\/revisions\/697840"}],"wp:featuredmedia":[{"embeddable":true,"href":"https:\/\/bandelin.com\/nl\/wp-json\/wp\/v2\/media\/697841"}],"wp:attachment":[{"href":"https:\/\/bandelin.com\/nl\/wp-json\/wp\/v2\/media?parent=697839"}],"wp:term":[{"taxonomy":"product_brand","embeddable":true,"href":"https:\/\/bandelin.com\/nl\/wp-json\/wp\/v2\/product_brand?post=697839"},{"taxonomy":"product_cat","embeddable":true,"href":"https:\/\/bandelin.com\/nl\/wp-json\/wp\/v2\/product_cat?post=697839"},{"taxonomy":"product_tag","embeddable":true,"href":"https:\/\/bandelin.com\/nl\/wp-json\/wp\/v2\/product_tag?post=697839"}],"curies":[{"name":"wp","href":"https:\/\/api.w.org\/{rel}","templated":true}]}}