{"id":698678,"date":"2026-05-07T21:54:47","date_gmt":"2026-05-07T19:54:47","guid":{"rendered":"https:\/\/bandelin.com\/shop\/unkategorisiert\/sonorex-k-40-einhaengekorb\/"},"modified":"2026-05-11T01:55:08","modified_gmt":"2026-05-10T23:55:08","slug":"sonorex-k-40-hangende-mand","status":"publish","type":"product","link":"https:\/\/bandelin.com\/nl\/shop\/sonorex-ultraschallbaeder\/zubehoer-sonorex-ultraschallbaeder\/sonorex-k-40-einhaengekorb\/","title":{"rendered":"SONOREX K 40 verende mand"},"content":{"rendered":"<p>Voor het vasthouden van geluidsversterkend materiaal; gemaakt van roestvrij staal<br \/>\n  Tijdens de ultrasone werking mag er niets op de bodem van de tank worden geplaatst, omdat dit slijtage tussen het sonicatiemateriaal en de ultrasone oscillerende tank kan veroorzaken. Daarom wordt aanbevolen een geschikte mand te gebruiken om het sonicatiemateriaal in te bewaren. De BANDELIN korven zijn zo ontworpen dat het sonicatiemateriaal zich altijd in het optimale gebied van het cavitatieveld (1-2 cm van de vloer) in de oscillerende tank bevindt. Met behulp van een mandje kan het sonicatiemateriaal ook gemakkelijk in het apparaat worden geplaatst en na gebruik worden verwijderd, bijvoorbeeld om te spoelen, zonder dat de gebruiker in contact komt met de sonicatievloeistof in de oscillerende tank.<\/p>","protected":false},"excerpt":{"rendered":"<p>Geschikt voor RK 1040, DT 1040<\/p>","protected":false},"featured_media":698680,"template":"","meta":{"_acf_changed":false},"product_brand":[],"product_cat":[14412,14195],"product_tag":[14609,11738,11278],"class_list":{"0":"post-698678","1":"product","2":"type-product","3":"status-publish","4":"has-post-thumbnail","6":"product_cat-zubehoer-sonorex-ultraschallbaeder","7":"product_cat-sonorex-ultraschallbaeder","8":"product_tag-sonorex-ultraschallbaeder-zubehoer","9":"product_tag-kompakt","10":"product_tag-korb","11":"pa_bestellnummer-123-2","12":"pa_ce-kennzeichnung-medizinprodukte-klasse-i-2017-745-eu-2","13":"pa_griffe-ja","14":"pa_innenmass-b-mm-480-2","15":"pa_innenmass-l-mm-480-2","16":"pa_innenmass-t-mm-14322","17":"pa_maschenweite-mm-125-x-125-2","18":"pa_nutzlast-kg-10-2","19":"pa_passend-zu-rk-1040-2","20":"pa_verpackung-breite-mm-480-2","21":"pa_verpackung-hoehe-mm-50-3","22":"pa_verpackung-laenge-mm-480-2","24":"first","25":"instock","26":"taxable","27":"shipping-taxable","28":"purchasable","29":"product-type-simple"},"acf":[],"yoast_head":"<!-- This site is optimized with the Yoast SEO plugin v27.5 - https:\/\/yoast.com\/product\/yoast-seo-wordpress\/ -->\n<title>SONOREX K 40 Einh\u00e4ngekorb | BANDELIN electronic GmbH &amp; Co. KG<\/title>\n<meta name=\"description\" content=\"Informationen Sie sich \u00fcber SONOREX K 40 Einh\u00e4ngekorb | Hochwertige Ultraschallb\u00e4der f\u00fcr Medizin und Industrie von Bandelin Electronic seit 1955.\" \/>\n<meta name=\"robots\" content=\"index, follow, max-snippet:-1, max-image-preview:large, max-video-preview:-1\" \/>\n<link rel=\"canonical\" href=\"https:\/\/bandelin.com\/nl\/winkelen\/sonorex-ultrasoon-baden\/accessoires-sonorex-ultrasoonbaden\/sonorex-k-40-hangende-mand\/\" \/>\n<meta property=\"og:locale\" content=\"nl_NL\" \/>\n<meta property=\"og:type\" content=\"article\" \/>\n<meta property=\"og:title\" content=\"SONOREX K 40 Einh\u00e4ngekorb | BANDELIN electronic GmbH &amp; Co. KG\" \/>\n<meta property=\"og:description\" content=\"Informationen Sie sich \u00fcber SONOREX K 40 Einh\u00e4ngekorb | Hochwertige Ultraschallb\u00e4der f\u00fcr Medizin und Industrie von Bandelin Electronic seit 1955.\" \/>\n<meta property=\"og:url\" content=\"https:\/\/bandelin.com\/nl\/winkelen\/sonorex-ultrasoon-baden\/accessoires-sonorex-ultrasoonbaden\/sonorex-k-40-hangende-mand\/\" \/>\n<meta property=\"og:site_name\" content=\"BANDELIN electronic GmbH &amp; Co. KG\" \/>\n<meta property=\"article:publisher\" content=\"https:\/\/de-de.facebook.com\/bandelin.electronic\/\" \/>\n<meta property=\"article:modified_time\" content=\"2026-05-10T23:55:08+00:00\" \/>\n<meta property=\"og:image\" content=\"https:\/\/bandelin.com\/wp-content\/uploads\/Produktfoto_K_40-4-scaled.jpg\" \/>\n\t<meta property=\"og:image:width\" content=\"2048\" \/>\n\t<meta property=\"og:image:height\" content=\"2048\" \/>\n\t<meta property=\"og:image:type\" content=\"image\/jpeg\" \/>\n<meta name=\"twitter:card\" content=\"summary_large_image\" \/>\n<meta name=\"twitter:label1\" content=\"Geschatte leestijd\" \/>\n\t<meta name=\"twitter:data1\" content=\"1 minuut\" \/>\n<script type=\"application\/ld+json\" class=\"yoast-schema-graph\">{\"@context\":\"https:\\\/\\\/schema.org\",\"@graph\":[{\"@type\":\"WebPage\",\"@id\":\"https:\\\/\\\/bandelin.com\\\/shop\\\/sonorex-ultraschallbaeder\\\/zubehoer-sonorex-ultraschallbaeder\\\/sonorex-k-40-einhaengekorb\\\/\",\"url\":\"https:\\\/\\\/bandelin.com\\\/shop\\\/sonorex-ultraschallbaeder\\\/zubehoer-sonorex-ultraschallbaeder\\\/sonorex-k-40-einhaengekorb\\\/\",\"name\":\"SONOREX K 40 Einh\u00e4ngekorb | BANDELIN electronic GmbH &amp; Co. KG\",\"isPartOf\":{\"@id\":\"https:\\\/\\\/bvted2iv.myrdbx.io\\\/#website\"},\"primaryImageOfPage\":{\"@id\":\"https:\\\/\\\/bandelin.com\\\/shop\\\/sonorex-ultraschallbaeder\\\/zubehoer-sonorex-ultraschallbaeder\\\/sonorex-k-40-einhaengekorb\\\/#primaryimage\"},\"image\":{\"@id\":\"https:\\\/\\\/bandelin.com\\\/shop\\\/sonorex-ultraschallbaeder\\\/zubehoer-sonorex-ultraschallbaeder\\\/sonorex-k-40-einhaengekorb\\\/#primaryimage\"},\"thumbnailUrl\":\"https:\\\/\\\/bandelin.com\\\/wp-content\\\/uploads\\\/Produktfoto_K_40-4-scaled.jpg\",\"datePublished\":\"2026-05-07T19:54:47+00:00\",\"dateModified\":\"2026-05-10T23:55:08+00:00\",\"description\":\"Informationen Sie sich \u00fcber SONOREX K 40 Einh\u00e4ngekorb | Hochwertige Ultraschallb\u00e4der f\u00fcr Medizin und Industrie von Bandelin Electronic seit 1955.\",\"breadcrumb\":{\"@id\":\"https:\\\/\\\/bandelin.com\\\/shop\\\/sonorex-ultraschallbaeder\\\/zubehoer-sonorex-ultraschallbaeder\\\/sonorex-k-40-einhaengekorb\\\/#breadcrumb\"},\"inLanguage\":\"nl-NL\",\"potentialAction\":[{\"@type\":\"ReadAction\",\"target\":[\"https:\\\/\\\/bandelin.com\\\/shop\\\/sonorex-ultraschallbaeder\\\/zubehoer-sonorex-ultraschallbaeder\\\/sonorex-k-40-einhaengekorb\\\/\"]}]},{\"@type\":\"ImageObject\",\"inLanguage\":\"nl-NL\",\"@id\":\"https:\\\/\\\/bandelin.com\\\/shop\\\/sonorex-ultraschallbaeder\\\/zubehoer-sonorex-ultraschallbaeder\\\/sonorex-k-40-einhaengekorb\\\/#primaryimage\",\"url\":\"https:\\\/\\\/bandelin.com\\\/wp-content\\\/uploads\\\/Produktfoto_K_40-4-scaled.jpg\",\"contentUrl\":\"https:\\\/\\\/bandelin.com\\\/wp-content\\\/uploads\\\/Produktfoto_K_40-4-scaled.jpg\",\"width\":2048,\"height\":2048,\"caption\":\"SONOREX K 40 Einh\u00e4ngekorb Bild\"},{\"@type\":\"BreadcrumbList\",\"@id\":\"https:\\\/\\\/bandelin.com\\\/shop\\\/sonorex-ultraschallbaeder\\\/zubehoer-sonorex-ultraschallbaeder\\\/sonorex-k-40-einhaengekorb\\\/#breadcrumb\",\"itemListElement\":[{\"@type\":\"ListItem\",\"position\":1,\"name\":\"Startseite\",\"item\":\"https:\\\/\\\/bandelin.com\\\/\"},{\"@type\":\"ListItem\",\"position\":2,\"name\":\"Shop\",\"item\":\"https:\\\/\\\/bandelin.com\\\/shop\\\/\"},{\"@type\":\"ListItem\",\"position\":3,\"name\":\"SONOREX K 40 Einh\u00e4ngekorb\"}]},{\"@type\":\"WebSite\",\"@id\":\"https:\\\/\\\/bvted2iv.myrdbx.io\\\/#website\",\"url\":\"https:\\\/\\\/bvted2iv.myrdbx.io\\\/\",\"name\":\"BANDELIN electronic GmbH & Co. KG\",\"description\":\"Ultraschall seit 1955\",\"publisher\":{\"@id\":\"https:\\\/\\\/bvted2iv.myrdbx.io\\\/#organization\"},\"potentialAction\":[{\"@type\":\"SearchAction\",\"target\":{\"@type\":\"EntryPoint\",\"urlTemplate\":\"https:\\\/\\\/bvted2iv.myrdbx.io\\\/?s={search_term_string}\"},\"query-input\":{\"@type\":\"PropertyValueSpecification\",\"valueRequired\":true,\"valueName\":\"search_term_string\"}}],\"inLanguage\":\"nl-NL\"},{\"@type\":\"Organization\",\"@id\":\"https:\\\/\\\/bvted2iv.myrdbx.io\\\/#organization\",\"name\":\"BANDELIN electronic GmbH & Co. KG\",\"url\":\"https:\\\/\\\/bvted2iv.myrdbx.io\\\/\",\"logo\":{\"@type\":\"ImageObject\",\"inLanguage\":\"nl-NL\",\"@id\":\"https:\\\/\\\/bvted2iv.myrdbx.io\\\/#\\\/schema\\\/logo\\\/image\\\/\",\"url\":\"\",\"contentUrl\":\"\",\"caption\":\"BANDELIN electronic GmbH & Co. KG\"},\"image\":{\"@id\":\"https:\\\/\\\/bvted2iv.myrdbx.io\\\/#\\\/schema\\\/logo\\\/image\\\/\"},\"sameAs\":[\"https:\\\/\\\/de-de.facebook.com\\\/bandelin.electronic\\\/\",\"https:\\\/\\\/www.instagram.com\\\/bandelin_ultrasonic\\\/?hl=de\",\"https:\\\/\\\/www.linkedin.com\\\/company\\\/bandelin-electronic-gmbh-amp-co-kg\",\"https:\\\/\\\/www.youtube.com\\\/channel\\\/UC5wTNrNxkwMmX-WzysQqw3g\"]}]}<\/script>\n<!-- \/ Yoast SEO plugin. -->","yoast_head_json":{"title":"SONOREX K 40 ophangmand | BANDELIN electronic GmbH &amp; Co. KG","description":"Lees meer over SONOREX K 40 hanging basket | Ultrasoonbaden van hoge kwaliteit voor geneeskunde en industrie van Bandelin Electronic sinds 1955.","robots":{"index":"index","follow":"follow","max-snippet":"max-snippet:-1","max-image-preview":"max-image-preview:large","max-video-preview":"max-video-preview:-1"},"canonical":"https:\/\/bandelin.com\/nl\/winkelen\/sonorex-ultrasoon-baden\/accessoires-sonorex-ultrasoonbaden\/sonorex-k-40-hangende-mand\/","og_locale":"nl_NL","og_type":"article","og_title":"SONOREX K 40 Einh\u00e4ngekorb | BANDELIN electronic GmbH &amp; Co. KG","og_description":"Informationen Sie sich \u00fcber SONOREX K 40 Einh\u00e4ngekorb | Hochwertige Ultraschallb\u00e4der f\u00fcr Medizin und Industrie von Bandelin Electronic seit 1955.","og_url":"https:\/\/bandelin.com\/nl\/winkelen\/sonorex-ultrasoon-baden\/accessoires-sonorex-ultrasoonbaden\/sonorex-k-40-hangende-mand\/","og_site_name":"BANDELIN electronic GmbH &amp; Co. KG","article_publisher":"https:\/\/de-de.facebook.com\/bandelin.electronic\/","article_modified_time":"2026-05-10T23:55:08+00:00","og_image":[{"width":2048,"height":2048,"url":"https:\/\/bandelin.com\/wp-content\/uploads\/Produktfoto_K_40-4-scaled.jpg","type":"image\/jpeg"}],"twitter_card":"summary_large_image","twitter_misc":{"Geschatte leestijd":"1 minuut"},"schema":{"@context":"https:\/\/schema.org","@graph":[{"@type":"WebPage","@id":"https:\/\/bandelin.com\/shop\/sonorex-ultraschallbaeder\/zubehoer-sonorex-ultraschallbaeder\/sonorex-k-40-einhaengekorb\/","url":"https:\/\/bandelin.com\/shop\/sonorex-ultraschallbaeder\/zubehoer-sonorex-ultraschallbaeder\/sonorex-k-40-einhaengekorb\/","name":"SONOREX K 40 ophangmand | BANDELIN electronic GmbH &amp; Co. KG","isPartOf":{"@id":"https:\/\/bvted2iv.myrdbx.io\/#website"},"primaryImageOfPage":{"@id":"https:\/\/bandelin.com\/shop\/sonorex-ultraschallbaeder\/zubehoer-sonorex-ultraschallbaeder\/sonorex-k-40-einhaengekorb\/#primaryimage"},"image":{"@id":"https:\/\/bandelin.com\/shop\/sonorex-ultraschallbaeder\/zubehoer-sonorex-ultraschallbaeder\/sonorex-k-40-einhaengekorb\/#primaryimage"},"thumbnailUrl":"https:\/\/bandelin.com\/wp-content\/uploads\/Produktfoto_K_40-4-scaled.jpg","datePublished":"2026-05-07T19:54:47+00:00","dateModified":"2026-05-10T23:55:08+00:00","description":"Lees meer over SONOREX K 40 hanging basket | Ultrasoonbaden van hoge kwaliteit voor geneeskunde en industrie van Bandelin Electronic sinds 1955.","breadcrumb":{"@id":"https:\/\/bandelin.com\/shop\/sonorex-ultraschallbaeder\/zubehoer-sonorex-ultraschallbaeder\/sonorex-k-40-einhaengekorb\/#breadcrumb"},"inLanguage":"nl-NL","potentialAction":[{"@type":"ReadAction","target":["https:\/\/bandelin.com\/shop\/sonorex-ultraschallbaeder\/zubehoer-sonorex-ultraschallbaeder\/sonorex-k-40-einhaengekorb\/"]}]},{"@type":"ImageObject","inLanguage":"nl-NL","@id":"https:\/\/bandelin.com\/shop\/sonorex-ultraschallbaeder\/zubehoer-sonorex-ultraschallbaeder\/sonorex-k-40-einhaengekorb\/#primaryimage","url":"https:\/\/bandelin.com\/wp-content\/uploads\/Produktfoto_K_40-4-scaled.jpg","contentUrl":"https:\/\/bandelin.com\/wp-content\/uploads\/Produktfoto_K_40-4-scaled.jpg","width":2048,"height":2048,"caption":"SONOREX K 40 Einh\u00e4ngekorb Bild"},{"@type":"BreadcrumbList","@id":"https:\/\/bandelin.com\/shop\/sonorex-ultraschallbaeder\/zubehoer-sonorex-ultraschallbaeder\/sonorex-k-40-einhaengekorb\/#breadcrumb","itemListElement":[{"@type":"ListItem","position":1,"name":"Startseite","item":"https:\/\/bandelin.com\/"},{"@type":"ListItem","position":2,"name":"Shop","item":"https:\/\/bandelin.com\/shop\/"},{"@type":"ListItem","position":3,"name":"SONOREX K 40 Einh\u00e4ngekorb"}]},{"@type":"WebSite","@id":"https:\/\/bvted2iv.myrdbx.io\/#website","url":"https:\/\/bvted2iv.myrdbx.io\/","name":"BANDELIN electronic GmbH &amp; Co. KG","description":"Echografie sinds 1955","publisher":{"@id":"https:\/\/bvted2iv.myrdbx.io\/#organization"},"potentialAction":[{"@type":"SearchAction","target":{"@type":"EntryPoint","urlTemplate":"https:\/\/bvted2iv.myrdbx.io\/?s={search_term_string}"},"query-input":{"@type":"PropertyValueSpecification","valueRequired":true,"valueName":"search_term_string"}}],"inLanguage":"nl-NL"},{"@type":"Organization","@id":"https:\/\/bvted2iv.myrdbx.io\/#organization","name":"BANDELIN electronic GmbH &amp; Co. KG","url":"https:\/\/bvted2iv.myrdbx.io\/","logo":{"@type":"ImageObject","inLanguage":"nl-NL","@id":"https:\/\/bvted2iv.myrdbx.io\/#\/schema\/logo\/image\/","url":"","contentUrl":"","caption":"BANDELIN electronic GmbH & Co. KG"},"image":{"@id":"https:\/\/bvted2iv.myrdbx.io\/#\/schema\/logo\/image\/"},"sameAs":["https:\/\/de-de.facebook.com\/bandelin.electronic\/","https:\/\/www.instagram.com\/bandelin_ultrasonic\/?hl=de","https:\/\/www.linkedin.com\/company\/bandelin-electronic-gmbh-amp-co-kg","https:\/\/www.youtube.com\/channel\/UC5wTNrNxkwMmX-WzysQqw3g"]}]}},"_links":{"self":[{"href":"https:\/\/bandelin.com\/nl\/wp-json\/wp\/v2\/product\/698678","targetHints":{"allow":["GET"]}}],"collection":[{"href":"https:\/\/bandelin.com\/nl\/wp-json\/wp\/v2\/product"}],"about":[{"href":"https:\/\/bandelin.com\/nl\/wp-json\/wp\/v2\/types\/product"}],"version-history":[{"count":2,"href":"https:\/\/bandelin.com\/nl\/wp-json\/wp\/v2\/product\/698678\/revisions"}],"predecessor-version":[{"id":698681,"href":"https:\/\/bandelin.com\/nl\/wp-json\/wp\/v2\/product\/698678\/revisions\/698681"}],"wp:featuredmedia":[{"embeddable":true,"href":"https:\/\/bandelin.com\/nl\/wp-json\/wp\/v2\/media\/698680"}],"wp:attachment":[{"href":"https:\/\/bandelin.com\/nl\/wp-json\/wp\/v2\/media?parent=698678"}],"wp:term":[{"taxonomy":"product_brand","embeddable":true,"href":"https:\/\/bandelin.com\/nl\/wp-json\/wp\/v2\/product_brand?post=698678"},{"taxonomy":"product_cat","embeddable":true,"href":"https:\/\/bandelin.com\/nl\/wp-json\/wp\/v2\/product_cat?post=698678"},{"taxonomy":"product_tag","embeddable":true,"href":"https:\/\/bandelin.com\/nl\/wp-json\/wp\/v2\/product_tag?post=698678"}],"curies":[{"name":"wp","href":"https:\/\/api.w.org\/{rel}","templated":true}]}}