{"id":698866,"date":"2026-05-07T21:59:37","date_gmt":"2026-05-07T19:59:37","guid":{"rendered":"https:\/\/bandelin.com\/shop\/unkategorisiert\/sonorex-sw-58-z-einbau-spuelwanne\/"},"modified":"2026-05-09T20:27:49","modified_gmt":"2026-05-09T18:27:49","slug":"sonorex-sw-58-z-inbouwreservoir","status":"publish","type":"product","link":"https:\/\/bandelin.com\/nl\/shop\/sonorex-einbau-ultraschallbaeder\/zubehoer-sonorex-einbau-ultraschallbaeder\/sonorex-sw-58-z-einbau-spuelwanne\/","title":{"rendered":"SONOREX SW 58 Z Inbouw afwasbak"},"content":{"rendered":"<p>Spoeltank voor installatie zonder ultrasoonapparatuur voor het spoelen van de reinigingsvoorwerpen na de ultrasoonreiniging.<\/p>","protected":false},"excerpt":{"rendered":"<p>Interne afmetingen: 600 x 400 x 200\/220 mm<\/p>","protected":false},"featured_media":698868,"template":"","meta":{"_acf_changed":false},"product_brand":[],"product_cat":[14440,12001],"product_tag":[14610,6528],"class_list":{"0":"post-698866","1":"product","2":"type-product","3":"status-publish","4":"has-post-thumbnail","6":"product_cat-zubehoer-sonorex-einbau-ultraschallbaeder","7":"product_cat-sonorex-einbau-ultraschallbaeder","8":"product_tag-sonorex-einbau-ultraschallbaeder-zubehoer","9":"product_tag-verbrauchsmaterial","10":"pa_ablauf-sicke-1-","11":"pa_arbeitsinhalt-l-14441","12":"pa_aussenmass-schwingw-b-mm-460-2","13":"pa_aussenmass-schwingw-h-mm-270-290-2","14":"pa_aussenmass-schwingw-l-mm-660-2","15":"pa_bestellnummer-3049-2","16":"pa_form-der-wannenecken-abgerundet","17":"pa_fuellstandsmarkierung-ja","18":"pa_inhalt-l-14433","19":"pa_innenmass-b-mm-400-2","20":"pa_innenmass-l-mm-600-2","21":"pa_innenmass-t-mm-200-220","22":"pa_wannenboden-geneigt","23":"pa_wannenmaterial-edelstahl-1-4404","24":"pa_wannenstaerke-mm-14422","26":"first","27":"onbackorder","28":"taxable","29":"shipping-taxable","30":"purchasable","31":"product-type-simple"},"acf":[],"yoast_head":"<!-- This site is optimized with the Yoast SEO plugin v27.5 - https:\/\/yoast.com\/product\/yoast-seo-wordpress\/ -->\n<title>SONOREX SW 58 Z Einbau-Sp\u00fclwanne | BANDELIN electronic GmbH &amp; Co. KG<\/title>\n<meta name=\"description\" content=\"Informationen Sie sich \u00fcber SONOREX SW 58 Z Einbau-Sp\u00fclwanne | Hochwertige Ultraschallb\u00e4der f\u00fcr Medizin und Industrie von Bandelin Electronic seit 1955.\" \/>\n<meta name=\"robots\" content=\"index, follow, max-snippet:-1, max-image-preview:large, max-video-preview:-1\" \/>\n<link rel=\"canonical\" href=\"https:\/\/bandelin.com\/nl\/winkelen\/sonorex-ingebouwde-ultrasoon-baden\/accessoires-sonorex-installatie-ultrasoon-baden\/sonorex-sw-58-z-inbouwreservoir\/\" \/>\n<meta property=\"og:locale\" content=\"nl_NL\" \/>\n<meta property=\"og:type\" content=\"article\" \/>\n<meta property=\"og:title\" content=\"SONOREX SW 58 Z Einbau-Sp\u00fclwanne | BANDELIN electronic GmbH &amp; Co. KG\" \/>\n<meta property=\"og:description\" content=\"Informationen Sie sich \u00fcber SONOREX SW 58 Z Einbau-Sp\u00fclwanne | Hochwertige Ultraschallb\u00e4der f\u00fcr Medizin und Industrie von Bandelin Electronic seit 1955.\" \/>\n<meta property=\"og:url\" content=\"https:\/\/bandelin.com\/nl\/winkelen\/sonorex-ingebouwde-ultrasoon-baden\/accessoires-sonorex-installatie-ultrasoon-baden\/sonorex-sw-58-z-inbouwreservoir\/\" \/>\n<meta property=\"og:site_name\" content=\"BANDELIN electronic GmbH &amp; Co. KG\" \/>\n<meta property=\"article:publisher\" content=\"https:\/\/de-de.facebook.com\/bandelin.electronic\/\" \/>\n<meta property=\"article:modified_time\" content=\"2026-05-09T18:27:49+00:00\" \/>\n<meta property=\"og:image\" content=\"https:\/\/bandelin.com\/wp-content\/uploads\/Produktfoto_SW_58_Z-4-scaled.jpg\" \/>\n\t<meta property=\"og:image:width\" content=\"2048\" \/>\n\t<meta property=\"og:image:height\" content=\"2048\" \/>\n\t<meta property=\"og:image:type\" content=\"image\/jpeg\" \/>\n<meta name=\"twitter:card\" content=\"summary_large_image\" \/>\n<script type=\"application\/ld+json\" class=\"yoast-schema-graph\">{\"@context\":\"https:\\\/\\\/schema.org\",\"@graph\":[{\"@type\":\"WebPage\",\"@id\":\"https:\\\/\\\/bandelin.com\\\/shop\\\/sonorex-einbau-ultraschallbaeder\\\/zubehoer-sonorex-einbau-ultraschallbaeder\\\/sonorex-sw-58-z-einbau-spuelwanne\\\/\",\"url\":\"https:\\\/\\\/bandelin.com\\\/shop\\\/sonorex-einbau-ultraschallbaeder\\\/zubehoer-sonorex-einbau-ultraschallbaeder\\\/sonorex-sw-58-z-einbau-spuelwanne\\\/\",\"name\":\"SONOREX SW 58 Z Einbau-Sp\u00fclwanne | BANDELIN electronic GmbH &amp; Co. KG\",\"isPartOf\":{\"@id\":\"https:\\\/\\\/bvted2iv.myrdbx.io\\\/#website\"},\"primaryImageOfPage\":{\"@id\":\"https:\\\/\\\/bandelin.com\\\/shop\\\/sonorex-einbau-ultraschallbaeder\\\/zubehoer-sonorex-einbau-ultraschallbaeder\\\/sonorex-sw-58-z-einbau-spuelwanne\\\/#primaryimage\"},\"image\":{\"@id\":\"https:\\\/\\\/bandelin.com\\\/shop\\\/sonorex-einbau-ultraschallbaeder\\\/zubehoer-sonorex-einbau-ultraschallbaeder\\\/sonorex-sw-58-z-einbau-spuelwanne\\\/#primaryimage\"},\"thumbnailUrl\":\"https:\\\/\\\/bandelin.com\\\/wp-content\\\/uploads\\\/Produktfoto_SW_58_Z-4-scaled.jpg\",\"datePublished\":\"2026-05-07T19:59:37+00:00\",\"dateModified\":\"2026-05-09T18:27:49+00:00\",\"description\":\"Informationen Sie sich \u00fcber SONOREX SW 58 Z Einbau-Sp\u00fclwanne | Hochwertige Ultraschallb\u00e4der f\u00fcr Medizin und Industrie von Bandelin Electronic seit 1955.\",\"breadcrumb\":{\"@id\":\"https:\\\/\\\/bandelin.com\\\/shop\\\/sonorex-einbau-ultraschallbaeder\\\/zubehoer-sonorex-einbau-ultraschallbaeder\\\/sonorex-sw-58-z-einbau-spuelwanne\\\/#breadcrumb\"},\"inLanguage\":\"nl-NL\",\"potentialAction\":[{\"@type\":\"ReadAction\",\"target\":[\"https:\\\/\\\/bandelin.com\\\/shop\\\/sonorex-einbau-ultraschallbaeder\\\/zubehoer-sonorex-einbau-ultraschallbaeder\\\/sonorex-sw-58-z-einbau-spuelwanne\\\/\"]}]},{\"@type\":\"ImageObject\",\"inLanguage\":\"nl-NL\",\"@id\":\"https:\\\/\\\/bandelin.com\\\/shop\\\/sonorex-einbau-ultraschallbaeder\\\/zubehoer-sonorex-einbau-ultraschallbaeder\\\/sonorex-sw-58-z-einbau-spuelwanne\\\/#primaryimage\",\"url\":\"https:\\\/\\\/bandelin.com\\\/wp-content\\\/uploads\\\/Produktfoto_SW_58_Z-4-scaled.jpg\",\"contentUrl\":\"https:\\\/\\\/bandelin.com\\\/wp-content\\\/uploads\\\/Produktfoto_SW_58_Z-4-scaled.jpg\",\"width\":2048,\"height\":2048,\"caption\":\"SONOREX SW 58 Z Einbau-Sp\u00fclwanne Bild\"},{\"@type\":\"BreadcrumbList\",\"@id\":\"https:\\\/\\\/bandelin.com\\\/shop\\\/sonorex-einbau-ultraschallbaeder\\\/zubehoer-sonorex-einbau-ultraschallbaeder\\\/sonorex-sw-58-z-einbau-spuelwanne\\\/#breadcrumb\",\"itemListElement\":[{\"@type\":\"ListItem\",\"position\":1,\"name\":\"Startseite\",\"item\":\"https:\\\/\\\/bandelin.com\\\/\"},{\"@type\":\"ListItem\",\"position\":2,\"name\":\"Shop\",\"item\":\"https:\\\/\\\/bandelin.com\\\/shop\\\/\"},{\"@type\":\"ListItem\",\"position\":3,\"name\":\"SONOREX SW 58 Z Einbau-Sp\u00fclwanne\"}]},{\"@type\":\"WebSite\",\"@id\":\"https:\\\/\\\/bvted2iv.myrdbx.io\\\/#website\",\"url\":\"https:\\\/\\\/bvted2iv.myrdbx.io\\\/\",\"name\":\"BANDELIN electronic GmbH & Co. KG\",\"description\":\"Ultraschall seit 1955\",\"publisher\":{\"@id\":\"https:\\\/\\\/bvted2iv.myrdbx.io\\\/#organization\"},\"potentialAction\":[{\"@type\":\"SearchAction\",\"target\":{\"@type\":\"EntryPoint\",\"urlTemplate\":\"https:\\\/\\\/bvted2iv.myrdbx.io\\\/?s={search_term_string}\"},\"query-input\":{\"@type\":\"PropertyValueSpecification\",\"valueRequired\":true,\"valueName\":\"search_term_string\"}}],\"inLanguage\":\"nl-NL\"},{\"@type\":\"Organization\",\"@id\":\"https:\\\/\\\/bvted2iv.myrdbx.io\\\/#organization\",\"name\":\"BANDELIN electronic GmbH & Co. KG\",\"url\":\"https:\\\/\\\/bvted2iv.myrdbx.io\\\/\",\"logo\":{\"@type\":\"ImageObject\",\"inLanguage\":\"nl-NL\",\"@id\":\"https:\\\/\\\/bvted2iv.myrdbx.io\\\/#\\\/schema\\\/logo\\\/image\\\/\",\"url\":\"\",\"contentUrl\":\"\",\"caption\":\"BANDELIN electronic GmbH & Co. KG\"},\"image\":{\"@id\":\"https:\\\/\\\/bvted2iv.myrdbx.io\\\/#\\\/schema\\\/logo\\\/image\\\/\"},\"sameAs\":[\"https:\\\/\\\/de-de.facebook.com\\\/bandelin.electronic\\\/\",\"https:\\\/\\\/www.instagram.com\\\/bandelin_ultrasonic\\\/?hl=de\",\"https:\\\/\\\/www.linkedin.com\\\/company\\\/bandelin-electronic-gmbh-amp-co-kg\",\"https:\\\/\\\/www.youtube.com\\\/channel\\\/UC5wTNrNxkwMmX-WzysQqw3g\"]}]}<\/script>\n<!-- \/ Yoast SEO plugin. -->","yoast_head_json":{"title":"SONOREX SW 58 Z inbouwreservoir | BANDELIN electronic GmbH &amp; Co. KG","description":"Lees meer over SONOREX SW 58 Z ingebouwde spoeltank | Ultrasoonbaden van hoge kwaliteit voor geneeskunde en industrie van Bandelin Electronic sinds 1955.","robots":{"index":"index","follow":"follow","max-snippet":"max-snippet:-1","max-image-preview":"max-image-preview:large","max-video-preview":"max-video-preview:-1"},"canonical":"https:\/\/bandelin.com\/nl\/winkelen\/sonorex-ingebouwde-ultrasoon-baden\/accessoires-sonorex-installatie-ultrasoon-baden\/sonorex-sw-58-z-inbouwreservoir\/","og_locale":"nl_NL","og_type":"article","og_title":"SONOREX SW 58 Z Einbau-Sp\u00fclwanne | BANDELIN electronic GmbH &amp; Co. KG","og_description":"Informationen Sie sich \u00fcber SONOREX SW 58 Z Einbau-Sp\u00fclwanne | Hochwertige Ultraschallb\u00e4der f\u00fcr Medizin und Industrie von Bandelin Electronic seit 1955.","og_url":"https:\/\/bandelin.com\/nl\/winkelen\/sonorex-ingebouwde-ultrasoon-baden\/accessoires-sonorex-installatie-ultrasoon-baden\/sonorex-sw-58-z-inbouwreservoir\/","og_site_name":"BANDELIN electronic GmbH &amp; Co. KG","article_publisher":"https:\/\/de-de.facebook.com\/bandelin.electronic\/","article_modified_time":"2026-05-09T18:27:49+00:00","og_image":[{"width":2048,"height":2048,"url":"https:\/\/bandelin.com\/wp-content\/uploads\/Produktfoto_SW_58_Z-4-scaled.jpg","type":"image\/jpeg"}],"twitter_card":"summary_large_image","schema":{"@context":"https:\/\/schema.org","@graph":[{"@type":"WebPage","@id":"https:\/\/bandelin.com\/shop\/sonorex-einbau-ultraschallbaeder\/zubehoer-sonorex-einbau-ultraschallbaeder\/sonorex-sw-58-z-einbau-spuelwanne\/","url":"https:\/\/bandelin.com\/shop\/sonorex-einbau-ultraschallbaeder\/zubehoer-sonorex-einbau-ultraschallbaeder\/sonorex-sw-58-z-einbau-spuelwanne\/","name":"SONOREX SW 58 Z inbouwreservoir | BANDELIN electronic GmbH &amp; Co. KG","isPartOf":{"@id":"https:\/\/bvted2iv.myrdbx.io\/#website"},"primaryImageOfPage":{"@id":"https:\/\/bandelin.com\/shop\/sonorex-einbau-ultraschallbaeder\/zubehoer-sonorex-einbau-ultraschallbaeder\/sonorex-sw-58-z-einbau-spuelwanne\/#primaryimage"},"image":{"@id":"https:\/\/bandelin.com\/shop\/sonorex-einbau-ultraschallbaeder\/zubehoer-sonorex-einbau-ultraschallbaeder\/sonorex-sw-58-z-einbau-spuelwanne\/#primaryimage"},"thumbnailUrl":"https:\/\/bandelin.com\/wp-content\/uploads\/Produktfoto_SW_58_Z-4-scaled.jpg","datePublished":"2026-05-07T19:59:37+00:00","dateModified":"2026-05-09T18:27:49+00:00","description":"Lees meer over SONOREX SW 58 Z ingebouwde spoeltank | Ultrasoonbaden van hoge kwaliteit voor geneeskunde en industrie van Bandelin Electronic sinds 1955.","breadcrumb":{"@id":"https:\/\/bandelin.com\/shop\/sonorex-einbau-ultraschallbaeder\/zubehoer-sonorex-einbau-ultraschallbaeder\/sonorex-sw-58-z-einbau-spuelwanne\/#breadcrumb"},"inLanguage":"nl-NL","potentialAction":[{"@type":"ReadAction","target":["https:\/\/bandelin.com\/shop\/sonorex-einbau-ultraschallbaeder\/zubehoer-sonorex-einbau-ultraschallbaeder\/sonorex-sw-58-z-einbau-spuelwanne\/"]}]},{"@type":"ImageObject","inLanguage":"nl-NL","@id":"https:\/\/bandelin.com\/shop\/sonorex-einbau-ultraschallbaeder\/zubehoer-sonorex-einbau-ultraschallbaeder\/sonorex-sw-58-z-einbau-spuelwanne\/#primaryimage","url":"https:\/\/bandelin.com\/wp-content\/uploads\/Produktfoto_SW_58_Z-4-scaled.jpg","contentUrl":"https:\/\/bandelin.com\/wp-content\/uploads\/Produktfoto_SW_58_Z-4-scaled.jpg","width":2048,"height":2048,"caption":"SONOREX SW 58 Z Einbau-Sp\u00fclwanne Bild"},{"@type":"BreadcrumbList","@id":"https:\/\/bandelin.com\/shop\/sonorex-einbau-ultraschallbaeder\/zubehoer-sonorex-einbau-ultraschallbaeder\/sonorex-sw-58-z-einbau-spuelwanne\/#breadcrumb","itemListElement":[{"@type":"ListItem","position":1,"name":"Startseite","item":"https:\/\/bandelin.com\/"},{"@type":"ListItem","position":2,"name":"Shop","item":"https:\/\/bandelin.com\/shop\/"},{"@type":"ListItem","position":3,"name":"SONOREX SW 58 Z Einbau-Sp\u00fclwanne"}]},{"@type":"WebSite","@id":"https:\/\/bvted2iv.myrdbx.io\/#website","url":"https:\/\/bvted2iv.myrdbx.io\/","name":"BANDELIN electronic GmbH &amp; Co. KG","description":"Echografie sinds 1955","publisher":{"@id":"https:\/\/bvted2iv.myrdbx.io\/#organization"},"potentialAction":[{"@type":"SearchAction","target":{"@type":"EntryPoint","urlTemplate":"https:\/\/bvted2iv.myrdbx.io\/?s={search_term_string}"},"query-input":{"@type":"PropertyValueSpecification","valueRequired":true,"valueName":"search_term_string"}}],"inLanguage":"nl-NL"},{"@type":"Organization","@id":"https:\/\/bvted2iv.myrdbx.io\/#organization","name":"BANDELIN electronic GmbH &amp; Co. KG","url":"https:\/\/bvted2iv.myrdbx.io\/","logo":{"@type":"ImageObject","inLanguage":"nl-NL","@id":"https:\/\/bvted2iv.myrdbx.io\/#\/schema\/logo\/image\/","url":"","contentUrl":"","caption":"BANDELIN electronic GmbH & Co. KG"},"image":{"@id":"https:\/\/bvted2iv.myrdbx.io\/#\/schema\/logo\/image\/"},"sameAs":["https:\/\/de-de.facebook.com\/bandelin.electronic\/","https:\/\/www.instagram.com\/bandelin_ultrasonic\/?hl=de","https:\/\/www.linkedin.com\/company\/bandelin-electronic-gmbh-amp-co-kg","https:\/\/www.youtube.com\/channel\/UC5wTNrNxkwMmX-WzysQqw3g"]}]}},"_links":{"self":[{"href":"https:\/\/bandelin.com\/nl\/wp-json\/wp\/v2\/product\/698866","targetHints":{"allow":["GET"]}}],"collection":[{"href":"https:\/\/bandelin.com\/nl\/wp-json\/wp\/v2\/product"}],"about":[{"href":"https:\/\/bandelin.com\/nl\/wp-json\/wp\/v2\/types\/product"}],"version-history":[{"count":2,"href":"https:\/\/bandelin.com\/nl\/wp-json\/wp\/v2\/product\/698866\/revisions"}],"predecessor-version":[{"id":698869,"href":"https:\/\/bandelin.com\/nl\/wp-json\/wp\/v2\/product\/698866\/revisions\/698869"}],"wp:featuredmedia":[{"embeddable":true,"href":"https:\/\/bandelin.com\/nl\/wp-json\/wp\/v2\/media\/698868"}],"wp:attachment":[{"href":"https:\/\/bandelin.com\/nl\/wp-json\/wp\/v2\/media?parent=698866"}],"wp:term":[{"taxonomy":"product_brand","embeddable":true,"href":"https:\/\/bandelin.com\/nl\/wp-json\/wp\/v2\/product_brand?post=698866"},{"taxonomy":"product_cat","embeddable":true,"href":"https:\/\/bandelin.com\/nl\/wp-json\/wp\/v2\/product_cat?post=698866"},{"taxonomy":"product_tag","embeddable":true,"href":"https:\/\/bandelin.com\/nl\/wp-json\/wp\/v2\/product_tag?post=698866"}],"curies":[{"name":"wp","href":"https:\/\/api.w.org\/{rel}","templated":true}]}}