{"id":699114,"date":"2026-05-07T22:07:10","date_gmt":"2026-05-07T20:07:10","guid":{"rendered":"https:\/\/bandelin.com\/shop\/unkategorisiert\/trison-ads-1000-adapter\/"},"modified":"2026-05-09T20:28:46","modified_gmt":"2026-05-09T18:28:46","slug":"trison-ads-1000-adapter","status":"publish","type":"product","link":"https:\/\/bandelin.com\/nl\/shop\/sonomic-ultraschallbaeder\/zubehoer-sonomic-ultraschallbaeder\/trison-ads-1000-adapter\/","title":{"rendered":"Adapter TRISON ADS 1000"},"content":{"rendered":"<p>Adapter om MIS-instrumenten aan te sluiten op het spoelsysteem van SONOMIC ultrasoonbaden.<br \/>\n  Geschikt voor instrumenten met een buitendiameter van 3 - 10 mm.<\/p>","protected":false},"excerpt":{"rendered":"<p>Verpakkingseenheid 1 stuk<\/p>","protected":false},"featured_media":699116,"template":"","meta":{"_acf_changed":false},"product_brand":[],"product_cat":[14188,14487],"product_tag":[6528,14640],"class_list":{"0":"post-699114","1":"product","2":"type-product","3":"status-publish","4":"has-post-thumbnail","6":"product_cat-sonomic-ultraschallbaeder","7":"product_cat-zubehoer-sonomic-ultraschallbaeder","8":"product_tag-verbrauchsmaterial","9":"product_tag-sonomic-ultraschallbaeder-zubehoer","10":"pa_bestellnummer-13086","11":"pa_ce-kennzeichnung-medizinprodukte-klasse-i-2017-745-eu-2","13":"first","14":"instock","15":"taxable","16":"shipping-taxable","17":"purchasable","18":"product-type-simple"},"acf":[],"yoast_head":"<!-- This site is optimized with the Yoast SEO plugin v27.5 - https:\/\/yoast.com\/product\/yoast-seo-wordpress\/ -->\n<title>TRISON ADS 1000 Adapter | BANDELIN electronic GmbH &amp; Co. KG<\/title>\n<meta name=\"description\" content=\"Informationen Sie sich \u00fcber TRISON ADS 1000 Adapter | Hochwertige Ultraschallb\u00e4der f\u00fcr Medizin und Industrie von Bandelin Electronic seit 1955.\" \/>\n<meta name=\"robots\" content=\"index, follow, max-snippet:-1, max-image-preview:large, max-video-preview:-1\" \/>\n<link rel=\"canonical\" href=\"https:\/\/bandelin.com\/nl\/winkelen\/sonomische-ultrasoonbaden\/sonomic-accessoires-voor-ultrasoon-baden\/trison-ads-1000-adapter\/\" \/>\n<meta property=\"og:locale\" content=\"nl_NL\" \/>\n<meta property=\"og:type\" content=\"article\" \/>\n<meta property=\"og:title\" content=\"TRISON ADS 1000 Adapter | BANDELIN electronic GmbH &amp; Co. KG\" \/>\n<meta property=\"og:description\" content=\"Informationen Sie sich \u00fcber TRISON ADS 1000 Adapter | Hochwertige Ultraschallb\u00e4der f\u00fcr Medizin und Industrie von Bandelin Electronic seit 1955.\" \/>\n<meta property=\"og:url\" content=\"https:\/\/bandelin.com\/nl\/winkelen\/sonomische-ultrasoonbaden\/sonomic-accessoires-voor-ultrasoon-baden\/trison-ads-1000-adapter\/\" \/>\n<meta property=\"og:site_name\" content=\"BANDELIN electronic GmbH &amp; Co. KG\" \/>\n<meta property=\"article:publisher\" content=\"https:\/\/de-de.facebook.com\/bandelin.electronic\/\" \/>\n<meta property=\"article:modified_time\" content=\"2026-05-09T18:28:46+00:00\" \/>\n<meta property=\"og:image\" content=\"https:\/\/bandelin.com\/wp-content\/uploads\/Produktfoto_ADS_1000-8-scaled.jpg\" \/>\n\t<meta property=\"og:image:width\" content=\"2048\" \/>\n\t<meta property=\"og:image:height\" content=\"2048\" \/>\n\t<meta property=\"og:image:type\" content=\"image\/jpeg\" \/>\n<meta name=\"twitter:card\" content=\"summary_large_image\" \/>\n<script type=\"application\/ld+json\" class=\"yoast-schema-graph\">{\"@context\":\"https:\\\/\\\/schema.org\",\"@graph\":[{\"@type\":\"WebPage\",\"@id\":\"https:\\\/\\\/bandelin.com\\\/shop\\\/sonomic-ultraschallbaeder\\\/zubehoer-sonomic-ultraschallbaeder\\\/trison-ads-1000-adapter\\\/\",\"url\":\"https:\\\/\\\/bandelin.com\\\/shop\\\/sonomic-ultraschallbaeder\\\/zubehoer-sonomic-ultraschallbaeder\\\/trison-ads-1000-adapter\\\/\",\"name\":\"TRISON ADS 1000 Adapter | BANDELIN electronic GmbH &amp; Co. KG\",\"isPartOf\":{\"@id\":\"https:\\\/\\\/bvted2iv.myrdbx.io\\\/#website\"},\"primaryImageOfPage\":{\"@id\":\"https:\\\/\\\/bandelin.com\\\/shop\\\/sonomic-ultraschallbaeder\\\/zubehoer-sonomic-ultraschallbaeder\\\/trison-ads-1000-adapter\\\/#primaryimage\"},\"image\":{\"@id\":\"https:\\\/\\\/bandelin.com\\\/shop\\\/sonomic-ultraschallbaeder\\\/zubehoer-sonomic-ultraschallbaeder\\\/trison-ads-1000-adapter\\\/#primaryimage\"},\"thumbnailUrl\":\"https:\\\/\\\/bandelin.com\\\/wp-content\\\/uploads\\\/Produktfoto_ADS_1000-8-scaled.jpg\",\"datePublished\":\"2026-05-07T20:07:10+00:00\",\"dateModified\":\"2026-05-09T18:28:46+00:00\",\"description\":\"Informationen Sie sich \u00fcber TRISON ADS 1000 Adapter | Hochwertige Ultraschallb\u00e4der f\u00fcr Medizin und Industrie von Bandelin Electronic seit 1955.\",\"breadcrumb\":{\"@id\":\"https:\\\/\\\/bandelin.com\\\/shop\\\/sonomic-ultraschallbaeder\\\/zubehoer-sonomic-ultraschallbaeder\\\/trison-ads-1000-adapter\\\/#breadcrumb\"},\"inLanguage\":\"nl-NL\",\"potentialAction\":[{\"@type\":\"ReadAction\",\"target\":[\"https:\\\/\\\/bandelin.com\\\/shop\\\/sonomic-ultraschallbaeder\\\/zubehoer-sonomic-ultraschallbaeder\\\/trison-ads-1000-adapter\\\/\"]}]},{\"@type\":\"ImageObject\",\"inLanguage\":\"nl-NL\",\"@id\":\"https:\\\/\\\/bandelin.com\\\/shop\\\/sonomic-ultraschallbaeder\\\/zubehoer-sonomic-ultraschallbaeder\\\/trison-ads-1000-adapter\\\/#primaryimage\",\"url\":\"https:\\\/\\\/bandelin.com\\\/wp-content\\\/uploads\\\/Produktfoto_ADS_1000-8-scaled.jpg\",\"contentUrl\":\"https:\\\/\\\/bandelin.com\\\/wp-content\\\/uploads\\\/Produktfoto_ADS_1000-8-scaled.jpg\",\"width\":2048,\"height\":2048,\"caption\":\"TRISON ADS 1000 Adapter Bild\"},{\"@type\":\"BreadcrumbList\",\"@id\":\"https:\\\/\\\/bandelin.com\\\/shop\\\/sonomic-ultraschallbaeder\\\/zubehoer-sonomic-ultraschallbaeder\\\/trison-ads-1000-adapter\\\/#breadcrumb\",\"itemListElement\":[{\"@type\":\"ListItem\",\"position\":1,\"name\":\"Startseite\",\"item\":\"https:\\\/\\\/bandelin.com\\\/\"},{\"@type\":\"ListItem\",\"position\":2,\"name\":\"Shop\",\"item\":\"https:\\\/\\\/bandelin.com\\\/shop\\\/\"},{\"@type\":\"ListItem\",\"position\":3,\"name\":\"TRISON ADS 1000 Adapter\"}]},{\"@type\":\"WebSite\",\"@id\":\"https:\\\/\\\/bvted2iv.myrdbx.io\\\/#website\",\"url\":\"https:\\\/\\\/bvted2iv.myrdbx.io\\\/\",\"name\":\"BANDELIN electronic GmbH & Co. KG\",\"description\":\"Ultraschall seit 1955\",\"publisher\":{\"@id\":\"https:\\\/\\\/bvted2iv.myrdbx.io\\\/#organization\"},\"potentialAction\":[{\"@type\":\"SearchAction\",\"target\":{\"@type\":\"EntryPoint\",\"urlTemplate\":\"https:\\\/\\\/bvted2iv.myrdbx.io\\\/?s={search_term_string}\"},\"query-input\":{\"@type\":\"PropertyValueSpecification\",\"valueRequired\":true,\"valueName\":\"search_term_string\"}}],\"inLanguage\":\"nl-NL\"},{\"@type\":\"Organization\",\"@id\":\"https:\\\/\\\/bvted2iv.myrdbx.io\\\/#organization\",\"name\":\"BANDELIN electronic GmbH & Co. KG\",\"url\":\"https:\\\/\\\/bvted2iv.myrdbx.io\\\/\",\"logo\":{\"@type\":\"ImageObject\",\"inLanguage\":\"nl-NL\",\"@id\":\"https:\\\/\\\/bvted2iv.myrdbx.io\\\/#\\\/schema\\\/logo\\\/image\\\/\",\"url\":\"\",\"contentUrl\":\"\",\"caption\":\"BANDELIN electronic GmbH & Co. KG\"},\"image\":{\"@id\":\"https:\\\/\\\/bvted2iv.myrdbx.io\\\/#\\\/schema\\\/logo\\\/image\\\/\"},\"sameAs\":[\"https:\\\/\\\/de-de.facebook.com\\\/bandelin.electronic\\\/\",\"https:\\\/\\\/www.instagram.com\\\/bandelin_ultrasonic\\\/?hl=de\",\"https:\\\/\\\/www.linkedin.com\\\/company\\\/bandelin-electronic-gmbh-amp-co-kg\",\"https:\\\/\\\/www.youtube.com\\\/channel\\\/UC5wTNrNxkwMmX-WzysQqw3g\"]}]}<\/script>\n<!-- \/ Yoast SEO plugin. -->","yoast_head_json":{"title":"TRISON ADS 1000 Adapter | BANDELIN electronic GmbH &amp; Co. KG","description":"Meer informatie over TRISON ADS 1000 Adapter | Ultrasoonbaden van hoge kwaliteit voor geneeskunde en industrie van Bandelin Electronic sinds 1955.","robots":{"index":"index","follow":"follow","max-snippet":"max-snippet:-1","max-image-preview":"max-image-preview:large","max-video-preview":"max-video-preview:-1"},"canonical":"https:\/\/bandelin.com\/nl\/winkelen\/sonomische-ultrasoonbaden\/sonomic-accessoires-voor-ultrasoon-baden\/trison-ads-1000-adapter\/","og_locale":"nl_NL","og_type":"article","og_title":"TRISON ADS 1000 Adapter | BANDELIN electronic GmbH &amp; Co. KG","og_description":"Informationen Sie sich \u00fcber TRISON ADS 1000 Adapter | Hochwertige Ultraschallb\u00e4der f\u00fcr Medizin und Industrie von Bandelin Electronic seit 1955.","og_url":"https:\/\/bandelin.com\/nl\/winkelen\/sonomische-ultrasoonbaden\/sonomic-accessoires-voor-ultrasoon-baden\/trison-ads-1000-adapter\/","og_site_name":"BANDELIN electronic GmbH &amp; Co. KG","article_publisher":"https:\/\/de-de.facebook.com\/bandelin.electronic\/","article_modified_time":"2026-05-09T18:28:46+00:00","og_image":[{"width":2048,"height":2048,"url":"https:\/\/bandelin.com\/wp-content\/uploads\/Produktfoto_ADS_1000-8-scaled.jpg","type":"image\/jpeg"}],"twitter_card":"summary_large_image","schema":{"@context":"https:\/\/schema.org","@graph":[{"@type":"WebPage","@id":"https:\/\/bandelin.com\/shop\/sonomic-ultraschallbaeder\/zubehoer-sonomic-ultraschallbaeder\/trison-ads-1000-adapter\/","url":"https:\/\/bandelin.com\/shop\/sonomic-ultraschallbaeder\/zubehoer-sonomic-ultraschallbaeder\/trison-ads-1000-adapter\/","name":"TRISON ADS 1000 Adapter | BANDELIN electronic GmbH &amp; Co. KG","isPartOf":{"@id":"https:\/\/bvted2iv.myrdbx.io\/#website"},"primaryImageOfPage":{"@id":"https:\/\/bandelin.com\/shop\/sonomic-ultraschallbaeder\/zubehoer-sonomic-ultraschallbaeder\/trison-ads-1000-adapter\/#primaryimage"},"image":{"@id":"https:\/\/bandelin.com\/shop\/sonomic-ultraschallbaeder\/zubehoer-sonomic-ultraschallbaeder\/trison-ads-1000-adapter\/#primaryimage"},"thumbnailUrl":"https:\/\/bandelin.com\/wp-content\/uploads\/Produktfoto_ADS_1000-8-scaled.jpg","datePublished":"2026-05-07T20:07:10+00:00","dateModified":"2026-05-09T18:28:46+00:00","description":"Meer informatie over TRISON ADS 1000 Adapter | Ultrasoonbaden van hoge kwaliteit voor geneeskunde en industrie van Bandelin Electronic sinds 1955.","breadcrumb":{"@id":"https:\/\/bandelin.com\/shop\/sonomic-ultraschallbaeder\/zubehoer-sonomic-ultraschallbaeder\/trison-ads-1000-adapter\/#breadcrumb"},"inLanguage":"nl-NL","potentialAction":[{"@type":"ReadAction","target":["https:\/\/bandelin.com\/shop\/sonomic-ultraschallbaeder\/zubehoer-sonomic-ultraschallbaeder\/trison-ads-1000-adapter\/"]}]},{"@type":"ImageObject","inLanguage":"nl-NL","@id":"https:\/\/bandelin.com\/shop\/sonomic-ultraschallbaeder\/zubehoer-sonomic-ultraschallbaeder\/trison-ads-1000-adapter\/#primaryimage","url":"https:\/\/bandelin.com\/wp-content\/uploads\/Produktfoto_ADS_1000-8-scaled.jpg","contentUrl":"https:\/\/bandelin.com\/wp-content\/uploads\/Produktfoto_ADS_1000-8-scaled.jpg","width":2048,"height":2048,"caption":"TRISON ADS 1000 Adapter Bild"},{"@type":"BreadcrumbList","@id":"https:\/\/bandelin.com\/shop\/sonomic-ultraschallbaeder\/zubehoer-sonomic-ultraschallbaeder\/trison-ads-1000-adapter\/#breadcrumb","itemListElement":[{"@type":"ListItem","position":1,"name":"Startseite","item":"https:\/\/bandelin.com\/"},{"@type":"ListItem","position":2,"name":"Shop","item":"https:\/\/bandelin.com\/shop\/"},{"@type":"ListItem","position":3,"name":"TRISON ADS 1000 Adapter"}]},{"@type":"WebSite","@id":"https:\/\/bvted2iv.myrdbx.io\/#website","url":"https:\/\/bvted2iv.myrdbx.io\/","name":"BANDELIN electronic GmbH &amp; Co. KG","description":"Echografie sinds 1955","publisher":{"@id":"https:\/\/bvted2iv.myrdbx.io\/#organization"},"potentialAction":[{"@type":"SearchAction","target":{"@type":"EntryPoint","urlTemplate":"https:\/\/bvted2iv.myrdbx.io\/?s={search_term_string}"},"query-input":{"@type":"PropertyValueSpecification","valueRequired":true,"valueName":"search_term_string"}}],"inLanguage":"nl-NL"},{"@type":"Organization","@id":"https:\/\/bvted2iv.myrdbx.io\/#organization","name":"BANDELIN electronic GmbH &amp; Co. KG","url":"https:\/\/bvted2iv.myrdbx.io\/","logo":{"@type":"ImageObject","inLanguage":"nl-NL","@id":"https:\/\/bvted2iv.myrdbx.io\/#\/schema\/logo\/image\/","url":"","contentUrl":"","caption":"BANDELIN electronic GmbH & Co. KG"},"image":{"@id":"https:\/\/bvted2iv.myrdbx.io\/#\/schema\/logo\/image\/"},"sameAs":["https:\/\/de-de.facebook.com\/bandelin.electronic\/","https:\/\/www.instagram.com\/bandelin_ultrasonic\/?hl=de","https:\/\/www.linkedin.com\/company\/bandelin-electronic-gmbh-amp-co-kg","https:\/\/www.youtube.com\/channel\/UC5wTNrNxkwMmX-WzysQqw3g"]}]}},"_links":{"self":[{"href":"https:\/\/bandelin.com\/nl\/wp-json\/wp\/v2\/product\/699114","targetHints":{"allow":["GET"]}}],"collection":[{"href":"https:\/\/bandelin.com\/nl\/wp-json\/wp\/v2\/product"}],"about":[{"href":"https:\/\/bandelin.com\/nl\/wp-json\/wp\/v2\/types\/product"}],"version-history":[{"count":2,"href":"https:\/\/bandelin.com\/nl\/wp-json\/wp\/v2\/product\/699114\/revisions"}],"predecessor-version":[{"id":699120,"href":"https:\/\/bandelin.com\/nl\/wp-json\/wp\/v2\/product\/699114\/revisions\/699120"}],"wp:featuredmedia":[{"embeddable":true,"href":"https:\/\/bandelin.com\/nl\/wp-json\/wp\/v2\/media\/699116"}],"wp:attachment":[{"href":"https:\/\/bandelin.com\/nl\/wp-json\/wp\/v2\/media?parent=699114"}],"wp:term":[{"taxonomy":"product_brand","embeddable":true,"href":"https:\/\/bandelin.com\/nl\/wp-json\/wp\/v2\/product_brand?post=699114"},{"taxonomy":"product_cat","embeddable":true,"href":"https:\/\/bandelin.com\/nl\/wp-json\/wp\/v2\/product_cat?post=699114"},{"taxonomy":"product_tag","embeddable":true,"href":"https:\/\/bandelin.com\/nl\/wp-json\/wp\/v2\/product_tag?post=699114"}],"curies":[{"name":"wp","href":"https:\/\/api.w.org\/{rel}","templated":true}]}}